{"id":58697,"date":"2022-03-29T13:17:48","date_gmt":"2022-03-29T13:17:48","guid":{"rendered":"https:\/\/labottega.sviluppokeyweb.com\/prodotto\/affettatrice-berkel-modello-l\/"},"modified":"2022-08-26T07:55:32","modified_gmt":"2022-08-26T07:55:32","slug":"devis-machine-a-trancher-berkel-modele-l-vintage-professionnel","status":"publish","type":"product","link":"https:\/\/www.labottega-delrestauro.com\/fr\/devis-machine-a-trancher-berkel-modele-l-vintage-professionnel\/","title":{"rendered":"Trancheuse Berkel &#8211; Mod\u00e8le L"},"content":{"rendered":"","protected":false},"excerpt":{"rendered":"<p>Cr\u00e9\u00e9 dans la p\u00e9riode entre 1907 et 1916, le <strong>trancheur Berkel mod\u00e8le L<\/strong> est certainement celui qui a \u00e9t\u00e9 le plus construit et est aussi le <strong>premier \u00e0 \u00eatre export\u00e9 de Hollande<\/strong>. Le mod\u00e8le a \u00e9t\u00e9 <strong>distribu\u00e9 tout d&rsquo;abord en Italie<\/strong> par le d\u00e9taillant milanais <strong>Bach &amp; Co<\/strong>, puis en Am\u00e9rique du Sud o\u00f9 &#8211; dans ces m\u00eames ann\u00e9es &#8211; <strong>Berkel Argentina<\/strong> a \u00e9t\u00e9 fond\u00e9e. La machine, qui ressemble \u00e0 bien des \u00e9gards aux mod\u00e8les Berkel C et D (le premier construit en 1898), a un <strong>mouvement \u00e0 volant<\/strong>, le chariot repose <strong>sur quatre roues<\/strong> et est guid\u00e9 par une lame qui descend \u00e0 l&rsquo;int\u00e9rieur du bo\u00eetier ; la <strong>pince sup\u00e9rieure<\/strong> est maintenue entre deux cr\u00e9maill\u00e8res et avance \u00e9galement gr\u00e2ce au syst\u00e8me de <strong>vis sans fin<\/strong>, r\u00e9gl\u00e9 par une tige num\u00e9rot\u00e9e. La <strong>lame<\/strong>, <strong>d&rsquo;un diam\u00e8tre de 350 mm<\/strong>, est mont\u00e9e sur <strong>l&rsquo;\u00e9paulement rond<\/strong> auquel sont fix\u00e9s la bo\u00eete \u00e0 gants m\u00e9tallique et la plaque signal\u00e9tique, diff\u00e9rente selon les pays o\u00f9 elle a \u00e9t\u00e9 achet\u00e9e. Dans la partie sup\u00e9rieure de l&rsquo;\u00e9paule, nous trouvons <strong>l&rsquo;aiguiseur de lames<\/strong>, compos\u00e9 de plusieurs pi\u00e8ces chrom\u00e9es, toutes visibles et sans bo\u00eetier.<\/p>\n<p>Ce mod\u00e8le vintage, <strong>restaur\u00e9 avec pr\u00e9cision et professionnalisme<\/strong>, est l&rsquo;un des ples belles et <strong>prestigeuses trancheuses vintage<\/strong> de la marque historique n\u00e9erlandaise.<\/p>\n<p>&nbsp;<\/p>\n<h2>Restauration professionnelle<\/h2>\n<p>Pour conna\u00eetre la disponibilit\u00e9 de la <strong>trancheuse Berkel mod\u00e8le L<\/strong> et de toutes les pi\u00e8ces vintage restaur\u00e9s professionnellement, <strong>veuillez contacter notre personnel<\/strong>. Vous pourrez ainsi recevoir une <strong>cotation compl\u00e8te<\/strong> sur un mod\u00e8le restaur\u00e9 de mani\u00e8re <strong>garantie par le fabricant lui-m\u00eame<\/strong> et investir dans <strong>une pi\u00e8ce unique<\/strong>.<\/p>\n<p>Nous op\u00e9rons <strong>dans toute l&rsquo;Italie<\/strong>, pour fournir aux <strong>collectionneurs<\/strong> d&rsquo;anciennes machines \u00e0 trancher manuelles; elles ont \u00e9t\u00e9 <strong>restaur\u00e9es par notre personnel qualifi\u00e9<\/strong>, dans toutes leurs parties, du volant \u00e0 la lame.<\/p>\n","protected":false},"featured_media":56938,"template":"","meta":{"_et_pb_use_builder":"","_et_pb_old_content":"","_et_gb_content_width":""},"product_cat":[366],"product_tag":[],"class_list":{"0":"post-58697","1":"product","2":"type-product","3":"status-publish","4":"has-post-thumbnail","6":"product_cat-recuperation-de-modeles-antiques-berkel-trancheuses-antiques-europeens-production","7":"pa_lama-350-fr","8":"pa_larghezza-660-fr","9":"pa_periodo-1898-1925-fr","10":"pa_peso-101-kg-fr","11":"pa_profondita-835-fr","12":"pa_volano-fleuri","14":"first","15":"instock","16":"product-type-simple"},"yoast_head":"<!-- This site is optimized with the Yoast SEO plugin v23.6 - https:\/\/yoast.com\/wordpress\/plugins\/seo\/ -->\n<title>Trancheuse Berkel mod\u00e8le L \u2013 Mod\u00e8le ancien restaur\u00e9 par volant de fleur \u00e0 la main<\/title>\n<meta name=\"description\" content=\"Nous op\u00e9rons sur le territoire national pour fournir aux amateurs de vintage tous les mod\u00e8les de trancheuses \u00e0 main Berkel professionnellement restaur\u00e9es, y compris le mod\u00e8le L.\" \/>\n<meta name=\"robots\" content=\"index, follow, max-snippet:-1, max-image-preview:large, max-video-preview:-1\" \/>\n<link rel=\"canonical\" href=\"https:\/\/www.labottega-delrestauro.com\/fr\/devis-machine-a-trancher-berkel-modele-l-vintage-professionnel\/\" \/>\n<meta property=\"og:locale\" content=\"fr_FR\" \/>\n<meta property=\"og:type\" content=\"article\" \/>\n<meta property=\"og:title\" content=\"Trancheuse Berkel mod\u00e8le L \u2013 Mod\u00e8le ancien restaur\u00e9 par volant de fleur \u00e0 la main\" \/>\n<meta property=\"og:description\" content=\"Nous op\u00e9rons sur le territoire national pour fournir aux amateurs de vintage tous les mod\u00e8les de trancheuses \u00e0 main Berkel professionnellement restaur\u00e9es, y compris le mod\u00e8le L.\" \/>\n<meta property=\"og:url\" content=\"https:\/\/www.labottega-delrestauro.com\/fr\/devis-machine-a-trancher-berkel-modele-l-vintage-professionnel\/\" \/>\n<meta property=\"og:site_name\" content=\"La Bottega del Restauro\" \/>\n<meta property=\"article:modified_time\" content=\"2022-08-26T07:55:32+00:00\" \/>\n<meta property=\"og:image\" content=\"https:\/\/www.labottega-delrestauro.com\/wp-content\/uploads\/2022\/03\/affettatrice-berkel-modello-l.jpg\" \/>\n\t<meta property=\"og:image:width\" content=\"1000\" \/>\n\t<meta property=\"og:image:height\" content=\"1500\" \/>\n\t<meta property=\"og:image:type\" content=\"image\/jpeg\" \/>\n<meta name=\"twitter:card\" content=\"summary_large_image\" \/>\n<script type=\"application\/ld+json\" class=\"yoast-schema-graph\">{\"@context\":\"https:\/\/schema.org\",\"@graph\":[{\"@type\":\"WebPage\",\"@id\":\"https:\/\/www.labottega-delrestauro.com\/fr\/devis-machine-a-trancher-berkel-modele-l-vintage-professionnel\/\",\"url\":\"https:\/\/www.labottega-delrestauro.com\/fr\/devis-machine-a-trancher-berkel-modele-l-vintage-professionnel\/\",\"name\":\"Trancheuse Berkel mod\u00e8le L \u2013 Mod\u00e8le ancien restaur\u00e9 par volant de fleur \u00e0 la main\",\"isPartOf\":{\"@id\":\"https:\/\/www.labottega-delrestauro.com\/fr\/#website\"},\"primaryImageOfPage\":{\"@id\":\"https:\/\/www.labottega-delrestauro.com\/fr\/devis-machine-a-trancher-berkel-modele-l-vintage-professionnel\/#primaryimage\"},\"image\":{\"@id\":\"https:\/\/www.labottega-delrestauro.com\/fr\/devis-machine-a-trancher-berkel-modele-l-vintage-professionnel\/#primaryimage\"},\"thumbnailUrl\":\"https:\/\/www.labottega-delrestauro.com\/wp-content\/uploads\/2022\/03\/affettatrice-berkel-modello-l.jpg\",\"datePublished\":\"2022-03-29T13:17:48+00:00\",\"dateModified\":\"2022-08-26T07:55:32+00:00\",\"description\":\"Nous op\u00e9rons sur le territoire national pour fournir aux amateurs de vintage tous les mod\u00e8les de trancheuses \u00e0 main Berkel professionnellement restaur\u00e9es, y compris le mod\u00e8le L.\",\"breadcrumb\":{\"@id\":\"https:\/\/www.labottega-delrestauro.com\/fr\/devis-machine-a-trancher-berkel-modele-l-vintage-professionnel\/#breadcrumb\"},\"inLanguage\":\"fr-FR\",\"potentialAction\":[{\"@type\":\"ReadAction\",\"target\":[\"https:\/\/www.labottega-delrestauro.com\/fr\/devis-machine-a-trancher-berkel-modele-l-vintage-professionnel\/\"]}]},{\"@type\":\"ImageObject\",\"inLanguage\":\"fr-FR\",\"@id\":\"https:\/\/www.labottega-delrestauro.com\/fr\/devis-machine-a-trancher-berkel-modele-l-vintage-professionnel\/#primaryimage\",\"url\":\"https:\/\/www.labottega-delrestauro.com\/wp-content\/uploads\/2022\/03\/affettatrice-berkel-modello-l.jpg\",\"contentUrl\":\"https:\/\/www.labottega-delrestauro.com\/wp-content\/uploads\/2022\/03\/affettatrice-berkel-modello-l.jpg\",\"width\":1000,\"height\":1500},{\"@type\":\"BreadcrumbList\",\"@id\":\"https:\/\/www.labottega-delrestauro.com\/fr\/devis-machine-a-trancher-berkel-modele-l-vintage-professionnel\/#breadcrumb\",\"itemListElement\":[{\"@type\":\"ListItem\",\"position\":1,\"name\":\"Home\",\"item\":\"https:\/\/www.labottega-delrestauro.com\/fr\/\"},{\"@type\":\"ListItem\",\"position\":2,\"name\":\"Shop\",\"item\":\"https:\/\/www.labottega-delrestauro.com\/fr\/negozio\/\"},{\"@type\":\"ListItem\",\"position\":3,\"name\":\"Trancheuse Berkel &#8211; Mod\u00e8le L\"}]},{\"@type\":\"WebSite\",\"@id\":\"https:\/\/www.labottega-delrestauro.com\/fr\/#website\",\"url\":\"https:\/\/www.labottega-delrestauro.com\/fr\/\",\"name\":\"La Bottega del Restauro\",\"description\":\"Restauro macchine Berkel\",\"potentialAction\":[{\"@type\":\"SearchAction\",\"target\":{\"@type\":\"EntryPoint\",\"urlTemplate\":\"https:\/\/www.labottega-delrestauro.com\/fr\/?s={search_term_string}\"},\"query-input\":{\"@type\":\"PropertyValueSpecification\",\"valueRequired\":true,\"valueName\":\"search_term_string\"}}],\"inLanguage\":\"fr-FR\"}]}<\/script>\n<!-- \/ Yoast SEO plugin. -->","yoast_head_json":{"title":"Trancheuse Berkel mod\u00e8le L \u2013 Mod\u00e8le ancien restaur\u00e9 par volant de fleur \u00e0 la main","description":"Nous op\u00e9rons sur le territoire national pour fournir aux amateurs de vintage tous les mod\u00e8les de trancheuses \u00e0 main Berkel professionnellement restaur\u00e9es, y compris le mod\u00e8le L.","robots":{"index":"index","follow":"follow","max-snippet":"max-snippet:-1","max-image-preview":"max-image-preview:large","max-video-preview":"max-video-preview:-1"},"canonical":"https:\/\/www.labottega-delrestauro.com\/fr\/devis-machine-a-trancher-berkel-modele-l-vintage-professionnel\/","og_locale":"fr_FR","og_type":"article","og_title":"Trancheuse Berkel mod\u00e8le L \u2013 Mod\u00e8le ancien restaur\u00e9 par volant de fleur \u00e0 la main","og_description":"Nous op\u00e9rons sur le territoire national pour fournir aux amateurs de vintage tous les mod\u00e8les de trancheuses \u00e0 main Berkel professionnellement restaur\u00e9es, y compris le mod\u00e8le L.","og_url":"https:\/\/www.labottega-delrestauro.com\/fr\/devis-machine-a-trancher-berkel-modele-l-vintage-professionnel\/","og_site_name":"La Bottega del Restauro","article_modified_time":"2022-08-26T07:55:32+00:00","og_image":[{"width":1000,"height":1500,"url":"https:\/\/www.labottega-delrestauro.com\/wp-content\/uploads\/2022\/03\/affettatrice-berkel-modello-l.jpg","type":"image\/jpeg"}],"twitter_card":"summary_large_image","schema":{"@context":"https:\/\/schema.org","@graph":[{"@type":"WebPage","@id":"https:\/\/www.labottega-delrestauro.com\/fr\/devis-machine-a-trancher-berkel-modele-l-vintage-professionnel\/","url":"https:\/\/www.labottega-delrestauro.com\/fr\/devis-machine-a-trancher-berkel-modele-l-vintage-professionnel\/","name":"Trancheuse Berkel mod\u00e8le L \u2013 Mod\u00e8le ancien restaur\u00e9 par volant de fleur \u00e0 la main","isPartOf":{"@id":"https:\/\/www.labottega-delrestauro.com\/fr\/#website"},"primaryImageOfPage":{"@id":"https:\/\/www.labottega-delrestauro.com\/fr\/devis-machine-a-trancher-berkel-modele-l-vintage-professionnel\/#primaryimage"},"image":{"@id":"https:\/\/www.labottega-delrestauro.com\/fr\/devis-machine-a-trancher-berkel-modele-l-vintage-professionnel\/#primaryimage"},"thumbnailUrl":"https:\/\/www.labottega-delrestauro.com\/wp-content\/uploads\/2022\/03\/affettatrice-berkel-modello-l.jpg","datePublished":"2022-03-29T13:17:48+00:00","dateModified":"2022-08-26T07:55:32+00:00","description":"Nous op\u00e9rons sur le territoire national pour fournir aux amateurs de vintage tous les mod\u00e8les de trancheuses \u00e0 main Berkel professionnellement restaur\u00e9es, y compris le mod\u00e8le L.","breadcrumb":{"@id":"https:\/\/www.labottega-delrestauro.com\/fr\/devis-machine-a-trancher-berkel-modele-l-vintage-professionnel\/#breadcrumb"},"inLanguage":"fr-FR","potentialAction":[{"@type":"ReadAction","target":["https:\/\/www.labottega-delrestauro.com\/fr\/devis-machine-a-trancher-berkel-modele-l-vintage-professionnel\/"]}]},{"@type":"ImageObject","inLanguage":"fr-FR","@id":"https:\/\/www.labottega-delrestauro.com\/fr\/devis-machine-a-trancher-berkel-modele-l-vintage-professionnel\/#primaryimage","url":"https:\/\/www.labottega-delrestauro.com\/wp-content\/uploads\/2022\/03\/affettatrice-berkel-modello-l.jpg","contentUrl":"https:\/\/www.labottega-delrestauro.com\/wp-content\/uploads\/2022\/03\/affettatrice-berkel-modello-l.jpg","width":1000,"height":1500},{"@type":"BreadcrumbList","@id":"https:\/\/www.labottega-delrestauro.com\/fr\/devis-machine-a-trancher-berkel-modele-l-vintage-professionnel\/#breadcrumb","itemListElement":[{"@type":"ListItem","position":1,"name":"Home","item":"https:\/\/www.labottega-delrestauro.com\/fr\/"},{"@type":"ListItem","position":2,"name":"Shop","item":"https:\/\/www.labottega-delrestauro.com\/fr\/negozio\/"},{"@type":"ListItem","position":3,"name":"Trancheuse Berkel &#8211; Mod\u00e8le L"}]},{"@type":"WebSite","@id":"https:\/\/www.labottega-delrestauro.com\/fr\/#website","url":"https:\/\/www.labottega-delrestauro.com\/fr\/","name":"La Bottega del Restauro","description":"Restauro macchine Berkel","potentialAction":[{"@type":"SearchAction","target":{"@type":"EntryPoint","urlTemplate":"https:\/\/www.labottega-delrestauro.com\/fr\/?s={search_term_string}"},"query-input":{"@type":"PropertyValueSpecification","valueRequired":true,"valueName":"search_term_string"}}],"inLanguage":"fr-FR"}]}},"_links":{"self":[{"href":"https:\/\/www.labottega-delrestauro.com\/fr\/wp-json\/wp\/v2\/product\/58697","targetHints":{"allow":["GET"]}}],"collection":[{"href":"https:\/\/www.labottega-delrestauro.com\/fr\/wp-json\/wp\/v2\/product"}],"about":[{"href":"https:\/\/www.labottega-delrestauro.com\/fr\/wp-json\/wp\/v2\/types\/product"}],"wp:featuredmedia":[{"embeddable":true,"href":"https:\/\/www.labottega-delrestauro.com\/fr\/wp-json\/wp\/v2\/media\/56938"}],"wp:attachment":[{"href":"https:\/\/www.labottega-delrestauro.com\/fr\/wp-json\/wp\/v2\/media?parent=58697"}],"wp:term":[{"taxonomy":"product_cat","embeddable":true,"href":"https:\/\/www.labottega-delrestauro.com\/fr\/wp-json\/wp\/v2\/product_cat?post=58697"},{"taxonomy":"product_tag","embeddable":true,"href":"https:\/\/www.labottega-delrestauro.com\/fr\/wp-json\/wp\/v2\/product_tag?post=58697"}],"curies":[{"name":"wp","href":"https:\/\/api.w.org\/{rel}","templated":true}]}}