{"id":58602,"date":"2022-03-29T13:17:48","date_gmt":"2022-03-29T13:17:48","guid":{"rendered":"https:\/\/labottega.sviluppokeyweb.com\/prodotto\/affettatrice-berkel-modello-p\/"},"modified":"2022-09-29T08:46:38","modified_gmt":"2022-09-29T08:46:38","slug":"berkel-model-p-professional-design-sans-pedestal","status":"publish","type":"product","link":"https:\/\/www.labottega-delrestauro.com\/fr\/berkel-model-p-professional-design-sans-pedestal\/","title":{"rendered":"Trancheuse Berkel &#8211; Mod\u00e8le P"},"content":{"rendered":"<p><iframe loading=\"lazy\" width=\"560\" height=\"315\" src=\"https:\/\/www.youtube.com\/embed\/Qvg8qVn5gZI\" title=\"YouTube video player\" frameborder=\"0\" allow=\"accelerometer; autoplay; clipboard-write; encrypted-media; gyroscope; picture-in-picture\" allowfullscreen><\/iframe><\/p>\n","protected":false},"excerpt":{"rendered":"<p>Le <strong>mod\u00e8le Berkel P<\/strong> a \u00e9t\u00e9 construit <strong>dans l&rsquo;apr\u00e8s-guerre<\/strong>, avec une production exclusivement italienne, par <strong>\u00ab\u00a0The auto scale slicing machine Milano\u00a0\u00bb<\/strong>, l&rsquo;entreprise historique qui, \u00e0 l&rsquo;\u00e9poque, \u00e9tait responsable de l&rsquo;importation, de la distribution et du montage des <strong>trancheuses Berkel<\/strong>.<\/p>\n<p>C&rsquo;\u00e9tait un <strong>petit mod\u00e8le<\/strong>, con\u00e7u pour les vendeurs de <strong>rue et les bars<\/strong>.<\/p>\n<p>La <strong>machine<\/strong> avec le glissement du chariot sur le pivot, a le mouvement entra\u00een\u00e9 par un <strong>volant de type ferm\u00e9<\/strong> avec des <strong>d\u00e9calques<\/strong> appliqu\u00e9s, le chariot sup\u00e9rieur porte la vis sans fin sous lui avec le syst\u00e8me de cliquet pour l&rsquo;actionner \u00e0 l&rsquo;int\u00e9rieur de <strong>l&rsquo;horloge de r\u00e9glage de l&rsquo;\u00e9paisseur<\/strong> de nouvelle fabrication avec <strong>bouton en plastique<\/strong>.<\/p>\n<p>La <strong>pince<\/strong> est du type <strong>\u00e0 bras \u00ab\u00a0ouvert\u00a0\u00bb<\/strong> fix\u00e9 \u00e0 l&rsquo;arri\u00e8re avec <strong>deux goujons<\/strong> et ouvert \u00e0 l&rsquo;avant, mais dans certains exemples on peut trouver le <strong>type \u00ab\u00a0ferm\u00e9\u00a0\u00bb <\/strong>avec des <strong>goujons avant et arri\u00e8re<\/strong>, libres pour l&rsquo;acc\u00e8s de produits de grande taille.<\/p>\n<p><strong>L&rsquo;aiguiseur<\/strong> du trancheur <strong>Berkel P<\/strong> est recouvert d&rsquo;un \u00ab\u00a0<strong>capuchon<\/strong>\u00a0\u00bb sur le dessus en m\u00e9tal chrom\u00e9 et diff\u00e9rent des habituels, car il est de forme et de taille r\u00e9duites.<\/p>\n<p>La <strong>lame<\/strong>, d&rsquo;un diam\u00e8tre de 295 mm, est mont\u00e9e sur <strong>l&rsquo;\u00e9paulement en forme d&rsquo;arc<\/strong> avec le dessus en verre opalin blanc.<\/p>\n<p>&nbsp;<\/p>\n<h2>Une des derni\u00e8res trancheuses \u00e0 volant d&rsquo;inertie<\/h2>\n<p>Le <strong>mod\u00e8le P<\/strong> <strong>de Berkel<\/strong> repr\u00e9sente <strong>une trancheuse plut\u00f4t innovante<\/strong>, perfectionnant ses anc\u00eatres pr\u00e9c\u00e9dents.<\/p>\n<p>Cette <strong>trancheuse manuelle historique<\/strong>, appartenant \u00e0 la <strong>p\u00e9riode d&rsquo;apr\u00e8s-guerre<\/strong>, se rapproche des mod\u00e8les les plus r\u00e9cents, qui agissent de mani\u00e8re professionnelle, avec un <strong>design<\/strong> et <strong>une esth\u00e9tique inestimables<\/strong>.<\/p>\n<p><strong>Contactez La Bottega del Restauro<\/strong> pour conna\u00eetre la disponibilit\u00e9 de ce mod\u00e8le de <strong>fabrication totalement italienne<\/strong> : nous effectuons des restaurations <strong>pr\u00e9cises<\/strong> et <strong>certifi\u00e9es<\/strong> de pi\u00e8ces <strong>pour les collectionneurs et les passionn\u00e9s<\/strong>. Selon votre demande, les machines sont fournies <strong>avec<\/strong> ou <strong>sans socle<\/strong>. Nous exp\u00e9dions dans <strong>toute l&rsquo;Italie et \u00e0 l&rsquo;\u00e9tranger<\/strong>.<\/p>\n","protected":false},"featured_media":57250,"template":"","meta":{"_et_pb_use_builder":"","_et_pb_old_content":"","_et_gb_content_width":""},"product_cat":[366],"product_tag":[],"class_list":{"0":"post-58602","1":"product","2":"type-product","3":"status-publish","4":"has-post-thumbnail","6":"product_cat-recuperation-de-modeles-antiques-berkel-trancheuses-antiques-europeens-production","7":"pa_lama-285-fr","8":"pa_larghezza-590-fr","9":"pa_periodo-1930-1980-fr","10":"pa_peso-55-fr","11":"pa_profondita-720-fr","12":"pa_volano-plat-avec-lettrage-peint","14":"first","15":"instock","16":"product-type-simple"},"yoast_head":"<!-- This site is optimized with the Yoast SEO plugin v23.6 - https:\/\/yoast.com\/wordpress\/plugins\/seo\/ -->\n<title>Berkel Mod\u00e8le P \u2013 Trancheuse historique p\u00e9riode d&#039;apr\u00e8s-guerre production italienne<\/title>\n<meta name=\"description\" content=\"Le mod\u00e8le P de Berkel est une trancheuse professionnelle historique de la p\u00e9riode d&#039;apr\u00e8s-guerre : de production italienne, aujourd&#039;hui nous nous occupons de le restaurer \u00e0 la perfection.\" \/>\n<meta name=\"robots\" content=\"index, follow, max-snippet:-1, max-image-preview:large, max-video-preview:-1\" \/>\n<link rel=\"canonical\" href=\"https:\/\/www.labottega-delrestauro.com\/fr\/berkel-model-p-professional-design-sans-pedestal\/\" \/>\n<meta property=\"og:locale\" content=\"fr_FR\" \/>\n<meta property=\"og:type\" content=\"article\" \/>\n<meta property=\"og:title\" content=\"Berkel Mod\u00e8le P \u2013 Trancheuse historique p\u00e9riode d&#039;apr\u00e8s-guerre production italienne\" \/>\n<meta property=\"og:description\" content=\"Le mod\u00e8le P de Berkel est une trancheuse professionnelle historique de la p\u00e9riode d&#039;apr\u00e8s-guerre : de production italienne, aujourd&#039;hui nous nous occupons de le restaurer \u00e0 la perfection.\" \/>\n<meta property=\"og:url\" content=\"https:\/\/www.labottega-delrestauro.com\/fr\/berkel-model-p-professional-design-sans-pedestal\/\" \/>\n<meta property=\"og:site_name\" content=\"La Bottega del Restauro\" \/>\n<meta property=\"article:modified_time\" content=\"2022-09-29T08:46:38+00:00\" \/>\n<meta property=\"og:image\" content=\"https:\/\/www.labottega-delrestauro.com\/wp-content\/uploads\/2022\/03\/berkel-modello-p.jpg\" \/>\n\t<meta property=\"og:image:width\" content=\"1400\" \/>\n\t<meta property=\"og:image:height\" content=\"1000\" \/>\n\t<meta property=\"og:image:type\" content=\"image\/jpeg\" \/>\n<meta name=\"twitter:card\" content=\"summary_large_image\" \/>\n<script type=\"application\/ld+json\" class=\"yoast-schema-graph\">{\"@context\":\"https:\/\/schema.org\",\"@graph\":[{\"@type\":\"WebPage\",\"@id\":\"https:\/\/www.labottega-delrestauro.com\/fr\/berkel-model-p-professional-design-sans-pedestal\/\",\"url\":\"https:\/\/www.labottega-delrestauro.com\/fr\/berkel-model-p-professional-design-sans-pedestal\/\",\"name\":\"Berkel Mod\u00e8le P \u2013 Trancheuse historique p\u00e9riode d'apr\u00e8s-guerre production italienne\",\"isPartOf\":{\"@id\":\"https:\/\/www.labottega-delrestauro.com\/fr\/#website\"},\"primaryImageOfPage\":{\"@id\":\"https:\/\/www.labottega-delrestauro.com\/fr\/berkel-model-p-professional-design-sans-pedestal\/#primaryimage\"},\"image\":{\"@id\":\"https:\/\/www.labottega-delrestauro.com\/fr\/berkel-model-p-professional-design-sans-pedestal\/#primaryimage\"},\"thumbnailUrl\":\"https:\/\/www.labottega-delrestauro.com\/wp-content\/uploads\/2022\/03\/berkel-modello-p.jpg\",\"datePublished\":\"2022-03-29T13:17:48+00:00\",\"dateModified\":\"2022-09-29T08:46:38+00:00\",\"description\":\"Le mod\u00e8le P de Berkel est une trancheuse professionnelle historique de la p\u00e9riode d'apr\u00e8s-guerre : de production italienne, aujourd'hui nous nous occupons de le restaurer \u00e0 la perfection.\",\"breadcrumb\":{\"@id\":\"https:\/\/www.labottega-delrestauro.com\/fr\/berkel-model-p-professional-design-sans-pedestal\/#breadcrumb\"},\"inLanguage\":\"fr-FR\",\"potentialAction\":[{\"@type\":\"ReadAction\",\"target\":[\"https:\/\/www.labottega-delrestauro.com\/fr\/berkel-model-p-professional-design-sans-pedestal\/\"]}]},{\"@type\":\"ImageObject\",\"inLanguage\":\"fr-FR\",\"@id\":\"https:\/\/www.labottega-delrestauro.com\/fr\/berkel-model-p-professional-design-sans-pedestal\/#primaryimage\",\"url\":\"https:\/\/www.labottega-delrestauro.com\/wp-content\/uploads\/2022\/03\/berkel-modello-p.jpg\",\"contentUrl\":\"https:\/\/www.labottega-delrestauro.com\/wp-content\/uploads\/2022\/03\/berkel-modello-p.jpg\",\"width\":1400,\"height\":1000},{\"@type\":\"BreadcrumbList\",\"@id\":\"https:\/\/www.labottega-delrestauro.com\/fr\/berkel-model-p-professional-design-sans-pedestal\/#breadcrumb\",\"itemListElement\":[{\"@type\":\"ListItem\",\"position\":1,\"name\":\"Home\",\"item\":\"https:\/\/www.labottega-delrestauro.com\/fr\/\"},{\"@type\":\"ListItem\",\"position\":2,\"name\":\"Shop\",\"item\":\"https:\/\/www.labottega-delrestauro.com\/fr\/negozio\/\"},{\"@type\":\"ListItem\",\"position\":3,\"name\":\"Trancheuse Berkel &#8211; Mod\u00e8le P\"}]},{\"@type\":\"WebSite\",\"@id\":\"https:\/\/www.labottega-delrestauro.com\/fr\/#website\",\"url\":\"https:\/\/www.labottega-delrestauro.com\/fr\/\",\"name\":\"La Bottega del Restauro\",\"description\":\"Restauro macchine Berkel\",\"potentialAction\":[{\"@type\":\"SearchAction\",\"target\":{\"@type\":\"EntryPoint\",\"urlTemplate\":\"https:\/\/www.labottega-delrestauro.com\/fr\/?s={search_term_string}\"},\"query-input\":{\"@type\":\"PropertyValueSpecification\",\"valueRequired\":true,\"valueName\":\"search_term_string\"}}],\"inLanguage\":\"fr-FR\"}]}<\/script>\n<!-- \/ Yoast SEO plugin. -->","yoast_head_json":{"title":"Berkel Mod\u00e8le P \u2013 Trancheuse historique p\u00e9riode d'apr\u00e8s-guerre production italienne","description":"Le mod\u00e8le P de Berkel est une trancheuse professionnelle historique de la p\u00e9riode d'apr\u00e8s-guerre : de production italienne, aujourd'hui nous nous occupons de le restaurer \u00e0 la perfection.","robots":{"index":"index","follow":"follow","max-snippet":"max-snippet:-1","max-image-preview":"max-image-preview:large","max-video-preview":"max-video-preview:-1"},"canonical":"https:\/\/www.labottega-delrestauro.com\/fr\/berkel-model-p-professional-design-sans-pedestal\/","og_locale":"fr_FR","og_type":"article","og_title":"Berkel Mod\u00e8le P \u2013 Trancheuse historique p\u00e9riode d'apr\u00e8s-guerre production italienne","og_description":"Le mod\u00e8le P de Berkel est une trancheuse professionnelle historique de la p\u00e9riode d'apr\u00e8s-guerre : de production italienne, aujourd'hui nous nous occupons de le restaurer \u00e0 la perfection.","og_url":"https:\/\/www.labottega-delrestauro.com\/fr\/berkel-model-p-professional-design-sans-pedestal\/","og_site_name":"La Bottega del Restauro","article_modified_time":"2022-09-29T08:46:38+00:00","og_image":[{"width":1400,"height":1000,"url":"https:\/\/www.labottega-delrestauro.com\/wp-content\/uploads\/2022\/03\/berkel-modello-p.jpg","type":"image\/jpeg"}],"twitter_card":"summary_large_image","schema":{"@context":"https:\/\/schema.org","@graph":[{"@type":"WebPage","@id":"https:\/\/www.labottega-delrestauro.com\/fr\/berkel-model-p-professional-design-sans-pedestal\/","url":"https:\/\/www.labottega-delrestauro.com\/fr\/berkel-model-p-professional-design-sans-pedestal\/","name":"Berkel Mod\u00e8le P \u2013 Trancheuse historique p\u00e9riode d'apr\u00e8s-guerre production italienne","isPartOf":{"@id":"https:\/\/www.labottega-delrestauro.com\/fr\/#website"},"primaryImageOfPage":{"@id":"https:\/\/www.labottega-delrestauro.com\/fr\/berkel-model-p-professional-design-sans-pedestal\/#primaryimage"},"image":{"@id":"https:\/\/www.labottega-delrestauro.com\/fr\/berkel-model-p-professional-design-sans-pedestal\/#primaryimage"},"thumbnailUrl":"https:\/\/www.labottega-delrestauro.com\/wp-content\/uploads\/2022\/03\/berkel-modello-p.jpg","datePublished":"2022-03-29T13:17:48+00:00","dateModified":"2022-09-29T08:46:38+00:00","description":"Le mod\u00e8le P de Berkel est une trancheuse professionnelle historique de la p\u00e9riode d'apr\u00e8s-guerre : de production italienne, aujourd'hui nous nous occupons de le restaurer \u00e0 la perfection.","breadcrumb":{"@id":"https:\/\/www.labottega-delrestauro.com\/fr\/berkel-model-p-professional-design-sans-pedestal\/#breadcrumb"},"inLanguage":"fr-FR","potentialAction":[{"@type":"ReadAction","target":["https:\/\/www.labottega-delrestauro.com\/fr\/berkel-model-p-professional-design-sans-pedestal\/"]}]},{"@type":"ImageObject","inLanguage":"fr-FR","@id":"https:\/\/www.labottega-delrestauro.com\/fr\/berkel-model-p-professional-design-sans-pedestal\/#primaryimage","url":"https:\/\/www.labottega-delrestauro.com\/wp-content\/uploads\/2022\/03\/berkel-modello-p.jpg","contentUrl":"https:\/\/www.labottega-delrestauro.com\/wp-content\/uploads\/2022\/03\/berkel-modello-p.jpg","width":1400,"height":1000},{"@type":"BreadcrumbList","@id":"https:\/\/www.labottega-delrestauro.com\/fr\/berkel-model-p-professional-design-sans-pedestal\/#breadcrumb","itemListElement":[{"@type":"ListItem","position":1,"name":"Home","item":"https:\/\/www.labottega-delrestauro.com\/fr\/"},{"@type":"ListItem","position":2,"name":"Shop","item":"https:\/\/www.labottega-delrestauro.com\/fr\/negozio\/"},{"@type":"ListItem","position":3,"name":"Trancheuse Berkel &#8211; Mod\u00e8le P"}]},{"@type":"WebSite","@id":"https:\/\/www.labottega-delrestauro.com\/fr\/#website","url":"https:\/\/www.labottega-delrestauro.com\/fr\/","name":"La Bottega del Restauro","description":"Restauro macchine Berkel","potentialAction":[{"@type":"SearchAction","target":{"@type":"EntryPoint","urlTemplate":"https:\/\/www.labottega-delrestauro.com\/fr\/?s={search_term_string}"},"query-input":{"@type":"PropertyValueSpecification","valueRequired":true,"valueName":"search_term_string"}}],"inLanguage":"fr-FR"}]}},"_links":{"self":[{"href":"https:\/\/www.labottega-delrestauro.com\/fr\/wp-json\/wp\/v2\/product\/58602","targetHints":{"allow":["GET"]}}],"collection":[{"href":"https:\/\/www.labottega-delrestauro.com\/fr\/wp-json\/wp\/v2\/product"}],"about":[{"href":"https:\/\/www.labottega-delrestauro.com\/fr\/wp-json\/wp\/v2\/types\/product"}],"wp:featuredmedia":[{"embeddable":true,"href":"https:\/\/www.labottega-delrestauro.com\/fr\/wp-json\/wp\/v2\/media\/57250"}],"wp:attachment":[{"href":"https:\/\/www.labottega-delrestauro.com\/fr\/wp-json\/wp\/v2\/media?parent=58602"}],"wp:term":[{"taxonomy":"product_cat","embeddable":true,"href":"https:\/\/www.labottega-delrestauro.com\/fr\/wp-json\/wp\/v2\/product_cat?post=58602"},{"taxonomy":"product_tag","embeddable":true,"href":"https:\/\/www.labottega-delrestauro.com\/fr\/wp-json\/wp\/v2\/product_tag?post=58602"}],"curies":[{"name":"wp","href":"https:\/\/api.w.org\/{rel}","templated":true}]}}