{"id":58487,"date":"2022-03-29T13:17:48","date_gmt":"2022-03-29T13:17:48","guid":{"rendered":"https:\/\/labottega.sviluppokeyweb.com\/prodotto\/affettatrice-berkel-modello-12\/"},"modified":"2022-09-29T09:03:44","modified_gmt":"2022-09-29T09:03:44","slug":"berkel-trancheuse-machine-12-restoree-vente","status":"publish","type":"product","link":"https:\/\/www.labottega-delrestauro.com\/fr\/berkel-trancheuse-machine-12-restoree-vente\/","title":{"rendered":"Trancheuse Berkel &#8211; Mod\u00e8le 12"},"content":{"rendered":"<p><iframe loading=\"lazy\" width=\"560\" height=\"315\" src=\"https:\/\/www.youtube.com\/embed\/Ww9hXvBgZ5E\" title=\"YouTube video player\" frameborder=\"0\" allow=\"accelerometer; autoplay; clipboard-write; encrypted-media; gyroscope; picture-in-picture\" allowfullscreen><\/iframe><\/p>\n","protected":false},"excerpt":{"rendered":"<p>Ce mod\u00e8le date de l&rsquo;apr\u00e8s-guerre et a \u00e9t\u00e9 <strong>construit<\/strong> <strong>exclusivement<\/strong> <strong>en<\/strong> <strong>Italie<\/strong> <strong>par \u00ab\u00a0The auto scale slicing machine Milano\u00a0\u00bb<\/strong>, la soci\u00e9t\u00e9 qui, \u00e0 l&rsquo;\u00e9poque, \u00e9tait responsable de l&rsquo;importation, de la distribution et du montage des trancheuses Berkel.<\/p>\n<p>Le <strong>mod\u00e8le de trancheuse Berkel 12<\/strong> a \u00e9t\u00e9 pr\u00e9sent\u00e9 comme un <strong>mod\u00e8le \u00e9conomique<\/strong>, d&rsquo;abord compar\u00e9 au prestigieux 8 et ensuite au 21, et a \u00e9t\u00e9 construit avec le <strong>reste du stock du mod\u00e8le 7<\/strong>, actualis\u00e9 et am\u00e9lior\u00e9 dans certains d\u00e9tails.<\/p>\n<p>Le <strong>chariot sup\u00e9rieur<\/strong> porte la vis sans fin, recouverte d&rsquo;un bo\u00eetier et dot\u00e9e d&rsquo;un <strong>syst\u00e8me \u00e0 cliquet<\/strong>, pour l&rsquo;actionner contre <strong>l'\u00a0\u00bbhorloge\u00a0\u00bb de r\u00e9glage de l&rsquo;\u00e9paisseur<\/strong> ; cette derni\u00e8re est de nouvelle fabrication, avec un bouton en plastique. La modification importante concerne le haut du chariot o\u00f9, contrairement au mod\u00e8le 7, un crochet de s\u00e9curit\u00e9 est appliqu\u00e9.<\/p>\n<p><strong>La pince du Berkel 12 est du type \u00e0 bras \u00ab\u00a0ouvert\u00a0\u00bb<\/strong>, fix\u00e9 \u00e0 l&rsquo;arri\u00e8re avec <strong>deux petites colonnes<\/strong> et ouvert \u00e0 l&rsquo;avant, avec un acc\u00e8s libre pour les grands produits.<\/p>\n<p>Le <strong>taille-crayon <\/strong>est recouvert d&rsquo;un \u00ab\u00a0<strong>capuchon<\/strong>\u00a0\u00bb sur le dessus et d&rsquo;un <strong>gabarit sur le devant<\/strong>.<\/p>\n<p>La <strong>lame<\/strong>, d&rsquo;un diam\u00e8tre de 370 mm, est mont\u00e9e sur <strong>l&rsquo;\u00e9paulement arqu\u00e9 <\/strong>avec un \u00e9pais plateau en verre opalin blanc.<\/p>\n<p>&nbsp;<\/p>\n<h2>L&rsquo;art de la restauration<\/h2>\n<p><strong>Enti\u00e8rement fabriqu\u00e9 en Italie<\/strong>, le <strong>mod\u00e8le 12<\/strong> est une antiquit\u00e9 mois ch\u00e8re que les autres.<\/p>\n<p>Nous nous occupons de mettre en vente tout type de <strong>trancheuses \u00e0 volant d&rsquo;inertie<\/strong> de la c\u00e9l\u00e8bre marque hollandaise, r\u00e9cup\u00e9r\u00e9es par des <strong>interventions<\/strong> <strong>m\u00e9ticuleuses certifi\u00e9es<\/strong> de la maison m\u00e8re.<\/p>\n<p><strong>Contactez-nous<\/strong> pour obtenir plus d&rsquo;informations sur la <strong>disponibilit\u00e9 des mod\u00e8les<\/strong> et <strong>recevoir un devis<\/strong> : nous exp\u00e9dions en <strong>Italie<\/strong> et \u00e0 <strong>l&rsquo;\u00e9tranger<\/strong>.<\/p>\n","protected":false},"featured_media":57136,"template":"","meta":{"_et_pb_use_builder":"","_et_pb_old_content":"","_et_gb_content_width":""},"product_cat":[366],"product_tag":[],"class_list":{"0":"post-58487","1":"product","2":"type-product","3":"status-publish","4":"has-post-thumbnail","6":"product_cat-recuperation-de-modeles-antiques-berkel-trancheuses-antiques-europeens-production","7":"pa_lama-370-fr","8":"pa_larghezza-640-fr","9":"pa_periodo-1930-1980-fr","10":"pa_peso-102-fr","11":"pa_profondita-840-fr","12":"pa_volano-plat-avec-lettrage-peint","14":"first","15":"instock","16":"product-type-simple"},"yoast_head":"<!-- This site is optimized with the Yoast SEO plugin v23.6 - https:\/\/yoast.com\/wordpress\/plugins\/seo\/ -->\n<title>Trancheuse Berkel 12 \u2013 Mod\u00e8le de production italien ancien avec pince \u00e0 bras ouvert<\/title>\n<meta name=\"description\" content=\"La machine \u00e0 trancher Berkel 12 est un mod\u00e8le antique de production italienne : contactez-nous pour un devis sur une machine enti\u00e8rement r\u00e9cup\u00e9r\u00e9e.\" \/>\n<meta name=\"robots\" content=\"index, follow, max-snippet:-1, max-image-preview:large, max-video-preview:-1\" \/>\n<link rel=\"canonical\" href=\"https:\/\/www.labottega-delrestauro.com\/fr\/berkel-trancheuse-machine-12-restoree-vente\/\" \/>\n<meta property=\"og:locale\" content=\"fr_FR\" \/>\n<meta property=\"og:type\" content=\"article\" \/>\n<meta property=\"og:title\" content=\"Trancheuse Berkel 12 \u2013 Mod\u00e8le de production italien ancien avec pince \u00e0 bras ouvert\" \/>\n<meta property=\"og:description\" content=\"La machine \u00e0 trancher Berkel 12 est un mod\u00e8le antique de production italienne : contactez-nous pour un devis sur une machine enti\u00e8rement r\u00e9cup\u00e9r\u00e9e.\" \/>\n<meta property=\"og:url\" content=\"https:\/\/www.labottega-delrestauro.com\/fr\/berkel-trancheuse-machine-12-restoree-vente\/\" \/>\n<meta property=\"og:site_name\" content=\"La Bottega del Restauro\" \/>\n<meta property=\"article:modified_time\" content=\"2022-09-29T09:03:44+00:00\" \/>\n<meta property=\"og:image\" content=\"https:\/\/www.labottega-delrestauro.com\/wp-content\/uploads\/2022\/03\/berkel-affettatrice-12.jpg\" \/>\n\t<meta property=\"og:image:width\" content=\"1000\" \/>\n\t<meta property=\"og:image:height\" content=\"1500\" \/>\n\t<meta property=\"og:image:type\" content=\"image\/jpeg\" \/>\n<meta name=\"twitter:card\" content=\"summary_large_image\" \/>\n<script type=\"application\/ld+json\" class=\"yoast-schema-graph\">{\"@context\":\"https:\/\/schema.org\",\"@graph\":[{\"@type\":\"WebPage\",\"@id\":\"https:\/\/www.labottega-delrestauro.com\/fr\/berkel-trancheuse-machine-12-restoree-vente\/\",\"url\":\"https:\/\/www.labottega-delrestauro.com\/fr\/berkel-trancheuse-machine-12-restoree-vente\/\",\"name\":\"Trancheuse Berkel 12 \u2013 Mod\u00e8le de production italien ancien avec pince \u00e0 bras ouvert\",\"isPartOf\":{\"@id\":\"https:\/\/www.labottega-delrestauro.com\/fr\/#website\"},\"primaryImageOfPage\":{\"@id\":\"https:\/\/www.labottega-delrestauro.com\/fr\/berkel-trancheuse-machine-12-restoree-vente\/#primaryimage\"},\"image\":{\"@id\":\"https:\/\/www.labottega-delrestauro.com\/fr\/berkel-trancheuse-machine-12-restoree-vente\/#primaryimage\"},\"thumbnailUrl\":\"https:\/\/www.labottega-delrestauro.com\/wp-content\/uploads\/2022\/03\/berkel-affettatrice-12.jpg\",\"datePublished\":\"2022-03-29T13:17:48+00:00\",\"dateModified\":\"2022-09-29T09:03:44+00:00\",\"description\":\"La machine \u00e0 trancher Berkel 12 est un mod\u00e8le antique de production italienne : contactez-nous pour un devis sur une machine enti\u00e8rement r\u00e9cup\u00e9r\u00e9e.\",\"breadcrumb\":{\"@id\":\"https:\/\/www.labottega-delrestauro.com\/fr\/berkel-trancheuse-machine-12-restoree-vente\/#breadcrumb\"},\"inLanguage\":\"fr-FR\",\"potentialAction\":[{\"@type\":\"ReadAction\",\"target\":[\"https:\/\/www.labottega-delrestauro.com\/fr\/berkel-trancheuse-machine-12-restoree-vente\/\"]}]},{\"@type\":\"ImageObject\",\"inLanguage\":\"fr-FR\",\"@id\":\"https:\/\/www.labottega-delrestauro.com\/fr\/berkel-trancheuse-machine-12-restoree-vente\/#primaryimage\",\"url\":\"https:\/\/www.labottega-delrestauro.com\/wp-content\/uploads\/2022\/03\/berkel-affettatrice-12.jpg\",\"contentUrl\":\"https:\/\/www.labottega-delrestauro.com\/wp-content\/uploads\/2022\/03\/berkel-affettatrice-12.jpg\",\"width\":1000,\"height\":1500},{\"@type\":\"BreadcrumbList\",\"@id\":\"https:\/\/www.labottega-delrestauro.com\/fr\/berkel-trancheuse-machine-12-restoree-vente\/#breadcrumb\",\"itemListElement\":[{\"@type\":\"ListItem\",\"position\":1,\"name\":\"Home\",\"item\":\"https:\/\/www.labottega-delrestauro.com\/fr\/\"},{\"@type\":\"ListItem\",\"position\":2,\"name\":\"Shop\",\"item\":\"https:\/\/www.labottega-delrestauro.com\/fr\/negozio\/\"},{\"@type\":\"ListItem\",\"position\":3,\"name\":\"Trancheuse Berkel &#8211; Mod\u00e8le 12\"}]},{\"@type\":\"WebSite\",\"@id\":\"https:\/\/www.labottega-delrestauro.com\/fr\/#website\",\"url\":\"https:\/\/www.labottega-delrestauro.com\/fr\/\",\"name\":\"La Bottega del Restauro\",\"description\":\"Restauro macchine Berkel\",\"potentialAction\":[{\"@type\":\"SearchAction\",\"target\":{\"@type\":\"EntryPoint\",\"urlTemplate\":\"https:\/\/www.labottega-delrestauro.com\/fr\/?s={search_term_string}\"},\"query-input\":{\"@type\":\"PropertyValueSpecification\",\"valueRequired\":true,\"valueName\":\"search_term_string\"}}],\"inLanguage\":\"fr-FR\"}]}<\/script>\n<!-- \/ Yoast SEO plugin. -->","yoast_head_json":{"title":"Trancheuse Berkel 12 \u2013 Mod\u00e8le de production italien ancien avec pince \u00e0 bras ouvert","description":"La machine \u00e0 trancher Berkel 12 est un mod\u00e8le antique de production italienne : contactez-nous pour un devis sur une machine enti\u00e8rement r\u00e9cup\u00e9r\u00e9e.","robots":{"index":"index","follow":"follow","max-snippet":"max-snippet:-1","max-image-preview":"max-image-preview:large","max-video-preview":"max-video-preview:-1"},"canonical":"https:\/\/www.labottega-delrestauro.com\/fr\/berkel-trancheuse-machine-12-restoree-vente\/","og_locale":"fr_FR","og_type":"article","og_title":"Trancheuse Berkel 12 \u2013 Mod\u00e8le de production italien ancien avec pince \u00e0 bras ouvert","og_description":"La machine \u00e0 trancher Berkel 12 est un mod\u00e8le antique de production italienne : contactez-nous pour un devis sur une machine enti\u00e8rement r\u00e9cup\u00e9r\u00e9e.","og_url":"https:\/\/www.labottega-delrestauro.com\/fr\/berkel-trancheuse-machine-12-restoree-vente\/","og_site_name":"La Bottega del Restauro","article_modified_time":"2022-09-29T09:03:44+00:00","og_image":[{"width":1000,"height":1500,"url":"https:\/\/www.labottega-delrestauro.com\/wp-content\/uploads\/2022\/03\/berkel-affettatrice-12.jpg","type":"image\/jpeg"}],"twitter_card":"summary_large_image","schema":{"@context":"https:\/\/schema.org","@graph":[{"@type":"WebPage","@id":"https:\/\/www.labottega-delrestauro.com\/fr\/berkel-trancheuse-machine-12-restoree-vente\/","url":"https:\/\/www.labottega-delrestauro.com\/fr\/berkel-trancheuse-machine-12-restoree-vente\/","name":"Trancheuse Berkel 12 \u2013 Mod\u00e8le de production italien ancien avec pince \u00e0 bras ouvert","isPartOf":{"@id":"https:\/\/www.labottega-delrestauro.com\/fr\/#website"},"primaryImageOfPage":{"@id":"https:\/\/www.labottega-delrestauro.com\/fr\/berkel-trancheuse-machine-12-restoree-vente\/#primaryimage"},"image":{"@id":"https:\/\/www.labottega-delrestauro.com\/fr\/berkel-trancheuse-machine-12-restoree-vente\/#primaryimage"},"thumbnailUrl":"https:\/\/www.labottega-delrestauro.com\/wp-content\/uploads\/2022\/03\/berkel-affettatrice-12.jpg","datePublished":"2022-03-29T13:17:48+00:00","dateModified":"2022-09-29T09:03:44+00:00","description":"La machine \u00e0 trancher Berkel 12 est un mod\u00e8le antique de production italienne : contactez-nous pour un devis sur une machine enti\u00e8rement r\u00e9cup\u00e9r\u00e9e.","breadcrumb":{"@id":"https:\/\/www.labottega-delrestauro.com\/fr\/berkel-trancheuse-machine-12-restoree-vente\/#breadcrumb"},"inLanguage":"fr-FR","potentialAction":[{"@type":"ReadAction","target":["https:\/\/www.labottega-delrestauro.com\/fr\/berkel-trancheuse-machine-12-restoree-vente\/"]}]},{"@type":"ImageObject","inLanguage":"fr-FR","@id":"https:\/\/www.labottega-delrestauro.com\/fr\/berkel-trancheuse-machine-12-restoree-vente\/#primaryimage","url":"https:\/\/www.labottega-delrestauro.com\/wp-content\/uploads\/2022\/03\/berkel-affettatrice-12.jpg","contentUrl":"https:\/\/www.labottega-delrestauro.com\/wp-content\/uploads\/2022\/03\/berkel-affettatrice-12.jpg","width":1000,"height":1500},{"@type":"BreadcrumbList","@id":"https:\/\/www.labottega-delrestauro.com\/fr\/berkel-trancheuse-machine-12-restoree-vente\/#breadcrumb","itemListElement":[{"@type":"ListItem","position":1,"name":"Home","item":"https:\/\/www.labottega-delrestauro.com\/fr\/"},{"@type":"ListItem","position":2,"name":"Shop","item":"https:\/\/www.labottega-delrestauro.com\/fr\/negozio\/"},{"@type":"ListItem","position":3,"name":"Trancheuse Berkel &#8211; Mod\u00e8le 12"}]},{"@type":"WebSite","@id":"https:\/\/www.labottega-delrestauro.com\/fr\/#website","url":"https:\/\/www.labottega-delrestauro.com\/fr\/","name":"La Bottega del Restauro","description":"Restauro macchine Berkel","potentialAction":[{"@type":"SearchAction","target":{"@type":"EntryPoint","urlTemplate":"https:\/\/www.labottega-delrestauro.com\/fr\/?s={search_term_string}"},"query-input":{"@type":"PropertyValueSpecification","valueRequired":true,"valueName":"search_term_string"}}],"inLanguage":"fr-FR"}]}},"_links":{"self":[{"href":"https:\/\/www.labottega-delrestauro.com\/fr\/wp-json\/wp\/v2\/product\/58487","targetHints":{"allow":["GET"]}}],"collection":[{"href":"https:\/\/www.labottega-delrestauro.com\/fr\/wp-json\/wp\/v2\/product"}],"about":[{"href":"https:\/\/www.labottega-delrestauro.com\/fr\/wp-json\/wp\/v2\/types\/product"}],"wp:featuredmedia":[{"embeddable":true,"href":"https:\/\/www.labottega-delrestauro.com\/fr\/wp-json\/wp\/v2\/media\/57136"}],"wp:attachment":[{"href":"https:\/\/www.labottega-delrestauro.com\/fr\/wp-json\/wp\/v2\/media?parent=58487"}],"wp:term":[{"taxonomy":"product_cat","embeddable":true,"href":"https:\/\/www.labottega-delrestauro.com\/fr\/wp-json\/wp\/v2\/product_cat?post=58487"},{"taxonomy":"product_tag","embeddable":true,"href":"https:\/\/www.labottega-delrestauro.com\/fr\/wp-json\/wp\/v2\/product_tag?post=58487"}],"curies":[{"name":"wp","href":"https:\/\/api.w.org\/{rel}","templated":true}]}}