{"id":58435,"date":"2022-03-29T13:17:48","date_gmt":"2022-03-29T13:17:48","guid":{"rendered":"https:\/\/labottega.sviluppokeyweb.com\/prodotto\/affettatrice-berkel-modello-8h\/"},"modified":"2022-09-29T09:24:00","modified_gmt":"2022-09-29T09:24:00","slug":"achat-berkel-trancheuse-modele-8h-historique-certifie","status":"publish","type":"product","link":"https:\/\/www.labottega-delrestauro.com\/fr\/achat-berkel-trancheuse-modele-8h-historique-certifie\/","title":{"rendered":"Trancheuse Berkel &#8211; Mod\u00e8le 8H"},"content":{"rendered":"<p><iframe loading=\"lazy\" width=\"560\" height=\"315\" src=\"https:\/\/www.youtube.com\/embed\/99YSIOdH3FA\" title=\"YouTube video player\" frameborder=\"0\" allow=\"accelerometer; autoplay; clipboard-write; encrypted-media; gyroscope; picture-in-picture\" allowfullscreen><\/iframe><\/p>\n","protected":false},"excerpt":{"rendered":"<p>Construit dans la p\u00e9riode entre 1928 et 1948, le <strong>mod\u00e8le Berkel 8H<\/strong> est consid\u00e9r\u00e9 \u00f9 <strong>la grande innovation technique de Berkel<\/strong>.<\/p>\n<p>Ce mod\u00e8le, dont la forme ressemble apparemment \u00e0 la <strong>ligne<\/strong> d\u00e9sormais <strong>\u00ab\u00a0classique\u00a0\u00bb du mod\u00e8le Berkel 7<\/strong>, est cependant <strong>am\u00e9lior\u00e9<\/strong> dans tous ses d\u00e9tails.<\/p>\n<p>Les <strong>capots de protection de la goupille de guidage<\/strong> et de la <strong>vis d&rsquo;alimentation du chariot<\/strong> ont \u00e9t\u00e9 introduits. En effet, l&rsquo;ancienne vis carr\u00e9e est remplac\u00e9e par une vis \u00e0 <strong>filetage h\u00e9lico\u00efdal<\/strong> et le syst\u00e8me de peigne est fix\u00e9 par une roue de chargement nettement plus fiable. Le <strong>chariot<\/strong> lui-m\u00eame est \u00e9quip\u00e9 d&rsquo;un <strong>syst\u00e8me de fixation \u00e0 verrouillage <\/strong>avec bouton d&rsquo;arr\u00eat et du syst\u00e8me d&rsquo;alimentation rapide manuel. En outre, <strong>la<\/strong> <strong>\u00ab\u00a0pendule\u00a0\u00bb<\/strong> de r\u00e9glage de la tranche en m\u00e9tal chrom\u00e9 a \u00e9t\u00e9 remplac\u00e9e par une autre, plus pr\u00e9cise, avec un <strong>bouton en bak\u00e9lite<\/strong>. <strong>L&rsquo;axe de glissement<\/strong> recouvert de carter a \u00e9galement \u00e9t\u00e9 \u00e9paissi.<\/p>\n<p><strong>L&rsquo;entra\u00eenement de la machine<\/strong> pr\u00e9sente le classique <strong>volant d&rsquo;inertie plein <\/strong>avec les mots \u00ab\u00a0brevet Van Berkel\u00a0\u00bb qui ne sont plus en relief mais avec une <strong>d\u00e9calcomanie<\/strong>.<\/p>\n<p>La <strong>lame<\/strong>, d&rsquo;un diam\u00e8tre de 370 mm, du mod\u00e8le Berkel 8H est mont\u00e9e sur <strong>l&rsquo;\u00e9paulement<\/strong> arrondi et redimensionn\u00e9 <strong>en forme d&rsquo;arc<\/strong> avec l&rsquo;\u00e9pais plateau en verre opalin blanc. La carcasse de la trancheuse a tous les <strong>bords arrondis<\/strong>.<\/p>\n<p><strong>Contactez nous<\/strong> pour obtenir les informations suppl\u00e9mentaires sur la disponibilit\u00e9 du mod\u00e8le de trancheuse : <strong>La Bottega del Restauro<\/strong> couvre <strong>toute l&rsquo;Italie et le monde<\/strong> et les collectionneurs int\u00e9ress\u00e9s par l&rsquo;achat d&rsquo;une <strong>pi\u00e8ce ancienne m\u00e9ticuleusement restaur\u00e9e<\/strong>.<\/p>\n<p>&nbsp;<\/p>\n<h2>Travaux de restauration certifi\u00e9s<\/h2>\n<p>La trancheuse <strong>Berkel mod\u00e8le 8H<\/strong> repr\u00e9sente, entre les ann\u00e9es 20 et 40, une <strong>pi\u00e8ce historique<\/strong> de la marque n\u00e9erlandaise, qui r\u00e9sume toutes les <strong>innovations techniques de Berkel<\/strong>. Il s&rsquo;agit d&rsquo;un <strong>mod\u00e8le vintage<\/strong> qui a fait l&rsquo;histoire de cette entreprise et de son avancement.<\/p>\n<p><strong>La Bottega del Restauro<\/strong> remet \u00e0 neuf les mod\u00e8les manuels et reproduit les <strong>qualit\u00e9s esth\u00e9tiques et fonctionnelles<\/strong> que ces trancheuses avaient dans le pass\u00e9 ; nous op\u00e9rons de mani\u00e8re <strong>m\u00e9ticuleuse et pr\u00e9cise<\/strong>, <strong>certifi\u00e9e par la soci\u00e9t\u00e9 Berkel<\/strong> elle-m\u00eame.<\/p>\n<p>Pour acheter une trancheuse vintage <strong>restaur\u00e9e \u00e0 la perfection<\/strong>, <strong>contactez notre personnel<\/strong>.<\/p>\n","protected":false},"featured_media":57070,"template":"","meta":{"_et_pb_use_builder":"","_et_pb_old_content":"","_et_gb_content_width":""},"product_cat":[366],"product_tag":[],"class_list":{"0":"post-58435","1":"product","2":"type-product","3":"status-publish","4":"has-post-thumbnail","6":"product_cat-recuperation-de-modeles-antiques-berkel-trancheuses-antiques-europeens-production","7":"pa_lama-370-fr","8":"pa_larghezza-715-fr","9":"pa_periodo-1925-1980-fr","10":"pa_peso-100-fr","11":"pa_profondita-870-fr","12":"pa_volano-plat-avec-lettrage-peint","14":"first","15":"instock","16":"product-type-simple"},"yoast_head":"<!-- This site is optimized with the Yoast SEO plugin v23.6 - https:\/\/yoast.com\/wordpress\/plugins\/seo\/ -->\n<title>Machine \u00e0 trancher Berkel mod\u00e8le 8H \u2013 pi\u00e8ce ancienne restaur\u00e9e avec volant d&#039;inertie complet et alimentation rapide manuelle.<\/title>\n<meta name=\"description\" content=\"Contactez nous our acheter une pi\u00e8ce vintage restaur\u00e9e de mani\u00e8re certifi\u00e9e : parmi les mod\u00e8les Berkel dont nous nous occupons, vous trouverez ls trancheuse mod\u00e8le 8H.\" \/>\n<meta name=\"robots\" content=\"index, follow, max-snippet:-1, max-image-preview:large, max-video-preview:-1\" \/>\n<link rel=\"canonical\" href=\"https:\/\/www.labottega-delrestauro.com\/fr\/achat-berkel-trancheuse-modele-8h-historique-certifie\/\" \/>\n<meta property=\"og:locale\" content=\"fr_FR\" \/>\n<meta property=\"og:type\" content=\"article\" \/>\n<meta property=\"og:title\" content=\"Machine \u00e0 trancher Berkel mod\u00e8le 8H \u2013 pi\u00e8ce ancienne restaur\u00e9e avec volant d&#039;inertie complet et alimentation rapide manuelle.\" \/>\n<meta property=\"og:description\" content=\"Contactez nous our acheter une pi\u00e8ce vintage restaur\u00e9e de mani\u00e8re certifi\u00e9e : parmi les mod\u00e8les Berkel dont nous nous occupons, vous trouverez ls trancheuse mod\u00e8le 8H.\" \/>\n<meta property=\"og:url\" content=\"https:\/\/www.labottega-delrestauro.com\/fr\/achat-berkel-trancheuse-modele-8h-historique-certifie\/\" \/>\n<meta property=\"og:site_name\" content=\"La Bottega del Restauro\" \/>\n<meta property=\"article:modified_time\" content=\"2022-09-29T09:24:00+00:00\" \/>\n<meta property=\"og:image\" content=\"https:\/\/www.labottega-delrestauro.com\/wp-content\/uploads\/2022\/03\/affettatrice-berkel-modello-8h.jpg\" \/>\n\t<meta property=\"og:image:width\" content=\"1500\" \/>\n\t<meta property=\"og:image:height\" content=\"1200\" \/>\n\t<meta property=\"og:image:type\" content=\"image\/jpeg\" \/>\n<meta name=\"twitter:card\" content=\"summary_large_image\" \/>\n<script type=\"application\/ld+json\" class=\"yoast-schema-graph\">{\"@context\":\"https:\/\/schema.org\",\"@graph\":[{\"@type\":\"WebPage\",\"@id\":\"https:\/\/www.labottega-delrestauro.com\/fr\/achat-berkel-trancheuse-modele-8h-historique-certifie\/\",\"url\":\"https:\/\/www.labottega-delrestauro.com\/fr\/achat-berkel-trancheuse-modele-8h-historique-certifie\/\",\"name\":\"Machine \u00e0 trancher Berkel mod\u00e8le 8H \u2013 pi\u00e8ce ancienne restaur\u00e9e avec volant d'inertie complet et alimentation rapide manuelle.\",\"isPartOf\":{\"@id\":\"https:\/\/www.labottega-delrestauro.com\/fr\/#website\"},\"primaryImageOfPage\":{\"@id\":\"https:\/\/www.labottega-delrestauro.com\/fr\/achat-berkel-trancheuse-modele-8h-historique-certifie\/#primaryimage\"},\"image\":{\"@id\":\"https:\/\/www.labottega-delrestauro.com\/fr\/achat-berkel-trancheuse-modele-8h-historique-certifie\/#primaryimage\"},\"thumbnailUrl\":\"https:\/\/www.labottega-delrestauro.com\/wp-content\/uploads\/2022\/03\/affettatrice-berkel-modello-8h.jpg\",\"datePublished\":\"2022-03-29T13:17:48+00:00\",\"dateModified\":\"2022-09-29T09:24:00+00:00\",\"description\":\"Contactez nous our acheter une pi\u00e8ce vintage restaur\u00e9e de mani\u00e8re certifi\u00e9e : parmi les mod\u00e8les Berkel dont nous nous occupons, vous trouverez ls trancheuse mod\u00e8le 8H.\",\"breadcrumb\":{\"@id\":\"https:\/\/www.labottega-delrestauro.com\/fr\/achat-berkel-trancheuse-modele-8h-historique-certifie\/#breadcrumb\"},\"inLanguage\":\"fr-FR\",\"potentialAction\":[{\"@type\":\"ReadAction\",\"target\":[\"https:\/\/www.labottega-delrestauro.com\/fr\/achat-berkel-trancheuse-modele-8h-historique-certifie\/\"]}]},{\"@type\":\"ImageObject\",\"inLanguage\":\"fr-FR\",\"@id\":\"https:\/\/www.labottega-delrestauro.com\/fr\/achat-berkel-trancheuse-modele-8h-historique-certifie\/#primaryimage\",\"url\":\"https:\/\/www.labottega-delrestauro.com\/wp-content\/uploads\/2022\/03\/affettatrice-berkel-modello-8h.jpg\",\"contentUrl\":\"https:\/\/www.labottega-delrestauro.com\/wp-content\/uploads\/2022\/03\/affettatrice-berkel-modello-8h.jpg\",\"width\":1500,\"height\":1200},{\"@type\":\"BreadcrumbList\",\"@id\":\"https:\/\/www.labottega-delrestauro.com\/fr\/achat-berkel-trancheuse-modele-8h-historique-certifie\/#breadcrumb\",\"itemListElement\":[{\"@type\":\"ListItem\",\"position\":1,\"name\":\"Home\",\"item\":\"https:\/\/www.labottega-delrestauro.com\/fr\/\"},{\"@type\":\"ListItem\",\"position\":2,\"name\":\"Shop\",\"item\":\"https:\/\/www.labottega-delrestauro.com\/fr\/negozio\/\"},{\"@type\":\"ListItem\",\"position\":3,\"name\":\"Trancheuse Berkel &#8211; Mod\u00e8le 8H\"}]},{\"@type\":\"WebSite\",\"@id\":\"https:\/\/www.labottega-delrestauro.com\/fr\/#website\",\"url\":\"https:\/\/www.labottega-delrestauro.com\/fr\/\",\"name\":\"La Bottega del Restauro\",\"description\":\"Restauro macchine Berkel\",\"potentialAction\":[{\"@type\":\"SearchAction\",\"target\":{\"@type\":\"EntryPoint\",\"urlTemplate\":\"https:\/\/www.labottega-delrestauro.com\/fr\/?s={search_term_string}\"},\"query-input\":{\"@type\":\"PropertyValueSpecification\",\"valueRequired\":true,\"valueName\":\"search_term_string\"}}],\"inLanguage\":\"fr-FR\"}]}<\/script>\n<!-- \/ Yoast SEO plugin. -->","yoast_head_json":{"title":"Machine \u00e0 trancher Berkel mod\u00e8le 8H \u2013 pi\u00e8ce ancienne restaur\u00e9e avec volant d'inertie complet et alimentation rapide manuelle.","description":"Contactez nous our acheter une pi\u00e8ce vintage restaur\u00e9e de mani\u00e8re certifi\u00e9e : parmi les mod\u00e8les Berkel dont nous nous occupons, vous trouverez ls trancheuse mod\u00e8le 8H.","robots":{"index":"index","follow":"follow","max-snippet":"max-snippet:-1","max-image-preview":"max-image-preview:large","max-video-preview":"max-video-preview:-1"},"canonical":"https:\/\/www.labottega-delrestauro.com\/fr\/achat-berkel-trancheuse-modele-8h-historique-certifie\/","og_locale":"fr_FR","og_type":"article","og_title":"Machine \u00e0 trancher Berkel mod\u00e8le 8H \u2013 pi\u00e8ce ancienne restaur\u00e9e avec volant d'inertie complet et alimentation rapide manuelle.","og_description":"Contactez nous our acheter une pi\u00e8ce vintage restaur\u00e9e de mani\u00e8re certifi\u00e9e : parmi les mod\u00e8les Berkel dont nous nous occupons, vous trouverez ls trancheuse mod\u00e8le 8H.","og_url":"https:\/\/www.labottega-delrestauro.com\/fr\/achat-berkel-trancheuse-modele-8h-historique-certifie\/","og_site_name":"La Bottega del Restauro","article_modified_time":"2022-09-29T09:24:00+00:00","og_image":[{"width":1500,"height":1200,"url":"https:\/\/www.labottega-delrestauro.com\/wp-content\/uploads\/2022\/03\/affettatrice-berkel-modello-8h.jpg","type":"image\/jpeg"}],"twitter_card":"summary_large_image","schema":{"@context":"https:\/\/schema.org","@graph":[{"@type":"WebPage","@id":"https:\/\/www.labottega-delrestauro.com\/fr\/achat-berkel-trancheuse-modele-8h-historique-certifie\/","url":"https:\/\/www.labottega-delrestauro.com\/fr\/achat-berkel-trancheuse-modele-8h-historique-certifie\/","name":"Machine \u00e0 trancher Berkel mod\u00e8le 8H \u2013 pi\u00e8ce ancienne restaur\u00e9e avec volant d'inertie complet et alimentation rapide manuelle.","isPartOf":{"@id":"https:\/\/www.labottega-delrestauro.com\/fr\/#website"},"primaryImageOfPage":{"@id":"https:\/\/www.labottega-delrestauro.com\/fr\/achat-berkel-trancheuse-modele-8h-historique-certifie\/#primaryimage"},"image":{"@id":"https:\/\/www.labottega-delrestauro.com\/fr\/achat-berkel-trancheuse-modele-8h-historique-certifie\/#primaryimage"},"thumbnailUrl":"https:\/\/www.labottega-delrestauro.com\/wp-content\/uploads\/2022\/03\/affettatrice-berkel-modello-8h.jpg","datePublished":"2022-03-29T13:17:48+00:00","dateModified":"2022-09-29T09:24:00+00:00","description":"Contactez nous our acheter une pi\u00e8ce vintage restaur\u00e9e de mani\u00e8re certifi\u00e9e : parmi les mod\u00e8les Berkel dont nous nous occupons, vous trouverez ls trancheuse mod\u00e8le 8H.","breadcrumb":{"@id":"https:\/\/www.labottega-delrestauro.com\/fr\/achat-berkel-trancheuse-modele-8h-historique-certifie\/#breadcrumb"},"inLanguage":"fr-FR","potentialAction":[{"@type":"ReadAction","target":["https:\/\/www.labottega-delrestauro.com\/fr\/achat-berkel-trancheuse-modele-8h-historique-certifie\/"]}]},{"@type":"ImageObject","inLanguage":"fr-FR","@id":"https:\/\/www.labottega-delrestauro.com\/fr\/achat-berkel-trancheuse-modele-8h-historique-certifie\/#primaryimage","url":"https:\/\/www.labottega-delrestauro.com\/wp-content\/uploads\/2022\/03\/affettatrice-berkel-modello-8h.jpg","contentUrl":"https:\/\/www.labottega-delrestauro.com\/wp-content\/uploads\/2022\/03\/affettatrice-berkel-modello-8h.jpg","width":1500,"height":1200},{"@type":"BreadcrumbList","@id":"https:\/\/www.labottega-delrestauro.com\/fr\/achat-berkel-trancheuse-modele-8h-historique-certifie\/#breadcrumb","itemListElement":[{"@type":"ListItem","position":1,"name":"Home","item":"https:\/\/www.labottega-delrestauro.com\/fr\/"},{"@type":"ListItem","position":2,"name":"Shop","item":"https:\/\/www.labottega-delrestauro.com\/fr\/negozio\/"},{"@type":"ListItem","position":3,"name":"Trancheuse Berkel &#8211; Mod\u00e8le 8H"}]},{"@type":"WebSite","@id":"https:\/\/www.labottega-delrestauro.com\/fr\/#website","url":"https:\/\/www.labottega-delrestauro.com\/fr\/","name":"La Bottega del Restauro","description":"Restauro macchine Berkel","potentialAction":[{"@type":"SearchAction","target":{"@type":"EntryPoint","urlTemplate":"https:\/\/www.labottega-delrestauro.com\/fr\/?s={search_term_string}"},"query-input":{"@type":"PropertyValueSpecification","valueRequired":true,"valueName":"search_term_string"}}],"inLanguage":"fr-FR"}]}},"_links":{"self":[{"href":"https:\/\/www.labottega-delrestauro.com\/fr\/wp-json\/wp\/v2\/product\/58435","targetHints":{"allow":["GET"]}}],"collection":[{"href":"https:\/\/www.labottega-delrestauro.com\/fr\/wp-json\/wp\/v2\/product"}],"about":[{"href":"https:\/\/www.labottega-delrestauro.com\/fr\/wp-json\/wp\/v2\/types\/product"}],"wp:featuredmedia":[{"embeddable":true,"href":"https:\/\/www.labottega-delrestauro.com\/fr\/wp-json\/wp\/v2\/media\/57070"}],"wp:attachment":[{"href":"https:\/\/www.labottega-delrestauro.com\/fr\/wp-json\/wp\/v2\/media?parent=58435"}],"wp:term":[{"taxonomy":"product_cat","embeddable":true,"href":"https:\/\/www.labottega-delrestauro.com\/fr\/wp-json\/wp\/v2\/product_cat?post=58435"},{"taxonomy":"product_tag","embeddable":true,"href":"https:\/\/www.labottega-delrestauro.com\/fr\/wp-json\/wp\/v2\/product_tag?post=58435"}],"curies":[{"name":"wp","href":"https:\/\/api.w.org\/{rel}","templated":true}]}}