{"id":58373,"date":"2022-03-29T13:17:48","date_gmt":"2022-03-29T13:17:48","guid":{"rendered":"https:\/\/labottega.sviluppokeyweb.com\/prodotto\/affettatrice-berkel-modello-3\/"},"modified":"2022-09-29T09:17:53","modified_gmt":"2022-09-29T09:17:53","slug":"berkel-manual-trancheuse-model-3-rouge-noir-a-vendre","status":"publish","type":"product","link":"https:\/\/www.labottega-delrestauro.com\/fr\/berkel-manual-trancheuse-model-3-rouge-noir-a-vendre\/","title":{"rendered":"Trancheuse Berkel &#8211; Mod\u00e8le 3"},"content":{"rendered":"<p><iframe loading=\"lazy\" width=\"560\" height=\"315\" src=\"https:\/\/www.youtube.com\/embed\/KOin3ENc1lU\" title=\"YouTube video player\" frameborder=\"0\" allow=\"accelerometer; autoplay; clipboard-write; encrypted-media; gyroscope; picture-in-picture\" allowfullscreen><\/iframe><\/p>\n","protected":false},"excerpt":{"rendered":"<div class=\"woocommerce-product-details__short-description\">\n<p>Construit entre 1918 et 1922, ce mod\u00e8le manuel marque <strong>un tournant dans les mod\u00e8les Van Berkel<\/strong> : c&rsquo;est une pi\u00e8ce unique en son genre, au design renouvel\u00e9 et aux solutions ing\u00e9nieuses. En ce qui concerne les ventes, elle est distribu\u00e9e en Italie par Back &amp; Co. de Milan et dans le reste du monde par ses diff\u00e9rentes filiales. La machine dispose, <strong>pour la premi\u00e8re fois<\/strong>, du <strong>glissement du chariot sur l&rsquo;axe<\/strong> et du mouvement entra\u00een\u00e9 par le <strong>volant d&rsquo;inertie du type floral<\/strong>. Le <strong>chariot sup\u00e9rieur<\/strong> porte la vis sans fin avec un <strong>syst\u00e8me de cliquet<\/strong> pour l&rsquo;entra\u00eener contre l'\u00a0\u00bbhorloge\u00a0\u00bb de r\u00e9glage de l&rsquo;\u00e9paisseur de la vis. La <strong>pince <\/strong>de fixation du produit est mont\u00e9e avec la <strong>classique cr\u00e9maill\u00e8re avant<\/strong> et un nouveau syst\u00e8me rapide sur une colonne \u00e0 l&rsquo;arri\u00e8re. <strong>L&rsquo;aiguiseur<\/strong> est une bo\u00eete chrom\u00e9e et poss\u00e8de un nouveau mouvement. La <strong>lame<\/strong>, d&rsquo;un diam\u00e8tre de 350 mm, est mont\u00e9e sur l&rsquo;\u00e9paulement rond auquel sont fix\u00e9s la bo\u00eete \u00e0 gants m\u00e9tallique et la plaque signal\u00e9tique, <strong>qui<\/strong> <strong>diff\u00e8rent selon les pays<\/strong> o\u00f9 elle a \u00e9t\u00e9 achet\u00e9e.<\/p>\n<p>Le <strong>mod\u00e8le 3 de la marque Berkel<\/strong> est une pi\u00e8ce absolument innovante pour son \u00e9poque. Restaur\u00e9 par les <strong>mains habiles de nos techniciens<\/strong>, le mod\u00e8le subit des <strong>travaux certifi\u00e9s par le fabricant<\/strong>, qui permettent \u00e0 chaque trancheuse de retrouver son aspect et sa fonctionnalit\u00e9 originales.<\/p>\n<p><strong>Cotactez nous<\/strong> pour obtenir toutes les informations sur la disponibilit\u00e9 des pi\u00e8ces, tant en <strong>rouge<\/strong> qu&rsquo;en <strong>noir<\/strong>, et recevoir une <strong>cotation<\/strong>.<\/p>\n<\/div>\n<p>&nbsp;<\/p>\n<h2>Un si\u00e8cle d&rsquo;histoire<\/h2>\n<p>Le <strong>mod\u00e8le 3<\/strong> de Berkel est le <strong>symbole d&rsquo;innovation<\/strong> de la marque historique n\u00e9erlandaise. Produite \u00e0 l&rsquo;origine \u00e9galement en ivoire, cette trancheuse a <strong>jet\u00e9 les bases de tous les mod\u00e8les suivants<\/strong>, en donnant des id\u00e9es novatrices qui seront reprises surtout dans la <strong>partie m\u00e9canique<\/strong>, point crucial pour le <strong>fonctionnement<\/strong>.<\/p>\n<p>Notre personnel s&rsquo;occupe de la <strong>restauration des composants<\/strong> des trancheuses Berkel, soit au service du <strong>fonctionnement<\/strong> que de l\u2018 <strong>esth\u00e9tique<\/strong>. Nous redonnons \u00e0 chaque mod\u00e8le vintage <strong>la splendeur du pass\u00e9<\/strong>, pour cr\u00e9er des <strong>pi\u00e8ces de collection<\/strong> incontournables pour les <strong>passionn\u00e9s d&rsquo;Italie et du monde entier<\/strong>.<\/p>\n<p><strong>Contactez La Bottega del Restauro<\/strong> pour plus d&rsquo;informations sur la disponibilit\u00e9 des <strong>trancheuses Berkel<\/strong>.<\/p>\n","protected":false},"featured_media":57010,"template":"","meta":{"_et_pb_use_builder":"","_et_pb_old_content":"","_et_gb_content_width":""},"product_cat":[366],"product_tag":[],"class_list":{"0":"post-58373","1":"product","2":"type-product","3":"status-publish","4":"has-post-thumbnail","6":"product_cat-recuperation-de-modeles-antiques-berkel-trancheuses-antiques-europeens-production","7":"pa_lama-350-fr","8":"pa_larghezza-630-fr","9":"pa_periodo-1898-1925-fr","10":"pa_peso-90-fr","11":"pa_profondita-840-fr","12":"pa_volano-fleuri","14":"first","15":"instock","16":"product-type-simple"},"yoast_head":"<!-- This site is optimized with the Yoast SEO plugin v23.6 - https:\/\/yoast.com\/wordpress\/plugins\/seo\/ -->\n<title>Trancheuse Berkel Mod\u00e8le 3 \u2013 Pi\u00e8ce de conception originale restaur\u00e9e avec lame taille crayon<\/title>\n<meta name=\"description\" content=\"Pour un Berkel mod\u00e8le 3, fid\u00e8lement restaur\u00e9 au design de la pi\u00e8ce originale, contactez-nous : nous nous occupons de la restauration de mod\u00e8les de trancheuses manuelles.\" \/>\n<meta name=\"robots\" content=\"index, follow, max-snippet:-1, max-image-preview:large, max-video-preview:-1\" \/>\n<link rel=\"canonical\" href=\"https:\/\/www.labottega-delrestauro.com\/fr\/berkel-manual-trancheuse-model-3-rouge-noir-a-vendre\/\" \/>\n<meta property=\"og:locale\" content=\"fr_FR\" \/>\n<meta property=\"og:type\" content=\"article\" \/>\n<meta property=\"og:title\" content=\"Trancheuse Berkel Mod\u00e8le 3 \u2013 Pi\u00e8ce de conception originale restaur\u00e9e avec lame taille crayon\" \/>\n<meta property=\"og:description\" content=\"Pour un Berkel mod\u00e8le 3, fid\u00e8lement restaur\u00e9 au design de la pi\u00e8ce originale, contactez-nous : nous nous occupons de la restauration de mod\u00e8les de trancheuses manuelles.\" \/>\n<meta property=\"og:url\" content=\"https:\/\/www.labottega-delrestauro.com\/fr\/berkel-manual-trancheuse-model-3-rouge-noir-a-vendre\/\" \/>\n<meta property=\"og:site_name\" content=\"La Bottega del Restauro\" \/>\n<meta property=\"article:modified_time\" content=\"2022-09-29T09:17:53+00:00\" \/>\n<meta property=\"og:image\" content=\"https:\/\/www.labottega-delrestauro.com\/wp-content\/uploads\/2022\/03\/affettatrice-berkel-modello-3.jpg\" \/>\n\t<meta property=\"og:image:width\" content=\"1000\" \/>\n\t<meta property=\"og:image:height\" content=\"1000\" \/>\n\t<meta property=\"og:image:type\" content=\"image\/jpeg\" \/>\n<meta name=\"twitter:card\" content=\"summary_large_image\" \/>\n<script type=\"application\/ld+json\" class=\"yoast-schema-graph\">{\"@context\":\"https:\/\/schema.org\",\"@graph\":[{\"@type\":\"WebPage\",\"@id\":\"https:\/\/www.labottega-delrestauro.com\/fr\/berkel-manual-trancheuse-model-3-rouge-noir-a-vendre\/\",\"url\":\"https:\/\/www.labottega-delrestauro.com\/fr\/berkel-manual-trancheuse-model-3-rouge-noir-a-vendre\/\",\"name\":\"Trancheuse Berkel Mod\u00e8le 3 \u2013 Pi\u00e8ce de conception originale restaur\u00e9e avec lame taille crayon\",\"isPartOf\":{\"@id\":\"https:\/\/www.labottega-delrestauro.com\/fr\/#website\"},\"primaryImageOfPage\":{\"@id\":\"https:\/\/www.labottega-delrestauro.com\/fr\/berkel-manual-trancheuse-model-3-rouge-noir-a-vendre\/#primaryimage\"},\"image\":{\"@id\":\"https:\/\/www.labottega-delrestauro.com\/fr\/berkel-manual-trancheuse-model-3-rouge-noir-a-vendre\/#primaryimage\"},\"thumbnailUrl\":\"https:\/\/www.labottega-delrestauro.com\/wp-content\/uploads\/2022\/03\/affettatrice-berkel-modello-3.jpg\",\"datePublished\":\"2022-03-29T13:17:48+00:00\",\"dateModified\":\"2022-09-29T09:17:53+00:00\",\"description\":\"Pour un Berkel mod\u00e8le 3, fid\u00e8lement restaur\u00e9 au design de la pi\u00e8ce originale, contactez-nous : nous nous occupons de la restauration de mod\u00e8les de trancheuses manuelles.\",\"breadcrumb\":{\"@id\":\"https:\/\/www.labottega-delrestauro.com\/fr\/berkel-manual-trancheuse-model-3-rouge-noir-a-vendre\/#breadcrumb\"},\"inLanguage\":\"fr-FR\",\"potentialAction\":[{\"@type\":\"ReadAction\",\"target\":[\"https:\/\/www.labottega-delrestauro.com\/fr\/berkel-manual-trancheuse-model-3-rouge-noir-a-vendre\/\"]}]},{\"@type\":\"ImageObject\",\"inLanguage\":\"fr-FR\",\"@id\":\"https:\/\/www.labottega-delrestauro.com\/fr\/berkel-manual-trancheuse-model-3-rouge-noir-a-vendre\/#primaryimage\",\"url\":\"https:\/\/www.labottega-delrestauro.com\/wp-content\/uploads\/2022\/03\/affettatrice-berkel-modello-3.jpg\",\"contentUrl\":\"https:\/\/www.labottega-delrestauro.com\/wp-content\/uploads\/2022\/03\/affettatrice-berkel-modello-3.jpg\",\"width\":1000,\"height\":1000},{\"@type\":\"BreadcrumbList\",\"@id\":\"https:\/\/www.labottega-delrestauro.com\/fr\/berkel-manual-trancheuse-model-3-rouge-noir-a-vendre\/#breadcrumb\",\"itemListElement\":[{\"@type\":\"ListItem\",\"position\":1,\"name\":\"Home\",\"item\":\"https:\/\/www.labottega-delrestauro.com\/fr\/\"},{\"@type\":\"ListItem\",\"position\":2,\"name\":\"Shop\",\"item\":\"https:\/\/www.labottega-delrestauro.com\/fr\/negozio\/\"},{\"@type\":\"ListItem\",\"position\":3,\"name\":\"Trancheuse Berkel &#8211; Mod\u00e8le 3\"}]},{\"@type\":\"WebSite\",\"@id\":\"https:\/\/www.labottega-delrestauro.com\/fr\/#website\",\"url\":\"https:\/\/www.labottega-delrestauro.com\/fr\/\",\"name\":\"La Bottega del Restauro\",\"description\":\"Restauro macchine Berkel\",\"potentialAction\":[{\"@type\":\"SearchAction\",\"target\":{\"@type\":\"EntryPoint\",\"urlTemplate\":\"https:\/\/www.labottega-delrestauro.com\/fr\/?s={search_term_string}\"},\"query-input\":{\"@type\":\"PropertyValueSpecification\",\"valueRequired\":true,\"valueName\":\"search_term_string\"}}],\"inLanguage\":\"fr-FR\"}]}<\/script>\n<!-- \/ Yoast SEO plugin. -->","yoast_head_json":{"title":"Trancheuse Berkel Mod\u00e8le 3 \u2013 Pi\u00e8ce de conception originale restaur\u00e9e avec lame taille crayon","description":"Pour un Berkel mod\u00e8le 3, fid\u00e8lement restaur\u00e9 au design de la pi\u00e8ce originale, contactez-nous : nous nous occupons de la restauration de mod\u00e8les de trancheuses manuelles.","robots":{"index":"index","follow":"follow","max-snippet":"max-snippet:-1","max-image-preview":"max-image-preview:large","max-video-preview":"max-video-preview:-1"},"canonical":"https:\/\/www.labottega-delrestauro.com\/fr\/berkel-manual-trancheuse-model-3-rouge-noir-a-vendre\/","og_locale":"fr_FR","og_type":"article","og_title":"Trancheuse Berkel Mod\u00e8le 3 \u2013 Pi\u00e8ce de conception originale restaur\u00e9e avec lame taille crayon","og_description":"Pour un Berkel mod\u00e8le 3, fid\u00e8lement restaur\u00e9 au design de la pi\u00e8ce originale, contactez-nous : nous nous occupons de la restauration de mod\u00e8les de trancheuses manuelles.","og_url":"https:\/\/www.labottega-delrestauro.com\/fr\/berkel-manual-trancheuse-model-3-rouge-noir-a-vendre\/","og_site_name":"La Bottega del Restauro","article_modified_time":"2022-09-29T09:17:53+00:00","og_image":[{"width":1000,"height":1000,"url":"https:\/\/www.labottega-delrestauro.com\/wp-content\/uploads\/2022\/03\/affettatrice-berkel-modello-3.jpg","type":"image\/jpeg"}],"twitter_card":"summary_large_image","schema":{"@context":"https:\/\/schema.org","@graph":[{"@type":"WebPage","@id":"https:\/\/www.labottega-delrestauro.com\/fr\/berkel-manual-trancheuse-model-3-rouge-noir-a-vendre\/","url":"https:\/\/www.labottega-delrestauro.com\/fr\/berkel-manual-trancheuse-model-3-rouge-noir-a-vendre\/","name":"Trancheuse Berkel Mod\u00e8le 3 \u2013 Pi\u00e8ce de conception originale restaur\u00e9e avec lame taille crayon","isPartOf":{"@id":"https:\/\/www.labottega-delrestauro.com\/fr\/#website"},"primaryImageOfPage":{"@id":"https:\/\/www.labottega-delrestauro.com\/fr\/berkel-manual-trancheuse-model-3-rouge-noir-a-vendre\/#primaryimage"},"image":{"@id":"https:\/\/www.labottega-delrestauro.com\/fr\/berkel-manual-trancheuse-model-3-rouge-noir-a-vendre\/#primaryimage"},"thumbnailUrl":"https:\/\/www.labottega-delrestauro.com\/wp-content\/uploads\/2022\/03\/affettatrice-berkel-modello-3.jpg","datePublished":"2022-03-29T13:17:48+00:00","dateModified":"2022-09-29T09:17:53+00:00","description":"Pour un Berkel mod\u00e8le 3, fid\u00e8lement restaur\u00e9 au design de la pi\u00e8ce originale, contactez-nous : nous nous occupons de la restauration de mod\u00e8les de trancheuses manuelles.","breadcrumb":{"@id":"https:\/\/www.labottega-delrestauro.com\/fr\/berkel-manual-trancheuse-model-3-rouge-noir-a-vendre\/#breadcrumb"},"inLanguage":"fr-FR","potentialAction":[{"@type":"ReadAction","target":["https:\/\/www.labottega-delrestauro.com\/fr\/berkel-manual-trancheuse-model-3-rouge-noir-a-vendre\/"]}]},{"@type":"ImageObject","inLanguage":"fr-FR","@id":"https:\/\/www.labottega-delrestauro.com\/fr\/berkel-manual-trancheuse-model-3-rouge-noir-a-vendre\/#primaryimage","url":"https:\/\/www.labottega-delrestauro.com\/wp-content\/uploads\/2022\/03\/affettatrice-berkel-modello-3.jpg","contentUrl":"https:\/\/www.labottega-delrestauro.com\/wp-content\/uploads\/2022\/03\/affettatrice-berkel-modello-3.jpg","width":1000,"height":1000},{"@type":"BreadcrumbList","@id":"https:\/\/www.labottega-delrestauro.com\/fr\/berkel-manual-trancheuse-model-3-rouge-noir-a-vendre\/#breadcrumb","itemListElement":[{"@type":"ListItem","position":1,"name":"Home","item":"https:\/\/www.labottega-delrestauro.com\/fr\/"},{"@type":"ListItem","position":2,"name":"Shop","item":"https:\/\/www.labottega-delrestauro.com\/fr\/negozio\/"},{"@type":"ListItem","position":3,"name":"Trancheuse Berkel &#8211; Mod\u00e8le 3"}]},{"@type":"WebSite","@id":"https:\/\/www.labottega-delrestauro.com\/fr\/#website","url":"https:\/\/www.labottega-delrestauro.com\/fr\/","name":"La Bottega del Restauro","description":"Restauro macchine Berkel","potentialAction":[{"@type":"SearchAction","target":{"@type":"EntryPoint","urlTemplate":"https:\/\/www.labottega-delrestauro.com\/fr\/?s={search_term_string}"},"query-input":{"@type":"PropertyValueSpecification","valueRequired":true,"valueName":"search_term_string"}}],"inLanguage":"fr-FR"}]}},"_links":{"self":[{"href":"https:\/\/www.labottega-delrestauro.com\/fr\/wp-json\/wp\/v2\/product\/58373","targetHints":{"allow":["GET"]}}],"collection":[{"href":"https:\/\/www.labottega-delrestauro.com\/fr\/wp-json\/wp\/v2\/product"}],"about":[{"href":"https:\/\/www.labottega-delrestauro.com\/fr\/wp-json\/wp\/v2\/types\/product"}],"wp:featuredmedia":[{"embeddable":true,"href":"https:\/\/www.labottega-delrestauro.com\/fr\/wp-json\/wp\/v2\/media\/57010"}],"wp:attachment":[{"href":"https:\/\/www.labottega-delrestauro.com\/fr\/wp-json\/wp\/v2\/media?parent=58373"}],"wp:term":[{"taxonomy":"product_cat","embeddable":true,"href":"https:\/\/www.labottega-delrestauro.com\/fr\/wp-json\/wp\/v2\/product_cat?post=58373"},{"taxonomy":"product_tag","embeddable":true,"href":"https:\/\/www.labottega-delrestauro.com\/fr\/wp-json\/wp\/v2\/product_tag?post=58373"}],"curies":[{"name":"wp","href":"https:\/\/api.w.org\/{rel}","templated":true}]}}