{"id":58361,"date":"2022-03-29T13:17:48","date_gmt":"2022-03-29T13:17:48","guid":{"rendered":"https:\/\/labottega.sviluppokeyweb.com\/prodotto\/affettatrice-berkel-modello-1\/"},"modified":"2022-09-01T09:50:28","modified_gmt":"2022-09-01T09:50:28","slug":"trancheuse-berkel-epoch-berkel-modele-1-decoree-main","status":"publish","type":"product","link":"https:\/\/www.labottega-delrestauro.com\/fr\/trancheuse-berkel-epoch-berkel-modele-1-decoree-main\/","title":{"rendered":"Trancheuse Berkel &#8211; Mod\u00e8le 1"},"content":{"rendered":"","protected":false},"excerpt":{"rendered":"<div class=\"woocommerce-product-details__short-description\">\n<p>N\u00e9 en 1908 et produit jusqu&rsquo;en 1915, le <strong>Berkel mod\u00e8le 1<\/strong> se caract\u00e9rise <strong>par sa taille<\/strong>, tr\u00e8s grande pour l&rsquo;\u00e9poque.<\/p>\n<p>Le chariot coulisse sur <strong>une grande plaque<\/strong>, qui sert \u00e9galement de <strong>guide de coulissement<\/strong>, mont\u00e9e comme du c\u00f4t\u00e9 oppos\u00e9 sur deux petites colonnes. Du c\u00f4t\u00e9 oppos\u00e9, il est mont\u00e9 sur une plaque plus petite, le tout sans rouleaux. La <strong>plaque<\/strong> coulissante est en <strong>bronze<\/strong>, tandis que la petite plaque est en feutre.<\/p>\n<p>Le <strong>m\u00e9canisme d&rsquo;alimentation<\/strong> comporte une vis sans fin trap\u00e9zo\u00efdale visible et un peigne d&rsquo;alimentation du chariot visible. Un <strong>levier<\/strong> est mont\u00e9 sur le peigne pour <strong>lib\u00e9rer la plaque<\/strong> afin de permettre un retour rapide des aliments.<\/p>\n<p>Le <strong>r\u00e9glage de la tranche<\/strong>, <strong>v\u00e9ritable g\u00e9nie m\u00e9canique<\/strong>, s&rsquo;effectue au moyen d&rsquo;une tige de r\u00e9glage reposant sur un \u00e9trier situ\u00e9 sur le c\u00f4t\u00e9, o\u00f9 15 r\u00e9glages peuvent \u00eatre s\u00e9lectionn\u00e9s. Un <strong>syst\u00e8me de bielles<\/strong> est attach\u00e9 \u00e0 cette tige, qui ajuste la roue dent\u00e9e pour l&rsquo;avance de la vis, apr\u00e8s qu&rsquo;un <strong>syst\u00e8me de cames<\/strong> sous le chariot ait donn\u00e9 les bons millim\u00e8tres de d\u00e9placement.<\/p>\n<p>La machine est entra\u00een\u00e9e par le <strong>volant d&rsquo;inertie floral classique de l&rsquo;\u00e9poque<\/strong>. La <strong>lame<\/strong>, <strong>d&rsquo;un diam\u00e8tre de 370 mm<\/strong>, est mont\u00e9e sur l&rsquo;\u00e9paulement rond et ferm\u00e9 auquel sont fix\u00e9s la bo\u00eete \u00e0 gants m\u00e9tallique et la plaque signal\u00e9tique, <strong>diff\u00e9rente selon les pays<\/strong> o\u00f9 elle a \u00e9t\u00e9 achet\u00e9e. Dans la partie sup\u00e9rieure de l&rsquo;\u00e9paule, nous trouvons l&rsquo;aiguiseur de lames, compos\u00e9 de <strong>plusieurs pi\u00e8ces chrom\u00e9es<\/strong>, toutes visibles et sans bo\u00eetier.<\/p>\n<p>Les <strong>caract\u00e9ristiques techniques<\/strong> de cette <strong>trancheuse vintage<\/strong> et de ses composants garantissent un <strong>fonctionnement pr\u00e9cis<\/strong>. <strong>La Bottega del Restauro<\/strong> travaille \u00e9galement \u00e0 la <strong>perfection<\/strong> et \u00e0 la <strong>restauration<\/strong> des <strong>facteurs esth\u00e9tiques<\/strong>, en peignant le mod\u00e8le dans les <strong>couleurs d&rsquo;origine<\/strong> et en reproposant chaque partie <strong>d\u00e9cor\u00e9e \u00e0 la main<\/strong>.<\/p>\n<p><strong>Contactez notre personnel<\/strong> si vous souhaitez recevoir des informations suppl\u00e9mentaires sur les mod\u00e8les et leur disponibilit\u00e9 : nous restaurons les trancheuses du pass\u00e9 pour les <strong>collectionneurs d&rsquo;Italie et du monde entier<\/strong>. Il est possible de demander la <strong>version avec pi\u00e9destal attach\u00e9<\/strong>.<\/p>\n<\/div>\n","protected":false},"featured_media":56995,"template":"","meta":{"_et_pb_use_builder":"","_et_pb_old_content":"","_et_gb_content_width":""},"product_cat":[366],"product_tag":[],"class_list":{"0":"post-58361","1":"product","2":"type-product","3":"status-publish","4":"has-post-thumbnail","6":"product_cat-recuperation-de-modeles-antiques-berkel-trancheuses-antiques-europeens-production","7":"pa_lama-370-fr","8":"pa_larghezza-32-fr","9":"pa_periodo-1898-1925-fr","10":"pa_peso-33-fr","11":"pa_profondita-34-fr","12":"pa_volano-35-fr","14":"first","15":"instock","16":"product-type-simple"},"yoast_head":"<!-- This site is optimized with the Yoast SEO plugin v23.6 - https:\/\/yoast.com\/wordpress\/plugins\/seo\/ -->\n<title>Machine \u00e0 trancher Berkel Mod\u00e8le 1 \u2013 Volant \u00e0 fleur au dos rond ferm\u00e9 avec pi\u00e9destal<\/title>\n<meta name=\"description\" content=\"Nous nous occupons de la restauration de mod\u00e8les vintage Berkel, comme la trancheuse Berkel mod\u00e8le 1, d\u00e9cor\u00e9 \u00e0 la main et remise \u00e0 neuf dans tous ses composants.\" \/>\n<meta name=\"robots\" content=\"index, follow, max-snippet:-1, max-image-preview:large, max-video-preview:-1\" \/>\n<link rel=\"canonical\" href=\"https:\/\/www.labottega-delrestauro.com\/fr\/trancheuse-berkel-epoch-berkel-modele-1-decoree-main\/\" \/>\n<meta property=\"og:locale\" content=\"fr_FR\" \/>\n<meta property=\"og:type\" content=\"article\" \/>\n<meta property=\"og:title\" content=\"Machine \u00e0 trancher Berkel Mod\u00e8le 1 \u2013 Volant \u00e0 fleur au dos rond ferm\u00e9 avec pi\u00e9destal\" \/>\n<meta property=\"og:description\" content=\"Nous nous occupons de la restauration de mod\u00e8les vintage Berkel, comme la trancheuse Berkel mod\u00e8le 1, d\u00e9cor\u00e9 \u00e0 la main et remise \u00e0 neuf dans tous ses composants.\" \/>\n<meta property=\"og:url\" content=\"https:\/\/www.labottega-delrestauro.com\/fr\/trancheuse-berkel-epoch-berkel-modele-1-decoree-main\/\" \/>\n<meta property=\"og:site_name\" content=\"La Bottega del Restauro\" \/>\n<meta property=\"article:modified_time\" content=\"2022-09-01T09:50:28+00:00\" \/>\n<meta property=\"og:image\" content=\"https:\/\/www.labottega-delrestauro.com\/wp-content\/uploads\/2022\/03\/affettatrice-berkel-modello-1.jpg\" \/>\n\t<meta property=\"og:image:width\" content=\"787\" \/>\n\t<meta property=\"og:image:height\" content=\"1181\" \/>\n\t<meta property=\"og:image:type\" content=\"image\/jpeg\" \/>\n<meta name=\"twitter:card\" content=\"summary_large_image\" \/>\n<script type=\"application\/ld+json\" class=\"yoast-schema-graph\">{\"@context\":\"https:\/\/schema.org\",\"@graph\":[{\"@type\":\"WebPage\",\"@id\":\"https:\/\/www.labottega-delrestauro.com\/fr\/trancheuse-berkel-epoch-berkel-modele-1-decoree-main\/\",\"url\":\"https:\/\/www.labottega-delrestauro.com\/fr\/trancheuse-berkel-epoch-berkel-modele-1-decoree-main\/\",\"name\":\"Machine \u00e0 trancher Berkel Mod\u00e8le 1 \u2013 Volant \u00e0 fleur au dos rond ferm\u00e9 avec pi\u00e9destal\",\"isPartOf\":{\"@id\":\"https:\/\/www.labottega-delrestauro.com\/fr\/#website\"},\"primaryImageOfPage\":{\"@id\":\"https:\/\/www.labottega-delrestauro.com\/fr\/trancheuse-berkel-epoch-berkel-modele-1-decoree-main\/#primaryimage\"},\"image\":{\"@id\":\"https:\/\/www.labottega-delrestauro.com\/fr\/trancheuse-berkel-epoch-berkel-modele-1-decoree-main\/#primaryimage\"},\"thumbnailUrl\":\"https:\/\/www.labottega-delrestauro.com\/wp-content\/uploads\/2022\/03\/affettatrice-berkel-modello-1.jpg\",\"datePublished\":\"2022-03-29T13:17:48+00:00\",\"dateModified\":\"2022-09-01T09:50:28+00:00\",\"description\":\"Nous nous occupons de la restauration de mod\u00e8les vintage Berkel, comme la trancheuse Berkel mod\u00e8le 1, d\u00e9cor\u00e9 \u00e0 la main et remise \u00e0 neuf dans tous ses composants.\",\"breadcrumb\":{\"@id\":\"https:\/\/www.labottega-delrestauro.com\/fr\/trancheuse-berkel-epoch-berkel-modele-1-decoree-main\/#breadcrumb\"},\"inLanguage\":\"fr-FR\",\"potentialAction\":[{\"@type\":\"ReadAction\",\"target\":[\"https:\/\/www.labottega-delrestauro.com\/fr\/trancheuse-berkel-epoch-berkel-modele-1-decoree-main\/\"]}]},{\"@type\":\"ImageObject\",\"inLanguage\":\"fr-FR\",\"@id\":\"https:\/\/www.labottega-delrestauro.com\/fr\/trancheuse-berkel-epoch-berkel-modele-1-decoree-main\/#primaryimage\",\"url\":\"https:\/\/www.labottega-delrestauro.com\/wp-content\/uploads\/2022\/03\/affettatrice-berkel-modello-1.jpg\",\"contentUrl\":\"https:\/\/www.labottega-delrestauro.com\/wp-content\/uploads\/2022\/03\/affettatrice-berkel-modello-1.jpg\",\"width\":787,\"height\":1181},{\"@type\":\"BreadcrumbList\",\"@id\":\"https:\/\/www.labottega-delrestauro.com\/fr\/trancheuse-berkel-epoch-berkel-modele-1-decoree-main\/#breadcrumb\",\"itemListElement\":[{\"@type\":\"ListItem\",\"position\":1,\"name\":\"Home\",\"item\":\"https:\/\/www.labottega-delrestauro.com\/fr\/\"},{\"@type\":\"ListItem\",\"position\":2,\"name\":\"Shop\",\"item\":\"https:\/\/www.labottega-delrestauro.com\/fr\/negozio\/\"},{\"@type\":\"ListItem\",\"position\":3,\"name\":\"Trancheuse Berkel &#8211; Mod\u00e8le 1\"}]},{\"@type\":\"WebSite\",\"@id\":\"https:\/\/www.labottega-delrestauro.com\/fr\/#website\",\"url\":\"https:\/\/www.labottega-delrestauro.com\/fr\/\",\"name\":\"La Bottega del Restauro\",\"description\":\"Restauro macchine Berkel\",\"potentialAction\":[{\"@type\":\"SearchAction\",\"target\":{\"@type\":\"EntryPoint\",\"urlTemplate\":\"https:\/\/www.labottega-delrestauro.com\/fr\/?s={search_term_string}\"},\"query-input\":{\"@type\":\"PropertyValueSpecification\",\"valueRequired\":true,\"valueName\":\"search_term_string\"}}],\"inLanguage\":\"fr-FR\"}]}<\/script>\n<!-- \/ Yoast SEO plugin. -->","yoast_head_json":{"title":"Machine \u00e0 trancher Berkel Mod\u00e8le 1 \u2013 Volant \u00e0 fleur au dos rond ferm\u00e9 avec pi\u00e9destal","description":"Nous nous occupons de la restauration de mod\u00e8les vintage Berkel, comme la trancheuse Berkel mod\u00e8le 1, d\u00e9cor\u00e9 \u00e0 la main et remise \u00e0 neuf dans tous ses composants.","robots":{"index":"index","follow":"follow","max-snippet":"max-snippet:-1","max-image-preview":"max-image-preview:large","max-video-preview":"max-video-preview:-1"},"canonical":"https:\/\/www.labottega-delrestauro.com\/fr\/trancheuse-berkel-epoch-berkel-modele-1-decoree-main\/","og_locale":"fr_FR","og_type":"article","og_title":"Machine \u00e0 trancher Berkel Mod\u00e8le 1 \u2013 Volant \u00e0 fleur au dos rond ferm\u00e9 avec pi\u00e9destal","og_description":"Nous nous occupons de la restauration de mod\u00e8les vintage Berkel, comme la trancheuse Berkel mod\u00e8le 1, d\u00e9cor\u00e9 \u00e0 la main et remise \u00e0 neuf dans tous ses composants.","og_url":"https:\/\/www.labottega-delrestauro.com\/fr\/trancheuse-berkel-epoch-berkel-modele-1-decoree-main\/","og_site_name":"La Bottega del Restauro","article_modified_time":"2022-09-01T09:50:28+00:00","og_image":[{"width":787,"height":1181,"url":"https:\/\/www.labottega-delrestauro.com\/wp-content\/uploads\/2022\/03\/affettatrice-berkel-modello-1.jpg","type":"image\/jpeg"}],"twitter_card":"summary_large_image","schema":{"@context":"https:\/\/schema.org","@graph":[{"@type":"WebPage","@id":"https:\/\/www.labottega-delrestauro.com\/fr\/trancheuse-berkel-epoch-berkel-modele-1-decoree-main\/","url":"https:\/\/www.labottega-delrestauro.com\/fr\/trancheuse-berkel-epoch-berkel-modele-1-decoree-main\/","name":"Machine \u00e0 trancher Berkel Mod\u00e8le 1 \u2013 Volant \u00e0 fleur au dos rond ferm\u00e9 avec pi\u00e9destal","isPartOf":{"@id":"https:\/\/www.labottega-delrestauro.com\/fr\/#website"},"primaryImageOfPage":{"@id":"https:\/\/www.labottega-delrestauro.com\/fr\/trancheuse-berkel-epoch-berkel-modele-1-decoree-main\/#primaryimage"},"image":{"@id":"https:\/\/www.labottega-delrestauro.com\/fr\/trancheuse-berkel-epoch-berkel-modele-1-decoree-main\/#primaryimage"},"thumbnailUrl":"https:\/\/www.labottega-delrestauro.com\/wp-content\/uploads\/2022\/03\/affettatrice-berkel-modello-1.jpg","datePublished":"2022-03-29T13:17:48+00:00","dateModified":"2022-09-01T09:50:28+00:00","description":"Nous nous occupons de la restauration de mod\u00e8les vintage Berkel, comme la trancheuse Berkel mod\u00e8le 1, d\u00e9cor\u00e9 \u00e0 la main et remise \u00e0 neuf dans tous ses composants.","breadcrumb":{"@id":"https:\/\/www.labottega-delrestauro.com\/fr\/trancheuse-berkel-epoch-berkel-modele-1-decoree-main\/#breadcrumb"},"inLanguage":"fr-FR","potentialAction":[{"@type":"ReadAction","target":["https:\/\/www.labottega-delrestauro.com\/fr\/trancheuse-berkel-epoch-berkel-modele-1-decoree-main\/"]}]},{"@type":"ImageObject","inLanguage":"fr-FR","@id":"https:\/\/www.labottega-delrestauro.com\/fr\/trancheuse-berkel-epoch-berkel-modele-1-decoree-main\/#primaryimage","url":"https:\/\/www.labottega-delrestauro.com\/wp-content\/uploads\/2022\/03\/affettatrice-berkel-modello-1.jpg","contentUrl":"https:\/\/www.labottega-delrestauro.com\/wp-content\/uploads\/2022\/03\/affettatrice-berkel-modello-1.jpg","width":787,"height":1181},{"@type":"BreadcrumbList","@id":"https:\/\/www.labottega-delrestauro.com\/fr\/trancheuse-berkel-epoch-berkel-modele-1-decoree-main\/#breadcrumb","itemListElement":[{"@type":"ListItem","position":1,"name":"Home","item":"https:\/\/www.labottega-delrestauro.com\/fr\/"},{"@type":"ListItem","position":2,"name":"Shop","item":"https:\/\/www.labottega-delrestauro.com\/fr\/negozio\/"},{"@type":"ListItem","position":3,"name":"Trancheuse Berkel &#8211; Mod\u00e8le 1"}]},{"@type":"WebSite","@id":"https:\/\/www.labottega-delrestauro.com\/fr\/#website","url":"https:\/\/www.labottega-delrestauro.com\/fr\/","name":"La Bottega del Restauro","description":"Restauro macchine Berkel","potentialAction":[{"@type":"SearchAction","target":{"@type":"EntryPoint","urlTemplate":"https:\/\/www.labottega-delrestauro.com\/fr\/?s={search_term_string}"},"query-input":{"@type":"PropertyValueSpecification","valueRequired":true,"valueName":"search_term_string"}}],"inLanguage":"fr-FR"}]}},"_links":{"self":[{"href":"https:\/\/www.labottega-delrestauro.com\/fr\/wp-json\/wp\/v2\/product\/58361","targetHints":{"allow":["GET"]}}],"collection":[{"href":"https:\/\/www.labottega-delrestauro.com\/fr\/wp-json\/wp\/v2\/product"}],"about":[{"href":"https:\/\/www.labottega-delrestauro.com\/fr\/wp-json\/wp\/v2\/types\/product"}],"wp:featuredmedia":[{"embeddable":true,"href":"https:\/\/www.labottega-delrestauro.com\/fr\/wp-json\/wp\/v2\/media\/56995"}],"wp:attachment":[{"href":"https:\/\/www.labottega-delrestauro.com\/fr\/wp-json\/wp\/v2\/media?parent=58361"}],"wp:term":[{"taxonomy":"product_cat","embeddable":true,"href":"https:\/\/www.labottega-delrestauro.com\/fr\/wp-json\/wp\/v2\/product_cat?post=58361"},{"taxonomy":"product_tag","embeddable":true,"href":"https:\/\/www.labottega-delrestauro.com\/fr\/wp-json\/wp\/v2\/product_tag?post=58361"}],"curies":[{"name":"wp","href":"https:\/\/api.w.org\/{rel}","templated":true}]}}