{"id":58330,"date":"2022-03-29T13:17:48","date_gmt":"2022-03-29T13:17:48","guid":{"rendered":"https:\/\/labottega.sviluppokeyweb.com\/prodotto\/affettatrice-berkel-modello-r\/"},"modified":"2022-09-01T09:50:17","modified_gmt":"2022-09-01T09:50:17","slug":"trancheuse-berkel-ancienne-berkel-modele-rouge-sans-piedestal","status":"publish","type":"product","link":"https:\/\/www.labottega-delrestauro.com\/fr\/trancheuse-berkel-ancienne-berkel-modele-rouge-sans-piedestal\/","title":{"rendered":"Trancheuse Berkel &#8211; Mod\u00e8le R"},"content":{"rendered":"","protected":false},"excerpt":{"rendered":"<p><strong>Cr\u00e9\u00e9 dans la p\u00e9riode entre 1912 et 1918<\/strong>, il est import\u00e9 et distribu\u00e9 en Italie par <strong>Bach &amp; Co<\/strong> de Milan. On sait peu de choses sur le mod\u00e8le Berkel R en raison du peu d&rsquo;exemplaires produits : il s&rsquo;agit d&rsquo;une pi\u00e8ce tr\u00e8s rare d&rsquo;origine plut\u00f4t ancienne.<\/p>\n<p>Construit pour un usage sp\u00e9cifique, c&rsquo;est un <strong>grand mod\u00e8le<\/strong>. Le chariot roule <strong>sur quatre roues<\/strong>, mais est guid\u00e9 d&rsquo;un c\u00f4t\u00e9 par un grand guide plat. Le chariot est \u00e9quip\u00e9 d&rsquo;une <strong>vis d&rsquo;alimentation de la plaque<\/strong> d\u00e9plac\u00e9e par un syst\u00e8me de came et de biellette ; la <strong>pince sup\u00e9rieure<\/strong> est dot\u00e9e de deux goujons (avant et arri\u00e8re) \u00e0 d\u00e9gagement rapide. La <strong>lame<\/strong>, <strong>d&rsquo;un diam\u00e8tre de 350 mm<\/strong>, est mont\u00e9e sur l&rsquo;\u00e9paulement rond auquel sont fix\u00e9es la bo\u00eete \u00e0 gants et la <strong>plaque<\/strong> m\u00e9tallique. Dans la partie sup\u00e9rieure de l&rsquo;\u00e9paule se trouve l&rsquo;aiguiseur de lames, compos\u00e9 de plusieurs pi\u00e8ces chrom\u00e9es, toutes visibles et sans bo\u00eetier.<\/p>\n<p><strong>Bottega del Restauro<\/strong> travaille minutieusement sur les composants de chaque trancheuse, sur les <strong>aspects fonctionnels<\/strong> et <strong>esth\u00e9tiques<\/strong> et garantie <strong>un mod\u00e8le unique<\/strong>.<\/p>\n<p>&nbsp;<\/p>\n<h2>Remise \u00e0 neuf de pi\u00e8ces anciennes<\/h2>\n<p>Le <strong>personnel<\/strong> de La Bottega del Restauro a les <strong>moyens<\/strong> et les <strong>qualifications<\/strong> pour donner une nouvelle vie \u00e0 chaque <strong>mod\u00e8le Berkel<\/strong> ; <strong>garantis<\/strong> par la soci\u00e9t\u00e9 de production, nous nous occupons de <strong>pi\u00e8ces de toutes les \u00e9poques<\/strong>, y compris le <strong>rare mod\u00e8le R<\/strong>, <strong>une<\/strong> <strong>trancheuse assez ancien<\/strong> aux grandes dimensions et \u00e0 la <strong>coloration rouge caract\u00e9ristique<\/strong>.<\/p>\n<p>Pour une pi\u00e8ce unique <strong>restaur\u00e9e et certifi\u00e9e par un professionnel<\/strong>, vous pouvez <strong>contacter notre soci\u00e9t\u00e9 <\/strong>et demander une <strong>estimation du prix<\/strong>. Nous livrons en <strong>Italie<\/strong> et dans le <strong>reste du monde<\/strong>.<\/p>\n<p>Chez nous, toutes les machines sont <strong>livr\u00e9es sans pi\u00e9destal<\/strong>, qui peut \u00eatre demand\u00e9 s\u00e9par\u00e9ment.<\/p>\n","protected":false},"featured_media":56974,"template":"","meta":{"_et_pb_use_builder":"","_et_pb_old_content":"","_et_gb_content_width":""},"product_cat":[366],"product_tag":[],"class_list":{"0":"post-58330","1":"product","2":"type-product","3":"status-publish","4":"has-post-thumbnail","6":"product_cat-recuperation-de-modeles-antiques-berkel-trancheuses-antiques-europeens-production","7":"pa_lama-350-fr","8":"pa_larghezza-32-fr","9":"pa_periodo-1898-1925-fr","10":"pa_peso-33-fr","11":"pa_profondita-34-fr","12":"pa_volano-35-fr","14":"first","15":"instock","16":"product-type-simple"},"yoast_head":"<!-- This site is optimized with the Yoast SEO plugin v23.6 - https:\/\/yoast.com\/wordpress\/plugins\/seo\/ -->\n<title>Trancheuse Berkel Mod\u00e8le R \u2013 Pi\u00e8ce unique rare restaur\u00e9e grand dimension prix<\/title>\n<meta name=\"description\" content=\"La Bottega del Restauro s&#039;occupe de pi\u00e8ces de trancheuses Berkel, parmi lesquelles le rare mod\u00e8le R : il s&#039;agit d&#039;un mod\u00e8le de grande taille, disponible aussi bien avec que sans pi\u00e9destal.\" \/>\n<meta name=\"robots\" content=\"index, follow, max-snippet:-1, max-image-preview:large, max-video-preview:-1\" \/>\n<link rel=\"canonical\" href=\"https:\/\/www.labottega-delrestauro.com\/fr\/trancheuse-berkel-ancienne-berkel-modele-rouge-sans-piedestal\/\" \/>\n<meta property=\"og:locale\" content=\"fr_FR\" \/>\n<meta property=\"og:type\" content=\"article\" \/>\n<meta property=\"og:title\" content=\"Trancheuse Berkel Mod\u00e8le R \u2013 Pi\u00e8ce unique rare restaur\u00e9e grand dimension prix\" \/>\n<meta property=\"og:description\" content=\"La Bottega del Restauro s&#039;occupe de pi\u00e8ces de trancheuses Berkel, parmi lesquelles le rare mod\u00e8le R : il s&#039;agit d&#039;un mod\u00e8le de grande taille, disponible aussi bien avec que sans pi\u00e9destal.\" \/>\n<meta property=\"og:url\" content=\"https:\/\/www.labottega-delrestauro.com\/fr\/trancheuse-berkel-ancienne-berkel-modele-rouge-sans-piedestal\/\" \/>\n<meta property=\"og:site_name\" content=\"La Bottega del Restauro\" \/>\n<meta property=\"article:modified_time\" content=\"2022-09-01T09:50:17+00:00\" \/>\n<meta property=\"og:image\" content=\"https:\/\/www.labottega-delrestauro.com\/wp-content\/uploads\/2022\/03\/affettatrice-berkel-modello-r-1.jpg\" \/>\n\t<meta property=\"og:image:width\" content=\"1200\" \/>\n\t<meta property=\"og:image:height\" content=\"1000\" \/>\n\t<meta property=\"og:image:type\" content=\"image\/jpeg\" \/>\n<meta name=\"twitter:card\" content=\"summary_large_image\" \/>\n<script type=\"application\/ld+json\" class=\"yoast-schema-graph\">{\"@context\":\"https:\/\/schema.org\",\"@graph\":[{\"@type\":\"WebPage\",\"@id\":\"https:\/\/www.labottega-delrestauro.com\/fr\/trancheuse-berkel-ancienne-berkel-modele-rouge-sans-piedestal\/\",\"url\":\"https:\/\/www.labottega-delrestauro.com\/fr\/trancheuse-berkel-ancienne-berkel-modele-rouge-sans-piedestal\/\",\"name\":\"Trancheuse Berkel Mod\u00e8le R \u2013 Pi\u00e8ce unique rare restaur\u00e9e grand dimension prix\",\"isPartOf\":{\"@id\":\"https:\/\/www.labottega-delrestauro.com\/fr\/#website\"},\"primaryImageOfPage\":{\"@id\":\"https:\/\/www.labottega-delrestauro.com\/fr\/trancheuse-berkel-ancienne-berkel-modele-rouge-sans-piedestal\/#primaryimage\"},\"image\":{\"@id\":\"https:\/\/www.labottega-delrestauro.com\/fr\/trancheuse-berkel-ancienne-berkel-modele-rouge-sans-piedestal\/#primaryimage\"},\"thumbnailUrl\":\"https:\/\/www.labottega-delrestauro.com\/wp-content\/uploads\/2022\/03\/affettatrice-berkel-modello-r-1.jpg\",\"datePublished\":\"2022-03-29T13:17:48+00:00\",\"dateModified\":\"2022-09-01T09:50:17+00:00\",\"description\":\"La Bottega del Restauro s'occupe de pi\u00e8ces de trancheuses Berkel, parmi lesquelles le rare mod\u00e8le R : il s'agit d'un mod\u00e8le de grande taille, disponible aussi bien avec que sans pi\u00e9destal.\",\"breadcrumb\":{\"@id\":\"https:\/\/www.labottega-delrestauro.com\/fr\/trancheuse-berkel-ancienne-berkel-modele-rouge-sans-piedestal\/#breadcrumb\"},\"inLanguage\":\"fr-FR\",\"potentialAction\":[{\"@type\":\"ReadAction\",\"target\":[\"https:\/\/www.labottega-delrestauro.com\/fr\/trancheuse-berkel-ancienne-berkel-modele-rouge-sans-piedestal\/\"]}]},{\"@type\":\"ImageObject\",\"inLanguage\":\"fr-FR\",\"@id\":\"https:\/\/www.labottega-delrestauro.com\/fr\/trancheuse-berkel-ancienne-berkel-modele-rouge-sans-piedestal\/#primaryimage\",\"url\":\"https:\/\/www.labottega-delrestauro.com\/wp-content\/uploads\/2022\/03\/affettatrice-berkel-modello-r-1.jpg\",\"contentUrl\":\"https:\/\/www.labottega-delrestauro.com\/wp-content\/uploads\/2022\/03\/affettatrice-berkel-modello-r-1.jpg\",\"width\":1200,\"height\":1000},{\"@type\":\"BreadcrumbList\",\"@id\":\"https:\/\/www.labottega-delrestauro.com\/fr\/trancheuse-berkel-ancienne-berkel-modele-rouge-sans-piedestal\/#breadcrumb\",\"itemListElement\":[{\"@type\":\"ListItem\",\"position\":1,\"name\":\"Home\",\"item\":\"https:\/\/www.labottega-delrestauro.com\/fr\/\"},{\"@type\":\"ListItem\",\"position\":2,\"name\":\"Shop\",\"item\":\"https:\/\/www.labottega-delrestauro.com\/fr\/negozio\/\"},{\"@type\":\"ListItem\",\"position\":3,\"name\":\"Trancheuse Berkel &#8211; Mod\u00e8le R\"}]},{\"@type\":\"WebSite\",\"@id\":\"https:\/\/www.labottega-delrestauro.com\/fr\/#website\",\"url\":\"https:\/\/www.labottega-delrestauro.com\/fr\/\",\"name\":\"La Bottega del Restauro\",\"description\":\"Restauro macchine Berkel\",\"potentialAction\":[{\"@type\":\"SearchAction\",\"target\":{\"@type\":\"EntryPoint\",\"urlTemplate\":\"https:\/\/www.labottega-delrestauro.com\/fr\/?s={search_term_string}\"},\"query-input\":{\"@type\":\"PropertyValueSpecification\",\"valueRequired\":true,\"valueName\":\"search_term_string\"}}],\"inLanguage\":\"fr-FR\"}]}<\/script>\n<!-- \/ Yoast SEO plugin. -->","yoast_head_json":{"title":"Trancheuse Berkel Mod\u00e8le R \u2013 Pi\u00e8ce unique rare restaur\u00e9e grand dimension prix","description":"La Bottega del Restauro s'occupe de pi\u00e8ces de trancheuses Berkel, parmi lesquelles le rare mod\u00e8le R : il s'agit d'un mod\u00e8le de grande taille, disponible aussi bien avec que sans pi\u00e9destal.","robots":{"index":"index","follow":"follow","max-snippet":"max-snippet:-1","max-image-preview":"max-image-preview:large","max-video-preview":"max-video-preview:-1"},"canonical":"https:\/\/www.labottega-delrestauro.com\/fr\/trancheuse-berkel-ancienne-berkel-modele-rouge-sans-piedestal\/","og_locale":"fr_FR","og_type":"article","og_title":"Trancheuse Berkel Mod\u00e8le R \u2013 Pi\u00e8ce unique rare restaur\u00e9e grand dimension prix","og_description":"La Bottega del Restauro s'occupe de pi\u00e8ces de trancheuses Berkel, parmi lesquelles le rare mod\u00e8le R : il s'agit d'un mod\u00e8le de grande taille, disponible aussi bien avec que sans pi\u00e9destal.","og_url":"https:\/\/www.labottega-delrestauro.com\/fr\/trancheuse-berkel-ancienne-berkel-modele-rouge-sans-piedestal\/","og_site_name":"La Bottega del Restauro","article_modified_time":"2022-09-01T09:50:17+00:00","og_image":[{"width":1200,"height":1000,"url":"https:\/\/www.labottega-delrestauro.com\/wp-content\/uploads\/2022\/03\/affettatrice-berkel-modello-r-1.jpg","type":"image\/jpeg"}],"twitter_card":"summary_large_image","schema":{"@context":"https:\/\/schema.org","@graph":[{"@type":"WebPage","@id":"https:\/\/www.labottega-delrestauro.com\/fr\/trancheuse-berkel-ancienne-berkel-modele-rouge-sans-piedestal\/","url":"https:\/\/www.labottega-delrestauro.com\/fr\/trancheuse-berkel-ancienne-berkel-modele-rouge-sans-piedestal\/","name":"Trancheuse Berkel Mod\u00e8le R \u2013 Pi\u00e8ce unique rare restaur\u00e9e grand dimension prix","isPartOf":{"@id":"https:\/\/www.labottega-delrestauro.com\/fr\/#website"},"primaryImageOfPage":{"@id":"https:\/\/www.labottega-delrestauro.com\/fr\/trancheuse-berkel-ancienne-berkel-modele-rouge-sans-piedestal\/#primaryimage"},"image":{"@id":"https:\/\/www.labottega-delrestauro.com\/fr\/trancheuse-berkel-ancienne-berkel-modele-rouge-sans-piedestal\/#primaryimage"},"thumbnailUrl":"https:\/\/www.labottega-delrestauro.com\/wp-content\/uploads\/2022\/03\/affettatrice-berkel-modello-r-1.jpg","datePublished":"2022-03-29T13:17:48+00:00","dateModified":"2022-09-01T09:50:17+00:00","description":"La Bottega del Restauro s'occupe de pi\u00e8ces de trancheuses Berkel, parmi lesquelles le rare mod\u00e8le R : il s'agit d'un mod\u00e8le de grande taille, disponible aussi bien avec que sans pi\u00e9destal.","breadcrumb":{"@id":"https:\/\/www.labottega-delrestauro.com\/fr\/trancheuse-berkel-ancienne-berkel-modele-rouge-sans-piedestal\/#breadcrumb"},"inLanguage":"fr-FR","potentialAction":[{"@type":"ReadAction","target":["https:\/\/www.labottega-delrestauro.com\/fr\/trancheuse-berkel-ancienne-berkel-modele-rouge-sans-piedestal\/"]}]},{"@type":"ImageObject","inLanguage":"fr-FR","@id":"https:\/\/www.labottega-delrestauro.com\/fr\/trancheuse-berkel-ancienne-berkel-modele-rouge-sans-piedestal\/#primaryimage","url":"https:\/\/www.labottega-delrestauro.com\/wp-content\/uploads\/2022\/03\/affettatrice-berkel-modello-r-1.jpg","contentUrl":"https:\/\/www.labottega-delrestauro.com\/wp-content\/uploads\/2022\/03\/affettatrice-berkel-modello-r-1.jpg","width":1200,"height":1000},{"@type":"BreadcrumbList","@id":"https:\/\/www.labottega-delrestauro.com\/fr\/trancheuse-berkel-ancienne-berkel-modele-rouge-sans-piedestal\/#breadcrumb","itemListElement":[{"@type":"ListItem","position":1,"name":"Home","item":"https:\/\/www.labottega-delrestauro.com\/fr\/"},{"@type":"ListItem","position":2,"name":"Shop","item":"https:\/\/www.labottega-delrestauro.com\/fr\/negozio\/"},{"@type":"ListItem","position":3,"name":"Trancheuse Berkel &#8211; Mod\u00e8le R"}]},{"@type":"WebSite","@id":"https:\/\/www.labottega-delrestauro.com\/fr\/#website","url":"https:\/\/www.labottega-delrestauro.com\/fr\/","name":"La Bottega del Restauro","description":"Restauro macchine Berkel","potentialAction":[{"@type":"SearchAction","target":{"@type":"EntryPoint","urlTemplate":"https:\/\/www.labottega-delrestauro.com\/fr\/?s={search_term_string}"},"query-input":{"@type":"PropertyValueSpecification","valueRequired":true,"valueName":"search_term_string"}}],"inLanguage":"fr-FR"}]}},"_links":{"self":[{"href":"https:\/\/www.labottega-delrestauro.com\/fr\/wp-json\/wp\/v2\/product\/58330","targetHints":{"allow":["GET"]}}],"collection":[{"href":"https:\/\/www.labottega-delrestauro.com\/fr\/wp-json\/wp\/v2\/product"}],"about":[{"href":"https:\/\/www.labottega-delrestauro.com\/fr\/wp-json\/wp\/v2\/types\/product"}],"wp:featuredmedia":[{"embeddable":true,"href":"https:\/\/www.labottega-delrestauro.com\/fr\/wp-json\/wp\/v2\/media\/56974"}],"wp:attachment":[{"href":"https:\/\/www.labottega-delrestauro.com\/fr\/wp-json\/wp\/v2\/media?parent=58330"}],"wp:term":[{"taxonomy":"product_cat","embeddable":true,"href":"https:\/\/www.labottega-delrestauro.com\/fr\/wp-json\/wp\/v2\/product_cat?post=58330"},{"taxonomy":"product_tag","embeddable":true,"href":"https:\/\/www.labottega-delrestauro.com\/fr\/wp-json\/wp\/v2\/product_tag?post=58330"}],"curies":[{"name":"wp","href":"https:\/\/api.w.org\/{rel}","templated":true}]}}