{"id":58256,"date":"2022-03-29T13:18:06","date_gmt":"2022-03-29T13:18:06","guid":{"rendered":"https:\/\/labottega.sviluppokeyweb.com\/prodotto\/le-nostre-bilance-berkel\/"},"modified":"2022-09-01T09:59:19","modified_gmt":"2022-09-01T09:59:19","slug":"antique-berkel-balances-exclusives-cadran-rond-en-eventail","status":"publish","type":"product","link":"https:\/\/www.labottega-delrestauro.com\/fr\/antique-berkel-balances-exclusives-cadran-rond-en-eventail\/","title":{"rendered":"NOS BALANCES BERKEL"},"content":{"rendered":"","protected":false},"excerpt":{"rendered":"<p>\u00c0 <strong>la Bottega del Restauro<\/strong>, nous avons des dizaines de <strong>balances Berkel restaur\u00e9es<\/strong> exclusives, de toutes tailles et de toutes fabrications. Il s&rsquo;agit de <strong>balances de banc<\/strong>, avec 1 ou 2 plateaux, de balances \u00e0 crochet ou de capacit\u00e9s diff\u00e9rentes.<\/p>\n<p>Disponibles avec un cadran <strong>rond<\/strong> ou <strong>en \u00e9ventail<\/strong>, ces balances anciennes sont de beaux exemples de la <strong>qualit\u00e9 absolue<\/strong> de la marque n\u00e9erlandaise.<\/p>\n<p><strong>Contactez-nous<\/strong> pour plus d&rsquo;informations sur la vente <strong>nationale<\/strong> de ces merveilleux objets de collection.<\/p>\n","protected":false},"featured_media":57781,"template":"","meta":{"_et_pb_use_builder":"","_et_pb_old_content":"","_et_gb_content_width":""},"product_cat":[349],"product_tag":[],"class_list":{"0":"post-58256","1":"product","2":"type-product","3":"status-publish","4":"has-post-thumbnail","6":"product_cat-balances","7":"pa_lama-73-fr","8":"pa_larghezza-32-fr","9":"pa_periodo-75-fr","10":"pa_peso-33-fr","11":"pa_profondita-34-fr","12":"pa_volano-35-fr","14":"first","15":"instock","16":"product-type-simple"},"yoast_head":"<!-- This site is optimized with the Yoast SEO plugin v23.6 - https:\/\/yoast.com\/wordpress\/plugins\/seo\/ -->\n<title>Balances antiques Berkel \u2013 banc restaur\u00e9 1 2 plateaux pi\u00e8ces de collection pr\u00e9cieuses<\/title>\n<meta name=\"description\" content=\"Nous vous proposons des balances anciennes de la collection Berkel : restaur\u00e9es \u00e0 la perfection, ce sont des pi\u00e8ces pr\u00e9cieuses qui ont un cadran rond ou en \u00e9ventail.\" \/>\n<meta name=\"robots\" content=\"index, follow, max-snippet:-1, max-image-preview:large, max-video-preview:-1\" \/>\n<link rel=\"canonical\" href=\"https:\/\/www.labottega-delrestauro.com\/fr\/antique-berkel-balances-exclusives-cadran-rond-en-eventail\/\" \/>\n<meta property=\"og:locale\" content=\"fr_FR\" \/>\n<meta property=\"og:type\" content=\"article\" \/>\n<meta property=\"og:title\" content=\"Balances antiques Berkel \u2013 banc restaur\u00e9 1 2 plateaux pi\u00e8ces de collection pr\u00e9cieuses\" \/>\n<meta property=\"og:description\" content=\"Nous vous proposons des balances anciennes de la collection Berkel : restaur\u00e9es \u00e0 la perfection, ce sont des pi\u00e8ces pr\u00e9cieuses qui ont un cadran rond ou en \u00e9ventail.\" \/>\n<meta property=\"og:url\" content=\"https:\/\/www.labottega-delrestauro.com\/fr\/antique-berkel-balances-exclusives-cadran-rond-en-eventail\/\" \/>\n<meta property=\"og:site_name\" content=\"La Bottega del Restauro\" \/>\n<meta property=\"article:modified_time\" content=\"2022-09-01T09:59:19+00:00\" \/>\n<meta property=\"og:image\" content=\"https:\/\/www.labottega-delrestauro.com\/wp-content\/uploads\/2022\/03\/bilance-berkel-antiche.jpg\" \/>\n\t<meta property=\"og:image:width\" content=\"1200\" \/>\n\t<meta property=\"og:image:height\" content=\"1300\" \/>\n\t<meta property=\"og:image:type\" content=\"image\/jpeg\" \/>\n<meta name=\"twitter:card\" content=\"summary_large_image\" \/>\n<script type=\"application\/ld+json\" class=\"yoast-schema-graph\">{\"@context\":\"https:\/\/schema.org\",\"@graph\":[{\"@type\":\"WebPage\",\"@id\":\"https:\/\/www.labottega-delrestauro.com\/fr\/antique-berkel-balances-exclusives-cadran-rond-en-eventail\/\",\"url\":\"https:\/\/www.labottega-delrestauro.com\/fr\/antique-berkel-balances-exclusives-cadran-rond-en-eventail\/\",\"name\":\"Balances antiques Berkel \u2013 banc restaur\u00e9 1 2 plateaux pi\u00e8ces de collection pr\u00e9cieuses\",\"isPartOf\":{\"@id\":\"https:\/\/www.labottega-delrestauro.com\/fr\/#website\"},\"primaryImageOfPage\":{\"@id\":\"https:\/\/www.labottega-delrestauro.com\/fr\/antique-berkel-balances-exclusives-cadran-rond-en-eventail\/#primaryimage\"},\"image\":{\"@id\":\"https:\/\/www.labottega-delrestauro.com\/fr\/antique-berkel-balances-exclusives-cadran-rond-en-eventail\/#primaryimage\"},\"thumbnailUrl\":\"https:\/\/www.labottega-delrestauro.com\/wp-content\/uploads\/2022\/03\/bilance-berkel-antiche.jpg\",\"datePublished\":\"2022-03-29T13:18:06+00:00\",\"dateModified\":\"2022-09-01T09:59:19+00:00\",\"description\":\"Nous vous proposons des balances anciennes de la collection Berkel : restaur\u00e9es \u00e0 la perfection, ce sont des pi\u00e8ces pr\u00e9cieuses qui ont un cadran rond ou en \u00e9ventail.\",\"breadcrumb\":{\"@id\":\"https:\/\/www.labottega-delrestauro.com\/fr\/antique-berkel-balances-exclusives-cadran-rond-en-eventail\/#breadcrumb\"},\"inLanguage\":\"fr-FR\",\"potentialAction\":[{\"@type\":\"ReadAction\",\"target\":[\"https:\/\/www.labottega-delrestauro.com\/fr\/antique-berkel-balances-exclusives-cadran-rond-en-eventail\/\"]}]},{\"@type\":\"ImageObject\",\"inLanguage\":\"fr-FR\",\"@id\":\"https:\/\/www.labottega-delrestauro.com\/fr\/antique-berkel-balances-exclusives-cadran-rond-en-eventail\/#primaryimage\",\"url\":\"https:\/\/www.labottega-delrestauro.com\/wp-content\/uploads\/2022\/03\/bilance-berkel-antiche.jpg\",\"contentUrl\":\"https:\/\/www.labottega-delrestauro.com\/wp-content\/uploads\/2022\/03\/bilance-berkel-antiche.jpg\",\"width\":1200,\"height\":1300},{\"@type\":\"BreadcrumbList\",\"@id\":\"https:\/\/www.labottega-delrestauro.com\/fr\/antique-berkel-balances-exclusives-cadran-rond-en-eventail\/#breadcrumb\",\"itemListElement\":[{\"@type\":\"ListItem\",\"position\":1,\"name\":\"Home\",\"item\":\"https:\/\/www.labottega-delrestauro.com\/fr\/\"},{\"@type\":\"ListItem\",\"position\":2,\"name\":\"Shop\",\"item\":\"https:\/\/www.labottega-delrestauro.com\/fr\/negozio\/\"},{\"@type\":\"ListItem\",\"position\":3,\"name\":\"NOS BALANCES BERKEL\"}]},{\"@type\":\"WebSite\",\"@id\":\"https:\/\/www.labottega-delrestauro.com\/fr\/#website\",\"url\":\"https:\/\/www.labottega-delrestauro.com\/fr\/\",\"name\":\"La Bottega del Restauro\",\"description\":\"Restauro macchine Berkel\",\"potentialAction\":[{\"@type\":\"SearchAction\",\"target\":{\"@type\":\"EntryPoint\",\"urlTemplate\":\"https:\/\/www.labottega-delrestauro.com\/fr\/?s={search_term_string}\"},\"query-input\":{\"@type\":\"PropertyValueSpecification\",\"valueRequired\":true,\"valueName\":\"search_term_string\"}}],\"inLanguage\":\"fr-FR\"}]}<\/script>\n<!-- \/ Yoast SEO plugin. -->","yoast_head_json":{"title":"Balances antiques Berkel \u2013 banc restaur\u00e9 1 2 plateaux pi\u00e8ces de collection pr\u00e9cieuses","description":"Nous vous proposons des balances anciennes de la collection Berkel : restaur\u00e9es \u00e0 la perfection, ce sont des pi\u00e8ces pr\u00e9cieuses qui ont un cadran rond ou en \u00e9ventail.","robots":{"index":"index","follow":"follow","max-snippet":"max-snippet:-1","max-image-preview":"max-image-preview:large","max-video-preview":"max-video-preview:-1"},"canonical":"https:\/\/www.labottega-delrestauro.com\/fr\/antique-berkel-balances-exclusives-cadran-rond-en-eventail\/","og_locale":"fr_FR","og_type":"article","og_title":"Balances antiques Berkel \u2013 banc restaur\u00e9 1 2 plateaux pi\u00e8ces de collection pr\u00e9cieuses","og_description":"Nous vous proposons des balances anciennes de la collection Berkel : restaur\u00e9es \u00e0 la perfection, ce sont des pi\u00e8ces pr\u00e9cieuses qui ont un cadran rond ou en \u00e9ventail.","og_url":"https:\/\/www.labottega-delrestauro.com\/fr\/antique-berkel-balances-exclusives-cadran-rond-en-eventail\/","og_site_name":"La Bottega del Restauro","article_modified_time":"2022-09-01T09:59:19+00:00","og_image":[{"width":1200,"height":1300,"url":"https:\/\/www.labottega-delrestauro.com\/wp-content\/uploads\/2022\/03\/bilance-berkel-antiche.jpg","type":"image\/jpeg"}],"twitter_card":"summary_large_image","schema":{"@context":"https:\/\/schema.org","@graph":[{"@type":"WebPage","@id":"https:\/\/www.labottega-delrestauro.com\/fr\/antique-berkel-balances-exclusives-cadran-rond-en-eventail\/","url":"https:\/\/www.labottega-delrestauro.com\/fr\/antique-berkel-balances-exclusives-cadran-rond-en-eventail\/","name":"Balances antiques Berkel \u2013 banc restaur\u00e9 1 2 plateaux pi\u00e8ces de collection pr\u00e9cieuses","isPartOf":{"@id":"https:\/\/www.labottega-delrestauro.com\/fr\/#website"},"primaryImageOfPage":{"@id":"https:\/\/www.labottega-delrestauro.com\/fr\/antique-berkel-balances-exclusives-cadran-rond-en-eventail\/#primaryimage"},"image":{"@id":"https:\/\/www.labottega-delrestauro.com\/fr\/antique-berkel-balances-exclusives-cadran-rond-en-eventail\/#primaryimage"},"thumbnailUrl":"https:\/\/www.labottega-delrestauro.com\/wp-content\/uploads\/2022\/03\/bilance-berkel-antiche.jpg","datePublished":"2022-03-29T13:18:06+00:00","dateModified":"2022-09-01T09:59:19+00:00","description":"Nous vous proposons des balances anciennes de la collection Berkel : restaur\u00e9es \u00e0 la perfection, ce sont des pi\u00e8ces pr\u00e9cieuses qui ont un cadran rond ou en \u00e9ventail.","breadcrumb":{"@id":"https:\/\/www.labottega-delrestauro.com\/fr\/antique-berkel-balances-exclusives-cadran-rond-en-eventail\/#breadcrumb"},"inLanguage":"fr-FR","potentialAction":[{"@type":"ReadAction","target":["https:\/\/www.labottega-delrestauro.com\/fr\/antique-berkel-balances-exclusives-cadran-rond-en-eventail\/"]}]},{"@type":"ImageObject","inLanguage":"fr-FR","@id":"https:\/\/www.labottega-delrestauro.com\/fr\/antique-berkel-balances-exclusives-cadran-rond-en-eventail\/#primaryimage","url":"https:\/\/www.labottega-delrestauro.com\/wp-content\/uploads\/2022\/03\/bilance-berkel-antiche.jpg","contentUrl":"https:\/\/www.labottega-delrestauro.com\/wp-content\/uploads\/2022\/03\/bilance-berkel-antiche.jpg","width":1200,"height":1300},{"@type":"BreadcrumbList","@id":"https:\/\/www.labottega-delrestauro.com\/fr\/antique-berkel-balances-exclusives-cadran-rond-en-eventail\/#breadcrumb","itemListElement":[{"@type":"ListItem","position":1,"name":"Home","item":"https:\/\/www.labottega-delrestauro.com\/fr\/"},{"@type":"ListItem","position":2,"name":"Shop","item":"https:\/\/www.labottega-delrestauro.com\/fr\/negozio\/"},{"@type":"ListItem","position":3,"name":"NOS BALANCES BERKEL"}]},{"@type":"WebSite","@id":"https:\/\/www.labottega-delrestauro.com\/fr\/#website","url":"https:\/\/www.labottega-delrestauro.com\/fr\/","name":"La Bottega del Restauro","description":"Restauro macchine Berkel","potentialAction":[{"@type":"SearchAction","target":{"@type":"EntryPoint","urlTemplate":"https:\/\/www.labottega-delrestauro.com\/fr\/?s={search_term_string}"},"query-input":{"@type":"PropertyValueSpecification","valueRequired":true,"valueName":"search_term_string"}}],"inLanguage":"fr-FR"}]}},"_links":{"self":[{"href":"https:\/\/www.labottega-delrestauro.com\/fr\/wp-json\/wp\/v2\/product\/58256","targetHints":{"allow":["GET"]}}],"collection":[{"href":"https:\/\/www.labottega-delrestauro.com\/fr\/wp-json\/wp\/v2\/product"}],"about":[{"href":"https:\/\/www.labottega-delrestauro.com\/fr\/wp-json\/wp\/v2\/types\/product"}],"wp:featuredmedia":[{"embeddable":true,"href":"https:\/\/www.labottega-delrestauro.com\/fr\/wp-json\/wp\/v2\/media\/57781"}],"wp:attachment":[{"href":"https:\/\/www.labottega-delrestauro.com\/fr\/wp-json\/wp\/v2\/media?parent=58256"}],"wp:term":[{"taxonomy":"product_cat","embeddable":true,"href":"https:\/\/www.labottega-delrestauro.com\/fr\/wp-json\/wp\/v2\/product_cat?post=58256"},{"taxonomy":"product_tag","embeddable":true,"href":"https:\/\/www.labottega-delrestauro.com\/fr\/wp-json\/wp\/v2\/product_tag?post=58256"}],"curies":[{"name":"wp","href":"https:\/\/api.w.org\/{rel}","templated":true}]}}