{"id":58225,"date":"2022-03-29T13:18:06","date_gmt":"2022-03-29T13:18:06","guid":{"rendered":"https:\/\/labottega.sviluppokeyweb.com\/prodotto\/affettatrici-berkel-volano-l16\/"},"modified":"2022-09-01T09:58:32","modified_gmt":"2022-09-01T09:58:32","slug":"berkel-rouge-volant-l16-trancheuse-incorpore","status":"publish","type":"product","link":"https:\/\/www.labottega-delrestauro.com\/fr\/berkel-rouge-volant-l16-trancheuse-incorpore\/","title":{"rendered":"Trancheuses Berkel &#8211; Volant d&rsquo;inertie L16"},"content":{"rendered":"","protected":false},"excerpt":{"rendered":"<p>En <strong>fonte peinte<\/strong> avec des d\u00e9tails en <strong>acier chrom\u00e9<\/strong> (comme la plaque d&rsquo;identification avec le num\u00e9ro de s\u00e9rie, un d\u00e9tail digne des \u0153uvres d&rsquo;art les plus exclusives), le <strong>mod\u00e8le L16<\/strong> est une <strong>c\u00e9l\u00e9bration de l&rsquo;excellence<\/strong>, une expression du<strong> Made in Italy<\/strong> le plus raffin\u00e9.<\/p>\n<p>Dans la <strong>couleur rouge <\/strong>classique <strong>Berkel<\/strong> et accompagn\u00e9e, sur demande, du socle en fonte caract\u00e9ristique en nuance, la <strong>nouvelle trancheuse L16 avec volant floral <\/strong>interpr\u00e8te le <strong>style classique Berkel dans une tonalit\u00e9 contemporaine<\/strong> : formes et dimensions r\u00e9duites, mat\u00e9riaux pr\u00e9cieux, finitions raffin\u00e9es et performances toujours plus \u00e9lev\u00e9es. Dans sa qu\u00eate de perfection, <strong>Berkel<\/strong> sait que l&rsquo;avant-garde r\u00e9side dans la <strong>fusion parfaite de la tradition et de l&rsquo;innovation<\/strong> : c&rsquo;est le seul moyen de perp\u00e9tuer le charme d&rsquo;une ic\u00f4ne, la force d&rsquo;un mythe.<\/p>\n<p>Cette <strong>nouvelle trancheuse<\/strong> repr\u00e9sente le v\u00e9ritable <strong>pouvoir de r\u00e9\u00e9vocation<\/strong>, permettant de rappeler <strong>l&rsquo;\u00e9l\u00e9gance<\/strong> et la <strong>saveur vintage<\/strong> des mod\u00e8les anciens de la marque n\u00e9erlandaise dans une cl\u00e9 moderne. Veuillez noter que certains d\u00e9tails peuvent diff\u00e9rer de ceux pr\u00e9sent\u00e9s sur la photo.<\/p>\n<p>Si vous \u00eates int\u00e9ress\u00e9 par l&rsquo;achat d&rsquo;un mod\u00e8le des nouvelles <strong>trancheuses \u00e0 volant<\/strong> Berkel, n&rsquo;h\u00e9sitez pas \u00e0 nous <strong>contacter<\/strong> : vous pourrez demander des informations sur le <strong>volant<\/strong>, <strong>l&rsquo;aiguiseur int\u00e9gr\u00e9<\/strong> et toutes les <strong>caract\u00e9ristiques techniques et esth\u00e9tiques de ces pi\u00e8ces de valeur<\/strong>.<\/p>\n<p>&nbsp;<\/p>\n<h2>Trancheuse manuelle avec volant d&rsquo;inertie<\/h2>\n<ul>\n<li><strong>Reproduction<\/strong> du l\u00e9gendaire <strong>mod\u00e8le L<\/strong> ;<\/li>\n<li>Respecte parfaitement le <strong>design historique et les d\u00e9corations dor\u00e9es<\/strong> ;<\/li>\n<li><strong>Volant d&rsquo;inertie en forme de fleur<\/strong> ;<\/li>\n<li>Fabriqu\u00e9 en <strong>fonte peinte<\/strong> avec des d\u00e9tails en <strong>acier chrom\u00e9<\/strong> ;<\/li>\n<li><strong>Plaque signal\u00e9tique<\/strong> en acier chrom\u00e9 avec num\u00e9ro de s\u00e9rie ;<\/li>\n<li>Introduction des solutions les plus avanc\u00e9es en <strong>termes de s\u00e9curit\u00e9 et de fonctionnalit\u00e9<\/strong> ;<\/li>\n<li>Chef-d&rsquo;\u0153uvre de <strong>pr\u00e9cision et de fiabilit\u00e9<\/strong> ;<\/li>\n<li><strong>Taille-crayon int\u00e9gr\u00e9<\/strong> avec rev\u00eatement chrom\u00e9 visible ;<\/li>\n<li>Syst\u00e8me de <strong>r\u00e9glage de l&rsquo;\u00e9paisseur<\/strong> des tranches ;<\/li>\n<li><strong>Lame<\/strong> en acier chrom\u00e9.<\/li>\n<\/ul>\n<p>&nbsp;<\/p>\n<h2>Des mod\u00e8les pour les vrais passionn\u00e9s<\/h2>\n<p><strong>La Bottega del Restauro<\/strong> comprend \u00e0 la fois un atelier d&rsquo;artisans certifi\u00e9s pour la restauration des mod\u00e8les Berkel anciens, ainsi que de la fabrication de <strong>nouvelles trancheuses \u00e0 volant<\/strong> qui reprennent le <strong>style classique de leurs anc\u00eatres<\/strong>.<\/p>\n<p>Reproduction du mod\u00e8le L, la <strong>nouvelle trancheuse L16<\/strong> reprend les \u00e9l\u00e9ments fascinants qui conf\u00e8rent <strong>\u00e0 ces machines une<\/strong> <strong>touche vintage et \u00e9l\u00e9gante<\/strong>, comme le <strong>volant floral<\/strong> ou la pr\u00e9sence d&rsquo;un <strong>aiguiseur int\u00e9gr\u00e9<\/strong> pour assurer un aff\u00fbtage s\u00fbr et pr\u00e9cis de la lame. Dans le m\u00eame temps, <strong>l&rsquo;\u00e9vocation du charme antique<\/strong> s&rsquo;accompagne <strong>d&rsquo;innovations contemporaines<\/strong>.<\/p>\n<p><strong>Contactez-nous <\/strong>si vous \u00eates int\u00e9ress\u00e9 par l&rsquo;achat d&rsquo;un <strong>mod\u00e8le L16<\/strong> avec la <strong>coloration rouge<\/strong> caract\u00e9ristique de Berkel et recevez <strong>une<\/strong> <strong>cotation gratuite<\/strong>. Nous <strong>exp\u00e9dions<\/strong> aussi bien en <strong>Italie<\/strong> qu&rsquo;\u00e0 <strong>l&rsquo;\u00e9tranger<\/strong>.<\/p>\n","protected":false},"featured_media":57751,"template":"","meta":{"_et_pb_use_builder":"","_et_pb_old_content":"","_et_gb_content_width":""},"product_cat":[331],"product_tag":[],"class_list":{"0":"post-58225","1":"product","2":"type-product","3":"status-publish","4":"has-post-thumbnail","6":"product_cat-prix-nouvelle-trancheuse-vintage-elegant","7":"pa_lama-350-fr","8":"pa_larghezza-600-fr","9":"pa_periodo-75-fr","10":"pa_peso-105-fr","11":"pa_profondita-880-fr","12":"pa_volano-35-fr","14":"first","15":"instock","16":"product-type-simple"},"yoast_head":"<!-- This site is optimized with the Yoast SEO plugin v23.6 - https:\/\/yoast.com\/wordpress\/plugins\/seo\/ -->\n<title>Volant Berkel L16 \u2013 Acheter un nouveau mod\u00e8le de trancheuse classique mod\u00e8le L<\/title>\n<meta name=\"description\" content=\"trancheus L16 de la marque Berkel : \u00e9quip\u00e9e d&#039;un volant \u00e0 fleur, ce mod\u00e8le est une v\u00e9ritable \u00e9vocation du style classique Berkel.\" \/>\n<meta name=\"robots\" content=\"index, follow, max-snippet:-1, max-image-preview:large, max-video-preview:-1\" \/>\n<link rel=\"canonical\" href=\"https:\/\/www.labottega-delrestauro.com\/fr\/berkel-rouge-volant-l16-trancheuse-incorpore\/\" \/>\n<meta property=\"og:locale\" content=\"fr_FR\" \/>\n<meta property=\"og:type\" content=\"article\" \/>\n<meta property=\"og:title\" content=\"Volant Berkel L16 \u2013 Acheter un nouveau mod\u00e8le de trancheuse classique mod\u00e8le L\" \/>\n<meta property=\"og:description\" content=\"trancheus L16 de la marque Berkel : \u00e9quip\u00e9e d&#039;un volant \u00e0 fleur, ce mod\u00e8le est une v\u00e9ritable \u00e9vocation du style classique Berkel.\" \/>\n<meta property=\"og:url\" content=\"https:\/\/www.labottega-delrestauro.com\/fr\/berkel-rouge-volant-l16-trancheuse-incorpore\/\" \/>\n<meta property=\"og:site_name\" content=\"La Bottega del Restauro\" \/>\n<meta property=\"article:modified_time\" content=\"2022-09-01T09:58:32+00:00\" \/>\n<meta property=\"og:image\" content=\"https:\/\/www.labottega-delrestauro.com\/wp-content\/uploads\/2022\/03\/berkel-volano-l16.jpg\" \/>\n\t<meta property=\"og:image:width\" content=\"1181\" \/>\n\t<meta property=\"og:image:height\" content=\"1772\" \/>\n\t<meta property=\"og:image:type\" content=\"image\/jpeg\" \/>\n<meta name=\"twitter:card\" content=\"summary_large_image\" \/>\n<script type=\"application\/ld+json\" class=\"yoast-schema-graph\">{\"@context\":\"https:\/\/schema.org\",\"@graph\":[{\"@type\":\"WebPage\",\"@id\":\"https:\/\/www.labottega-delrestauro.com\/fr\/berkel-rouge-volant-l16-trancheuse-incorpore\/\",\"url\":\"https:\/\/www.labottega-delrestauro.com\/fr\/berkel-rouge-volant-l16-trancheuse-incorpore\/\",\"name\":\"Volant Berkel L16 \u2013 Acheter un nouveau mod\u00e8le de trancheuse classique mod\u00e8le L\",\"isPartOf\":{\"@id\":\"https:\/\/www.labottega-delrestauro.com\/fr\/#website\"},\"primaryImageOfPage\":{\"@id\":\"https:\/\/www.labottega-delrestauro.com\/fr\/berkel-rouge-volant-l16-trancheuse-incorpore\/#primaryimage\"},\"image\":{\"@id\":\"https:\/\/www.labottega-delrestauro.com\/fr\/berkel-rouge-volant-l16-trancheuse-incorpore\/#primaryimage\"},\"thumbnailUrl\":\"https:\/\/www.labottega-delrestauro.com\/wp-content\/uploads\/2022\/03\/berkel-volano-l16.jpg\",\"datePublished\":\"2022-03-29T13:18:06+00:00\",\"dateModified\":\"2022-09-01T09:58:32+00:00\",\"description\":\"trancheus L16 de la marque Berkel : \u00e9quip\u00e9e d'un volant \u00e0 fleur, ce mod\u00e8le est une v\u00e9ritable \u00e9vocation du style classique Berkel.\",\"breadcrumb\":{\"@id\":\"https:\/\/www.labottega-delrestauro.com\/fr\/berkel-rouge-volant-l16-trancheuse-incorpore\/#breadcrumb\"},\"inLanguage\":\"fr-FR\",\"potentialAction\":[{\"@type\":\"ReadAction\",\"target\":[\"https:\/\/www.labottega-delrestauro.com\/fr\/berkel-rouge-volant-l16-trancheuse-incorpore\/\"]}]},{\"@type\":\"ImageObject\",\"inLanguage\":\"fr-FR\",\"@id\":\"https:\/\/www.labottega-delrestauro.com\/fr\/berkel-rouge-volant-l16-trancheuse-incorpore\/#primaryimage\",\"url\":\"https:\/\/www.labottega-delrestauro.com\/wp-content\/uploads\/2022\/03\/berkel-volano-l16.jpg\",\"contentUrl\":\"https:\/\/www.labottega-delrestauro.com\/wp-content\/uploads\/2022\/03\/berkel-volano-l16.jpg\",\"width\":1181,\"height\":1772},{\"@type\":\"BreadcrumbList\",\"@id\":\"https:\/\/www.labottega-delrestauro.com\/fr\/berkel-rouge-volant-l16-trancheuse-incorpore\/#breadcrumb\",\"itemListElement\":[{\"@type\":\"ListItem\",\"position\":1,\"name\":\"Home\",\"item\":\"https:\/\/www.labottega-delrestauro.com\/fr\/\"},{\"@type\":\"ListItem\",\"position\":2,\"name\":\"Shop\",\"item\":\"https:\/\/www.labottega-delrestauro.com\/fr\/negozio\/\"},{\"@type\":\"ListItem\",\"position\":3,\"name\":\"Trancheuses Berkel &#8211; Volant d&rsquo;inertie L16\"}]},{\"@type\":\"WebSite\",\"@id\":\"https:\/\/www.labottega-delrestauro.com\/fr\/#website\",\"url\":\"https:\/\/www.labottega-delrestauro.com\/fr\/\",\"name\":\"La Bottega del Restauro\",\"description\":\"Restauro macchine Berkel\",\"potentialAction\":[{\"@type\":\"SearchAction\",\"target\":{\"@type\":\"EntryPoint\",\"urlTemplate\":\"https:\/\/www.labottega-delrestauro.com\/fr\/?s={search_term_string}\"},\"query-input\":{\"@type\":\"PropertyValueSpecification\",\"valueRequired\":true,\"valueName\":\"search_term_string\"}}],\"inLanguage\":\"fr-FR\"}]}<\/script>\n<!-- \/ Yoast SEO plugin. -->","yoast_head_json":{"title":"Volant Berkel L16 \u2013 Acheter un nouveau mod\u00e8le de trancheuse classique mod\u00e8le L","description":"trancheus L16 de la marque Berkel : \u00e9quip\u00e9e d'un volant \u00e0 fleur, ce mod\u00e8le est une v\u00e9ritable \u00e9vocation du style classique Berkel.","robots":{"index":"index","follow":"follow","max-snippet":"max-snippet:-1","max-image-preview":"max-image-preview:large","max-video-preview":"max-video-preview:-1"},"canonical":"https:\/\/www.labottega-delrestauro.com\/fr\/berkel-rouge-volant-l16-trancheuse-incorpore\/","og_locale":"fr_FR","og_type":"article","og_title":"Volant Berkel L16 \u2013 Acheter un nouveau mod\u00e8le de trancheuse classique mod\u00e8le L","og_description":"trancheus L16 de la marque Berkel : \u00e9quip\u00e9e d'un volant \u00e0 fleur, ce mod\u00e8le est une v\u00e9ritable \u00e9vocation du style classique Berkel.","og_url":"https:\/\/www.labottega-delrestauro.com\/fr\/berkel-rouge-volant-l16-trancheuse-incorpore\/","og_site_name":"La Bottega del Restauro","article_modified_time":"2022-09-01T09:58:32+00:00","og_image":[{"width":1181,"height":1772,"url":"https:\/\/www.labottega-delrestauro.com\/wp-content\/uploads\/2022\/03\/berkel-volano-l16.jpg","type":"image\/jpeg"}],"twitter_card":"summary_large_image","schema":{"@context":"https:\/\/schema.org","@graph":[{"@type":"WebPage","@id":"https:\/\/www.labottega-delrestauro.com\/fr\/berkel-rouge-volant-l16-trancheuse-incorpore\/","url":"https:\/\/www.labottega-delrestauro.com\/fr\/berkel-rouge-volant-l16-trancheuse-incorpore\/","name":"Volant Berkel L16 \u2013 Acheter un nouveau mod\u00e8le de trancheuse classique mod\u00e8le L","isPartOf":{"@id":"https:\/\/www.labottega-delrestauro.com\/fr\/#website"},"primaryImageOfPage":{"@id":"https:\/\/www.labottega-delrestauro.com\/fr\/berkel-rouge-volant-l16-trancheuse-incorpore\/#primaryimage"},"image":{"@id":"https:\/\/www.labottega-delrestauro.com\/fr\/berkel-rouge-volant-l16-trancheuse-incorpore\/#primaryimage"},"thumbnailUrl":"https:\/\/www.labottega-delrestauro.com\/wp-content\/uploads\/2022\/03\/berkel-volano-l16.jpg","datePublished":"2022-03-29T13:18:06+00:00","dateModified":"2022-09-01T09:58:32+00:00","description":"trancheus L16 de la marque Berkel : \u00e9quip\u00e9e d'un volant \u00e0 fleur, ce mod\u00e8le est une v\u00e9ritable \u00e9vocation du style classique Berkel.","breadcrumb":{"@id":"https:\/\/www.labottega-delrestauro.com\/fr\/berkel-rouge-volant-l16-trancheuse-incorpore\/#breadcrumb"},"inLanguage":"fr-FR","potentialAction":[{"@type":"ReadAction","target":["https:\/\/www.labottega-delrestauro.com\/fr\/berkel-rouge-volant-l16-trancheuse-incorpore\/"]}]},{"@type":"ImageObject","inLanguage":"fr-FR","@id":"https:\/\/www.labottega-delrestauro.com\/fr\/berkel-rouge-volant-l16-trancheuse-incorpore\/#primaryimage","url":"https:\/\/www.labottega-delrestauro.com\/wp-content\/uploads\/2022\/03\/berkel-volano-l16.jpg","contentUrl":"https:\/\/www.labottega-delrestauro.com\/wp-content\/uploads\/2022\/03\/berkel-volano-l16.jpg","width":1181,"height":1772},{"@type":"BreadcrumbList","@id":"https:\/\/www.labottega-delrestauro.com\/fr\/berkel-rouge-volant-l16-trancheuse-incorpore\/#breadcrumb","itemListElement":[{"@type":"ListItem","position":1,"name":"Home","item":"https:\/\/www.labottega-delrestauro.com\/fr\/"},{"@type":"ListItem","position":2,"name":"Shop","item":"https:\/\/www.labottega-delrestauro.com\/fr\/negozio\/"},{"@type":"ListItem","position":3,"name":"Trancheuses Berkel &#8211; Volant d&rsquo;inertie L16"}]},{"@type":"WebSite","@id":"https:\/\/www.labottega-delrestauro.com\/fr\/#website","url":"https:\/\/www.labottega-delrestauro.com\/fr\/","name":"La Bottega del Restauro","description":"Restauro macchine Berkel","potentialAction":[{"@type":"SearchAction","target":{"@type":"EntryPoint","urlTemplate":"https:\/\/www.labottega-delrestauro.com\/fr\/?s={search_term_string}"},"query-input":{"@type":"PropertyValueSpecification","valueRequired":true,"valueName":"search_term_string"}}],"inLanguage":"fr-FR"}]}},"_links":{"self":[{"href":"https:\/\/www.labottega-delrestauro.com\/fr\/wp-json\/wp\/v2\/product\/58225","targetHints":{"allow":["GET"]}}],"collection":[{"href":"https:\/\/www.labottega-delrestauro.com\/fr\/wp-json\/wp\/v2\/product"}],"about":[{"href":"https:\/\/www.labottega-delrestauro.com\/fr\/wp-json\/wp\/v2\/types\/product"}],"wp:featuredmedia":[{"embeddable":true,"href":"https:\/\/www.labottega-delrestauro.com\/fr\/wp-json\/wp\/v2\/media\/57751"}],"wp:attachment":[{"href":"https:\/\/www.labottega-delrestauro.com\/fr\/wp-json\/wp\/v2\/media?parent=58225"}],"wp:term":[{"taxonomy":"product_cat","embeddable":true,"href":"https:\/\/www.labottega-delrestauro.com\/fr\/wp-json\/wp\/v2\/product_cat?post=58225"},{"taxonomy":"product_tag","embeddable":true,"href":"https:\/\/www.labottega-delrestauro.com\/fr\/wp-json\/wp\/v2\/product_tag?post=58225"}],"curies":[{"name":"wp","href":"https:\/\/api.w.org\/{rel}","templated":true}]}}