{"id":58213,"date":"2022-03-29T13:18:06","date_gmt":"2022-03-29T13:18:06","guid":{"rendered":"https:\/\/labottega.sviluppokeyweb.com\/prodotto\/affettatrici-berkel-tribute\/"},"modified":"2022-09-01T09:58:21","modified_gmt":"2022-09-01T09:58:21","slug":"manuel-d-entreprise-trancheeuse-berkel-tribute-volant-a-fleur","status":"publish","type":"product","link":"https:\/\/www.labottega-delrestauro.com\/fr\/manuel-d-entreprise-trancheeuse-berkel-tribute-volant-a-fleur\/","title":{"rendered":"Trancheuse Berkel &#8211; Tribute"},"content":{"rendered":"","protected":false},"excerpt":{"rendered":"<p>Le <strong>Tribute<\/strong> est une reproduction de l&rsquo;un des <strong>mod\u00e8les vintage<\/strong> les plus c\u00e9l\u00e8bres <strong>de Berkel<\/strong> : une trancheuse \u00e0 volant d&rsquo;inertie \u00e0 usage domestique. Le <strong>volant en forme de fleur<\/strong>, les <strong>d\u00e9corations dor\u00e9es<\/strong> et le <strong>design raffin\u00e9<\/strong> font de cette trancheuse un <strong>hommage \u00e0 la tradition<\/strong>. Fabriqu\u00e9 <strong>\u00e0 la main<\/strong>, il est appr\u00e9ci\u00e9 des amateurs de beaut\u00e9, de bonne ch\u00e8re et de tous ceux qui savent combien la coupe est importante pour maintenir et am\u00e9liorer la qualit\u00e9 du produit.<\/p>\n<p>Gr\u00e2ce \u00e0 son excellente coupe, il est <strong>id\u00e9al pour les amateurs de go\u00fbt et de saveurs v\u00e9ritables<\/strong>, mais son \u00e9l\u00e9gance le rend \u00e9galement parfait pour les amateurs de beaut\u00e9.<\/p>\n<p>Le <strong>Tribute<\/strong> est disponible en <strong>2 couleurs<\/strong>, le <strong>rouge<\/strong> traditionnel et le <strong>noir<\/strong>. Les accessoires comprennent un <strong>pi\u00e9destal<\/strong> avec des <strong>d\u00e9corations Art nouveau<\/strong>. Nous pr\u00e9cisons que certains d\u00e9tails peuvent \u00eatre diff\u00e9rents de ce qui est montr\u00e9 sur la photo.<\/p>\n<p>Le <strong>trancheur Tribute de Berkel<\/strong> est dot\u00e9 d&rsquo;une <strong>lame<\/strong> en acier 100cr6, d&rsquo;un diam\u00e8tre de 30 cm et <strong>d&rsquo;une capacit\u00e9 de coupe circulaire de 21 cm<\/strong>. Il permet d&rsquo;obtenir une <strong>\u00e9paisseur<\/strong> de tranche maximale <strong>variant de 0 \u00e0 1,5 mm<\/strong>. La <strong>forme concave<\/strong> de la lame caresse le produit uniquement au niveau du point de coupe, \u00e9vitant ainsi toute alt\u00e9ration du go\u00fbt et de l&rsquo;ar\u00f4me.<\/p>\n<p>Les <strong>trancheuses manuelles Berkel Tribute<\/strong> sont toutes \u00e9quip\u00e9es d&rsquo;un <strong>aiguiseur int\u00e9gr\u00e9<\/strong> qui permet <strong>d&rsquo;aff\u00fbter correctement la lame<\/strong>. Le <strong>positionnement<\/strong> se fait manuellement, simplement en soulevant et en faisant tourner l&rsquo;aiguiseur. Il n&rsquo;y a qu&rsquo;une seule position qui garantit <strong>toujours l&rsquo;angle parfait pour un aff\u00fbtage optimal<\/strong>.<\/p>\n<p>Le syst\u00e8me de <strong>verrouillage<\/strong> et de <strong>d\u00e9verrouillage<\/strong> du poussoir \u00e0 <strong>double colonne<\/strong> assure un maintien parfait du produit sur la plaque de broyage.<\/p>\n<p>Le <strong>Tribute<\/strong> est \u00e9quip\u00e9 d&rsquo;un <strong>dispositif de protection<\/strong> qui recouvre la lame, afin de garantir des <strong>exigences de s\u00e9curit\u00e9 maximales<\/strong>, tant pendant l&rsquo;utilisation que lors du nettoyage de la machine.<\/p>\n<p>Ce <strong>nouveau mod\u00e8le<\/strong> de machine est dot\u00e9 d&rsquo;un <strong>plateau permettant de recueillir les d\u00e9chets<\/strong> produits lors du tranchage. Il s&rsquo;agit d&rsquo;une caract\u00e9ristique suppl\u00e9mentaire qui permet \u00e0 l&rsquo;utilisateur de garder plus facilement la machine propre et hygi\u00e9nique.<\/p>\n<p>Les <strong>trancheurs \u00e0 volant Tribute<\/strong> sont \u00e9quip\u00e9s d&rsquo;une <strong>plaque<\/strong> en aluminium anodis\u00e9 et d&rsquo;une <strong>plaque collectrice<\/strong> en acier inoxydable, afin de garantir <strong>la<\/strong> <strong>duret\u00e9 et la r\u00e9sistance dans le temps<\/strong>.<\/p>\n<p><strong>La Bottega del Restauro<\/strong> op\u00e8re pour la <strong>vente<\/strong> de ces nouveaux mod\u00e8les, principalement <strong>sur r\u00e9servation<\/strong> : en effet, \u00e9tant donn\u00e9 le nombre \u00e9lev\u00e9 de demandes, pour certaines couleurs, une attente plus longue peut \u00eatre n\u00e9cessaire. <strong>Contactez-nous <\/strong>pour plus d&rsquo;informations : nos <strong>exp\u00e9ditions<\/strong> couvrent le territoire <strong>italien<\/strong> et <strong>l&rsquo;\u00e9tranger<\/strong>.<\/p>\n","protected":false},"featured_media":57721,"template":"","meta":{"_et_pb_use_builder":"","_et_pb_old_content":"","_et_gb_content_width":""},"product_cat":[331],"product_tag":[],"class_list":{"0":"post-58213","1":"product","2":"type-product","3":"status-publish","4":"has-post-thumbnail","6":"product_cat-prix-nouvelle-trancheuse-vintage-elegant","7":"pa_lama-300-fr","8":"pa_larghezza-670-fr","9":"pa_periodo-75-fr","10":"pa_peso-52-fr","11":"pa_profondita-805-fr","12":"pa_volano-35-fr","14":"first","15":"instock","16":"product-type-simple"},"yoast_head":"<!-- This site is optimized with the Yoast SEO plugin v23.6 - https:\/\/yoast.com\/wordpress\/plugins\/seo\/ -->\n<title>Trancheuse Berkel Tribute \u2013 Nouveau mod\u00e8le design traditionnel vintage grande coupe<\/title>\n<meta name=\"description\" content=\"Notre entreprise s&#039;occupe de la vente de trancheuses manuelles Berkel : contactez-nous pour obtenir des informations sur le nouveau mod\u00e8le Tribute, en style traditionnel.\" \/>\n<meta name=\"robots\" content=\"index, follow, max-snippet:-1, max-image-preview:large, max-video-preview:-1\" \/>\n<link rel=\"canonical\" href=\"https:\/\/www.labottega-delrestauro.com\/fr\/manuel-d-entreprise-trancheeuse-berkel-tribute-volant-a-fleur\/\" \/>\n<meta property=\"og:locale\" content=\"fr_FR\" \/>\n<meta property=\"og:type\" content=\"article\" \/>\n<meta property=\"og:title\" content=\"Trancheuse Berkel Tribute \u2013 Nouveau mod\u00e8le design traditionnel vintage grande coupe\" \/>\n<meta property=\"og:description\" content=\"Notre entreprise s&#039;occupe de la vente de trancheuses manuelles Berkel : contactez-nous pour obtenir des informations sur le nouveau mod\u00e8le Tribute, en style traditionnel.\" \/>\n<meta property=\"og:url\" content=\"https:\/\/www.labottega-delrestauro.com\/fr\/manuel-d-entreprise-trancheeuse-berkel-tribute-volant-a-fleur\/\" \/>\n<meta property=\"og:site_name\" content=\"La Bottega del Restauro\" \/>\n<meta property=\"article:modified_time\" content=\"2022-09-01T09:58:21+00:00\" \/>\n<meta property=\"og:image\" content=\"https:\/\/www.labottega-delrestauro.com\/wp-content\/uploads\/2022\/03\/affettatrice-berkel-tribute.jpg\" \/>\n\t<meta property=\"og:image:width\" content=\"800\" \/>\n\t<meta property=\"og:image:height\" content=\"800\" \/>\n\t<meta property=\"og:image:type\" content=\"image\/jpeg\" \/>\n<meta name=\"twitter:card\" content=\"summary_large_image\" \/>\n<script type=\"application\/ld+json\" class=\"yoast-schema-graph\">{\"@context\":\"https:\/\/schema.org\",\"@graph\":[{\"@type\":\"WebPage\",\"@id\":\"https:\/\/www.labottega-delrestauro.com\/fr\/manuel-d-entreprise-trancheeuse-berkel-tribute-volant-a-fleur\/\",\"url\":\"https:\/\/www.labottega-delrestauro.com\/fr\/manuel-d-entreprise-trancheeuse-berkel-tribute-volant-a-fleur\/\",\"name\":\"Trancheuse Berkel Tribute \u2013 Nouveau mod\u00e8le design traditionnel vintage grande coupe\",\"isPartOf\":{\"@id\":\"https:\/\/www.labottega-delrestauro.com\/fr\/#website\"},\"primaryImageOfPage\":{\"@id\":\"https:\/\/www.labottega-delrestauro.com\/fr\/manuel-d-entreprise-trancheeuse-berkel-tribute-volant-a-fleur\/#primaryimage\"},\"image\":{\"@id\":\"https:\/\/www.labottega-delrestauro.com\/fr\/manuel-d-entreprise-trancheeuse-berkel-tribute-volant-a-fleur\/#primaryimage\"},\"thumbnailUrl\":\"https:\/\/www.labottega-delrestauro.com\/wp-content\/uploads\/2022\/03\/affettatrice-berkel-tribute.jpg\",\"datePublished\":\"2022-03-29T13:18:06+00:00\",\"dateModified\":\"2022-09-01T09:58:21+00:00\",\"description\":\"Notre entreprise s'occupe de la vente de trancheuses manuelles Berkel : contactez-nous pour obtenir des informations sur le nouveau mod\u00e8le Tribute, en style traditionnel.\",\"breadcrumb\":{\"@id\":\"https:\/\/www.labottega-delrestauro.com\/fr\/manuel-d-entreprise-trancheeuse-berkel-tribute-volant-a-fleur\/#breadcrumb\"},\"inLanguage\":\"fr-FR\",\"potentialAction\":[{\"@type\":\"ReadAction\",\"target\":[\"https:\/\/www.labottega-delrestauro.com\/fr\/manuel-d-entreprise-trancheeuse-berkel-tribute-volant-a-fleur\/\"]}]},{\"@type\":\"ImageObject\",\"inLanguage\":\"fr-FR\",\"@id\":\"https:\/\/www.labottega-delrestauro.com\/fr\/manuel-d-entreprise-trancheeuse-berkel-tribute-volant-a-fleur\/#primaryimage\",\"url\":\"https:\/\/www.labottega-delrestauro.com\/wp-content\/uploads\/2022\/03\/affettatrice-berkel-tribute.jpg\",\"contentUrl\":\"https:\/\/www.labottega-delrestauro.com\/wp-content\/uploads\/2022\/03\/affettatrice-berkel-tribute.jpg\",\"width\":800,\"height\":800},{\"@type\":\"BreadcrumbList\",\"@id\":\"https:\/\/www.labottega-delrestauro.com\/fr\/manuel-d-entreprise-trancheeuse-berkel-tribute-volant-a-fleur\/#breadcrumb\",\"itemListElement\":[{\"@type\":\"ListItem\",\"position\":1,\"name\":\"Home\",\"item\":\"https:\/\/www.labottega-delrestauro.com\/fr\/\"},{\"@type\":\"ListItem\",\"position\":2,\"name\":\"Shop\",\"item\":\"https:\/\/www.labottega-delrestauro.com\/fr\/negozio\/\"},{\"@type\":\"ListItem\",\"position\":3,\"name\":\"Trancheuse Berkel &#8211; Tribute\"}]},{\"@type\":\"WebSite\",\"@id\":\"https:\/\/www.labottega-delrestauro.com\/fr\/#website\",\"url\":\"https:\/\/www.labottega-delrestauro.com\/fr\/\",\"name\":\"La Bottega del Restauro\",\"description\":\"Restauro macchine Berkel\",\"potentialAction\":[{\"@type\":\"SearchAction\",\"target\":{\"@type\":\"EntryPoint\",\"urlTemplate\":\"https:\/\/www.labottega-delrestauro.com\/fr\/?s={search_term_string}\"},\"query-input\":{\"@type\":\"PropertyValueSpecification\",\"valueRequired\":true,\"valueName\":\"search_term_string\"}}],\"inLanguage\":\"fr-FR\"}]}<\/script>\n<!-- \/ Yoast SEO plugin. -->","yoast_head_json":{"title":"Trancheuse Berkel Tribute \u2013 Nouveau mod\u00e8le design traditionnel vintage grande coupe","description":"Notre entreprise s'occupe de la vente de trancheuses manuelles Berkel : contactez-nous pour obtenir des informations sur le nouveau mod\u00e8le Tribute, en style traditionnel.","robots":{"index":"index","follow":"follow","max-snippet":"max-snippet:-1","max-image-preview":"max-image-preview:large","max-video-preview":"max-video-preview:-1"},"canonical":"https:\/\/www.labottega-delrestauro.com\/fr\/manuel-d-entreprise-trancheeuse-berkel-tribute-volant-a-fleur\/","og_locale":"fr_FR","og_type":"article","og_title":"Trancheuse Berkel Tribute \u2013 Nouveau mod\u00e8le design traditionnel vintage grande coupe","og_description":"Notre entreprise s'occupe de la vente de trancheuses manuelles Berkel : contactez-nous pour obtenir des informations sur le nouveau mod\u00e8le Tribute, en style traditionnel.","og_url":"https:\/\/www.labottega-delrestauro.com\/fr\/manuel-d-entreprise-trancheeuse-berkel-tribute-volant-a-fleur\/","og_site_name":"La Bottega del Restauro","article_modified_time":"2022-09-01T09:58:21+00:00","og_image":[{"width":800,"height":800,"url":"https:\/\/www.labottega-delrestauro.com\/wp-content\/uploads\/2022\/03\/affettatrice-berkel-tribute.jpg","type":"image\/jpeg"}],"twitter_card":"summary_large_image","schema":{"@context":"https:\/\/schema.org","@graph":[{"@type":"WebPage","@id":"https:\/\/www.labottega-delrestauro.com\/fr\/manuel-d-entreprise-trancheeuse-berkel-tribute-volant-a-fleur\/","url":"https:\/\/www.labottega-delrestauro.com\/fr\/manuel-d-entreprise-trancheeuse-berkel-tribute-volant-a-fleur\/","name":"Trancheuse Berkel Tribute \u2013 Nouveau mod\u00e8le design traditionnel vintage grande coupe","isPartOf":{"@id":"https:\/\/www.labottega-delrestauro.com\/fr\/#website"},"primaryImageOfPage":{"@id":"https:\/\/www.labottega-delrestauro.com\/fr\/manuel-d-entreprise-trancheeuse-berkel-tribute-volant-a-fleur\/#primaryimage"},"image":{"@id":"https:\/\/www.labottega-delrestauro.com\/fr\/manuel-d-entreprise-trancheeuse-berkel-tribute-volant-a-fleur\/#primaryimage"},"thumbnailUrl":"https:\/\/www.labottega-delrestauro.com\/wp-content\/uploads\/2022\/03\/affettatrice-berkel-tribute.jpg","datePublished":"2022-03-29T13:18:06+00:00","dateModified":"2022-09-01T09:58:21+00:00","description":"Notre entreprise s'occupe de la vente de trancheuses manuelles Berkel : contactez-nous pour obtenir des informations sur le nouveau mod\u00e8le Tribute, en style traditionnel.","breadcrumb":{"@id":"https:\/\/www.labottega-delrestauro.com\/fr\/manuel-d-entreprise-trancheeuse-berkel-tribute-volant-a-fleur\/#breadcrumb"},"inLanguage":"fr-FR","potentialAction":[{"@type":"ReadAction","target":["https:\/\/www.labottega-delrestauro.com\/fr\/manuel-d-entreprise-trancheeuse-berkel-tribute-volant-a-fleur\/"]}]},{"@type":"ImageObject","inLanguage":"fr-FR","@id":"https:\/\/www.labottega-delrestauro.com\/fr\/manuel-d-entreprise-trancheeuse-berkel-tribute-volant-a-fleur\/#primaryimage","url":"https:\/\/www.labottega-delrestauro.com\/wp-content\/uploads\/2022\/03\/affettatrice-berkel-tribute.jpg","contentUrl":"https:\/\/www.labottega-delrestauro.com\/wp-content\/uploads\/2022\/03\/affettatrice-berkel-tribute.jpg","width":800,"height":800},{"@type":"BreadcrumbList","@id":"https:\/\/www.labottega-delrestauro.com\/fr\/manuel-d-entreprise-trancheeuse-berkel-tribute-volant-a-fleur\/#breadcrumb","itemListElement":[{"@type":"ListItem","position":1,"name":"Home","item":"https:\/\/www.labottega-delrestauro.com\/fr\/"},{"@type":"ListItem","position":2,"name":"Shop","item":"https:\/\/www.labottega-delrestauro.com\/fr\/negozio\/"},{"@type":"ListItem","position":3,"name":"Trancheuse Berkel &#8211; Tribute"}]},{"@type":"WebSite","@id":"https:\/\/www.labottega-delrestauro.com\/fr\/#website","url":"https:\/\/www.labottega-delrestauro.com\/fr\/","name":"La Bottega del Restauro","description":"Restauro macchine Berkel","potentialAction":[{"@type":"SearchAction","target":{"@type":"EntryPoint","urlTemplate":"https:\/\/www.labottega-delrestauro.com\/fr\/?s={search_term_string}"},"query-input":{"@type":"PropertyValueSpecification","valueRequired":true,"valueName":"search_term_string"}}],"inLanguage":"fr-FR"}]}},"_links":{"self":[{"href":"https:\/\/www.labottega-delrestauro.com\/fr\/wp-json\/wp\/v2\/product\/58213","targetHints":{"allow":["GET"]}}],"collection":[{"href":"https:\/\/www.labottega-delrestauro.com\/fr\/wp-json\/wp\/v2\/product"}],"about":[{"href":"https:\/\/www.labottega-delrestauro.com\/fr\/wp-json\/wp\/v2\/types\/product"}],"wp:featuredmedia":[{"embeddable":true,"href":"https:\/\/www.labottega-delrestauro.com\/fr\/wp-json\/wp\/v2\/media\/57721"}],"wp:attachment":[{"href":"https:\/\/www.labottega-delrestauro.com\/fr\/wp-json\/wp\/v2\/media?parent=58213"}],"wp:term":[{"taxonomy":"product_cat","embeddable":true,"href":"https:\/\/www.labottega-delrestauro.com\/fr\/wp-json\/wp\/v2\/product_cat?post=58213"},{"taxonomy":"product_tag","embeddable":true,"href":"https:\/\/www.labottega-delrestauro.com\/fr\/wp-json\/wp\/v2\/product_tag?post=58213"}],"curies":[{"name":"wp","href":"https:\/\/api.w.org\/{rel}","templated":true}]}}