{"id":58114,"date":"2022-03-29T13:18:06","date_gmt":"2022-03-29T13:18:06","guid":{"rendered":"https:\/\/labottega.sviluppokeyweb.com\/prodotto\/i-nostri-piedistalli-berkel\/"},"modified":"2022-09-01T08:52:53","modified_gmt":"2022-09-01T08:52:53","slug":"berkel-original-piedestals-bases-for-slicers-for-sale","status":"publish","type":"product","link":"https:\/\/www.labottega-delrestauro.com\/fr\/berkel-original-piedestals-bases-for-slicers-for-sale\/","title":{"rendered":"Nos pi\u00e9destaux Berkel"},"content":{"rendered":"","protected":false},"excerpt":{"rendered":"<p>Nos <strong>socles<\/strong> sont recr\u00e9\u00e9s \u00e0 partir de mod\u00e8les de <strong>socles d&rsquo;\u00e9poque<\/strong>. Les <strong>d\u00e9corations florales<\/strong>, reproductions fid\u00e8les d\u00e9riv\u00e9es des <strong>originaux<\/strong> ou <strong>d&rsquo;anciennes photographies<\/strong>, conf\u00e8rent une beaut\u00e9 inestimable \u00e0 ces bases <strong>\u00e9quip\u00e9es de 4 pieds<\/strong>.<\/p>\n<p>Si vous \u00eates int\u00e9ress\u00e9 par l&rsquo;achat d&rsquo;une de ces <strong>pi\u00e8ces restaur\u00e9es<\/strong> \u00e0 vendre, id\u00e9ales pour ranger les <strong>trancheurs Berkel originaux<\/strong>, veuillez nous <strong>contacter<\/strong> pour un devis.<\/p>\n","protected":false},"featured_media":57871,"template":"","meta":{"_et_pb_use_builder":"","_et_pb_old_content":"","_et_gb_content_width":""},"product_cat":[180],"product_tag":[],"class_list":{"0":"post-58114","1":"product","2":"type-product","3":"status-publish","4":"has-post-thumbnail","6":"product_cat-piedestaux","7":"pa_lama-73-fr","8":"pa_larghezza-32-fr","9":"pa_periodo-75-fr","10":"pa_peso-33-fr","11":"pa_profondita-34-fr","12":"pa_volano-35-fr","14":"first","15":"instock","16":"product-type-simple"},"yoast_head":"<!-- This site is optimized with the Yoast SEO plugin v23.6 - https:\/\/yoast.com\/wordpress\/plugins\/seo\/ -->\n<title>Pi\u00e9destaux Berkel originaux \u2013 pi\u00e9destaux anciens restaur\u00e9s 4 pieds d\u00e9coration \u00e0 fleur<\/title>\n<meta name=\"description\" content=\"Pour pi\u00e9destaux des trancheuses originaux Berkel, veuillez nous contacter : nous nous occupons de la vente de mod\u00e8les restaur\u00e9s certifi\u00e9s.\" \/>\n<meta name=\"robots\" content=\"index, follow, max-snippet:-1, max-image-preview:large, max-video-preview:-1\" \/>\n<link rel=\"canonical\" href=\"https:\/\/www.labottega-delrestauro.com\/fr\/berkel-original-piedestals-bases-for-slicers-for-sale\/\" \/>\n<meta property=\"og:locale\" content=\"fr_FR\" \/>\n<meta property=\"og:type\" content=\"article\" \/>\n<meta property=\"og:title\" content=\"Pi\u00e9destaux Berkel originaux \u2013 pi\u00e9destaux anciens restaur\u00e9s 4 pieds d\u00e9coration \u00e0 fleur\" \/>\n<meta property=\"og:description\" content=\"Pour pi\u00e9destaux des trancheuses originaux Berkel, veuillez nous contacter : nous nous occupons de la vente de mod\u00e8les restaur\u00e9s certifi\u00e9s.\" \/>\n<meta property=\"og:url\" content=\"https:\/\/www.labottega-delrestauro.com\/fr\/berkel-original-piedestals-bases-for-slicers-for-sale\/\" \/>\n<meta property=\"og:site_name\" content=\"La Bottega del Restauro\" \/>\n<meta property=\"article:modified_time\" content=\"2022-09-01T08:52:53+00:00\" \/>\n<meta property=\"og:image\" content=\"https:\/\/www.labottega-delrestauro.com\/wp-content\/uploads\/2022\/03\/piedistalli-berkel-originali.jpg\" \/>\n\t<meta property=\"og:image:width\" content=\"1439\" \/>\n\t<meta property=\"og:image:height\" content=\"1660\" \/>\n\t<meta property=\"og:image:type\" content=\"image\/jpeg\" \/>\n<meta name=\"twitter:card\" content=\"summary_large_image\" \/>\n<script type=\"application\/ld+json\" class=\"yoast-schema-graph\">{\"@context\":\"https:\/\/schema.org\",\"@graph\":[{\"@type\":\"WebPage\",\"@id\":\"https:\/\/www.labottega-delrestauro.com\/fr\/berkel-original-piedestals-bases-for-slicers-for-sale\/\",\"url\":\"https:\/\/www.labottega-delrestauro.com\/fr\/berkel-original-piedestals-bases-for-slicers-for-sale\/\",\"name\":\"Pi\u00e9destaux Berkel originaux \u2013 pi\u00e9destaux anciens restaur\u00e9s 4 pieds d\u00e9coration \u00e0 fleur\",\"isPartOf\":{\"@id\":\"https:\/\/www.labottega-delrestauro.com\/fr\/#website\"},\"primaryImageOfPage\":{\"@id\":\"https:\/\/www.labottega-delrestauro.com\/fr\/berkel-original-piedestals-bases-for-slicers-for-sale\/#primaryimage\"},\"image\":{\"@id\":\"https:\/\/www.labottega-delrestauro.com\/fr\/berkel-original-piedestals-bases-for-slicers-for-sale\/#primaryimage\"},\"thumbnailUrl\":\"https:\/\/www.labottega-delrestauro.com\/wp-content\/uploads\/2022\/03\/piedistalli-berkel-originali.jpg\",\"datePublished\":\"2022-03-29T13:18:06+00:00\",\"dateModified\":\"2022-09-01T08:52:53+00:00\",\"description\":\"Pour pi\u00e9destaux des trancheuses originaux Berkel, veuillez nous contacter : nous nous occupons de la vente de mod\u00e8les restaur\u00e9s certifi\u00e9s.\",\"breadcrumb\":{\"@id\":\"https:\/\/www.labottega-delrestauro.com\/fr\/berkel-original-piedestals-bases-for-slicers-for-sale\/#breadcrumb\"},\"inLanguage\":\"fr-FR\",\"potentialAction\":[{\"@type\":\"ReadAction\",\"target\":[\"https:\/\/www.labottega-delrestauro.com\/fr\/berkel-original-piedestals-bases-for-slicers-for-sale\/\"]}]},{\"@type\":\"ImageObject\",\"inLanguage\":\"fr-FR\",\"@id\":\"https:\/\/www.labottega-delrestauro.com\/fr\/berkel-original-piedestals-bases-for-slicers-for-sale\/#primaryimage\",\"url\":\"https:\/\/www.labottega-delrestauro.com\/wp-content\/uploads\/2022\/03\/piedistalli-berkel-originali.jpg\",\"contentUrl\":\"https:\/\/www.labottega-delrestauro.com\/wp-content\/uploads\/2022\/03\/piedistalli-berkel-originali.jpg\",\"width\":1439,\"height\":1660},{\"@type\":\"BreadcrumbList\",\"@id\":\"https:\/\/www.labottega-delrestauro.com\/fr\/berkel-original-piedestals-bases-for-slicers-for-sale\/#breadcrumb\",\"itemListElement\":[{\"@type\":\"ListItem\",\"position\":1,\"name\":\"Home\",\"item\":\"https:\/\/www.labottega-delrestauro.com\/fr\/\"},{\"@type\":\"ListItem\",\"position\":2,\"name\":\"Shop\",\"item\":\"https:\/\/www.labottega-delrestauro.com\/fr\/negozio\/\"},{\"@type\":\"ListItem\",\"position\":3,\"name\":\"Nos pi\u00e9destaux Berkel\"}]},{\"@type\":\"WebSite\",\"@id\":\"https:\/\/www.labottega-delrestauro.com\/fr\/#website\",\"url\":\"https:\/\/www.labottega-delrestauro.com\/fr\/\",\"name\":\"La Bottega del Restauro\",\"description\":\"Restauro macchine Berkel\",\"potentialAction\":[{\"@type\":\"SearchAction\",\"target\":{\"@type\":\"EntryPoint\",\"urlTemplate\":\"https:\/\/www.labottega-delrestauro.com\/fr\/?s={search_term_string}\"},\"query-input\":{\"@type\":\"PropertyValueSpecification\",\"valueRequired\":true,\"valueName\":\"search_term_string\"}}],\"inLanguage\":\"fr-FR\"}]}<\/script>\n<!-- \/ Yoast SEO plugin. -->","yoast_head_json":{"title":"Pi\u00e9destaux Berkel originaux \u2013 pi\u00e9destaux anciens restaur\u00e9s 4 pieds d\u00e9coration \u00e0 fleur","description":"Pour pi\u00e9destaux des trancheuses originaux Berkel, veuillez nous contacter : nous nous occupons de la vente de mod\u00e8les restaur\u00e9s certifi\u00e9s.","robots":{"index":"index","follow":"follow","max-snippet":"max-snippet:-1","max-image-preview":"max-image-preview:large","max-video-preview":"max-video-preview:-1"},"canonical":"https:\/\/www.labottega-delrestauro.com\/fr\/berkel-original-piedestals-bases-for-slicers-for-sale\/","og_locale":"fr_FR","og_type":"article","og_title":"Pi\u00e9destaux Berkel originaux \u2013 pi\u00e9destaux anciens restaur\u00e9s 4 pieds d\u00e9coration \u00e0 fleur","og_description":"Pour pi\u00e9destaux des trancheuses originaux Berkel, veuillez nous contacter : nous nous occupons de la vente de mod\u00e8les restaur\u00e9s certifi\u00e9s.","og_url":"https:\/\/www.labottega-delrestauro.com\/fr\/berkel-original-piedestals-bases-for-slicers-for-sale\/","og_site_name":"La Bottega del Restauro","article_modified_time":"2022-09-01T08:52:53+00:00","og_image":[{"width":1439,"height":1660,"url":"https:\/\/www.labottega-delrestauro.com\/wp-content\/uploads\/2022\/03\/piedistalli-berkel-originali.jpg","type":"image\/jpeg"}],"twitter_card":"summary_large_image","schema":{"@context":"https:\/\/schema.org","@graph":[{"@type":"WebPage","@id":"https:\/\/www.labottega-delrestauro.com\/fr\/berkel-original-piedestals-bases-for-slicers-for-sale\/","url":"https:\/\/www.labottega-delrestauro.com\/fr\/berkel-original-piedestals-bases-for-slicers-for-sale\/","name":"Pi\u00e9destaux Berkel originaux \u2013 pi\u00e9destaux anciens restaur\u00e9s 4 pieds d\u00e9coration \u00e0 fleur","isPartOf":{"@id":"https:\/\/www.labottega-delrestauro.com\/fr\/#website"},"primaryImageOfPage":{"@id":"https:\/\/www.labottega-delrestauro.com\/fr\/berkel-original-piedestals-bases-for-slicers-for-sale\/#primaryimage"},"image":{"@id":"https:\/\/www.labottega-delrestauro.com\/fr\/berkel-original-piedestals-bases-for-slicers-for-sale\/#primaryimage"},"thumbnailUrl":"https:\/\/www.labottega-delrestauro.com\/wp-content\/uploads\/2022\/03\/piedistalli-berkel-originali.jpg","datePublished":"2022-03-29T13:18:06+00:00","dateModified":"2022-09-01T08:52:53+00:00","description":"Pour pi\u00e9destaux des trancheuses originaux Berkel, veuillez nous contacter : nous nous occupons de la vente de mod\u00e8les restaur\u00e9s certifi\u00e9s.","breadcrumb":{"@id":"https:\/\/www.labottega-delrestauro.com\/fr\/berkel-original-piedestals-bases-for-slicers-for-sale\/#breadcrumb"},"inLanguage":"fr-FR","potentialAction":[{"@type":"ReadAction","target":["https:\/\/www.labottega-delrestauro.com\/fr\/berkel-original-piedestals-bases-for-slicers-for-sale\/"]}]},{"@type":"ImageObject","inLanguage":"fr-FR","@id":"https:\/\/www.labottega-delrestauro.com\/fr\/berkel-original-piedestals-bases-for-slicers-for-sale\/#primaryimage","url":"https:\/\/www.labottega-delrestauro.com\/wp-content\/uploads\/2022\/03\/piedistalli-berkel-originali.jpg","contentUrl":"https:\/\/www.labottega-delrestauro.com\/wp-content\/uploads\/2022\/03\/piedistalli-berkel-originali.jpg","width":1439,"height":1660},{"@type":"BreadcrumbList","@id":"https:\/\/www.labottega-delrestauro.com\/fr\/berkel-original-piedestals-bases-for-slicers-for-sale\/#breadcrumb","itemListElement":[{"@type":"ListItem","position":1,"name":"Home","item":"https:\/\/www.labottega-delrestauro.com\/fr\/"},{"@type":"ListItem","position":2,"name":"Shop","item":"https:\/\/www.labottega-delrestauro.com\/fr\/negozio\/"},{"@type":"ListItem","position":3,"name":"Nos pi\u00e9destaux Berkel"}]},{"@type":"WebSite","@id":"https:\/\/www.labottega-delrestauro.com\/fr\/#website","url":"https:\/\/www.labottega-delrestauro.com\/fr\/","name":"La Bottega del Restauro","description":"Restauro macchine Berkel","potentialAction":[{"@type":"SearchAction","target":{"@type":"EntryPoint","urlTemplate":"https:\/\/www.labottega-delrestauro.com\/fr\/?s={search_term_string}"},"query-input":{"@type":"PropertyValueSpecification","valueRequired":true,"valueName":"search_term_string"}}],"inLanguage":"fr-FR"}]}},"_links":{"self":[{"href":"https:\/\/www.labottega-delrestauro.com\/fr\/wp-json\/wp\/v2\/product\/58114","targetHints":{"allow":["GET"]}}],"collection":[{"href":"https:\/\/www.labottega-delrestauro.com\/fr\/wp-json\/wp\/v2\/product"}],"about":[{"href":"https:\/\/www.labottega-delrestauro.com\/fr\/wp-json\/wp\/v2\/types\/product"}],"wp:featuredmedia":[{"embeddable":true,"href":"https:\/\/www.labottega-delrestauro.com\/fr\/wp-json\/wp\/v2\/media\/57871"}],"wp:attachment":[{"href":"https:\/\/www.labottega-delrestauro.com\/fr\/wp-json\/wp\/v2\/media?parent=58114"}],"wp:term":[{"taxonomy":"product_cat","embeddable":true,"href":"https:\/\/www.labottega-delrestauro.com\/fr\/wp-json\/wp\/v2\/product_cat?post=58114"},{"taxonomy":"product_tag","embeddable":true,"href":"https:\/\/www.labottega-delrestauro.com\/fr\/wp-json\/wp\/v2\/product_tag?post=58114"}],"curies":[{"name":"wp","href":"https:\/\/api.w.org\/{rel}","templated":true}]}}