{"id":58073,"date":"2022-03-29T07:40:06","date_gmt":"2022-03-29T07:40:06","guid":{"rendered":"https:\/\/labottega.sviluppokeyweb.com\/dicono-di-noi\/"},"modified":"2022-08-26T07:46:27","modified_gmt":"2022-08-26T07:46:27","slug":"a-propos-de-nous","status":"publish","type":"page","link":"https:\/\/www.labottega-delrestauro.com\/fr\/a-propos-de-nous\/","title":{"rendered":"\u00c0 PROPOS DE NOUS"},"content":{"rendered":"<p>[et_pb_section fb_built=\u00a0\u00bb1&Prime; fullwidth=\u00a0\u00bbon\u00a0\u00bb _builder_version=\u00a0\u00bb4.14.6&Prime; _module_preset=\u00a0\u00bbdefault\u00a0\u00bb bottom_divider_height=\u00a0\u00bb122px\u00a0\u00bb saved_tabs=\u00a0\u00bball\u00a0\u00bb global_colors_info=\u00a0\u00bb{}\u00a0\u00bb][et_pb_fullwidth_header subhead=\u00a0\u00bb@ET-DC@eyJkeW5hbWljIjp0cnVlLCJjb250ZW50IjoicG9zdF90aXRsZSIsInNldHRpbmdzIjp7ImJlZm9yZSI6IiIsImFmdGVyIjoiIn19@\u00a0\u00bb button_one_text=\u00a0\u00bbPlus d\u2018info\u00a0\u00bb button_one_url=\u00a0\u00bb#scopri\u00a0\u00bb button_two_text=\u00a0\u00bbContactez nous\u00a0\u00bb button_two_url=\u00a0\u00bb@ET-DC@eyJkeW5hbWljIjp0cnVlLCJjb250ZW50IjoicG9zdF9saW5rX3VybF9wYWdlIiwic2V0dGluZ3MiOnsicG9zdF9pZCI6IjM5In19@\u00a0\u00bb background_overlay_color=\u00a0\u00bbrgba(0,0,0,0)\u00a0\u00bb content_max_width=\u00a0\u00bb50%\u00a0\u00bb content_max_width_tablet=\u00a0\u00bb100%\u00a0\u00bb content_max_width_phone=\u00a0\u00bb100%\u00a0\u00bb content_max_width_last_edited=\u00a0\u00bbon|phone\u00a0\u00bb _builder_version=\u00a0\u00bb4.14.4&Prime; _dynamic_attributes=\u00a0\u00bbbutton_two_url,subhead\u00a0\u00bb _module_preset=\u00a0\u00bbdefault\u00a0\u00bb title_font=\u00a0\u00bbMontserrat|600||on|||||\u00a0\u00bb title_text_color=\u00a0\u00bbrgba(0,0,0,0)\u00a0\u00bb title_font_size=\u00a0\u00bb0px\u00a0\u00bb title_letter_spacing=\u00a0\u00bb2px\u00a0\u00bb title_line_height=\u00a0\u00bb0em\u00a0\u00bb content_font=\u00a0\u00bbMontserrat|300|||||||\u00a0\u00bb content_text_color=\u00a0\u00bb#000000&Prime; content_font_size=\u00a0\u00bb15px\u00a0\u00bb content_line_height=\u00a0\u00bb1.8em\u00a0\u00bb subhead_font=\u00a0\u00bbMontserrat|700||on|||||\u00a0\u00bb subhead_text_color=\u00a0\u00bb#cc9f22&Prime; subhead_font_size=\u00a0\u00bb50px\u00a0\u00bb subhead_line_height=\u00a0\u00bb1.1em\u00a0\u00bb background_enable_color=\u00a0\u00bboff\u00a0\u00bb background_color_gradient_start=\u00a0\u00bbrgba(188,188,188,0.88)\u00a0\u00bb background_color_gradient_end=\u00a0\u00bb#000000&Prime; background_color_gradient_direction=\u00a0\u00bb90deg\u00a0\u00bb background_image=\u00a0\u00bbhttps:\/\/www.labottega-delrestauro.com\/wp-content\/uploads\/2022\/03\/sfondo-1.jpg\u00a0\u00bb background_blend=\u00a0\u00bboverlay\u00a0\u00bb custom_button_one=\u00a0\u00bbon\u00a0\u00bb button_one_text_size=\u00a0\u00bb14px\u00a0\u00bb button_one_text_color=\u00a0\u00bb#000000&Prime; button_one_bg_color=\u00a0\u00bb#cc9f22&Prime; button_one_border_width=\u00a0\u00bb11px\u00a0\u00bb button_one_border_color=\u00a0\u00bb#cc9f22&Prime; button_one_border_radius=\u00a0\u00bb0px\u00a0\u00bb button_one_letter_spacing=\u00a0\u00bb1px\u00a0\u00bb button_one_font=\u00a0\u00bbMontserrat|||on|||||\u00a0\u00bb button_one_use_icon=\u00a0\u00bboff\u00a0\u00bb button_one_custom_margin=\u00a0\u00bb36px||\u00a0\u00bb button_one_custom_margin_tablet=\u00a0\u00bb\u00a0\u00bb button_one_custom_margin_phone=\u00a0\u00bb36px|||25px|false|false\u00a0\u00bb button_one_custom_margin_last_edited=\u00a0\u00bbon|phone\u00a0\u00bb button_one_custom_padding=\u00a0\u00bb||||false|false\u00a0\u00bb button_one_custom_padding_tablet=\u00a0\u00bb\u00a0\u00bb button_one_custom_padding_phone=\u00a0\u00bb|5px||5px|false|false\u00a0\u00bb button_one_custom_padding_last_edited=\u00a0\u00bbon|phone\u00a0\u00bb custom_button_two=\u00a0\u00bbon\u00a0\u00bb button_two_text_size=\u00a0\u00bb14px\u00a0\u00bb button_two_text_color=\u00a0\u00bb#cc9f22&Prime; button_two_bg_color=\u00a0\u00bb#761621&Prime; button_two_border_width=\u00a0\u00bb11px\u00a0\u00bb button_two_border_color=\u00a0\u00bb#761621&Prime; button_two_border_radius=\u00a0\u00bb0px\u00a0\u00bb button_two_letter_spacing=\u00a0\u00bb1px\u00a0\u00bb button_two_font=\u00a0\u00bbMontserrat|||on|||||\u00a0\u00bb button_two_use_icon=\u00a0\u00bboff\u00a0\u00bb button_two_custom_margin=\u00a0\u00bb36px|||20px|false|false\u00a0\u00bb button_two_custom_margin_tablet=\u00a0\u00bb\u00a0\u00bb button_two_custom_margin_phone=\u00a0\u00bb36px|||0px|false|false\u00a0\u00bb button_two_custom_margin_last_edited=\u00a0\u00bbon|phone\u00a0\u00bb button_two_custom_padding_tablet=\u00a0\u00bb\u00a0\u00bb button_two_custom_padding_phone=\u00a0\u00bb||||false|false\u00a0\u00bb button_two_custom_padding_last_edited=\u00a0\u00bbon|phone\u00a0\u00bb height=\u00a0\u00bb500px\u00a0\u00bb height_tablet=\u00a0\u00bb\u00a0\u00bb height_phone=\u00a0\u00bbauto\u00a0\u00bb height_last_edited=\u00a0\u00bbon|phone\u00a0\u00bb custom_padding=\u00a0\u00bb120px||||false|false\u00a0\u00bb custom_padding_tablet=\u00a0\u00bb\u00a0\u00bb custom_padding_phone=\u00a0\u00bb0px||||false|false\u00a0\u00bb custom_padding_last_edited=\u00a0\u00bbon|phone\u00a0\u00bb hover_enabled=\u00a0\u00bb0&Prime; title_font_size_phone=\u00a0\u00bb35px\u00a0\u00bb title_font_size_last_edited=\u00a0\u00bboff|phone\u00a0\u00bb subhead_text_align_tablet=\u00a0\u00bb\u00a0\u00bb subhead_text_align_phone=\u00a0\u00bbcenter\u00a0\u00bb subhead_text_align_last_edited=\u00a0\u00bbon|phone\u00a0\u00bb subhead_font_size_tablet=\u00a0\u00bb\u00a0\u00bb subhead_font_size_phone=\u00a0\u00bb30px\u00a0\u00bb subhead_font_size_last_edited=\u00a0\u00bbon|desktop\u00a0\u00bb subhead_letter_spacing_phone=\u00a0\u00bb1px\u00a0\u00bb subhead_letter_spacing_last_edited=\u00a0\u00bboff|phone\u00a0\u00bb button_one_text_size_tablet=\u00a0\u00bb\u00a0\u00bb button_one_text_size_phone=\u00a0\u00bb10px\u00a0\u00bb button_one_text_size_last_edited=\u00a0\u00bbon|phone\u00a0\u00bb button_two_text_size_tablet=\u00a0\u00bb\u00a0\u00bb button_two_text_size_phone=\u00a0\u00bb10px\u00a0\u00bb button_two_text_size_last_edited=\u00a0\u00bbon|phone\u00a0\u00bb module_alignment_tablet=\u00a0\u00bb\u00a0\u00bb module_alignment_phone=\u00a0\u00bbcenter\u00a0\u00bb module_alignment_last_edited=\u00a0\u00bbon|phone\u00a0\u00bb button_one_text_color_hover=\u00a0\u00bb#ffffff\u00a0\u00bb button_two_text_color_hover=\u00a0\u00bb#3FA2F7 \u00a0\u00bb button_one_border_color_hover=\u00a0\u00bb#3FA2F7 \u00a0\u00bb button_two_border_color_hover=\u00a0\u00bb#ffffff\u00a0\u00bb button_one_bg_color_hover=\u00a0\u00bb#3FA2F7 \u00a0\u00bb button_two_bg_color_hover=\u00a0\u00bb#ffffff\u00a0\u00bb global_colors_info=\u00a0\u00bb{}\u00a0\u00bb button_one_text_size__hover_enabled=\u00a0\u00bboff\u00a0\u00bb button_two_text_size__hover_enabled=\u00a0\u00bboff\u00a0\u00bb button_one_text_color__hover_enabled=\u00a0\u00bbon\u00a0\u00bb button_one_text_color__hover=\u00a0\u00bb#000000&Prime; button_two_text_color__hover_enabled=\u00a0\u00bbon|desktop\u00a0\u00bb button_two_text_color__hover=\u00a0\u00bb#000000&Prime; button_one_border_width__hover_enabled=\u00a0\u00bboff\u00a0\u00bb button_two_border_width__hover_enabled=\u00a0\u00bboff\u00a0\u00bb button_one_border_color__hover_enabled=\u00a0\u00bbon|hover\u00a0\u00bb button_one_border_color__hover=\u00a0\u00bb#cc9f22&Prime; button_two_border_color__hover_enabled=\u00a0\u00bbon\u00a0\u00bb button_two_border_color__hover=\u00a0\u00bb#cc9f22&Prime; button_one_border_radius__hover_enabled=\u00a0\u00bboff\u00a0\u00bb button_two_border_radius__hover_enabled=\u00a0\u00bboff\u00a0\u00bb button_one_letter_spacing__hover_enabled=\u00a0\u00bbon\u00a0\u00bb button_two_letter_spacing__hover_enabled=\u00a0\u00bbon\u00a0\u00bb button_one_bg_color__hover_enabled=\u00a0\u00bbon\u00a0\u00bb button_one_bg_color__hover=\u00a0\u00bb#cc9f22&Prime; button_two_bg_color__hover_enabled=\u00a0\u00bbon|hover\u00a0\u00bb button_two_bg_color__hover=\u00a0\u00bb#cc9f22&Prime; button_one_letter_spacing__hover=\u00a0\u00bb2px\u00a0\u00bb button_two_letter_spacing__hover=\u00a0\u00bb2px\u00a0\u00bb button_one_bg_enable_color__hover=\u00a0\u00bbon\u00a0\u00bb button_two_bg_enable_color__hover=\u00a0\u00bbon\u00a0\u00bb sticky_enabled=\u00a0\u00bb0&Prime;][\/et_pb_fullwidth_header][\/et_pb_section][et_pb_section fb_built=\u00a0\u00bb1&Prime; module_id=\u00a0\u00bbscopri\u00a0\u00bb _builder_version=\u00a0\u00bb4.14.5&Prime; _module_preset=\u00a0\u00bbdefault\u00a0\u00bb custom_padding=\u00a0\u00bb80px|0px|80px|0px|true|false\u00a0\u00bb global_colors_info=\u00a0\u00bb{}\u00a0\u00bb][et_pb_row column_structure=\u00a0\u00bb3_5,2_5&Prime; use_custom_gutter=\u00a0\u00bbon\u00a0\u00bb gutter_width=\u00a0\u00bb2&Prime; make_equal=\u00a0\u00bbon\u00a0\u00bb _builder_version=\u00a0\u00bb4.14.6&Prime; _module_preset=\u00a0\u00bbdefault\u00a0\u00bb global_colors_info=\u00a0\u00bb{}\u00a0\u00bb][et_pb_column type=\u00a0\u00bb3_5&Prime; _builder_version=\u00a0\u00bb4.14.6&Prime; _module_preset=\u00a0\u00bbdefault\u00a0\u00bb background_image=\u00a0\u00bbhttps:\/\/www.labottega-delrestauro.com\/wp-content\/uploads\/2022\/03\/cucinaitaliana.jpg\u00a0\u00bb background_size=\u00a0\u00bbcontain\u00a0\u00bb animation_style=\u00a0\u00bbslide\u00a0\u00bb animation_direction=\u00a0\u00bbleft\u00a0\u00bb global_colors_info=\u00a0\u00bb{}\u00a0\u00bb][et_pb_divider show_divider=\u00a0\u00bboff\u00a0\u00bb disabled_on=\u00a0\u00bboff|off|on\u00a0\u00bb _builder_version=\u00a0\u00bb3.25.4&Prime; _module_preset=\u00a0\u00bbdefault\u00a0\u00bb custom_padding=\u00a0\u00bb43%||43%||true\u00a0\u00bb global_colors_info=\u00a0\u00bb{}\u00a0\u00bb][\/et_pb_divider][\/et_pb_column][et_pb_column type=\u00a0\u00bb2_5&Prime; _builder_version=\u00a0\u00bb4.14.5&Prime; _module_preset=\u00a0\u00bbdefault\u00a0\u00bb custom_padding=\u00a0\u00bb200px||\u00a0\u00bb custom_padding_tablet=\u00a0\u00bb0px||\u00a0\u00bb custom_padding_phone=\u00a0\u00bb0px||\u00a0\u00bb custom_padding_last_edited=\u00a0\u00bbon|desktop\u00a0\u00bb animation_style=\u00a0\u00bbslide\u00a0\u00bb animation_direction=\u00a0\u00bbright\u00a0\u00bb global_colors_info=\u00a0\u00bb{}\u00a0\u00bb][et_pb_text _builder_version=\u00a0\u00bb4.14.4&Prime; _module_preset=\u00a0\u00bbdefault\u00a0\u00bb text_font=\u00a0\u00bb||||||||\u00a0\u00bb header_font=\u00a0\u00bbOswald|700|||||||\u00a0\u00bb header_text_align=\u00a0\u00bbcenter\u00a0\u00bb header_text_color=\u00a0\u00bb#ffffff\u00a0\u00bb header_font_size=\u00a0\u00bb100px\u00a0\u00bb header_letter_spacing=\u00a0\u00bb1px\u00a0\u00bb header_3_font=\u00a0\u00bbPoppins|600|||||||\u00a0\u00bb header_3_text_align=\u00a0\u00bbleft\u00a0\u00bb header_3_text_color=\u00a0\u00bb#000000&Prime; header_3_font_size=\u00a0\u00bb14px\u00a0\u00bb header_3_letter_spacing=\u00a0\u00bb2px\u00a0\u00bb header_3_line_height=\u00a0\u00bb1.4em\u00a0\u00bb background_color=\u00a0\u00bb#ffffff\u00a0\u00bb custom_margin=\u00a0\u00bb|||-140px\u00a0\u00bb custom_margin_tablet=\u00a0\u00bb0px|||0px\u00a0\u00bb custom_margin_phone=\u00a0\u00bb0px|||0px\u00a0\u00bb custom_margin_last_edited=\u00a0\u00bbon|desktop\u00a0\u00bb custom_padding=\u00a0\u00bb50px||50px|50px\u00a0\u00bb custom_padding_tablet=\u00a0\u00bb8px|||0px\u00a0\u00bb custom_padding_phone=\u00a0\u00bb2px|||0px\u00a0\u00bb custom_padding_last_edited=\u00a0\u00bbon|desktop\u00a0\u00bb hover_enabled=\u00a0\u00bb0&Prime; global_colors_info=\u00a0\u00bb{}\u00a0\u00bb sticky_enabled=\u00a0\u00bb0&Prime;][\/et_pb_text][et_pb_text _builder_version=\u00a0\u00bb4.14.4&Prime; _module_preset=\u00a0\u00bbdefault\u00a0\u00bb text_font=\u00a0\u00bb||||||||\u00a0\u00bb header_font=\u00a0\u00bbPoppins|600||on|||||\u00a0\u00bb header_text_align=\u00a0\u00bbleft\u00a0\u00bb header_text_color=\u00a0\u00bb#000000&Prime; header_font_size=\u00a0\u00bb40px\u00a0\u00bb header_line_height=\u00a0\u00bb1.2em\u00a0\u00bb background_color=\u00a0\u00bb#ffffff\u00a0\u00bb custom_margin=\u00a0\u00bb-66px|||-140px\u00a0\u00bb custom_margin_tablet=\u00a0\u00bb-76px|||0px\u00a0\u00bb custom_margin_phone=\u00a0\u00bb-76px|||0px\u00a0\u00bb custom_margin_last_edited=\u00a0\u00bbon|tablet\u00a0\u00bb custom_padding=\u00a0\u00bb|||50px\u00a0\u00bb custom_padding_tablet=\u00a0\u00bb|||0px\u00a0\u00bb custom_padding_phone=\u00a0\u00bb|||0px\u00a0\u00bb custom_padding_last_edited=\u00a0\u00bbon|desktop\u00a0\u00bb hover_enabled=\u00a0\u00bb0&Prime; header_font_size_tablet=\u00a0\u00bb\u00a0\u00bb header_font_size_phone=\u00a0\u00bb25px\u00a0\u00bb header_font_size_last_edited=\u00a0\u00bbon|desktop\u00a0\u00bb global_colors_info=\u00a0\u00bb{}\u00a0\u00bb sticky_enabled=\u00a0\u00bb0&Prime;]<\/p>\n<h1>Ce qu&rsquo;ils disent de nous<\/h1>\n<p>[\/et_pb_text][et_pb_text _builder_version=\u00a0\u00bb4.14.4&Prime; _module_preset=\u00a0\u00bbdefault\u00a0\u00bb text_font=\u00a0\u00bbRoboto|300|||||||\u00a0\u00bb text_text_color=\u00a0\u00bb#000000&Prime; text_font_size=\u00a0\u00bb15px\u00a0\u00bb text_line_height=\u00a0\u00bb1.8em\u00a0\u00bb header_font=\u00a0\u00bbOswald|300||on|||||\u00a0\u00bb header_text_align=\u00a0\u00bbcenter\u00a0\u00bb header_text_color=\u00a0\u00bb#ffffff\u00a0\u00bb header_font_size=\u00a0\u00bb45px\u00a0\u00bb header_letter_spacing=\u00a0\u00bb2px\u00a0\u00bb header_line_height=\u00a0\u00bb1.2em\u00a0\u00bb background_color=\u00a0\u00bb#ffffff\u00a0\u00bb module_alignment=\u00a0\u00bbleft\u00a0\u00bb custom_margin=\u00a0\u00bb-19px|||-140px\u00a0\u00bb custom_margin_tablet=\u00a0\u00bb-47px|||0px\u00a0\u00bb custom_margin_phone=\u00a0\u00bb-20px|||0px|false|false\u00a0\u00bb custom_margin_last_edited=\u00a0\u00bbon|tablet\u00a0\u00bb custom_padding=\u00a0\u00bb20px||132px|50px\u00a0\u00bb custom_padding_tablet=\u00a0\u00bb||0px|0px\u00a0\u00bb custom_padding_phone=\u00a0\u00bb||0px|0px\u00a0\u00bb custom_padding_last_edited=\u00a0\u00bbon|tablet\u00a0\u00bb hover_enabled=\u00a0\u00bb0&Prime; global_colors_info=\u00a0\u00bb{}\u00a0\u00bb sticky_enabled=\u00a0\u00bb0&Prime;]<\/p>\n<p>Au fil des ans, la <strong>presse italienne et \u00e9trang\u00e8re<\/strong> nous ont Voici une petit illustration de notre pr\u00e9sence dans de nombreux <strong>magazines internationaux<\/strong>.<\/p>\n<p>[\/et_pb_text][\/et_pb_column][\/et_pb_row][\/et_pb_section][et_pb_section fb_built=\u00a0\u00bb1&Prime; _builder_version=\u00a0\u00bb3.23.3&Prime; _module_preset=\u00a0\u00bbdefault\u00a0\u00bb background_color=\u00a0\u00bb#ededed\u00a0\u00bb custom_padding=\u00a0\u00bb80px|0px|80px|0px|true|false\u00a0\u00bb global_colors_info=\u00a0\u00bb{}\u00a0\u00bb][et_pb_row _builder_version=\u00a0\u00bb4.14.6&Prime; _module_preset=\u00a0\u00bbdefault\u00a0\u00bb global_colors_info=\u00a0\u00bb{}\u00a0\u00bb][et_pb_column type=\u00a0\u00bb4_4&Prime; _builder_version=\u00a0\u00bb4.14.6&Prime; _module_preset=\u00a0\u00bbdefault\u00a0\u00bb global_colors_info=\u00a0\u00bb{}\u00a0\u00bb][et_pb_blog fullwidth=\u00a0\u00bboff\u00a0\u00bb include_categories=\u00a0\u00bb115&Prime; excerpt_length=\u00a0\u00bb200&Prime; show_more=\u00a0\u00bbon\u00a0\u00bb show_author=\u00a0\u00bboff\u00a0\u00bb show_date=\u00a0\u00bboff\u00a0\u00bb show_categories=\u00a0\u00bboff\u00a0\u00bb _builder_version=\u00a0\u00bb4.14.6&Prime; _module_preset=\u00a0\u00bbdefault\u00a0\u00bb header_font=\u00a0\u00bbPoppins||||||||\u00a0\u00bb header_text_color=\u00a0\u00bb#761621&Prime; body_font=\u00a0\u00bbRoboto|300|||||||\u00a0\u00bb read_more_text_color=\u00a0\u00bb#761621&Prime; custom_padding=\u00a0\u00bb||||false|false\u00a0\u00bb global_colors_info=\u00a0\u00bb{}\u00a0\u00bb][\/et_pb_blog][\/et_pb_column][\/et_pb_row][\/et_pb_section]<\/p>\n","protected":false},"excerpt":{"rendered":"<p>Ce qu&rsquo;ils disent de nousAu fil des ans, la presse italienne et \u00e9trang\u00e8re nous ont Voici une petit illustration de notre pr\u00e9sence dans de nombreux magazines internationaux.<\/p>\n","protected":false},"author":1,"featured_media":0,"parent":0,"menu_order":0,"comment_status":"closed","ping_status":"closed","template":"","meta":{"_et_pb_use_builder":"on","_et_pb_old_content":"<!-- wp:divi\/placeholder \/-->","_et_gb_content_width":"","footnotes":""},"class_list":["post-58073","page","type-page","status-publish","hentry"],"yoast_head":"<!-- This site is optimized with the Yoast SEO plugin v23.6 - https:\/\/yoast.com\/wordpress\/plugins\/seo\/ -->\n<title>\u00c0 PROPOS DE NOUS - La Bottega del Restauro<\/title>\n<meta name=\"robots\" content=\"index, follow, max-snippet:-1, max-image-preview:large, max-video-preview:-1\" \/>\n<link rel=\"canonical\" href=\"https:\/\/www.labottega-delrestauro.com\/fr\/a-propos-de-nous\/\" \/>\n<meta property=\"og:locale\" content=\"fr_FR\" \/>\n<meta property=\"og:type\" content=\"article\" \/>\n<meta property=\"og:title\" content=\"\u00c0 PROPOS DE NOUS - La Bottega del Restauro\" \/>\n<meta property=\"og:description\" content=\"Ce qu&#039;ils disent de nousAu fil des ans, la presse italienne et \u00e9trang\u00e8re nous ont Voici une petit illustration de notre pr\u00e9sence dans de nombreux magazines internationaux.\" \/>\n<meta property=\"og:url\" content=\"https:\/\/www.labottega-delrestauro.com\/fr\/a-propos-de-nous\/\" \/>\n<meta property=\"og:site_name\" content=\"La Bottega del Restauro\" \/>\n<meta property=\"article:modified_time\" content=\"2022-08-26T07:46:27+00:00\" \/>\n<meta name=\"twitter:card\" content=\"summary_large_image\" \/>\n<meta name=\"twitter:label1\" content=\"Dur\u00e9e de lecture estim\u00e9e\" \/>\n\t<meta name=\"twitter:data1\" content=\"2 minutes\" \/>\n<script type=\"application\/ld+json\" class=\"yoast-schema-graph\">{\"@context\":\"https:\/\/schema.org\",\"@graph\":[{\"@type\":\"WebPage\",\"@id\":\"https:\/\/www.labottega-delrestauro.com\/fr\/a-propos-de-nous\/\",\"url\":\"https:\/\/www.labottega-delrestauro.com\/fr\/a-propos-de-nous\/\",\"name\":\"\u00c0 PROPOS DE NOUS - La Bottega del Restauro\",\"isPartOf\":{\"@id\":\"https:\/\/www.labottega-delrestauro.com\/fr\/#website\"},\"datePublished\":\"2022-03-29T07:40:06+00:00\",\"dateModified\":\"2022-08-26T07:46:27+00:00\",\"breadcrumb\":{\"@id\":\"https:\/\/www.labottega-delrestauro.com\/fr\/a-propos-de-nous\/#breadcrumb\"},\"inLanguage\":\"fr-FR\",\"potentialAction\":[{\"@type\":\"ReadAction\",\"target\":[\"https:\/\/www.labottega-delrestauro.com\/fr\/a-propos-de-nous\/\"]}]},{\"@type\":\"BreadcrumbList\",\"@id\":\"https:\/\/www.labottega-delrestauro.com\/fr\/a-propos-de-nous\/#breadcrumb\",\"itemListElement\":[{\"@type\":\"ListItem\",\"position\":1,\"name\":\"Home\",\"item\":\"https:\/\/www.labottega-delrestauro.com\/fr\/\"},{\"@type\":\"ListItem\",\"position\":2,\"name\":\"\u00c0 PROPOS DE NOUS\"}]},{\"@type\":\"WebSite\",\"@id\":\"https:\/\/www.labottega-delrestauro.com\/fr\/#website\",\"url\":\"https:\/\/www.labottega-delrestauro.com\/fr\/\",\"name\":\"La Bottega del Restauro\",\"description\":\"Restauro macchine Berkel\",\"potentialAction\":[{\"@type\":\"SearchAction\",\"target\":{\"@type\":\"EntryPoint\",\"urlTemplate\":\"https:\/\/www.labottega-delrestauro.com\/fr\/?s={search_term_string}\"},\"query-input\":{\"@type\":\"PropertyValueSpecification\",\"valueRequired\":true,\"valueName\":\"search_term_string\"}}],\"inLanguage\":\"fr-FR\"}]}<\/script>\n<!-- \/ Yoast SEO plugin. -->","yoast_head_json":{"title":"\u00c0 PROPOS DE NOUS - La Bottega del Restauro","robots":{"index":"index","follow":"follow","max-snippet":"max-snippet:-1","max-image-preview":"max-image-preview:large","max-video-preview":"max-video-preview:-1"},"canonical":"https:\/\/www.labottega-delrestauro.com\/fr\/a-propos-de-nous\/","og_locale":"fr_FR","og_type":"article","og_title":"\u00c0 PROPOS DE NOUS - La Bottega del Restauro","og_description":"Ce qu'ils disent de nousAu fil des ans, la presse italienne et \u00e9trang\u00e8re nous ont Voici une petit illustration de notre pr\u00e9sence dans de nombreux magazines internationaux.","og_url":"https:\/\/www.labottega-delrestauro.com\/fr\/a-propos-de-nous\/","og_site_name":"La Bottega del Restauro","article_modified_time":"2022-08-26T07:46:27+00:00","twitter_card":"summary_large_image","twitter_misc":{"Dur\u00e9e de lecture estim\u00e9e":"2 minutes"},"schema":{"@context":"https:\/\/schema.org","@graph":[{"@type":"WebPage","@id":"https:\/\/www.labottega-delrestauro.com\/fr\/a-propos-de-nous\/","url":"https:\/\/www.labottega-delrestauro.com\/fr\/a-propos-de-nous\/","name":"\u00c0 PROPOS DE NOUS - La Bottega del Restauro","isPartOf":{"@id":"https:\/\/www.labottega-delrestauro.com\/fr\/#website"},"datePublished":"2022-03-29T07:40:06+00:00","dateModified":"2022-08-26T07:46:27+00:00","breadcrumb":{"@id":"https:\/\/www.labottega-delrestauro.com\/fr\/a-propos-de-nous\/#breadcrumb"},"inLanguage":"fr-FR","potentialAction":[{"@type":"ReadAction","target":["https:\/\/www.labottega-delrestauro.com\/fr\/a-propos-de-nous\/"]}]},{"@type":"BreadcrumbList","@id":"https:\/\/www.labottega-delrestauro.com\/fr\/a-propos-de-nous\/#breadcrumb","itemListElement":[{"@type":"ListItem","position":1,"name":"Home","item":"https:\/\/www.labottega-delrestauro.com\/fr\/"},{"@type":"ListItem","position":2,"name":"\u00c0 PROPOS DE NOUS"}]},{"@type":"WebSite","@id":"https:\/\/www.labottega-delrestauro.com\/fr\/#website","url":"https:\/\/www.labottega-delrestauro.com\/fr\/","name":"La Bottega del Restauro","description":"Restauro macchine Berkel","potentialAction":[{"@type":"SearchAction","target":{"@type":"EntryPoint","urlTemplate":"https:\/\/www.labottega-delrestauro.com\/fr\/?s={search_term_string}"},"query-input":{"@type":"PropertyValueSpecification","valueRequired":true,"valueName":"search_term_string"}}],"inLanguage":"fr-FR"}]}},"_links":{"self":[{"href":"https:\/\/www.labottega-delrestauro.com\/fr\/wp-json\/wp\/v2\/pages\/58073","targetHints":{"allow":["GET"]}}],"collection":[{"href":"https:\/\/www.labottega-delrestauro.com\/fr\/wp-json\/wp\/v2\/pages"}],"about":[{"href":"https:\/\/www.labottega-delrestauro.com\/fr\/wp-json\/wp\/v2\/types\/page"}],"author":[{"embeddable":true,"href":"https:\/\/www.labottega-delrestauro.com\/fr\/wp-json\/wp\/v2\/users\/1"}],"replies":[{"embeddable":true,"href":"https:\/\/www.labottega-delrestauro.com\/fr\/wp-json\/wp\/v2\/comments?post=58073"}],"version-history":[{"count":3,"href":"https:\/\/www.labottega-delrestauro.com\/fr\/wp-json\/wp\/v2\/pages\/58073\/revisions"}],"predecessor-version":[{"id":59433,"href":"https:\/\/www.labottega-delrestauro.com\/fr\/wp-json\/wp\/v2\/pages\/58073\/revisions\/59433"}],"wp:attachment":[{"href":"https:\/\/www.labottega-delrestauro.com\/fr\/wp-json\/wp\/v2\/media?parent=58073"}],"curies":[{"name":"wp","href":"https:\/\/api.w.org\/{rel}","templated":true}]}}