{"id":58686,"date":"2022-03-29T13:17:48","date_gmt":"2022-03-29T13:17:48","guid":{"rendered":"https:\/\/labottega.sviluppokeyweb.com\/prodotto\/affettatrice-berkel-modello-l\/"},"modified":"2022-09-01T10:01:46","modified_gmt":"2022-09-01T10:01:46","slug":"angebot-berkel-schneider-modell-l-alt-professionell","status":"publish","type":"product","link":"https:\/\/www.labottega-delrestauro.com\/de\/angebot-berkel-schneider-modell-l-alt-professionell\/","title":{"rendered":"Berkel Aufschnittmaschine &#8211; Modell L"},"content":{"rendered":"","protected":false},"excerpt":{"rendered":"<p><strong>Die Berkel-Schneidemaschine Modell &#8222;L&#8220;<\/strong>, die zwischen 1907 und 1916 hergestellt wurde, ist die meistproduzierte und auch die <strong>erste<\/strong>, <strong>die aus Holland exportiert wurde<\/strong>. Das Modell <strong>wurde zun\u00e4chst in Italien<\/strong> durch den Mail\u00e4nder H\u00e4ndler <strong>Bach &amp; Co<\/strong> vertrieben und sp\u00e4ter auch in S\u00fcdamerika, wo in jenen Jahren die <strong>Berkel Argentina<\/strong> entstand. Die Maschine, die in vielerlei Hinsicht den Berkel-Modellen C und D \u00e4hnelte (das erste wurde 1898 gebaut), verf\u00fcgt \u00fcber einen <strong>Schwungradantrieb<\/strong>, der Schlitten ruht <strong>auf vier R\u00e4dern<\/strong> und wird von einer Klinge gef\u00fchrt, die sich im Geh\u00e4use absenkt; die <strong>obere Klammer<\/strong> wird zwischen zwei Zahnstangen gehalten und bewegt sich ebenfalls mit dem <strong>Schneckensystem<\/strong> vorw\u00e4rts, das durch eine nummerierte Stange geregelt wird. Die <strong>Klinge<\/strong> mit einem <strong>Durchmesser von 350 mm<\/strong> ist auf einer <strong>runden Schulter<\/strong> montiert, an der das Handschuhfach aus Metall und das Typenschild, das je nach Land, in dem es gekauft wurde, unterschiedlich ist, befestigt sind. Im oberen Teil der Schulter befindet sich der <strong>Klingensch\u00e4rfer<\/strong>, der aus mehreren verchromten Teilen besteht, die alle sichtbar und ohne Verkleidung sind.<\/p>\n<p>Dieses <strong>akkurat und professionell restaurierte<\/strong> Vintage-Modell ist eines der Flaggschiffe unter den <strong>Vintage-Aufschnittmaschinen<\/strong> der historischen niederl\u00e4ndischen Marke.<\/p>\n<p>&nbsp;<\/p>\n<h2>Professionelle Restaurierung<\/h2>\n<p>Wenn Sie wissen m\u00f6chten, <strong>ob die Berkel-Schneidemaschine Modell L <\/strong>und alle anderen von uns fachgerecht restaurierten Vintage-St\u00fccke verf\u00fcgbar sind, <strong>wenden Sie sich bitte an unsere Mitarbeiter<\/strong>. Sie k\u00f6nnen ein <strong>vollst\u00e4ndiges Angebot<\/strong> f\u00fcr ein restauriertes Modell mit <strong>Garantie desselben Herstellers erhalten<\/strong> und in <strong>ein einzigartiges St\u00fcck<\/strong> investieren.<\/p>\n<p>Wir sind <strong>in ganz Italien t\u00e4tig<\/strong> und bieten <strong>Sammlern und Liebhabern<\/strong> historischer Maschinen Modelle an, die von<strong> unserem qualifizierten Personal <\/strong>in allen Teilen, vom Schwungrad bis zur Klinge, <strong>restauriert<\/strong> wurden.<\/p>\n","protected":false},"featured_media":56939,"template":"","meta":{"_et_pb_use_builder":"","_et_pb_old_content":"","_et_gb_content_width":""},"product_cat":[367],"product_tag":[],"class_list":{"0":"post-58686","1":"product","2":"type-product","3":"status-publish","4":"has-post-thumbnail","6":"product_cat-bergung-antiker-berkel-historische-modelle-europaeischer-schneidemaschinen","7":"pa_lama-350-de","8":"pa_larghezza-660-de","9":"pa_periodo-1898-1925-de","10":"pa_peso-101-kg-de","11":"pa_profondita-835-de","12":"pa_volano-blumenfoermig","14":"first","15":"instock","16":"product-type-simple"},"yoast_head":"<!-- This site is optimized with the Yoast SEO plugin v23.6 - https:\/\/yoast.com\/wordpress\/plugins\/seo\/ -->\n<title>Berkel Aufschnittmaschine Modell L \u2013 Handrestauriertes antikes Modell Blumenschwungrad<\/title>\n<meta name=\"description\" content=\"Wir sind landesweit t\u00e4tig, um den Liebhabern von Oldtimern alle alten, professionell restaurierten Berkel-Handschneidemaschinen, einschlie\u00dflich des Modells L, anzubieten.\" \/>\n<meta name=\"robots\" content=\"index, follow, max-snippet:-1, max-image-preview:large, max-video-preview:-1\" \/>\n<link rel=\"canonical\" href=\"https:\/\/www.labottega-delrestauro.com\/de\/angebot-berkel-schneider-modell-l-alt-professionell\/\" \/>\n<meta property=\"og:locale\" content=\"de_DE\" \/>\n<meta property=\"og:type\" content=\"article\" \/>\n<meta property=\"og:title\" content=\"Berkel Aufschnittmaschine Modell L \u2013 Handrestauriertes antikes Modell Blumenschwungrad\" \/>\n<meta property=\"og:description\" content=\"Wir sind landesweit t\u00e4tig, um den Liebhabern von Oldtimern alle alten, professionell restaurierten Berkel-Handschneidemaschinen, einschlie\u00dflich des Modells L, anzubieten.\" \/>\n<meta property=\"og:url\" content=\"https:\/\/www.labottega-delrestauro.com\/de\/angebot-berkel-schneider-modell-l-alt-professionell\/\" \/>\n<meta property=\"og:site_name\" content=\"La Bottega del Restauro\" \/>\n<meta property=\"article:modified_time\" content=\"2022-09-01T10:01:46+00:00\" \/>\n<meta property=\"og:image\" content=\"https:\/\/www.labottega-delrestauro.com\/wp-content\/uploads\/2022\/03\/affettatrice-berkel-modello-l.jpg\" \/>\n\t<meta property=\"og:image:width\" content=\"1000\" \/>\n\t<meta property=\"og:image:height\" content=\"1500\" \/>\n\t<meta property=\"og:image:type\" content=\"image\/jpeg\" \/>\n<meta name=\"twitter:card\" content=\"summary_large_image\" \/>\n<script type=\"application\/ld+json\" class=\"yoast-schema-graph\">{\"@context\":\"https:\/\/schema.org\",\"@graph\":[{\"@type\":\"WebPage\",\"@id\":\"https:\/\/www.labottega-delrestauro.com\/de\/angebot-berkel-schneider-modell-l-alt-professionell\/\",\"url\":\"https:\/\/www.labottega-delrestauro.com\/de\/angebot-berkel-schneider-modell-l-alt-professionell\/\",\"name\":\"Berkel Aufschnittmaschine Modell L \u2013 Handrestauriertes antikes Modell Blumenschwungrad\",\"isPartOf\":{\"@id\":\"https:\/\/www.labottega-delrestauro.com\/de\/#website\"},\"primaryImageOfPage\":{\"@id\":\"https:\/\/www.labottega-delrestauro.com\/de\/angebot-berkel-schneider-modell-l-alt-professionell\/#primaryimage\"},\"image\":{\"@id\":\"https:\/\/www.labottega-delrestauro.com\/de\/angebot-berkel-schneider-modell-l-alt-professionell\/#primaryimage\"},\"thumbnailUrl\":\"https:\/\/www.labottega-delrestauro.com\/wp-content\/uploads\/2022\/03\/affettatrice-berkel-modello-l.jpg\",\"datePublished\":\"2022-03-29T13:17:48+00:00\",\"dateModified\":\"2022-09-01T10:01:46+00:00\",\"description\":\"Wir sind landesweit t\u00e4tig, um den Liebhabern von Oldtimern alle alten, professionell restaurierten Berkel-Handschneidemaschinen, einschlie\u00dflich des Modells L, anzubieten.\",\"breadcrumb\":{\"@id\":\"https:\/\/www.labottega-delrestauro.com\/de\/angebot-berkel-schneider-modell-l-alt-professionell\/#breadcrumb\"},\"inLanguage\":\"de\",\"potentialAction\":[{\"@type\":\"ReadAction\",\"target\":[\"https:\/\/www.labottega-delrestauro.com\/de\/angebot-berkel-schneider-modell-l-alt-professionell\/\"]}]},{\"@type\":\"ImageObject\",\"inLanguage\":\"de\",\"@id\":\"https:\/\/www.labottega-delrestauro.com\/de\/angebot-berkel-schneider-modell-l-alt-professionell\/#primaryimage\",\"url\":\"https:\/\/www.labottega-delrestauro.com\/wp-content\/uploads\/2022\/03\/affettatrice-berkel-modello-l.jpg\",\"contentUrl\":\"https:\/\/www.labottega-delrestauro.com\/wp-content\/uploads\/2022\/03\/affettatrice-berkel-modello-l.jpg\",\"width\":1000,\"height\":1500},{\"@type\":\"BreadcrumbList\",\"@id\":\"https:\/\/www.labottega-delrestauro.com\/de\/angebot-berkel-schneider-modell-l-alt-professionell\/#breadcrumb\",\"itemListElement\":[{\"@type\":\"ListItem\",\"position\":1,\"name\":\"Home\",\"item\":\"https:\/\/www.labottega-delrestauro.com\/de\/\"},{\"@type\":\"ListItem\",\"position\":2,\"name\":\"Shop\",\"item\":\"https:\/\/www.labottega-delrestauro.com\/de\/negozio\/\"},{\"@type\":\"ListItem\",\"position\":3,\"name\":\"Berkel Aufschnittmaschine &#8211; Modell L\"}]},{\"@type\":\"WebSite\",\"@id\":\"https:\/\/www.labottega-delrestauro.com\/de\/#website\",\"url\":\"https:\/\/www.labottega-delrestauro.com\/de\/\",\"name\":\"La Bottega del Restauro\",\"description\":\"Restauro macchine Berkel\",\"potentialAction\":[{\"@type\":\"SearchAction\",\"target\":{\"@type\":\"EntryPoint\",\"urlTemplate\":\"https:\/\/www.labottega-delrestauro.com\/de\/?s={search_term_string}\"},\"query-input\":{\"@type\":\"PropertyValueSpecification\",\"valueRequired\":true,\"valueName\":\"search_term_string\"}}],\"inLanguage\":\"de\"}]}<\/script>\n<!-- \/ Yoast SEO plugin. -->","yoast_head_json":{"title":"Berkel Aufschnittmaschine Modell L \u2013 Handrestauriertes antikes Modell Blumenschwungrad","description":"Wir sind landesweit t\u00e4tig, um den Liebhabern von Oldtimern alle alten, professionell restaurierten Berkel-Handschneidemaschinen, einschlie\u00dflich des Modells L, anzubieten.","robots":{"index":"index","follow":"follow","max-snippet":"max-snippet:-1","max-image-preview":"max-image-preview:large","max-video-preview":"max-video-preview:-1"},"canonical":"https:\/\/www.labottega-delrestauro.com\/de\/angebot-berkel-schneider-modell-l-alt-professionell\/","og_locale":"de_DE","og_type":"article","og_title":"Berkel Aufschnittmaschine Modell L \u2013 Handrestauriertes antikes Modell Blumenschwungrad","og_description":"Wir sind landesweit t\u00e4tig, um den Liebhabern von Oldtimern alle alten, professionell restaurierten Berkel-Handschneidemaschinen, einschlie\u00dflich des Modells L, anzubieten.","og_url":"https:\/\/www.labottega-delrestauro.com\/de\/angebot-berkel-schneider-modell-l-alt-professionell\/","og_site_name":"La Bottega del Restauro","article_modified_time":"2022-09-01T10:01:46+00:00","og_image":[{"width":1000,"height":1500,"url":"https:\/\/www.labottega-delrestauro.com\/wp-content\/uploads\/2022\/03\/affettatrice-berkel-modello-l.jpg","type":"image\/jpeg"}],"twitter_card":"summary_large_image","schema":{"@context":"https:\/\/schema.org","@graph":[{"@type":"WebPage","@id":"https:\/\/www.labottega-delrestauro.com\/de\/angebot-berkel-schneider-modell-l-alt-professionell\/","url":"https:\/\/www.labottega-delrestauro.com\/de\/angebot-berkel-schneider-modell-l-alt-professionell\/","name":"Berkel Aufschnittmaschine Modell L \u2013 Handrestauriertes antikes Modell Blumenschwungrad","isPartOf":{"@id":"https:\/\/www.labottega-delrestauro.com\/de\/#website"},"primaryImageOfPage":{"@id":"https:\/\/www.labottega-delrestauro.com\/de\/angebot-berkel-schneider-modell-l-alt-professionell\/#primaryimage"},"image":{"@id":"https:\/\/www.labottega-delrestauro.com\/de\/angebot-berkel-schneider-modell-l-alt-professionell\/#primaryimage"},"thumbnailUrl":"https:\/\/www.labottega-delrestauro.com\/wp-content\/uploads\/2022\/03\/affettatrice-berkel-modello-l.jpg","datePublished":"2022-03-29T13:17:48+00:00","dateModified":"2022-09-01T10:01:46+00:00","description":"Wir sind landesweit t\u00e4tig, um den Liebhabern von Oldtimern alle alten, professionell restaurierten Berkel-Handschneidemaschinen, einschlie\u00dflich des Modells L, anzubieten.","breadcrumb":{"@id":"https:\/\/www.labottega-delrestauro.com\/de\/angebot-berkel-schneider-modell-l-alt-professionell\/#breadcrumb"},"inLanguage":"de","potentialAction":[{"@type":"ReadAction","target":["https:\/\/www.labottega-delrestauro.com\/de\/angebot-berkel-schneider-modell-l-alt-professionell\/"]}]},{"@type":"ImageObject","inLanguage":"de","@id":"https:\/\/www.labottega-delrestauro.com\/de\/angebot-berkel-schneider-modell-l-alt-professionell\/#primaryimage","url":"https:\/\/www.labottega-delrestauro.com\/wp-content\/uploads\/2022\/03\/affettatrice-berkel-modello-l.jpg","contentUrl":"https:\/\/www.labottega-delrestauro.com\/wp-content\/uploads\/2022\/03\/affettatrice-berkel-modello-l.jpg","width":1000,"height":1500},{"@type":"BreadcrumbList","@id":"https:\/\/www.labottega-delrestauro.com\/de\/angebot-berkel-schneider-modell-l-alt-professionell\/#breadcrumb","itemListElement":[{"@type":"ListItem","position":1,"name":"Home","item":"https:\/\/www.labottega-delrestauro.com\/de\/"},{"@type":"ListItem","position":2,"name":"Shop","item":"https:\/\/www.labottega-delrestauro.com\/de\/negozio\/"},{"@type":"ListItem","position":3,"name":"Berkel Aufschnittmaschine &#8211; Modell L"}]},{"@type":"WebSite","@id":"https:\/\/www.labottega-delrestauro.com\/de\/#website","url":"https:\/\/www.labottega-delrestauro.com\/de\/","name":"La Bottega del Restauro","description":"Restauro macchine Berkel","potentialAction":[{"@type":"SearchAction","target":{"@type":"EntryPoint","urlTemplate":"https:\/\/www.labottega-delrestauro.com\/de\/?s={search_term_string}"},"query-input":{"@type":"PropertyValueSpecification","valueRequired":true,"valueName":"search_term_string"}}],"inLanguage":"de"}]}},"_links":{"self":[{"href":"https:\/\/www.labottega-delrestauro.com\/de\/wp-json\/wp\/v2\/product\/58686","targetHints":{"allow":["GET"]}}],"collection":[{"href":"https:\/\/www.labottega-delrestauro.com\/de\/wp-json\/wp\/v2\/product"}],"about":[{"href":"https:\/\/www.labottega-delrestauro.com\/de\/wp-json\/wp\/v2\/types\/product"}],"wp:featuredmedia":[{"embeddable":true,"href":"https:\/\/www.labottega-delrestauro.com\/de\/wp-json\/wp\/v2\/media\/56939"}],"wp:attachment":[{"href":"https:\/\/www.labottega-delrestauro.com\/de\/wp-json\/wp\/v2\/media?parent=58686"}],"wp:term":[{"taxonomy":"product_cat","embeddable":true,"href":"https:\/\/www.labottega-delrestauro.com\/de\/wp-json\/wp\/v2\/product_cat?post=58686"},{"taxonomy":"product_tag","embeddable":true,"href":"https:\/\/www.labottega-delrestauro.com\/de\/wp-json\/wp\/v2\/product_tag?post=58686"}],"curies":[{"name":"wp","href":"https:\/\/api.w.org\/{rel}","templated":true}]}}