{"id":58655,"date":"2022-03-29T13:17:48","date_gmt":"2022-03-29T13:17:48","guid":{"rendered":"https:\/\/labottega.sviluppokeyweb.com\/prodotto\/affettatrice-berkel-modello-c\/"},"modified":"2022-08-29T10:21:47","modified_gmt":"2022-08-29T10:21:47","slug":"berkel-c-schneider-fuer-sammler-preis-stuecke","status":"publish","type":"product","link":"https:\/\/www.labottega-delrestauro.com\/de\/berkel-c-schneider-fuer-sammler-preis-stuecke\/","title":{"rendered":"Berkel Schneidenmaschine &#8211; Modell C"},"content":{"rendered":"","protected":false},"excerpt":{"rendered":"<p><strong>AUFSCHNITTMASCHINE F\u00dcR SAMMLER, UNVERK\u00c4UFLICH<\/strong><\/p>\n<p><strong>Die Schneidemaschine<\/strong>, die Sie auf dem Bild sehen, ist Eigentum von <strong>Berkel SPA<\/strong>, die sie uns geschickt hat, um sie zu <strong>restaurieren<\/strong> und wieder funktionsf\u00e4hig zu machen.<\/p>\n<p>Sie wurde zwischen 1898 und 1906 gebaut und ist das <strong>dritte Modell <\/strong>von<strong> Van Berkel<\/strong>, das im Jahr der Firmengr\u00fcndung (1898) entstand. Noch im selben Jahr wurden f\u00fcnf produziert, und in den folgenden Jahren nahm das Unternehmen Fahrt auf. Es war der <strong>erste Nachkomme des Model A<\/strong>. Das <strong>Modell B<\/strong> war ein Modell ohne Schwungrad und v\u00f6llig anders. Vom Modell A \u00fcbernahm dieses <strong>wunderbare C<\/strong> die <strong>Form<\/strong> und <strong>Gr\u00f6\u00dfe<\/strong> sowie das <strong>Schwungrad<\/strong>, aber es war schon anders, denn das Modell A brauchte seinen Sockel, um zu funktionieren, da ein Teil des Getriebes auf ihm befestigt war und einen einzigen K\u00f6rper bildete. Dieser diente trotz <strong>seines einzigartigen Sockels<\/strong> nur als St\u00fctze f\u00fcr die Schneidemaschine.<\/p>\n<p>Die <strong>Berkel-Schneidemaschine Modell C<\/strong> verf\u00fcgte \u00fcber einen <strong>Schlitten<\/strong>, der auf kleinen R\u00e4dern auf zwei am Sockel befestigten F\u00fchrungen gleitete, wobei die <strong>obere Klemme<\/strong> zwischen zwei Zahnstangen eingeklemmt war, sowie \u00fcber ein Schneckensystem im vorderen Teil des Schlittens, \u00fcber dem sich ein<strong> sch\u00f6nes und ausgekl\u00fcgeltes Kammfreigabesystem<\/strong> befand, das durch eine nummerierte Stange geregelt wurde. Die <strong>Klinge<\/strong> mit einem Durchmesser von 350 mm ist auf einer besonderen, nach au\u00dfen <strong>offenen<\/strong> <strong>Schulter<\/strong> montiert, auf der ein Schild mit den Patentnummern angebracht wurde. Oben an der Schulter ist die Kette zu sehen, die die Klinge antreibt. Das <strong>Sch\u00e4rfger\u00e4t<\/strong> war noch nicht montiert.<\/p>\n<p>Kurzum, vom <strong>gebl\u00fcmten Schwungrad<\/strong> bis hin zu allen anderen Komponenten in der charakteristischen <strong>roten Farbe<\/strong> ist dieses <strong>Berkel-Sammlermodell<\/strong> ein \u00e4u\u00dferst <strong>wertvolles<\/strong> St\u00fcck, das der Einrichtung eines Raumes eine besondere und kostbare Note verleihen kann. Sammler werden in dieser Schneidemaschine ihren <strong>unsch\u00e4tzbaren Wert<\/strong> erkennen: Unsere Handwerker haben darauf geachtet, ihr <strong>den Glanz vergangener Zeiten <\/strong>zur\u00fcckzugeben, sowohl auf <strong>funktionaler<\/strong> als auch auf <strong>\u00e4sthetischer<\/strong> Ebene.<\/p>\n<p><strong>Setzen Sie sich mit uns in Verbindung<\/strong>, um mehr \u00fcber unsere Dienstleistungen f\u00fcr <strong>Sammler in Italien<\/strong> und der ganzen <strong>Welt<\/strong> zu erfahren.<\/p>\n","protected":false},"featured_media":57299,"template":"","meta":{"_et_pb_use_builder":"","_et_pb_old_content":"","_et_gb_content_width":""},"product_cat":[361],"product_tag":[],"class_list":{"0":"post-58655","1":"product","2":"type-product","3":"status-publish","4":"has-post-thumbnail","6":"product_cat-geschaefts-reparatur-verkaufen-sammelbare-berkel-schneider","7":"pa_lama-350-de","8":"pa_larghezza-32-de","9":"pa_periodo-1898-1925-de","10":"pa_peso-33-de","11":"pa_profondita-34-de","12":"pa_volano-35-de","14":"first","15":"instock","16":"product-type-simple"},"yoast_head":"<!-- This site is optimized with the Yoast SEO plugin v23.6 - https:\/\/yoast.com\/wordpress\/plugins\/seo\/ -->\n<title>Berkel sammler- gebl\u00fcmtes Schwungrad Kammausl\u00f6sung rote Farbe<\/title>\n<meta name=\"description\" content=\"Von Berkel erhalten, haben wir den C-Hobel restauriert, ein St\u00fcck mit einer unverwechselbaren roten Farbe, von absolutem Wert, f\u00fcr Sammler.\" \/>\n<meta name=\"robots\" content=\"index, follow, max-snippet:-1, max-image-preview:large, max-video-preview:-1\" \/>\n<link rel=\"canonical\" href=\"https:\/\/www.labottega-delrestauro.com\/de\/berkel-c-schneider-fuer-sammler-preis-stuecke\/\" \/>\n<meta property=\"og:locale\" content=\"de_DE\" \/>\n<meta property=\"og:type\" content=\"article\" \/>\n<meta property=\"og:title\" content=\"Berkel sammler- gebl\u00fcmtes Schwungrad Kammausl\u00f6sung rote Farbe\" \/>\n<meta property=\"og:description\" content=\"Von Berkel erhalten, haben wir den C-Hobel restauriert, ein St\u00fcck mit einer unverwechselbaren roten Farbe, von absolutem Wert, f\u00fcr Sammler.\" \/>\n<meta property=\"og:url\" content=\"https:\/\/www.labottega-delrestauro.com\/de\/berkel-c-schneider-fuer-sammler-preis-stuecke\/\" \/>\n<meta property=\"og:site_name\" content=\"La Bottega del Restauro\" \/>\n<meta property=\"article:modified_time\" content=\"2022-08-29T10:21:47+00:00\" \/>\n<meta property=\"og:image\" content=\"https:\/\/www.labottega-delrestauro.com\/wp-content\/uploads\/2022\/03\/affettatrice-berkel-c-da-collezione.jpg\" \/>\n\t<meta property=\"og:image:width\" content=\"400\" \/>\n\t<meta property=\"og:image:height\" content=\"600\" \/>\n\t<meta property=\"og:image:type\" content=\"image\/jpeg\" \/>\n<meta name=\"twitter:card\" content=\"summary_large_image\" \/>\n<script type=\"application\/ld+json\" class=\"yoast-schema-graph\">{\"@context\":\"https:\/\/schema.org\",\"@graph\":[{\"@type\":\"WebPage\",\"@id\":\"https:\/\/www.labottega-delrestauro.com\/de\/berkel-c-schneider-fuer-sammler-preis-stuecke\/\",\"url\":\"https:\/\/www.labottega-delrestauro.com\/de\/berkel-c-schneider-fuer-sammler-preis-stuecke\/\",\"name\":\"Berkel sammler- gebl\u00fcmtes Schwungrad Kammausl\u00f6sung rote Farbe\",\"isPartOf\":{\"@id\":\"https:\/\/www.labottega-delrestauro.com\/de\/#website\"},\"primaryImageOfPage\":{\"@id\":\"https:\/\/www.labottega-delrestauro.com\/de\/berkel-c-schneider-fuer-sammler-preis-stuecke\/#primaryimage\"},\"image\":{\"@id\":\"https:\/\/www.labottega-delrestauro.com\/de\/berkel-c-schneider-fuer-sammler-preis-stuecke\/#primaryimage\"},\"thumbnailUrl\":\"https:\/\/www.labottega-delrestauro.com\/wp-content\/uploads\/2022\/03\/affettatrice-berkel-c-da-collezione.jpg\",\"datePublished\":\"2022-03-29T13:17:48+00:00\",\"dateModified\":\"2022-08-29T10:21:47+00:00\",\"description\":\"Von Berkel erhalten, haben wir den C-Hobel restauriert, ein St\u00fcck mit einer unverwechselbaren roten Farbe, von absolutem Wert, f\u00fcr Sammler.\",\"breadcrumb\":{\"@id\":\"https:\/\/www.labottega-delrestauro.com\/de\/berkel-c-schneider-fuer-sammler-preis-stuecke\/#breadcrumb\"},\"inLanguage\":\"de\",\"potentialAction\":[{\"@type\":\"ReadAction\",\"target\":[\"https:\/\/www.labottega-delrestauro.com\/de\/berkel-c-schneider-fuer-sammler-preis-stuecke\/\"]}]},{\"@type\":\"ImageObject\",\"inLanguage\":\"de\",\"@id\":\"https:\/\/www.labottega-delrestauro.com\/de\/berkel-c-schneider-fuer-sammler-preis-stuecke\/#primaryimage\",\"url\":\"https:\/\/www.labottega-delrestauro.com\/wp-content\/uploads\/2022\/03\/affettatrice-berkel-c-da-collezione.jpg\",\"contentUrl\":\"https:\/\/www.labottega-delrestauro.com\/wp-content\/uploads\/2022\/03\/affettatrice-berkel-c-da-collezione.jpg\",\"width\":400,\"height\":600},{\"@type\":\"BreadcrumbList\",\"@id\":\"https:\/\/www.labottega-delrestauro.com\/de\/berkel-c-schneider-fuer-sammler-preis-stuecke\/#breadcrumb\",\"itemListElement\":[{\"@type\":\"ListItem\",\"position\":1,\"name\":\"Home\",\"item\":\"https:\/\/www.labottega-delrestauro.com\/de\/\"},{\"@type\":\"ListItem\",\"position\":2,\"name\":\"Shop\",\"item\":\"https:\/\/www.labottega-delrestauro.com\/de\/negozio\/\"},{\"@type\":\"ListItem\",\"position\":3,\"name\":\"Berkel Schneidenmaschine &#8211; Modell C\"}]},{\"@type\":\"WebSite\",\"@id\":\"https:\/\/www.labottega-delrestauro.com\/de\/#website\",\"url\":\"https:\/\/www.labottega-delrestauro.com\/de\/\",\"name\":\"La Bottega del Restauro\",\"description\":\"Restauro macchine Berkel\",\"potentialAction\":[{\"@type\":\"SearchAction\",\"target\":{\"@type\":\"EntryPoint\",\"urlTemplate\":\"https:\/\/www.labottega-delrestauro.com\/de\/?s={search_term_string}\"},\"query-input\":{\"@type\":\"PropertyValueSpecification\",\"valueRequired\":true,\"valueName\":\"search_term_string\"}}],\"inLanguage\":\"de\"}]}<\/script>\n<!-- \/ Yoast SEO plugin. -->","yoast_head_json":{"title":"Berkel sammler- gebl\u00fcmtes Schwungrad Kammausl\u00f6sung rote Farbe","description":"Von Berkel erhalten, haben wir den C-Hobel restauriert, ein St\u00fcck mit einer unverwechselbaren roten Farbe, von absolutem Wert, f\u00fcr Sammler.","robots":{"index":"index","follow":"follow","max-snippet":"max-snippet:-1","max-image-preview":"max-image-preview:large","max-video-preview":"max-video-preview:-1"},"canonical":"https:\/\/www.labottega-delrestauro.com\/de\/berkel-c-schneider-fuer-sammler-preis-stuecke\/","og_locale":"de_DE","og_type":"article","og_title":"Berkel sammler- gebl\u00fcmtes Schwungrad Kammausl\u00f6sung rote Farbe","og_description":"Von Berkel erhalten, haben wir den C-Hobel restauriert, ein St\u00fcck mit einer unverwechselbaren roten Farbe, von absolutem Wert, f\u00fcr Sammler.","og_url":"https:\/\/www.labottega-delrestauro.com\/de\/berkel-c-schneider-fuer-sammler-preis-stuecke\/","og_site_name":"La Bottega del Restauro","article_modified_time":"2022-08-29T10:21:47+00:00","og_image":[{"width":400,"height":600,"url":"https:\/\/www.labottega-delrestauro.com\/wp-content\/uploads\/2022\/03\/affettatrice-berkel-c-da-collezione.jpg","type":"image\/jpeg"}],"twitter_card":"summary_large_image","schema":{"@context":"https:\/\/schema.org","@graph":[{"@type":"WebPage","@id":"https:\/\/www.labottega-delrestauro.com\/de\/berkel-c-schneider-fuer-sammler-preis-stuecke\/","url":"https:\/\/www.labottega-delrestauro.com\/de\/berkel-c-schneider-fuer-sammler-preis-stuecke\/","name":"Berkel sammler- gebl\u00fcmtes Schwungrad Kammausl\u00f6sung rote Farbe","isPartOf":{"@id":"https:\/\/www.labottega-delrestauro.com\/de\/#website"},"primaryImageOfPage":{"@id":"https:\/\/www.labottega-delrestauro.com\/de\/berkel-c-schneider-fuer-sammler-preis-stuecke\/#primaryimage"},"image":{"@id":"https:\/\/www.labottega-delrestauro.com\/de\/berkel-c-schneider-fuer-sammler-preis-stuecke\/#primaryimage"},"thumbnailUrl":"https:\/\/www.labottega-delrestauro.com\/wp-content\/uploads\/2022\/03\/affettatrice-berkel-c-da-collezione.jpg","datePublished":"2022-03-29T13:17:48+00:00","dateModified":"2022-08-29T10:21:47+00:00","description":"Von Berkel erhalten, haben wir den C-Hobel restauriert, ein St\u00fcck mit einer unverwechselbaren roten Farbe, von absolutem Wert, f\u00fcr Sammler.","breadcrumb":{"@id":"https:\/\/www.labottega-delrestauro.com\/de\/berkel-c-schneider-fuer-sammler-preis-stuecke\/#breadcrumb"},"inLanguage":"de","potentialAction":[{"@type":"ReadAction","target":["https:\/\/www.labottega-delrestauro.com\/de\/berkel-c-schneider-fuer-sammler-preis-stuecke\/"]}]},{"@type":"ImageObject","inLanguage":"de","@id":"https:\/\/www.labottega-delrestauro.com\/de\/berkel-c-schneider-fuer-sammler-preis-stuecke\/#primaryimage","url":"https:\/\/www.labottega-delrestauro.com\/wp-content\/uploads\/2022\/03\/affettatrice-berkel-c-da-collezione.jpg","contentUrl":"https:\/\/www.labottega-delrestauro.com\/wp-content\/uploads\/2022\/03\/affettatrice-berkel-c-da-collezione.jpg","width":400,"height":600},{"@type":"BreadcrumbList","@id":"https:\/\/www.labottega-delrestauro.com\/de\/berkel-c-schneider-fuer-sammler-preis-stuecke\/#breadcrumb","itemListElement":[{"@type":"ListItem","position":1,"name":"Home","item":"https:\/\/www.labottega-delrestauro.com\/de\/"},{"@type":"ListItem","position":2,"name":"Shop","item":"https:\/\/www.labottega-delrestauro.com\/de\/negozio\/"},{"@type":"ListItem","position":3,"name":"Berkel Schneidenmaschine &#8211; Modell C"}]},{"@type":"WebSite","@id":"https:\/\/www.labottega-delrestauro.com\/de\/#website","url":"https:\/\/www.labottega-delrestauro.com\/de\/","name":"La Bottega del Restauro","description":"Restauro macchine Berkel","potentialAction":[{"@type":"SearchAction","target":{"@type":"EntryPoint","urlTemplate":"https:\/\/www.labottega-delrestauro.com\/de\/?s={search_term_string}"},"query-input":{"@type":"PropertyValueSpecification","valueRequired":true,"valueName":"search_term_string"}}],"inLanguage":"de"}]}},"_links":{"self":[{"href":"https:\/\/www.labottega-delrestauro.com\/de\/wp-json\/wp\/v2\/product\/58655","targetHints":{"allow":["GET"]}}],"collection":[{"href":"https:\/\/www.labottega-delrestauro.com\/de\/wp-json\/wp\/v2\/product"}],"about":[{"href":"https:\/\/www.labottega-delrestauro.com\/de\/wp-json\/wp\/v2\/types\/product"}],"wp:featuredmedia":[{"embeddable":true,"href":"https:\/\/www.labottega-delrestauro.com\/de\/wp-json\/wp\/v2\/media\/57299"}],"wp:attachment":[{"href":"https:\/\/www.labottega-delrestauro.com\/de\/wp-json\/wp\/v2\/media?parent=58655"}],"wp:term":[{"taxonomy":"product_cat","embeddable":true,"href":"https:\/\/www.labottega-delrestauro.com\/de\/wp-json\/wp\/v2\/product_cat?post=58655"},{"taxonomy":"product_tag","embeddable":true,"href":"https:\/\/www.labottega-delrestauro.com\/de\/wp-json\/wp\/v2\/product_tag?post=58655"}],"curies":[{"name":"wp","href":"https:\/\/api.w.org\/{rel}","templated":true}]}}