{"id":58609,"date":"2022-03-29T13:17:48","date_gmt":"2022-03-29T13:17:48","guid":{"rendered":"https:\/\/labottega.sviluppokeyweb.com\/prodotto\/affettatrice-berkel-modello-p\/"},"modified":"2022-09-29T08:46:13","modified_gmt":"2022-09-29T08:46:13","slug":"berkel-model-p-professional-design-ohne-sockel","status":"publish","type":"product","link":"https:\/\/www.labottega-delrestauro.com\/de\/berkel-model-p-professional-design-ohne-sockel\/","title":{"rendered":"Berkel-Schneidemaschine &#8211; Modell P"},"content":{"rendered":"<p><iframe loading=\"lazy\" width=\"560\" height=\"315\" src=\"https:\/\/www.youtube.com\/embed\/Qvg8qVn5gZI\" title=\"YouTube video player\" frameborder=\"0\" allow=\"accelerometer; autoplay; clipboard-write; encrypted-media; gyroscope; picture-in-picture\" allowfullscreen><\/iframe><\/p>\n","protected":false},"excerpt":{"rendered":"<p>Das <strong>Modell Berkel P<\/strong> wurde in der <strong>Nachkriegszeit<\/strong> ausschlie\u00dflich in Italien von <strong>&#8222;THE AUTO-SCALE SLICTIN-MACHINE-Milano&#8220;<\/strong> gebaut, dem historischen Unternehmen, das damals f\u00fcr den Import, den Vertrieb und die Montage der <strong>Berkel-Aufschnittmaschinen<\/strong> zust\u00e4ndig war.<\/p>\n<p>Es handelte sich um ein <strong>kleines Modell<\/strong>, das f\u00fcr <strong>Stra\u00dfenverk\u00e4ufer und Bars<\/strong> konzipiert war.<\/p>\n<p>Die <strong>Maschine<\/strong> mit dem Gleiten des Schlittens auf dem Drehpunkt, hat die Bewegung, die durch ein <strong>Schwungrad des geschlossenen Typs<\/strong> mit aufgetragenen <strong>Aufklebern<\/strong> angetrieben wird, der obere Schlitten tr\u00e4gt die Schnecke unter demselben mit dem Ratschensystem, um es innerhalb der <strong>Dickenregulierungsuhr<\/strong> der neuen Herstellung mit <strong>Plastikknopf<\/strong> zu bedienen.<\/p>\n<p>Die <strong>Klammer<\/strong> ist <strong>vom<\/strong> <strong>Typ &#8222;offener&#8220; Arm<\/strong>, der hinten mit <strong>zwei Bolzen befestigt<\/strong> und vorne offen ist, aber in einigen Beispielen findet man auch den <strong>&#8222;geschlossenen&#8220; Typ<\/strong> mit <strong>vorderen und hinteren Bolzen<\/strong>, die f\u00fcr den Zugang zu gro\u00dfen Produkten frei sind.<\/p>\n<p><strong>Der<\/strong> <strong>Sch\u00e4rfer<\/strong> des <strong>Berkel P<\/strong> Hobels ist oben mit einer <strong>&#8222;Kappe&#8220;<\/strong> aus verchromtem Metall versehen und unterscheidet sich von den \u00fcblichen, da er in Form und Gr\u00f6\u00dfe reduziert ist.<\/p>\n<p>Die <strong>Klinge<\/strong> hat einen Durchmesser von 295 mm und ist auf der <strong>bogenf\u00f6rmigen Schulter<\/strong> mit der wei\u00dfen Opalglasplatte montiert.<\/p>\n<p>&nbsp;<\/p>\n<h2>Eine der neuesten Schwungradschneidemaschinen<\/h2>\n<p>Das <strong>Modell P von Berkel<\/strong> ist eine <strong>ziemlich innovative Schneidemaschine<\/strong>, die ihre fr\u00fcheren Vorg\u00e4nger perfektioniert.<\/p>\n<p>Diese <strong>historische<\/strong> <strong>Handschneidemaschine<\/strong> aus der <strong>Nachkriegszeit<\/strong> kommt den neuesten Modellen, die professionell arbeiten, in<strong> Design und \u00c4sthetik <\/strong>sehr nahe.<\/p>\n<p><strong>Wenden Sie sich an La Bottega del Restauro<\/strong>, um sich \u00fcber die Verf\u00fcgbarkeit dieses <strong>vollst\u00e4ndig in Italien hergestellten<\/strong> Modells zu erkundigen: Wir restaurieren <strong>sorgf\u00e4ltig und zertifiziert<\/strong> St\u00fccke <strong>f\u00fcr Sammler und Liebhaber<\/strong>. Je nach Anfrage werden die Maschinen <strong>mit oder ohne Sockel <\/strong>geliefert. Wir liefern in <strong>ganz Italien und ins Ausland<\/strong>.<\/p>\n","protected":false},"featured_media":57251,"template":"","meta":{"_et_pb_use_builder":"","_et_pb_old_content":"","_et_gb_content_width":""},"product_cat":[367],"product_tag":[],"class_list":{"0":"post-58609","1":"product","2":"type-product","3":"status-publish","4":"has-post-thumbnail","6":"product_cat-bergung-antiker-berkel-historische-modelle-europaeischer-schneidemaschinen","7":"pa_lama-285-de","8":"pa_larghezza-590-de","9":"pa_periodo-1930-1980-de","10":"pa_peso-55-de","11":"pa_profondita-720-de","12":"pa_volano-eben-gemaltes-buchstaben","14":"first","15":"instock","16":"product-type-simple"},"yoast_head":"<!-- This site is optimized with the Yoast SEO plugin v23.6 - https:\/\/yoast.com\/wordpress\/plugins\/seo\/ -->\n<title>Berkel Modell P \u2013 Historische Schneidemaschine Nachkriegszeit Italienische Produktion<\/title>\n<meta name=\"description\" content=\"Das Berkel Modell P ist eine historische Profi-Schneidemaschine aus der Nachkriegszeit, die in Italien hergestellt wurde. Heute k\u00fcmmern wir uns um die perfekte Restaurierung.\" \/>\n<meta name=\"robots\" content=\"index, follow, max-snippet:-1, max-image-preview:large, max-video-preview:-1\" \/>\n<link rel=\"canonical\" href=\"https:\/\/www.labottega-delrestauro.com\/de\/berkel-model-p-professional-design-ohne-sockel\/\" \/>\n<meta property=\"og:locale\" content=\"de_DE\" \/>\n<meta property=\"og:type\" content=\"article\" \/>\n<meta property=\"og:title\" content=\"Berkel Modell P \u2013 Historische Schneidemaschine Nachkriegszeit Italienische Produktion\" \/>\n<meta property=\"og:description\" content=\"Das Berkel Modell P ist eine historische Profi-Schneidemaschine aus der Nachkriegszeit, die in Italien hergestellt wurde. Heute k\u00fcmmern wir uns um die perfekte Restaurierung.\" \/>\n<meta property=\"og:url\" content=\"https:\/\/www.labottega-delrestauro.com\/de\/berkel-model-p-professional-design-ohne-sockel\/\" \/>\n<meta property=\"og:site_name\" content=\"La Bottega del Restauro\" \/>\n<meta property=\"article:modified_time\" content=\"2022-09-29T08:46:13+00:00\" \/>\n<meta property=\"og:image\" content=\"https:\/\/www.labottega-delrestauro.com\/wp-content\/uploads\/2022\/03\/berkel-modello-p.jpg\" \/>\n\t<meta property=\"og:image:width\" content=\"1400\" \/>\n\t<meta property=\"og:image:height\" content=\"1000\" \/>\n\t<meta property=\"og:image:type\" content=\"image\/jpeg\" \/>\n<meta name=\"twitter:card\" content=\"summary_large_image\" \/>\n<script type=\"application\/ld+json\" class=\"yoast-schema-graph\">{\"@context\":\"https:\/\/schema.org\",\"@graph\":[{\"@type\":\"WebPage\",\"@id\":\"https:\/\/www.labottega-delrestauro.com\/de\/berkel-model-p-professional-design-ohne-sockel\/\",\"url\":\"https:\/\/www.labottega-delrestauro.com\/de\/berkel-model-p-professional-design-ohne-sockel\/\",\"name\":\"Berkel Modell P \u2013 Historische Schneidemaschine Nachkriegszeit Italienische Produktion\",\"isPartOf\":{\"@id\":\"https:\/\/www.labottega-delrestauro.com\/de\/#website\"},\"primaryImageOfPage\":{\"@id\":\"https:\/\/www.labottega-delrestauro.com\/de\/berkel-model-p-professional-design-ohne-sockel\/#primaryimage\"},\"image\":{\"@id\":\"https:\/\/www.labottega-delrestauro.com\/de\/berkel-model-p-professional-design-ohne-sockel\/#primaryimage\"},\"thumbnailUrl\":\"https:\/\/www.labottega-delrestauro.com\/wp-content\/uploads\/2022\/03\/berkel-modello-p.jpg\",\"datePublished\":\"2022-03-29T13:17:48+00:00\",\"dateModified\":\"2022-09-29T08:46:13+00:00\",\"description\":\"Das Berkel Modell P ist eine historische Profi-Schneidemaschine aus der Nachkriegszeit, die in Italien hergestellt wurde. Heute k\u00fcmmern wir uns um die perfekte Restaurierung.\",\"breadcrumb\":{\"@id\":\"https:\/\/www.labottega-delrestauro.com\/de\/berkel-model-p-professional-design-ohne-sockel\/#breadcrumb\"},\"inLanguage\":\"de\",\"potentialAction\":[{\"@type\":\"ReadAction\",\"target\":[\"https:\/\/www.labottega-delrestauro.com\/de\/berkel-model-p-professional-design-ohne-sockel\/\"]}]},{\"@type\":\"ImageObject\",\"inLanguage\":\"de\",\"@id\":\"https:\/\/www.labottega-delrestauro.com\/de\/berkel-model-p-professional-design-ohne-sockel\/#primaryimage\",\"url\":\"https:\/\/www.labottega-delrestauro.com\/wp-content\/uploads\/2022\/03\/berkel-modello-p.jpg\",\"contentUrl\":\"https:\/\/www.labottega-delrestauro.com\/wp-content\/uploads\/2022\/03\/berkel-modello-p.jpg\",\"width\":1400,\"height\":1000},{\"@type\":\"BreadcrumbList\",\"@id\":\"https:\/\/www.labottega-delrestauro.com\/de\/berkel-model-p-professional-design-ohne-sockel\/#breadcrumb\",\"itemListElement\":[{\"@type\":\"ListItem\",\"position\":1,\"name\":\"Home\",\"item\":\"https:\/\/www.labottega-delrestauro.com\/de\/\"},{\"@type\":\"ListItem\",\"position\":2,\"name\":\"Shop\",\"item\":\"https:\/\/www.labottega-delrestauro.com\/de\/negozio\/\"},{\"@type\":\"ListItem\",\"position\":3,\"name\":\"Berkel-Schneidemaschine &#8211; Modell P\"}]},{\"@type\":\"WebSite\",\"@id\":\"https:\/\/www.labottega-delrestauro.com\/de\/#website\",\"url\":\"https:\/\/www.labottega-delrestauro.com\/de\/\",\"name\":\"La Bottega del Restauro\",\"description\":\"Restauro macchine Berkel\",\"potentialAction\":[{\"@type\":\"SearchAction\",\"target\":{\"@type\":\"EntryPoint\",\"urlTemplate\":\"https:\/\/www.labottega-delrestauro.com\/de\/?s={search_term_string}\"},\"query-input\":{\"@type\":\"PropertyValueSpecification\",\"valueRequired\":true,\"valueName\":\"search_term_string\"}}],\"inLanguage\":\"de\"}]}<\/script>\n<!-- \/ Yoast SEO plugin. -->","yoast_head_json":{"title":"Berkel Modell P \u2013 Historische Schneidemaschine Nachkriegszeit Italienische Produktion","description":"Das Berkel Modell P ist eine historische Profi-Schneidemaschine aus der Nachkriegszeit, die in Italien hergestellt wurde. Heute k\u00fcmmern wir uns um die perfekte Restaurierung.","robots":{"index":"index","follow":"follow","max-snippet":"max-snippet:-1","max-image-preview":"max-image-preview:large","max-video-preview":"max-video-preview:-1"},"canonical":"https:\/\/www.labottega-delrestauro.com\/de\/berkel-model-p-professional-design-ohne-sockel\/","og_locale":"de_DE","og_type":"article","og_title":"Berkel Modell P \u2013 Historische Schneidemaschine Nachkriegszeit Italienische Produktion","og_description":"Das Berkel Modell P ist eine historische Profi-Schneidemaschine aus der Nachkriegszeit, die in Italien hergestellt wurde. Heute k\u00fcmmern wir uns um die perfekte Restaurierung.","og_url":"https:\/\/www.labottega-delrestauro.com\/de\/berkel-model-p-professional-design-ohne-sockel\/","og_site_name":"La Bottega del Restauro","article_modified_time":"2022-09-29T08:46:13+00:00","og_image":[{"width":1400,"height":1000,"url":"https:\/\/www.labottega-delrestauro.com\/wp-content\/uploads\/2022\/03\/berkel-modello-p.jpg","type":"image\/jpeg"}],"twitter_card":"summary_large_image","schema":{"@context":"https:\/\/schema.org","@graph":[{"@type":"WebPage","@id":"https:\/\/www.labottega-delrestauro.com\/de\/berkel-model-p-professional-design-ohne-sockel\/","url":"https:\/\/www.labottega-delrestauro.com\/de\/berkel-model-p-professional-design-ohne-sockel\/","name":"Berkel Modell P \u2013 Historische Schneidemaschine Nachkriegszeit Italienische Produktion","isPartOf":{"@id":"https:\/\/www.labottega-delrestauro.com\/de\/#website"},"primaryImageOfPage":{"@id":"https:\/\/www.labottega-delrestauro.com\/de\/berkel-model-p-professional-design-ohne-sockel\/#primaryimage"},"image":{"@id":"https:\/\/www.labottega-delrestauro.com\/de\/berkel-model-p-professional-design-ohne-sockel\/#primaryimage"},"thumbnailUrl":"https:\/\/www.labottega-delrestauro.com\/wp-content\/uploads\/2022\/03\/berkel-modello-p.jpg","datePublished":"2022-03-29T13:17:48+00:00","dateModified":"2022-09-29T08:46:13+00:00","description":"Das Berkel Modell P ist eine historische Profi-Schneidemaschine aus der Nachkriegszeit, die in Italien hergestellt wurde. Heute k\u00fcmmern wir uns um die perfekte Restaurierung.","breadcrumb":{"@id":"https:\/\/www.labottega-delrestauro.com\/de\/berkel-model-p-professional-design-ohne-sockel\/#breadcrumb"},"inLanguage":"de","potentialAction":[{"@type":"ReadAction","target":["https:\/\/www.labottega-delrestauro.com\/de\/berkel-model-p-professional-design-ohne-sockel\/"]}]},{"@type":"ImageObject","inLanguage":"de","@id":"https:\/\/www.labottega-delrestauro.com\/de\/berkel-model-p-professional-design-ohne-sockel\/#primaryimage","url":"https:\/\/www.labottega-delrestauro.com\/wp-content\/uploads\/2022\/03\/berkel-modello-p.jpg","contentUrl":"https:\/\/www.labottega-delrestauro.com\/wp-content\/uploads\/2022\/03\/berkel-modello-p.jpg","width":1400,"height":1000},{"@type":"BreadcrumbList","@id":"https:\/\/www.labottega-delrestauro.com\/de\/berkel-model-p-professional-design-ohne-sockel\/#breadcrumb","itemListElement":[{"@type":"ListItem","position":1,"name":"Home","item":"https:\/\/www.labottega-delrestauro.com\/de\/"},{"@type":"ListItem","position":2,"name":"Shop","item":"https:\/\/www.labottega-delrestauro.com\/de\/negozio\/"},{"@type":"ListItem","position":3,"name":"Berkel-Schneidemaschine &#8211; Modell P"}]},{"@type":"WebSite","@id":"https:\/\/www.labottega-delrestauro.com\/de\/#website","url":"https:\/\/www.labottega-delrestauro.com\/de\/","name":"La Bottega del Restauro","description":"Restauro macchine Berkel","potentialAction":[{"@type":"SearchAction","target":{"@type":"EntryPoint","urlTemplate":"https:\/\/www.labottega-delrestauro.com\/de\/?s={search_term_string}"},"query-input":{"@type":"PropertyValueSpecification","valueRequired":true,"valueName":"search_term_string"}}],"inLanguage":"de"}]}},"_links":{"self":[{"href":"https:\/\/www.labottega-delrestauro.com\/de\/wp-json\/wp\/v2\/product\/58609","targetHints":{"allow":["GET"]}}],"collection":[{"href":"https:\/\/www.labottega-delrestauro.com\/de\/wp-json\/wp\/v2\/product"}],"about":[{"href":"https:\/\/www.labottega-delrestauro.com\/de\/wp-json\/wp\/v2\/types\/product"}],"wp:featuredmedia":[{"embeddable":true,"href":"https:\/\/www.labottega-delrestauro.com\/de\/wp-json\/wp\/v2\/media\/57251"}],"wp:attachment":[{"href":"https:\/\/www.labottega-delrestauro.com\/de\/wp-json\/wp\/v2\/media?parent=58609"}],"wp:term":[{"taxonomy":"product_cat","embeddable":true,"href":"https:\/\/www.labottega-delrestauro.com\/de\/wp-json\/wp\/v2\/product_cat?post=58609"},{"taxonomy":"product_tag","embeddable":true,"href":"https:\/\/www.labottega-delrestauro.com\/de\/wp-json\/wp\/v2\/product_tag?post=58609"}],"curies":[{"name":"wp","href":"https:\/\/api.w.org\/{rel}","templated":true}]}}