{"id":58577,"date":"2022-03-29T13:17:48","date_gmt":"2022-03-29T13:17:48","guid":{"rendered":"https:\/\/labottega.sviluppokeyweb.com\/prodotto\/affettatrice-berkel-modello-ns\/"},"modified":"2022-09-01T10:01:13","modified_gmt":"2022-09-01T10:01:13","slug":"berkel-aufschnittmaschine-modell-ns-fuer-liebhaber-sammler","status":"publish","type":"product","link":"https:\/\/www.labottega-delrestauro.com\/de\/berkel-aufschnittmaschine-modell-ns-fuer-liebhaber-sammler\/","title":{"rendered":"Berkel Schneidemaschine &#8211; Modell NS"},"content":{"rendered":"","protected":false},"excerpt":{"rendered":"<p>Die <strong>Berkel NS<\/strong> wurde 1936 geboren und ist <strong>ein kleines Modell<\/strong>. Dieses Modell der <strong>Aufschnittmaschine<\/strong>, das nur in wenigen Exemplaren hergestellt wurde, wird heute von Kritikern als <strong>Rarit\u00e4t<\/strong> angesehen.<\/p>\n<p>Der <strong>Schlitten<\/strong> gleitet auf Rollen, die seitlich von einer Schiene gef\u00fchrt werden, das gleiche Konzept wie beim <strong>Modell 20<\/strong>, das 1928 patentiert wurde; der <strong>Vorschubmechanismus<\/strong> mit einer trapezf\u00f6rmigen Schnecke ist zu sehen, ebenso der Kamm f\u00fcr den Schlittenvorschub. Am <strong>Kamm<\/strong> ist ein Hebel angebracht, der die <strong>Platte<\/strong> f\u00fcr einen schnellen R\u00fccklauf <strong>freigibt<\/strong>.<\/p>\n<p>Die <strong>Schnitteinstellung<\/strong> erfolgt \u00fcber eine <strong>Einstellstange<\/strong>, die auf einem seitlichen B\u00fcgel ruht, auf dem <strong>14 Einstellungen<\/strong> gew\u00e4hlt werden k\u00f6nnen. Die <strong>Maschine<\/strong> <strong>wird durch<\/strong> das klassische <strong>massive Schwungrad<\/strong> angetrieben (im Laufe der Jahre wurden drei Typen hergestellt, ein kleines glattes, ein gro\u00dfes mit geringer Dicke und ein mittelgro\u00dfes konkaves, das dem des Modells 9 \u00e4hnelt), auf dem sich der <strong>Aufkleber &#8222;v. Berkel patend&#8220;<\/strong> befindet. Aufkleber &#8222;Berkel-Patent&#8220;.<\/p>\n<p>Die <strong>Klinge<\/strong> mit einem Durchmesser von 300 mm ist auf einer <strong>gew\u00f6lbten Schulter<\/strong> mit einer wei\u00dfen Opalglasplatte montiert. Das <strong>Sch\u00e4rfger\u00e4t<\/strong> ist auf dem Metallb\u00fcgel befestigt, der sowohl den vorderen als auch den hinteren Klingenschutz tr\u00e4gt. Es hat eine <strong>andere Form<\/strong> als die klassischen Sch\u00e4rfger\u00e4te; in der Tat ist alles auf der <strong>Kappe<\/strong> montiert, die sowohl als St\u00fctzstruktur als auch als Schutz dient.<\/p>\n<p>F\u00fcr echte <strong>Liebhaber<\/strong> und <strong>Sammler<\/strong> solcher St\u00fccke ist die Schneidemaschine des <strong>Modells NS<\/strong> ein wahres Schmuckst\u00fcck: Von unseren <strong>Handwerkern<\/strong> originalgetreu <strong>restauriert<\/strong>, erstrahlt <strong>sie in ihrer urspr\u00fcnglichen Pracht<\/strong>.<\/p>\n<p>&nbsp;<\/p>\n<h2>Symbol f\u00fcr die Innovation der Berkel<\/h2>\n<p>Die bekannte <strong>niederl\u00e4ndische Marke<\/strong> hat mit ihren <strong>Schwungradaufschnittmaschinen<\/strong> Geschichte geschrieben und St\u00fccke produziert, die bis heute f\u00fcr <strong>Sammler und Liebhaber<\/strong> unbezahlbar sind. Bei der Weiterentwicklung dieser Art von Schneidemaschinen wird die <strong>Genialit\u00e4t<\/strong> der von der Muttergesellschaft eingebrachten <strong>Innovationen<\/strong> sofort sichtbar.<\/p>\n<p>Das Modell <strong>Berkel NS<\/strong> wurde auf der Grundlage des <strong>Modells NL<\/strong> entwickelt, jedoch mit leicht <strong>reduzierten Arbeitsabmessungen<\/strong>. Obwohl es die gleiche Basis hat, ist die Gleitf\u00fchrung des Schlittens 40 mm k\u00fcrzer, und der Schlitten hat einen Nutzinhalt von 200 mm anstelle der 240 mm des NL.<\/p>\n<p><strong>Wenn Sie sich mit uns in Verbindung setzen<\/strong>, k\u00f6nnen Sie die <strong>Verf\u00fcgbarkeit<\/strong> der Serie im Katalog feststellen und eine antike Schneidemaschine erhalten, die <strong>originalgetreu<\/strong> nach den <strong>Anweisungen von Berkel<\/strong> <strong>restauriert<\/strong> wurde. Unsere Sendungen kommen in <strong>ganz Italien<\/strong>, aber auch <strong>im Ausland<\/strong> <strong>an<\/strong>.<\/p>\n","protected":false},"featured_media":57239,"template":"","meta":{"_et_pb_use_builder":"","_et_pb_old_content":"","_et_gb_content_width":""},"product_cat":[367],"product_tag":[],"class_list":{"0":"post-58577","1":"product","2":"type-product","3":"status-publish","4":"has-post-thumbnail","6":"product_cat-bergung-antiker-berkel-historische-modelle-europaeischer-schneidemaschinen","7":"pa_lama-300-de","8":"pa_larghezza-32-de","9":"pa_periodo-1930-1980-de","10":"pa_peso-33-de","11":"pa_profondita-34-de","12":"pa_volano-35-de","14":"first","15":"instock","16":"product-type-simple"},"yoast_head":"<!-- This site is optimized with the Yoast SEO plugin v23.6 - https:\/\/yoast.com\/wordpress\/plugins\/seo\/ -->\n<title>Berkel Aufschnittmaschine Modell NS \u2013 Kleinserie originalgetreu restauriert<\/title>\n<meta name=\"description\" content=\"Das Modell Berkel NS ist ein exklusives St\u00fcck f\u00fcr Liebhaber und Sammler: Wenden Sie sich an La Bottega del Restauro und fragen Sie nach einem originalgetreu restaurierten Exemplar.\" \/>\n<meta name=\"robots\" content=\"index, follow, max-snippet:-1, max-image-preview:large, max-video-preview:-1\" \/>\n<link rel=\"canonical\" href=\"https:\/\/www.labottega-delrestauro.com\/de\/berkel-aufschnittmaschine-modell-ns-fuer-liebhaber-sammler\/\" \/>\n<meta property=\"og:locale\" content=\"de_DE\" \/>\n<meta property=\"og:type\" content=\"article\" \/>\n<meta property=\"og:title\" content=\"Berkel Aufschnittmaschine Modell NS \u2013 Kleinserie originalgetreu restauriert\" \/>\n<meta property=\"og:description\" content=\"Das Modell Berkel NS ist ein exklusives St\u00fcck f\u00fcr Liebhaber und Sammler: Wenden Sie sich an La Bottega del Restauro und fragen Sie nach einem originalgetreu restaurierten Exemplar.\" \/>\n<meta property=\"og:url\" content=\"https:\/\/www.labottega-delrestauro.com\/de\/berkel-aufschnittmaschine-modell-ns-fuer-liebhaber-sammler\/\" \/>\n<meta property=\"og:site_name\" content=\"La Bottega del Restauro\" \/>\n<meta property=\"article:modified_time\" content=\"2022-09-01T10:01:13+00:00\" \/>\n<meta property=\"og:image\" content=\"https:\/\/www.labottega-delrestauro.com\/wp-content\/uploads\/2022\/03\/affettatrice-berkel-modello-ns.jpg\" \/>\n\t<meta property=\"og:image:width\" content=\"1200\" \/>\n\t<meta property=\"og:image:height\" content=\"1000\" \/>\n\t<meta property=\"og:image:type\" content=\"image\/jpeg\" \/>\n<meta name=\"twitter:card\" content=\"summary_large_image\" \/>\n<script type=\"application\/ld+json\" class=\"yoast-schema-graph\">{\"@context\":\"https:\/\/schema.org\",\"@graph\":[{\"@type\":\"WebPage\",\"@id\":\"https:\/\/www.labottega-delrestauro.com\/de\/berkel-aufschnittmaschine-modell-ns-fuer-liebhaber-sammler\/\",\"url\":\"https:\/\/www.labottega-delrestauro.com\/de\/berkel-aufschnittmaschine-modell-ns-fuer-liebhaber-sammler\/\",\"name\":\"Berkel Aufschnittmaschine Modell NS \u2013 Kleinserie originalgetreu restauriert\",\"isPartOf\":{\"@id\":\"https:\/\/www.labottega-delrestauro.com\/de\/#website\"},\"primaryImageOfPage\":{\"@id\":\"https:\/\/www.labottega-delrestauro.com\/de\/berkel-aufschnittmaschine-modell-ns-fuer-liebhaber-sammler\/#primaryimage\"},\"image\":{\"@id\":\"https:\/\/www.labottega-delrestauro.com\/de\/berkel-aufschnittmaschine-modell-ns-fuer-liebhaber-sammler\/#primaryimage\"},\"thumbnailUrl\":\"https:\/\/www.labottega-delrestauro.com\/wp-content\/uploads\/2022\/03\/affettatrice-berkel-modello-ns.jpg\",\"datePublished\":\"2022-03-29T13:17:48+00:00\",\"dateModified\":\"2022-09-01T10:01:13+00:00\",\"description\":\"Das Modell Berkel NS ist ein exklusives St\u00fcck f\u00fcr Liebhaber und Sammler: Wenden Sie sich an La Bottega del Restauro und fragen Sie nach einem originalgetreu restaurierten Exemplar.\",\"breadcrumb\":{\"@id\":\"https:\/\/www.labottega-delrestauro.com\/de\/berkel-aufschnittmaschine-modell-ns-fuer-liebhaber-sammler\/#breadcrumb\"},\"inLanguage\":\"de\",\"potentialAction\":[{\"@type\":\"ReadAction\",\"target\":[\"https:\/\/www.labottega-delrestauro.com\/de\/berkel-aufschnittmaschine-modell-ns-fuer-liebhaber-sammler\/\"]}]},{\"@type\":\"ImageObject\",\"inLanguage\":\"de\",\"@id\":\"https:\/\/www.labottega-delrestauro.com\/de\/berkel-aufschnittmaschine-modell-ns-fuer-liebhaber-sammler\/#primaryimage\",\"url\":\"https:\/\/www.labottega-delrestauro.com\/wp-content\/uploads\/2022\/03\/affettatrice-berkel-modello-ns.jpg\",\"contentUrl\":\"https:\/\/www.labottega-delrestauro.com\/wp-content\/uploads\/2022\/03\/affettatrice-berkel-modello-ns.jpg\",\"width\":1200,\"height\":1000},{\"@type\":\"BreadcrumbList\",\"@id\":\"https:\/\/www.labottega-delrestauro.com\/de\/berkel-aufschnittmaschine-modell-ns-fuer-liebhaber-sammler\/#breadcrumb\",\"itemListElement\":[{\"@type\":\"ListItem\",\"position\":1,\"name\":\"Home\",\"item\":\"https:\/\/www.labottega-delrestauro.com\/de\/\"},{\"@type\":\"ListItem\",\"position\":2,\"name\":\"Shop\",\"item\":\"https:\/\/www.labottega-delrestauro.com\/de\/negozio\/\"},{\"@type\":\"ListItem\",\"position\":3,\"name\":\"Berkel Schneidemaschine &#8211; Modell NS\"}]},{\"@type\":\"WebSite\",\"@id\":\"https:\/\/www.labottega-delrestauro.com\/de\/#website\",\"url\":\"https:\/\/www.labottega-delrestauro.com\/de\/\",\"name\":\"La Bottega del Restauro\",\"description\":\"Restauro macchine Berkel\",\"potentialAction\":[{\"@type\":\"SearchAction\",\"target\":{\"@type\":\"EntryPoint\",\"urlTemplate\":\"https:\/\/www.labottega-delrestauro.com\/de\/?s={search_term_string}\"},\"query-input\":{\"@type\":\"PropertyValueSpecification\",\"valueRequired\":true,\"valueName\":\"search_term_string\"}}],\"inLanguage\":\"de\"}]}<\/script>\n<!-- \/ Yoast SEO plugin. -->","yoast_head_json":{"title":"Berkel Aufschnittmaschine Modell NS \u2013 Kleinserie originalgetreu restauriert","description":"Das Modell Berkel NS ist ein exklusives St\u00fcck f\u00fcr Liebhaber und Sammler: Wenden Sie sich an La Bottega del Restauro und fragen Sie nach einem originalgetreu restaurierten Exemplar.","robots":{"index":"index","follow":"follow","max-snippet":"max-snippet:-1","max-image-preview":"max-image-preview:large","max-video-preview":"max-video-preview:-1"},"canonical":"https:\/\/www.labottega-delrestauro.com\/de\/berkel-aufschnittmaschine-modell-ns-fuer-liebhaber-sammler\/","og_locale":"de_DE","og_type":"article","og_title":"Berkel Aufschnittmaschine Modell NS \u2013 Kleinserie originalgetreu restauriert","og_description":"Das Modell Berkel NS ist ein exklusives St\u00fcck f\u00fcr Liebhaber und Sammler: Wenden Sie sich an La Bottega del Restauro und fragen Sie nach einem originalgetreu restaurierten Exemplar.","og_url":"https:\/\/www.labottega-delrestauro.com\/de\/berkel-aufschnittmaschine-modell-ns-fuer-liebhaber-sammler\/","og_site_name":"La Bottega del Restauro","article_modified_time":"2022-09-01T10:01:13+00:00","og_image":[{"width":1200,"height":1000,"url":"https:\/\/www.labottega-delrestauro.com\/wp-content\/uploads\/2022\/03\/affettatrice-berkel-modello-ns.jpg","type":"image\/jpeg"}],"twitter_card":"summary_large_image","schema":{"@context":"https:\/\/schema.org","@graph":[{"@type":"WebPage","@id":"https:\/\/www.labottega-delrestauro.com\/de\/berkel-aufschnittmaschine-modell-ns-fuer-liebhaber-sammler\/","url":"https:\/\/www.labottega-delrestauro.com\/de\/berkel-aufschnittmaschine-modell-ns-fuer-liebhaber-sammler\/","name":"Berkel Aufschnittmaschine Modell NS \u2013 Kleinserie originalgetreu restauriert","isPartOf":{"@id":"https:\/\/www.labottega-delrestauro.com\/de\/#website"},"primaryImageOfPage":{"@id":"https:\/\/www.labottega-delrestauro.com\/de\/berkel-aufschnittmaschine-modell-ns-fuer-liebhaber-sammler\/#primaryimage"},"image":{"@id":"https:\/\/www.labottega-delrestauro.com\/de\/berkel-aufschnittmaschine-modell-ns-fuer-liebhaber-sammler\/#primaryimage"},"thumbnailUrl":"https:\/\/www.labottega-delrestauro.com\/wp-content\/uploads\/2022\/03\/affettatrice-berkel-modello-ns.jpg","datePublished":"2022-03-29T13:17:48+00:00","dateModified":"2022-09-01T10:01:13+00:00","description":"Das Modell Berkel NS ist ein exklusives St\u00fcck f\u00fcr Liebhaber und Sammler: Wenden Sie sich an La Bottega del Restauro und fragen Sie nach einem originalgetreu restaurierten Exemplar.","breadcrumb":{"@id":"https:\/\/www.labottega-delrestauro.com\/de\/berkel-aufschnittmaschine-modell-ns-fuer-liebhaber-sammler\/#breadcrumb"},"inLanguage":"de","potentialAction":[{"@type":"ReadAction","target":["https:\/\/www.labottega-delrestauro.com\/de\/berkel-aufschnittmaschine-modell-ns-fuer-liebhaber-sammler\/"]}]},{"@type":"ImageObject","inLanguage":"de","@id":"https:\/\/www.labottega-delrestauro.com\/de\/berkel-aufschnittmaschine-modell-ns-fuer-liebhaber-sammler\/#primaryimage","url":"https:\/\/www.labottega-delrestauro.com\/wp-content\/uploads\/2022\/03\/affettatrice-berkel-modello-ns.jpg","contentUrl":"https:\/\/www.labottega-delrestauro.com\/wp-content\/uploads\/2022\/03\/affettatrice-berkel-modello-ns.jpg","width":1200,"height":1000},{"@type":"BreadcrumbList","@id":"https:\/\/www.labottega-delrestauro.com\/de\/berkel-aufschnittmaschine-modell-ns-fuer-liebhaber-sammler\/#breadcrumb","itemListElement":[{"@type":"ListItem","position":1,"name":"Home","item":"https:\/\/www.labottega-delrestauro.com\/de\/"},{"@type":"ListItem","position":2,"name":"Shop","item":"https:\/\/www.labottega-delrestauro.com\/de\/negozio\/"},{"@type":"ListItem","position":3,"name":"Berkel Schneidemaschine &#8211; Modell NS"}]},{"@type":"WebSite","@id":"https:\/\/www.labottega-delrestauro.com\/de\/#website","url":"https:\/\/www.labottega-delrestauro.com\/de\/","name":"La Bottega del Restauro","description":"Restauro macchine Berkel","potentialAction":[{"@type":"SearchAction","target":{"@type":"EntryPoint","urlTemplate":"https:\/\/www.labottega-delrestauro.com\/de\/?s={search_term_string}"},"query-input":{"@type":"PropertyValueSpecification","valueRequired":true,"valueName":"search_term_string"}}],"inLanguage":"de"}]}},"_links":{"self":[{"href":"https:\/\/www.labottega-delrestauro.com\/de\/wp-json\/wp\/v2\/product\/58577","targetHints":{"allow":["GET"]}}],"collection":[{"href":"https:\/\/www.labottega-delrestauro.com\/de\/wp-json\/wp\/v2\/product"}],"about":[{"href":"https:\/\/www.labottega-delrestauro.com\/de\/wp-json\/wp\/v2\/types\/product"}],"wp:featuredmedia":[{"embeddable":true,"href":"https:\/\/www.labottega-delrestauro.com\/de\/wp-json\/wp\/v2\/media\/57239"}],"wp:attachment":[{"href":"https:\/\/www.labottega-delrestauro.com\/de\/wp-json\/wp\/v2\/media?parent=58577"}],"wp:term":[{"taxonomy":"product_cat","embeddable":true,"href":"https:\/\/www.labottega-delrestauro.com\/de\/wp-json\/wp\/v2\/product_cat?post=58577"},{"taxonomy":"product_tag","embeddable":true,"href":"https:\/\/www.labottega-delrestauro.com\/de\/wp-json\/wp\/v2\/product_tag?post=58577"}],"curies":[{"name":"wp","href":"https:\/\/api.w.org\/{rel}","templated":true}]}}