{"id":58569,"date":"2022-03-29T13:17:48","date_gmt":"2022-03-29T13:17:48","guid":{"rendered":"https:\/\/labottega.sviluppokeyweb.com\/prodotto\/affettatrice-berkel-modello-115h\/"},"modified":"2022-09-29T09:09:41","modified_gmt":"2022-09-29T09:09:41","slug":"berkel-katalog-alte-antike-schneidemaschinen-erneuert-berkel","status":"publish","type":"product","link":"https:\/\/www.labottega-delrestauro.com\/de\/berkel-katalog-alte-antike-schneidemaschinen-erneuert-berkel\/","title":{"rendered":"Berkel Aufschnittmaschine &#8211; Modell 115H"},"content":{"rendered":"<p><iframe loading=\"lazy\" width=\"560\" height=\"315\" src=\"https:\/\/www.youtube.com\/embed\/mf8ILhgEN70\" title=\"YouTube video player\" frameborder=\"0\" allow=\"accelerometer; autoplay; clipboard-write; encrypted-media; gyroscope; picture-in-picture\" allowfullscreen><\/iframe><\/p>\n","protected":false},"excerpt":{"rendered":"<p>Das <strong>Berkel-Modell 115H<\/strong>, das zwischen 1953 und 1980 gebaut wurde, war das letzte Modell der antiken <strong>Schwungradschneidemaschinen<\/strong>, <strong>das Berkel herstellte<\/strong>. Von der Firma als die <strong>perfekte Maschine<\/strong> bezeichnet, ist sie sicherlich das beste Ergebnis der seit der Firmengr\u00fcndung gesammelten Erfahrungen.<\/p>\n<p>Auf den ersten Blick hat sie nichts mit ihren Berkel-Vorfahren zu tun. Der <strong>Korpus<\/strong> der Maschine hat eine <strong>runde<\/strong>, der Mode der Zeit entsprechende <strong>Form<\/strong>, alle mechanischen Bewegungen sind entweder durch Geh\u00e4use oder wie Pleuelstangen im Geh\u00e4use selbst abgedeckt. Der <strong>obere Schlitten<\/strong>, der in dem Teil, der mit dem zu schneidenden Produkt in Ber\u00fchrung kommt, fast vollst\u00e4ndig aus <strong>rostfreiem Stahl<\/strong> besteht, wird von einem gro\u00dfen Bolzen gef\u00fchrt und verf\u00fcgt \u00fcber eine Vorschubschraube unterhalb des Schlittens, die von der klassischen <strong>&#8222;Uhr&#8220; f\u00fcr die Scheibeneinstellung<\/strong> aus Aluminium und Bakelit angetrieben wird.<\/p>\n<p>Die <strong>obere Klemme<\/strong> ist vom Typ <strong>&#8222;offener Arm&#8220;<\/strong> mit den <strong>beiden kleinen S\u00e4ulen<\/strong> auf der R\u00fcckseite. Angetrieben wird das Ganze von einem massiven Schwungrad mit einer <strong>leicht konischen Form<\/strong> ohne jegliche Beschriftung.<\/p>\n<p>Die ebenfalls abgerundete und in der Gr\u00f6\u00dfe angepasste <strong>Schulter<\/strong> beherbergt den <strong>Spitzer<\/strong>, der erstmals w\u00e4hrend des Maschinenbetriebs nicht sichtbar ist.<\/p>\n<p>Die <strong>Klinge<\/strong> hat einen Durchmesser von 370.<\/p>\n<p>Aufgrund ihrer <strong>mechanischen Eigenschaften<\/strong> ist sie sicherlich <strong>die pr\u00e4ziseste und funktionellste Maschine<\/strong>, die jemals von der <strong>Marke Berkel<\/strong> hergestellt wurde.<\/p>\n<p><strong>Setzen Sie sich mit uns in Verbindung<\/strong>, um Informationen \u00fcber die Verf\u00fcgbarkeit in unserem Katalog der von <strong>La Bottega del Restauro<\/strong> renovierten alten Schneidemaschinen zu erhalten: wir liefern <strong>national und international<\/strong>.<\/p>\n<p>&nbsp;<\/p>\n<h2>Ad-hoc-Restaurierung f\u00fcr Sammler<\/h2>\n<p>Unser Katalog bietet eine st\u00e4ndig wechselnde Auswahl an <strong>Schwungradschneidern<\/strong> der Marke <strong>Berkel<\/strong>.<\/p>\n<p>Insbesondere das <strong>Modell 115H<\/strong> weist im Vergleich zu seinen alten Vorg\u00e4ngern erneuerte Eigenschaften auf und pr\u00e4sentiert sich als das St\u00fcck, das die <strong>besten Eigenschaften und Innovationen des Unternehmens<\/strong> in sich vereint.<\/p>\n<p>F\u00fcr weitere Informationen \u00fcber diese unbezahlbaren <strong>Sammlerst\u00fccke<\/strong> <strong>wenden Sie sich bitte an La Bottega del Restauro<\/strong>.<\/p>\n","protected":false},"featured_media":57209,"template":"","meta":{"_et_pb_use_builder":"","_et_pb_old_content":"","_et_gb_content_width":""},"product_cat":[367],"product_tag":[],"class_list":{"0":"post-58569","1":"product","2":"type-product","3":"status-publish","4":"has-post-thumbnail","6":"product_cat-bergung-antiker-berkel-historische-modelle-europaeischer-schneidemaschinen","7":"pa_lama-370-de","8":"pa_larghezza-720-de","9":"pa_periodo-1930-1980-de","10":"pa_peso-103-de","11":"pa_profondita-870-de","12":"pa_volano-eben-spezial","14":"first","15":"instock","16":"product-type-simple"},"yoast_head":"<!-- This site is optimized with the Yoast SEO plugin v23.6 - https:\/\/yoast.com\/wordpress\/plugins\/seo\/ -->\n<title>Berkel antike Aufschnittmaschinen Katalog \u2013 Modell 115H offene Armklemme<\/title>\n<meta name=\"description\" content=\"Wenn Sie auf der Suche nach antiken Berkel Aufschnittmaschinen sind, sind Sie bei uns genau richtig: Wir k\u00fcmmern uns um die zertifizierte Aufarbeitung aller Modelle, wie z.B. der 115H.\" \/>\n<meta name=\"robots\" content=\"index, follow, max-snippet:-1, max-image-preview:large, max-video-preview:-1\" \/>\n<link rel=\"canonical\" href=\"https:\/\/www.labottega-delrestauro.com\/de\/berkel-katalog-alte-antike-schneidemaschinen-erneuert-berkel\/\" \/>\n<meta property=\"og:locale\" content=\"de_DE\" \/>\n<meta property=\"og:type\" content=\"article\" \/>\n<meta property=\"og:title\" content=\"Berkel antike Aufschnittmaschinen Katalog \u2013 Modell 115H offene Armklemme\" \/>\n<meta property=\"og:description\" content=\"Wenn Sie auf der Suche nach antiken Berkel Aufschnittmaschinen sind, sind Sie bei uns genau richtig: Wir k\u00fcmmern uns um die zertifizierte Aufarbeitung aller Modelle, wie z.B. der 115H.\" \/>\n<meta property=\"og:url\" content=\"https:\/\/www.labottega-delrestauro.com\/de\/berkel-katalog-alte-antike-schneidemaschinen-erneuert-berkel\/\" \/>\n<meta property=\"og:site_name\" content=\"La Bottega del Restauro\" \/>\n<meta property=\"article:modified_time\" content=\"2022-09-29T09:09:41+00:00\" \/>\n<meta property=\"og:image\" content=\"https:\/\/www.labottega-delrestauro.com\/wp-content\/uploads\/2022\/03\/catalogo-affettatrici-berkel-antiche.jpg\" \/>\n\t<meta property=\"og:image:width\" content=\"1100\" \/>\n\t<meta property=\"og:image:height\" content=\"1000\" \/>\n\t<meta property=\"og:image:type\" content=\"image\/jpeg\" \/>\n<meta name=\"twitter:card\" content=\"summary_large_image\" \/>\n<script type=\"application\/ld+json\" class=\"yoast-schema-graph\">{\"@context\":\"https:\/\/schema.org\",\"@graph\":[{\"@type\":\"WebPage\",\"@id\":\"https:\/\/www.labottega-delrestauro.com\/de\/berkel-katalog-alte-antike-schneidemaschinen-erneuert-berkel\/\",\"url\":\"https:\/\/www.labottega-delrestauro.com\/de\/berkel-katalog-alte-antike-schneidemaschinen-erneuert-berkel\/\",\"name\":\"Berkel antike Aufschnittmaschinen Katalog \u2013 Modell 115H offene Armklemme\",\"isPartOf\":{\"@id\":\"https:\/\/www.labottega-delrestauro.com\/de\/#website\"},\"primaryImageOfPage\":{\"@id\":\"https:\/\/www.labottega-delrestauro.com\/de\/berkel-katalog-alte-antike-schneidemaschinen-erneuert-berkel\/#primaryimage\"},\"image\":{\"@id\":\"https:\/\/www.labottega-delrestauro.com\/de\/berkel-katalog-alte-antike-schneidemaschinen-erneuert-berkel\/#primaryimage\"},\"thumbnailUrl\":\"https:\/\/www.labottega-delrestauro.com\/wp-content\/uploads\/2022\/03\/catalogo-affettatrici-berkel-antiche.jpg\",\"datePublished\":\"2022-03-29T13:17:48+00:00\",\"dateModified\":\"2022-09-29T09:09:41+00:00\",\"description\":\"Wenn Sie auf der Suche nach antiken Berkel Aufschnittmaschinen sind, sind Sie bei uns genau richtig: Wir k\u00fcmmern uns um die zertifizierte Aufarbeitung aller Modelle, wie z.B. der 115H.\",\"breadcrumb\":{\"@id\":\"https:\/\/www.labottega-delrestauro.com\/de\/berkel-katalog-alte-antike-schneidemaschinen-erneuert-berkel\/#breadcrumb\"},\"inLanguage\":\"de\",\"potentialAction\":[{\"@type\":\"ReadAction\",\"target\":[\"https:\/\/www.labottega-delrestauro.com\/de\/berkel-katalog-alte-antike-schneidemaschinen-erneuert-berkel\/\"]}]},{\"@type\":\"ImageObject\",\"inLanguage\":\"de\",\"@id\":\"https:\/\/www.labottega-delrestauro.com\/de\/berkel-katalog-alte-antike-schneidemaschinen-erneuert-berkel\/#primaryimage\",\"url\":\"https:\/\/www.labottega-delrestauro.com\/wp-content\/uploads\/2022\/03\/catalogo-affettatrici-berkel-antiche.jpg\",\"contentUrl\":\"https:\/\/www.labottega-delrestauro.com\/wp-content\/uploads\/2022\/03\/catalogo-affettatrici-berkel-antiche.jpg\",\"width\":1100,\"height\":1000},{\"@type\":\"BreadcrumbList\",\"@id\":\"https:\/\/www.labottega-delrestauro.com\/de\/berkel-katalog-alte-antike-schneidemaschinen-erneuert-berkel\/#breadcrumb\",\"itemListElement\":[{\"@type\":\"ListItem\",\"position\":1,\"name\":\"Home\",\"item\":\"https:\/\/www.labottega-delrestauro.com\/de\/\"},{\"@type\":\"ListItem\",\"position\":2,\"name\":\"Shop\",\"item\":\"https:\/\/www.labottega-delrestauro.com\/de\/negozio\/\"},{\"@type\":\"ListItem\",\"position\":3,\"name\":\"Berkel Aufschnittmaschine &#8211; Modell 115H\"}]},{\"@type\":\"WebSite\",\"@id\":\"https:\/\/www.labottega-delrestauro.com\/de\/#website\",\"url\":\"https:\/\/www.labottega-delrestauro.com\/de\/\",\"name\":\"La Bottega del Restauro\",\"description\":\"Restauro macchine Berkel\",\"potentialAction\":[{\"@type\":\"SearchAction\",\"target\":{\"@type\":\"EntryPoint\",\"urlTemplate\":\"https:\/\/www.labottega-delrestauro.com\/de\/?s={search_term_string}\"},\"query-input\":{\"@type\":\"PropertyValueSpecification\",\"valueRequired\":true,\"valueName\":\"search_term_string\"}}],\"inLanguage\":\"de\"}]}<\/script>\n<!-- \/ Yoast SEO plugin. -->","yoast_head_json":{"title":"Berkel antike Aufschnittmaschinen Katalog \u2013 Modell 115H offene Armklemme","description":"Wenn Sie auf der Suche nach antiken Berkel Aufschnittmaschinen sind, sind Sie bei uns genau richtig: Wir k\u00fcmmern uns um die zertifizierte Aufarbeitung aller Modelle, wie z.B. der 115H.","robots":{"index":"index","follow":"follow","max-snippet":"max-snippet:-1","max-image-preview":"max-image-preview:large","max-video-preview":"max-video-preview:-1"},"canonical":"https:\/\/www.labottega-delrestauro.com\/de\/berkel-katalog-alte-antike-schneidemaschinen-erneuert-berkel\/","og_locale":"de_DE","og_type":"article","og_title":"Berkel antike Aufschnittmaschinen Katalog \u2013 Modell 115H offene Armklemme","og_description":"Wenn Sie auf der Suche nach antiken Berkel Aufschnittmaschinen sind, sind Sie bei uns genau richtig: Wir k\u00fcmmern uns um die zertifizierte Aufarbeitung aller Modelle, wie z.B. der 115H.","og_url":"https:\/\/www.labottega-delrestauro.com\/de\/berkel-katalog-alte-antike-schneidemaschinen-erneuert-berkel\/","og_site_name":"La Bottega del Restauro","article_modified_time":"2022-09-29T09:09:41+00:00","og_image":[{"width":1100,"height":1000,"url":"https:\/\/www.labottega-delrestauro.com\/wp-content\/uploads\/2022\/03\/catalogo-affettatrici-berkel-antiche.jpg","type":"image\/jpeg"}],"twitter_card":"summary_large_image","schema":{"@context":"https:\/\/schema.org","@graph":[{"@type":"WebPage","@id":"https:\/\/www.labottega-delrestauro.com\/de\/berkel-katalog-alte-antike-schneidemaschinen-erneuert-berkel\/","url":"https:\/\/www.labottega-delrestauro.com\/de\/berkel-katalog-alte-antike-schneidemaschinen-erneuert-berkel\/","name":"Berkel antike Aufschnittmaschinen Katalog \u2013 Modell 115H offene Armklemme","isPartOf":{"@id":"https:\/\/www.labottega-delrestauro.com\/de\/#website"},"primaryImageOfPage":{"@id":"https:\/\/www.labottega-delrestauro.com\/de\/berkel-katalog-alte-antike-schneidemaschinen-erneuert-berkel\/#primaryimage"},"image":{"@id":"https:\/\/www.labottega-delrestauro.com\/de\/berkel-katalog-alte-antike-schneidemaschinen-erneuert-berkel\/#primaryimage"},"thumbnailUrl":"https:\/\/www.labottega-delrestauro.com\/wp-content\/uploads\/2022\/03\/catalogo-affettatrici-berkel-antiche.jpg","datePublished":"2022-03-29T13:17:48+00:00","dateModified":"2022-09-29T09:09:41+00:00","description":"Wenn Sie auf der Suche nach antiken Berkel Aufschnittmaschinen sind, sind Sie bei uns genau richtig: Wir k\u00fcmmern uns um die zertifizierte Aufarbeitung aller Modelle, wie z.B. der 115H.","breadcrumb":{"@id":"https:\/\/www.labottega-delrestauro.com\/de\/berkel-katalog-alte-antike-schneidemaschinen-erneuert-berkel\/#breadcrumb"},"inLanguage":"de","potentialAction":[{"@type":"ReadAction","target":["https:\/\/www.labottega-delrestauro.com\/de\/berkel-katalog-alte-antike-schneidemaschinen-erneuert-berkel\/"]}]},{"@type":"ImageObject","inLanguage":"de","@id":"https:\/\/www.labottega-delrestauro.com\/de\/berkel-katalog-alte-antike-schneidemaschinen-erneuert-berkel\/#primaryimage","url":"https:\/\/www.labottega-delrestauro.com\/wp-content\/uploads\/2022\/03\/catalogo-affettatrici-berkel-antiche.jpg","contentUrl":"https:\/\/www.labottega-delrestauro.com\/wp-content\/uploads\/2022\/03\/catalogo-affettatrici-berkel-antiche.jpg","width":1100,"height":1000},{"@type":"BreadcrumbList","@id":"https:\/\/www.labottega-delrestauro.com\/de\/berkel-katalog-alte-antike-schneidemaschinen-erneuert-berkel\/#breadcrumb","itemListElement":[{"@type":"ListItem","position":1,"name":"Home","item":"https:\/\/www.labottega-delrestauro.com\/de\/"},{"@type":"ListItem","position":2,"name":"Shop","item":"https:\/\/www.labottega-delrestauro.com\/de\/negozio\/"},{"@type":"ListItem","position":3,"name":"Berkel Aufschnittmaschine &#8211; Modell 115H"}]},{"@type":"WebSite","@id":"https:\/\/www.labottega-delrestauro.com\/de\/#website","url":"https:\/\/www.labottega-delrestauro.com\/de\/","name":"La Bottega del Restauro","description":"Restauro macchine Berkel","potentialAction":[{"@type":"SearchAction","target":{"@type":"EntryPoint","urlTemplate":"https:\/\/www.labottega-delrestauro.com\/de\/?s={search_term_string}"},"query-input":{"@type":"PropertyValueSpecification","valueRequired":true,"valueName":"search_term_string"}}],"inLanguage":"de"}]}},"_links":{"self":[{"href":"https:\/\/www.labottega-delrestauro.com\/de\/wp-json\/wp\/v2\/product\/58569","targetHints":{"allow":["GET"]}}],"collection":[{"href":"https:\/\/www.labottega-delrestauro.com\/de\/wp-json\/wp\/v2\/product"}],"about":[{"href":"https:\/\/www.labottega-delrestauro.com\/de\/wp-json\/wp\/v2\/types\/product"}],"wp:featuredmedia":[{"embeddable":true,"href":"https:\/\/www.labottega-delrestauro.com\/de\/wp-json\/wp\/v2\/media\/57209"}],"wp:attachment":[{"href":"https:\/\/www.labottega-delrestauro.com\/de\/wp-json\/wp\/v2\/media?parent=58569"}],"wp:term":[{"taxonomy":"product_cat","embeddable":true,"href":"https:\/\/www.labottega-delrestauro.com\/de\/wp-json\/wp\/v2\/product_cat?post=58569"},{"taxonomy":"product_tag","embeddable":true,"href":"https:\/\/www.labottega-delrestauro.com\/de\/wp-json\/wp\/v2\/product_tag?post=58569"}],"curies":[{"name":"wp","href":"https:\/\/api.w.org\/{rel}","templated":true}]}}