{"id":58538,"date":"2022-03-29T13:17:48","date_gmt":"2022-03-29T13:17:48","guid":{"rendered":"https:\/\/labottega.sviluppokeyweb.com\/prodotto\/affettatrice-berkel-modello-20\/"},"modified":"2022-09-29T09:15:51","modified_gmt":"2022-09-29T09:15:51","slug":"berkel-schneider-modell-20-original-ueberholt","status":"publish","type":"product","link":"https:\/\/www.labottega-delrestauro.com\/de\/berkel-schneider-modell-20-original-ueberholt\/","title":{"rendered":"Berkel-Schneidemaschine &#8211; Modell 20"},"content":{"rendered":"<p><iframe loading=\"lazy\" width=\"560\" height=\"315\" src=\"https:\/\/www.youtube.com\/embed\/qexv4GVIEfM\" title=\"YouTube video player\" frameborder=\"0\" allow=\"accelerometer; autoplay; clipboard-write; encrypted-media; gyroscope; picture-in-picture\" allowfullscreen><\/iframe><\/p>\n","protected":false},"excerpt":{"rendered":"<p>Das <strong>Modell Berkel 20<\/strong>, das zwischen 1928 und 1936 gebaut wurde, ist eine <strong>innovative Maschine mit einem Schlittenvorschubsystem<\/strong> und einer au\u00dfergew\u00f6hnlichen Mechanik, die sich sehen lassen kann.<\/p>\n<p>Der <strong>Schlitten<\/strong> gleitet auf Rollen, die auf einer Seite von einer Schiene gef\u00fchrt werden, aber das eigentliche Schmuckst\u00fcck ist der <strong>Vorschubmechanismus mit einer Schnecke unter dem Schlitten<\/strong>, der durch eine bogenf\u00f6rmige Scheibe mit einer Nocke im Inneren reguliert wird, die einen kleinen Hebel bet\u00e4tigt und ihrerseits in einem sehr komplizierten Mechanismus mit den Bewegungsstangen des Schlittens arbeitet.<\/p>\n<p>All dies wird durch das klassische <strong>volle und geschlossene Schwungrad<\/strong> bewegt, wo wir die <strong>Aufschrift &#8222;van berkel&#8217;s Rotterdam holland&#8220;<\/strong> mit dem <strong>Aufkleber<\/strong> f\u00fcr die in den Fabriken in Rotterdam und Br\u00fcssel gebauten Maschinen und das <strong>volle Schwungrad mit der gepr\u00e4gten Aufschrift <\/strong>&#8222;sc. Brevetti van berkel milano&#8220; f\u00fcr die von <strong>Berkel Italia<\/strong> gebauten Fahrzeuge.<\/p>\n<p>Die <strong>Klinge<\/strong> hat einen Durchmesser von 370 mm und ist auf einer <strong>bogenf\u00f6rmigen Schulter<\/strong> mit einer wei\u00dfen Opalglasplatte montiert.<\/p>\n<p>Der <strong>Sch\u00e4rfer<\/strong> des <strong>Berkel 20<\/strong> Slicers ist der bekannte Berkel-Klassiker mit lackierter <strong>Kappe<\/strong> und <strong>Frontgitter<\/strong>.<\/p>\n<p>Das glatte Schwungrad, die pr\u00e4zise geschnittene Klinge und alle anderen Merkmale des <strong>Berkel-Modells<\/strong> sind dem Original aus den 30er Jahren getreu nachgebildet; in der Tat reproduziert jede durch unsere Eingriffe <strong>wiederhergestellte<\/strong> <strong>Aufschnittmaschine<\/strong> auf authentische und zertifizierte Weise <strong>die Pracht, die die St\u00fccke fr\u00fcher hatten<\/strong>.<\/p>\n<p>Wenn Sie ein <strong>\u00fcberholtes Modell<\/strong> mit oder ohne Sockel kaufen m\u00f6chten, <strong>k\u00f6nnen Sie sich an La Bottega del Restauro<\/strong> wenden und einen Kostenvoranschlag anfordern.<\/p>\n<p>&nbsp;<\/p>\n<h2>Sorgf\u00e4ltige und pr\u00e4zise Eingriffe<\/h2>\n<p>Die an den <strong>Aufschnittmaschinen<\/strong> der niederl\u00e4ndischen Marke <strong>Berkel<\/strong> vorgenommenen <strong>Eingriffe<\/strong> betreffen sowohl <strong>funktionelle als auch \u00e4sthetische Aspekte<\/strong>: Wir dekorieren die St\u00fccke von Hand, wobei wir das <strong>urspr\u00fcngliche Design<\/strong> beibehalten, um <strong>Sammlern in ganz Italien<\/strong> den Erwerb von <strong>einzigartigen und unbezahlbaren St\u00fccken<\/strong> zu garantieren.<\/p>\n<p><strong>Kontaktieren Sie uns<\/strong> f\u00fcr weitere Informationen \u00fcber das <strong>Modell 20<\/strong>. Bei uns werden alle Maschinen <strong>ohne Sockel<\/strong> geliefert, der separat angefordert werden kann.<\/p>\n","protected":false},"featured_media":57182,"template":"","meta":{"_et_pb_use_builder":"","_et_pb_old_content":"","_et_gb_content_width":""},"product_cat":[367],"product_tag":[],"class_list":{"0":"post-58538","1":"product","2":"type-product","3":"status-publish","4":"has-post-thumbnail","6":"product_cat-bergung-antiker-berkel-historische-modelle-europaeischer-schneidemaschinen","7":"pa_lama-370-de","8":"pa_larghezza-880-de","9":"pa_periodo-1925-1980-de","10":"pa_peso-33-de","11":"pa_profondita-34-de","12":"pa_volano-eben-gemaltes-buchstaben","14":"first","15":"instock","16":"product-type-simple"},"yoast_head":"<!-- This site is optimized with the Yoast SEO plugin v23.6 - https:\/\/yoast.com\/wordpress\/plugins\/seo\/ -->\n<title>Berkel Schneidemaschine Modell 20 \u2013 Glattes geschlossenes Schwungrad mit oder ohne Sockel<\/title>\n<meta name=\"description\" content=\"In unserem Sortiment finden Sie das Berkel Modell 20: Kontaktieren Sie uns und fragen Sie nach einem Angebot in der Version mit oder ohne Sockel.\" \/>\n<meta name=\"robots\" content=\"index, follow, max-snippet:-1, max-image-preview:large, max-video-preview:-1\" \/>\n<link rel=\"canonical\" href=\"https:\/\/www.labottega-delrestauro.com\/de\/berkel-schneider-modell-20-original-ueberholt\/\" \/>\n<meta property=\"og:locale\" content=\"de_DE\" \/>\n<meta property=\"og:type\" content=\"article\" \/>\n<meta property=\"og:title\" content=\"Berkel Schneidemaschine Modell 20 \u2013 Glattes geschlossenes Schwungrad mit oder ohne Sockel\" \/>\n<meta property=\"og:description\" content=\"In unserem Sortiment finden Sie das Berkel Modell 20: Kontaktieren Sie uns und fragen Sie nach einem Angebot in der Version mit oder ohne Sockel.\" \/>\n<meta property=\"og:url\" content=\"https:\/\/www.labottega-delrestauro.com\/de\/berkel-schneider-modell-20-original-ueberholt\/\" \/>\n<meta property=\"og:site_name\" content=\"La Bottega del Restauro\" \/>\n<meta property=\"article:modified_time\" content=\"2022-09-29T09:15:51+00:00\" \/>\n<meta property=\"og:image\" content=\"https:\/\/www.labottega-delrestauro.com\/wp-content\/uploads\/2022\/03\/berkel-affettatrice-modello-20.jpg\" \/>\n\t<meta property=\"og:image:width\" content=\"1300\" \/>\n\t<meta property=\"og:image:height\" content=\"1000\" \/>\n\t<meta property=\"og:image:type\" content=\"image\/jpeg\" \/>\n<meta name=\"twitter:card\" content=\"summary_large_image\" \/>\n<script type=\"application\/ld+json\" class=\"yoast-schema-graph\">{\"@context\":\"https:\/\/schema.org\",\"@graph\":[{\"@type\":\"WebPage\",\"@id\":\"https:\/\/www.labottega-delrestauro.com\/de\/berkel-schneider-modell-20-original-ueberholt\/\",\"url\":\"https:\/\/www.labottega-delrestauro.com\/de\/berkel-schneider-modell-20-original-ueberholt\/\",\"name\":\"Berkel Schneidemaschine Modell 20 \u2013 Glattes geschlossenes Schwungrad mit oder ohne Sockel\",\"isPartOf\":{\"@id\":\"https:\/\/www.labottega-delrestauro.com\/de\/#website\"},\"primaryImageOfPage\":{\"@id\":\"https:\/\/www.labottega-delrestauro.com\/de\/berkel-schneider-modell-20-original-ueberholt\/#primaryimage\"},\"image\":{\"@id\":\"https:\/\/www.labottega-delrestauro.com\/de\/berkel-schneider-modell-20-original-ueberholt\/#primaryimage\"},\"thumbnailUrl\":\"https:\/\/www.labottega-delrestauro.com\/wp-content\/uploads\/2022\/03\/berkel-affettatrice-modello-20.jpg\",\"datePublished\":\"2022-03-29T13:17:48+00:00\",\"dateModified\":\"2022-09-29T09:15:51+00:00\",\"description\":\"In unserem Sortiment finden Sie das Berkel Modell 20: Kontaktieren Sie uns und fragen Sie nach einem Angebot in der Version mit oder ohne Sockel.\",\"breadcrumb\":{\"@id\":\"https:\/\/www.labottega-delrestauro.com\/de\/berkel-schneider-modell-20-original-ueberholt\/#breadcrumb\"},\"inLanguage\":\"de\",\"potentialAction\":[{\"@type\":\"ReadAction\",\"target\":[\"https:\/\/www.labottega-delrestauro.com\/de\/berkel-schneider-modell-20-original-ueberholt\/\"]}]},{\"@type\":\"ImageObject\",\"inLanguage\":\"de\",\"@id\":\"https:\/\/www.labottega-delrestauro.com\/de\/berkel-schneider-modell-20-original-ueberholt\/#primaryimage\",\"url\":\"https:\/\/www.labottega-delrestauro.com\/wp-content\/uploads\/2022\/03\/berkel-affettatrice-modello-20.jpg\",\"contentUrl\":\"https:\/\/www.labottega-delrestauro.com\/wp-content\/uploads\/2022\/03\/berkel-affettatrice-modello-20.jpg\",\"width\":1300,\"height\":1000},{\"@type\":\"BreadcrumbList\",\"@id\":\"https:\/\/www.labottega-delrestauro.com\/de\/berkel-schneider-modell-20-original-ueberholt\/#breadcrumb\",\"itemListElement\":[{\"@type\":\"ListItem\",\"position\":1,\"name\":\"Home\",\"item\":\"https:\/\/www.labottega-delrestauro.com\/de\/\"},{\"@type\":\"ListItem\",\"position\":2,\"name\":\"Shop\",\"item\":\"https:\/\/www.labottega-delrestauro.com\/de\/negozio\/\"},{\"@type\":\"ListItem\",\"position\":3,\"name\":\"Berkel-Schneidemaschine &#8211; Modell 20\"}]},{\"@type\":\"WebSite\",\"@id\":\"https:\/\/www.labottega-delrestauro.com\/de\/#website\",\"url\":\"https:\/\/www.labottega-delrestauro.com\/de\/\",\"name\":\"La Bottega del Restauro\",\"description\":\"Restauro macchine Berkel\",\"potentialAction\":[{\"@type\":\"SearchAction\",\"target\":{\"@type\":\"EntryPoint\",\"urlTemplate\":\"https:\/\/www.labottega-delrestauro.com\/de\/?s={search_term_string}\"},\"query-input\":{\"@type\":\"PropertyValueSpecification\",\"valueRequired\":true,\"valueName\":\"search_term_string\"}}],\"inLanguage\":\"de\"}]}<\/script>\n<!-- \/ Yoast SEO plugin. -->","yoast_head_json":{"title":"Berkel Schneidemaschine Modell 20 \u2013 Glattes geschlossenes Schwungrad mit oder ohne Sockel","description":"In unserem Sortiment finden Sie das Berkel Modell 20: Kontaktieren Sie uns und fragen Sie nach einem Angebot in der Version mit oder ohne Sockel.","robots":{"index":"index","follow":"follow","max-snippet":"max-snippet:-1","max-image-preview":"max-image-preview:large","max-video-preview":"max-video-preview:-1"},"canonical":"https:\/\/www.labottega-delrestauro.com\/de\/berkel-schneider-modell-20-original-ueberholt\/","og_locale":"de_DE","og_type":"article","og_title":"Berkel Schneidemaschine Modell 20 \u2013 Glattes geschlossenes Schwungrad mit oder ohne Sockel","og_description":"In unserem Sortiment finden Sie das Berkel Modell 20: Kontaktieren Sie uns und fragen Sie nach einem Angebot in der Version mit oder ohne Sockel.","og_url":"https:\/\/www.labottega-delrestauro.com\/de\/berkel-schneider-modell-20-original-ueberholt\/","og_site_name":"La Bottega del Restauro","article_modified_time":"2022-09-29T09:15:51+00:00","og_image":[{"width":1300,"height":1000,"url":"https:\/\/www.labottega-delrestauro.com\/wp-content\/uploads\/2022\/03\/berkel-affettatrice-modello-20.jpg","type":"image\/jpeg"}],"twitter_card":"summary_large_image","schema":{"@context":"https:\/\/schema.org","@graph":[{"@type":"WebPage","@id":"https:\/\/www.labottega-delrestauro.com\/de\/berkel-schneider-modell-20-original-ueberholt\/","url":"https:\/\/www.labottega-delrestauro.com\/de\/berkel-schneider-modell-20-original-ueberholt\/","name":"Berkel Schneidemaschine Modell 20 \u2013 Glattes geschlossenes Schwungrad mit oder ohne Sockel","isPartOf":{"@id":"https:\/\/www.labottega-delrestauro.com\/de\/#website"},"primaryImageOfPage":{"@id":"https:\/\/www.labottega-delrestauro.com\/de\/berkel-schneider-modell-20-original-ueberholt\/#primaryimage"},"image":{"@id":"https:\/\/www.labottega-delrestauro.com\/de\/berkel-schneider-modell-20-original-ueberholt\/#primaryimage"},"thumbnailUrl":"https:\/\/www.labottega-delrestauro.com\/wp-content\/uploads\/2022\/03\/berkel-affettatrice-modello-20.jpg","datePublished":"2022-03-29T13:17:48+00:00","dateModified":"2022-09-29T09:15:51+00:00","description":"In unserem Sortiment finden Sie das Berkel Modell 20: Kontaktieren Sie uns und fragen Sie nach einem Angebot in der Version mit oder ohne Sockel.","breadcrumb":{"@id":"https:\/\/www.labottega-delrestauro.com\/de\/berkel-schneider-modell-20-original-ueberholt\/#breadcrumb"},"inLanguage":"de","potentialAction":[{"@type":"ReadAction","target":["https:\/\/www.labottega-delrestauro.com\/de\/berkel-schneider-modell-20-original-ueberholt\/"]}]},{"@type":"ImageObject","inLanguage":"de","@id":"https:\/\/www.labottega-delrestauro.com\/de\/berkel-schneider-modell-20-original-ueberholt\/#primaryimage","url":"https:\/\/www.labottega-delrestauro.com\/wp-content\/uploads\/2022\/03\/berkel-affettatrice-modello-20.jpg","contentUrl":"https:\/\/www.labottega-delrestauro.com\/wp-content\/uploads\/2022\/03\/berkel-affettatrice-modello-20.jpg","width":1300,"height":1000},{"@type":"BreadcrumbList","@id":"https:\/\/www.labottega-delrestauro.com\/de\/berkel-schneider-modell-20-original-ueberholt\/#breadcrumb","itemListElement":[{"@type":"ListItem","position":1,"name":"Home","item":"https:\/\/www.labottega-delrestauro.com\/de\/"},{"@type":"ListItem","position":2,"name":"Shop","item":"https:\/\/www.labottega-delrestauro.com\/de\/negozio\/"},{"@type":"ListItem","position":3,"name":"Berkel-Schneidemaschine &#8211; Modell 20"}]},{"@type":"WebSite","@id":"https:\/\/www.labottega-delrestauro.com\/de\/#website","url":"https:\/\/www.labottega-delrestauro.com\/de\/","name":"La Bottega del Restauro","description":"Restauro macchine Berkel","potentialAction":[{"@type":"SearchAction","target":{"@type":"EntryPoint","urlTemplate":"https:\/\/www.labottega-delrestauro.com\/de\/?s={search_term_string}"},"query-input":{"@type":"PropertyValueSpecification","valueRequired":true,"valueName":"search_term_string"}}],"inLanguage":"de"}]}},"_links":{"self":[{"href":"https:\/\/www.labottega-delrestauro.com\/de\/wp-json\/wp\/v2\/product\/58538","targetHints":{"allow":["GET"]}}],"collection":[{"href":"https:\/\/www.labottega-delrestauro.com\/de\/wp-json\/wp\/v2\/product"}],"about":[{"href":"https:\/\/www.labottega-delrestauro.com\/de\/wp-json\/wp\/v2\/types\/product"}],"wp:featuredmedia":[{"embeddable":true,"href":"https:\/\/www.labottega-delrestauro.com\/de\/wp-json\/wp\/v2\/media\/57182"}],"wp:attachment":[{"href":"https:\/\/www.labottega-delrestauro.com\/de\/wp-json\/wp\/v2\/media?parent=58538"}],"wp:term":[{"taxonomy":"product_cat","embeddable":true,"href":"https:\/\/www.labottega-delrestauro.com\/de\/wp-json\/wp\/v2\/product_cat?post=58538"},{"taxonomy":"product_tag","embeddable":true,"href":"https:\/\/www.labottega-delrestauro.com\/de\/wp-json\/wp\/v2\/product_tag?post=58538"}],"curies":[{"name":"wp","href":"https:\/\/api.w.org\/{rel}","templated":true}]}}