{"id":58507,"date":"2022-03-29T13:17:48","date_gmt":"2022-03-29T13:17:48","guid":{"rendered":"https:\/\/labottega.sviluppokeyweb.com\/prodotto\/affettatrice-berkel-modello-nl\/"},"modified":"2022-09-01T10:00:43","modified_gmt":"2022-09-01T10:00:43","slug":"beste-berkel-schneider-einheiten-rare-restauriert","status":"publish","type":"product","link":"https:\/\/www.labottega-delrestauro.com\/de\/beste-berkel-schneider-einheiten-rare-restauriert\/","title":{"rendered":"Berkel-Schneidemaschine &#8211; Modell NL"},"content":{"rendered":"","protected":false},"excerpt":{"rendered":"<p>Die 1932 gegr\u00fcndete <strong>Berkel NL<\/strong> ist <strong>eine Schneidemaschine europ\u00e4ischer Produktion mit kleinen Abmessungen<\/strong>. Dieses Modell, das nur in <strong>wenigen Exemplaren<\/strong> hergestellt wurde, gilt heute bei Kritikern <strong>als Rarit\u00e4t<\/strong>.<\/p>\n<p>Die in <strong>schwarz<\/strong>, <strong>rot<\/strong> oder <strong>cremefarbenen<\/strong> Farben hergestellten Einzelst\u00fccke dieses Berkel-Modells geh\u00f6ren zu den <strong>besten Aufschnittmaschinen der niederl\u00e4ndischen Marke<\/strong>.<\/p>\n<p><strong>Der Schlitten gleitet auf Rollen<\/strong>, die seitlich von einer Schiene gef\u00fchrt werden, das gleiche Konzept wie beim <strong>Modell 20<\/strong>, das 1928 patentiert wurde; der Vorschubmechanismus mit einer Endlosschraube (trapezf\u00f6rmig) ist <strong>sichtbar<\/strong>, <strong>ebenso wie<\/strong> der Kamm f\u00fcr den <strong>Schlittenvorschub<\/strong>. Am Kamm ist ein Hebel angebracht, der die Platte f\u00fcr einen schnellen R\u00fccklauf freigibt.<\/p>\n<p>Die <strong>Schnitteinstellung<\/strong> erfolgt \u00fcber eine Einstellstange, die auf einem seitlichen B\u00fcgel ruht, auf dem <strong>14 Einstellungen<\/strong> gew\u00e4hlt werden k\u00f6nnen. Die <strong>Maschine wird durch<\/strong> das klassische <strong>massive Schwungrad <\/strong>angetrieben (im Laufe der Jahre wurden drei Typen hergestellt, ein kleines glattes, ein gro\u00dfes mit geringer Dicke und ein mittelgro\u00dfes konkaves, das dem des Modells 9 \u00e4hnelt), auf dem sich der <strong>Aufkleber<\/strong> &#8222;v. Berkel patend&#8220; befindet. Aufkleber &#8222;Berkel-Patent&#8220;.<\/p>\n<p><strong>La Bottega del Restauro<\/strong> k\u00fcmmert sich um <strong>seltene St\u00fccke wie das Modell N<\/strong>L, die fachgerecht und nach den Vorgaben des Herstellers restauriert werden. Anschlie\u00dfend k\u00fcmmern wir uns um den Verkauf der restaurierten Schneidemaschinen <strong>in ganz Italien und im Ausland<\/strong>.<\/p>\n<p>&nbsp;<\/p>\n<h2>Detaillierte technische Daten<\/h2>\n<p>Die <strong>Klinge<\/strong> mit einem Durchmesser von 300 mm (im Laufe der Jahre haben wir einige Exemplare mit einer 319er Klinge gefunden, die der 9 entspricht) ist auf einer <strong>bogenf\u00f6rmigen Schulter<\/strong> mit einer wei\u00dfen Opalglasplatte montiert.<\/p>\n<p><strong>Der<\/strong> <strong>Sch\u00e4rfer<\/strong> des Berkel NL-Modells ist auf dem Metallb\u00fcgel befestigt, der sowohl den vorderen als auch den hinteren Klingenschutz tr\u00e4gt. Er hat eine <strong>andere Form<\/strong> als die klassischen Sch\u00e4rfer; tats\u00e4chlich ist alles auf der <strong>Kappe<\/strong> montiert, die sowohl als St\u00fctzstruktur als auch als Schutz dient.<\/p>\n<p>Das Modell NL ist \u00e4lter als das Modell <strong>NS<\/strong>, denn es hat zwar die gleiche Basis, aber <strong>der Schlitten ist 40 mm l\u00e4nger<\/strong>, ebenso wie der Schlitten, der eine Nutzl\u00e4nge von 240 mm statt der 200 mm des NS hat.<\/p>\n<p>Wenn Sie sich \u00fcber die Verf\u00fcgbarkeit restaurierter und aufgearbeiteter Modelle informieren m\u00f6chten, <strong>nehmen Sie bitte Kontakt mit uns auf<\/strong>.<\/p>\n","protected":false},"featured_media":57149,"template":"","meta":{"_et_pb_use_builder":"","_et_pb_old_content":"","_et_gb_content_width":""},"product_cat":[367],"product_tag":[],"class_list":{"0":"post-58507","1":"product","2":"type-product","3":"status-publish","4":"has-post-thumbnail","6":"product_cat-bergung-antiker-berkel-historische-modelle-europaeischer-schneidemaschinen","7":"pa_lama-300-319-de","8":"pa_larghezza-590-de","9":"pa_periodo-1930-1980-de","10":"pa_peso-45-de","11":"pa_profondita-685-de","12":"pa_volano-35-de","14":"first","15":"instock","16":"product-type-simple"},"yoast_head":"<!-- This site is optimized with the Yoast SEO plugin v23.6 - https:\/\/yoast.com\/wordpress\/plugins\/seo\/ -->\n<title>Berkel Schneidemaschine Europ\u00e4ische Produktion \u2013 Verkauf Modell NL schwarz rot cremefarben<\/title>\n<meta name=\"description\" content=\"Unter den besten Berkel-Schneidemaschinen haben wir einzigartige und seltene St\u00fccke, wie das Modell NL, das in einer von der Muttergesellschaft zertifizierten Weise restauriert wurde.\" \/>\n<meta name=\"robots\" content=\"index, follow, max-snippet:-1, max-image-preview:large, max-video-preview:-1\" \/>\n<link rel=\"canonical\" href=\"https:\/\/www.labottega-delrestauro.com\/de\/beste-berkel-schneider-einheiten-rare-restauriert\/\" \/>\n<meta property=\"og:locale\" content=\"de_DE\" \/>\n<meta property=\"og:type\" content=\"article\" \/>\n<meta property=\"og:title\" content=\"Berkel Schneidemaschine Europ\u00e4ische Produktion \u2013 Verkauf Modell NL schwarz rot cremefarben\" \/>\n<meta property=\"og:description\" content=\"Unter den besten Berkel-Schneidemaschinen haben wir einzigartige und seltene St\u00fccke, wie das Modell NL, das in einer von der Muttergesellschaft zertifizierten Weise restauriert wurde.\" \/>\n<meta property=\"og:url\" content=\"https:\/\/www.labottega-delrestauro.com\/de\/beste-berkel-schneider-einheiten-rare-restauriert\/\" \/>\n<meta property=\"og:site_name\" content=\"La Bottega del Restauro\" \/>\n<meta property=\"article:modified_time\" content=\"2022-09-01T10:00:43+00:00\" \/>\n<meta property=\"og:image\" content=\"https:\/\/www.labottega-delrestauro.com\/wp-content\/uploads\/2022\/03\/affettatrici-berkel-produzione-europea.jpg\" \/>\n\t<meta property=\"og:image:width\" content=\"1400\" \/>\n\t<meta property=\"og:image:height\" content=\"1000\" \/>\n\t<meta property=\"og:image:type\" content=\"image\/jpeg\" \/>\n<meta name=\"twitter:card\" content=\"summary_large_image\" \/>\n<script type=\"application\/ld+json\" class=\"yoast-schema-graph\">{\"@context\":\"https:\/\/schema.org\",\"@graph\":[{\"@type\":\"WebPage\",\"@id\":\"https:\/\/www.labottega-delrestauro.com\/de\/beste-berkel-schneider-einheiten-rare-restauriert\/\",\"url\":\"https:\/\/www.labottega-delrestauro.com\/de\/beste-berkel-schneider-einheiten-rare-restauriert\/\",\"name\":\"Berkel Schneidemaschine Europ\u00e4ische Produktion \u2013 Verkauf Modell NL schwarz rot cremefarben\",\"isPartOf\":{\"@id\":\"https:\/\/www.labottega-delrestauro.com\/de\/#website\"},\"primaryImageOfPage\":{\"@id\":\"https:\/\/www.labottega-delrestauro.com\/de\/beste-berkel-schneider-einheiten-rare-restauriert\/#primaryimage\"},\"image\":{\"@id\":\"https:\/\/www.labottega-delrestauro.com\/de\/beste-berkel-schneider-einheiten-rare-restauriert\/#primaryimage\"},\"thumbnailUrl\":\"https:\/\/www.labottega-delrestauro.com\/wp-content\/uploads\/2022\/03\/affettatrici-berkel-produzione-europea.jpg\",\"datePublished\":\"2022-03-29T13:17:48+00:00\",\"dateModified\":\"2022-09-01T10:00:43+00:00\",\"description\":\"Unter den besten Berkel-Schneidemaschinen haben wir einzigartige und seltene St\u00fccke, wie das Modell NL, das in einer von der Muttergesellschaft zertifizierten Weise restauriert wurde.\",\"breadcrumb\":{\"@id\":\"https:\/\/www.labottega-delrestauro.com\/de\/beste-berkel-schneider-einheiten-rare-restauriert\/#breadcrumb\"},\"inLanguage\":\"de\",\"potentialAction\":[{\"@type\":\"ReadAction\",\"target\":[\"https:\/\/www.labottega-delrestauro.com\/de\/beste-berkel-schneider-einheiten-rare-restauriert\/\"]}]},{\"@type\":\"ImageObject\",\"inLanguage\":\"de\",\"@id\":\"https:\/\/www.labottega-delrestauro.com\/de\/beste-berkel-schneider-einheiten-rare-restauriert\/#primaryimage\",\"url\":\"https:\/\/www.labottega-delrestauro.com\/wp-content\/uploads\/2022\/03\/affettatrici-berkel-produzione-europea.jpg\",\"contentUrl\":\"https:\/\/www.labottega-delrestauro.com\/wp-content\/uploads\/2022\/03\/affettatrici-berkel-produzione-europea.jpg\",\"width\":1400,\"height\":1000},{\"@type\":\"BreadcrumbList\",\"@id\":\"https:\/\/www.labottega-delrestauro.com\/de\/beste-berkel-schneider-einheiten-rare-restauriert\/#breadcrumb\",\"itemListElement\":[{\"@type\":\"ListItem\",\"position\":1,\"name\":\"Home\",\"item\":\"https:\/\/www.labottega-delrestauro.com\/de\/\"},{\"@type\":\"ListItem\",\"position\":2,\"name\":\"Shop\",\"item\":\"https:\/\/www.labottega-delrestauro.com\/de\/negozio\/\"},{\"@type\":\"ListItem\",\"position\":3,\"name\":\"Berkel-Schneidemaschine &#8211; Modell NL\"}]},{\"@type\":\"WebSite\",\"@id\":\"https:\/\/www.labottega-delrestauro.com\/de\/#website\",\"url\":\"https:\/\/www.labottega-delrestauro.com\/de\/\",\"name\":\"La Bottega del Restauro\",\"description\":\"Restauro macchine Berkel\",\"potentialAction\":[{\"@type\":\"SearchAction\",\"target\":{\"@type\":\"EntryPoint\",\"urlTemplate\":\"https:\/\/www.labottega-delrestauro.com\/de\/?s={search_term_string}\"},\"query-input\":{\"@type\":\"PropertyValueSpecification\",\"valueRequired\":true,\"valueName\":\"search_term_string\"}}],\"inLanguage\":\"de\"}]}<\/script>\n<!-- \/ Yoast SEO plugin. -->","yoast_head_json":{"title":"Berkel Schneidemaschine Europ\u00e4ische Produktion \u2013 Verkauf Modell NL schwarz rot cremefarben","description":"Unter den besten Berkel-Schneidemaschinen haben wir einzigartige und seltene St\u00fccke, wie das Modell NL, das in einer von der Muttergesellschaft zertifizierten Weise restauriert wurde.","robots":{"index":"index","follow":"follow","max-snippet":"max-snippet:-1","max-image-preview":"max-image-preview:large","max-video-preview":"max-video-preview:-1"},"canonical":"https:\/\/www.labottega-delrestauro.com\/de\/beste-berkel-schneider-einheiten-rare-restauriert\/","og_locale":"de_DE","og_type":"article","og_title":"Berkel Schneidemaschine Europ\u00e4ische Produktion \u2013 Verkauf Modell NL schwarz rot cremefarben","og_description":"Unter den besten Berkel-Schneidemaschinen haben wir einzigartige und seltene St\u00fccke, wie das Modell NL, das in einer von der Muttergesellschaft zertifizierten Weise restauriert wurde.","og_url":"https:\/\/www.labottega-delrestauro.com\/de\/beste-berkel-schneider-einheiten-rare-restauriert\/","og_site_name":"La Bottega del Restauro","article_modified_time":"2022-09-01T10:00:43+00:00","og_image":[{"width":1400,"height":1000,"url":"https:\/\/www.labottega-delrestauro.com\/wp-content\/uploads\/2022\/03\/affettatrici-berkel-produzione-europea.jpg","type":"image\/jpeg"}],"twitter_card":"summary_large_image","schema":{"@context":"https:\/\/schema.org","@graph":[{"@type":"WebPage","@id":"https:\/\/www.labottega-delrestauro.com\/de\/beste-berkel-schneider-einheiten-rare-restauriert\/","url":"https:\/\/www.labottega-delrestauro.com\/de\/beste-berkel-schneider-einheiten-rare-restauriert\/","name":"Berkel Schneidemaschine Europ\u00e4ische Produktion \u2013 Verkauf Modell NL schwarz rot cremefarben","isPartOf":{"@id":"https:\/\/www.labottega-delrestauro.com\/de\/#website"},"primaryImageOfPage":{"@id":"https:\/\/www.labottega-delrestauro.com\/de\/beste-berkel-schneider-einheiten-rare-restauriert\/#primaryimage"},"image":{"@id":"https:\/\/www.labottega-delrestauro.com\/de\/beste-berkel-schneider-einheiten-rare-restauriert\/#primaryimage"},"thumbnailUrl":"https:\/\/www.labottega-delrestauro.com\/wp-content\/uploads\/2022\/03\/affettatrici-berkel-produzione-europea.jpg","datePublished":"2022-03-29T13:17:48+00:00","dateModified":"2022-09-01T10:00:43+00:00","description":"Unter den besten Berkel-Schneidemaschinen haben wir einzigartige und seltene St\u00fccke, wie das Modell NL, das in einer von der Muttergesellschaft zertifizierten Weise restauriert wurde.","breadcrumb":{"@id":"https:\/\/www.labottega-delrestauro.com\/de\/beste-berkel-schneider-einheiten-rare-restauriert\/#breadcrumb"},"inLanguage":"de","potentialAction":[{"@type":"ReadAction","target":["https:\/\/www.labottega-delrestauro.com\/de\/beste-berkel-schneider-einheiten-rare-restauriert\/"]}]},{"@type":"ImageObject","inLanguage":"de","@id":"https:\/\/www.labottega-delrestauro.com\/de\/beste-berkel-schneider-einheiten-rare-restauriert\/#primaryimage","url":"https:\/\/www.labottega-delrestauro.com\/wp-content\/uploads\/2022\/03\/affettatrici-berkel-produzione-europea.jpg","contentUrl":"https:\/\/www.labottega-delrestauro.com\/wp-content\/uploads\/2022\/03\/affettatrici-berkel-produzione-europea.jpg","width":1400,"height":1000},{"@type":"BreadcrumbList","@id":"https:\/\/www.labottega-delrestauro.com\/de\/beste-berkel-schneider-einheiten-rare-restauriert\/#breadcrumb","itemListElement":[{"@type":"ListItem","position":1,"name":"Home","item":"https:\/\/www.labottega-delrestauro.com\/de\/"},{"@type":"ListItem","position":2,"name":"Shop","item":"https:\/\/www.labottega-delrestauro.com\/de\/negozio\/"},{"@type":"ListItem","position":3,"name":"Berkel-Schneidemaschine &#8211; Modell NL"}]},{"@type":"WebSite","@id":"https:\/\/www.labottega-delrestauro.com\/de\/#website","url":"https:\/\/www.labottega-delrestauro.com\/de\/","name":"La Bottega del Restauro","description":"Restauro macchine Berkel","potentialAction":[{"@type":"SearchAction","target":{"@type":"EntryPoint","urlTemplate":"https:\/\/www.labottega-delrestauro.com\/de\/?s={search_term_string}"},"query-input":{"@type":"PropertyValueSpecification","valueRequired":true,"valueName":"search_term_string"}}],"inLanguage":"de"}]}},"_links":{"self":[{"href":"https:\/\/www.labottega-delrestauro.com\/de\/wp-json\/wp\/v2\/product\/58507","targetHints":{"allow":["GET"]}}],"collection":[{"href":"https:\/\/www.labottega-delrestauro.com\/de\/wp-json\/wp\/v2\/product"}],"about":[{"href":"https:\/\/www.labottega-delrestauro.com\/de\/wp-json\/wp\/v2\/types\/product"}],"wp:featuredmedia":[{"embeddable":true,"href":"https:\/\/www.labottega-delrestauro.com\/de\/wp-json\/wp\/v2\/media\/57149"}],"wp:attachment":[{"href":"https:\/\/www.labottega-delrestauro.com\/de\/wp-json\/wp\/v2\/media?parent=58507"}],"wp:term":[{"taxonomy":"product_cat","embeddable":true,"href":"https:\/\/www.labottega-delrestauro.com\/de\/wp-json\/wp\/v2\/product_cat?post=58507"},{"taxonomy":"product_tag","embeddable":true,"href":"https:\/\/www.labottega-delrestauro.com\/de\/wp-json\/wp\/v2\/product_tag?post=58507"}],"curies":[{"name":"wp","href":"https:\/\/api.w.org\/{rel}","templated":true}]}}