{"id":58464,"date":"2022-03-29T13:17:48","date_gmt":"2022-03-29T13:17:48","guid":{"rendered":"https:\/\/labottega.sviluppokeyweb.com\/prodotto\/affettatrice-berkel-modello-9h\/"},"modified":"2022-09-29T09:12:58","modified_gmt":"2022-09-29T09:12:58","slug":"kosten-slicer-9h-berkel-authentic-original-parts","status":"publish","type":"product","link":"https:\/\/www.labottega-delrestauro.com\/de\/kosten-slicer-9h-berkel-authentic-original-parts\/","title":{"rendered":"Berkel Aufschnittmaschine &#8211; Modell 9H"},"content":{"rendered":"<p><iframe loading=\"lazy\" width=\"560\" height=\"315\" src=\"https:\/\/www.youtube.com\/embed\/SrGetBL0ajA\" title=\"YouTube video player\" frameborder=\"0\" allow=\"accelerometer; autoplay; clipboard-write; encrypted-media; gyroscope; picture-in-picture\" allowfullscreen><\/iframe><\/p>\n","protected":false},"excerpt":{"rendered":"<p>Das <strong>Modell Berkel 9H<\/strong> wurde zwischen 1936 und 1969 gebaut und ist eine <strong>mittelgro\u00dfe Aufschnittmaschine<\/strong>. Diese Maschine ist eine Kombination aus Erfahrung und war <strong>sehr erfolgreich<\/strong>.<\/p>\n<p>Der <strong>Schlitten<\/strong> gleitet auf Rollen, die seitlich von einer Schiene gef\u00fchrt werden, das gleiche Konzept wie beim Modell 20, das 1928 patentiert wurde; der Vorschubmechanismus mit Schnecke ist vollkommen <strong>identisch mit dem des Modells 8<\/strong> mit Schnecke, der Kamm hat ein hochhaltendes Laderad und der Vorschub wird durch die klassische <strong>&#8222;Uhr&#8220; mit Bakelitknopf <\/strong>geregelt.<\/p>\n<p>Der <strong>Antrieb<\/strong> der Berkel 9H erfolgt \u00fcber das klassische <strong>Vollschwungrad<\/strong>, auf dem sich der <strong>Aufkleber &#8222;Berkel&#8220;<\/strong> befindet.<\/p>\n<p>Die <strong>Klinge<\/strong> mit einem Durchmesser von 329 mm ist auf einer <strong>bogenf\u00f6rmigen Schulter<\/strong> mit einer wei\u00dfen Opalglasplatte montiert.<\/p>\n<p>Der <strong>Spitzer<\/strong> ist der klassische und bekannte Berkel-Spitzer, <strong>mit einer lackierten Kappe und einer Frontmaske<\/strong>, die alle verkleinert sind. Sp\u00e4ter wird dies immer bei Modellen mit gro\u00dfer Klinge verwendet werden.<\/p>\n<p><strong>Bottega del Restauro<\/strong> f\u00fchrt <strong>sorgf\u00e4ltige und zertifizierte<\/strong> Arbeiten durch, die jedem Modell die <strong>authentische \u00c4sthetik und Funktionalit\u00e4t<\/strong> verleihen, mit der es vor Jahren geboren wurde. Unsere Arbeit wird professionell und seri\u00f6s ausgef\u00fchrt. <strong>Wir verzieren<\/strong> jedes restaurierte Teil <strong>von Hand<\/strong> und ersetzen defekte Teile durch <strong>Berkel-Originalteile<\/strong>.<\/p>\n<p>F\u00fcr <strong>weitere<\/strong> Informationen oder <strong>einen<\/strong> <strong>Kostenvoranschlag<\/strong> k\u00f6nnen <strong>Sie sich an unsere Mitarbeiter wenden<\/strong>: Wir versenden <strong>national<\/strong> und <strong>international<\/strong>.<\/p>\n","protected":false},"featured_media":57101,"template":"","meta":{"_et_pb_use_builder":"","_et_pb_old_content":"","_et_gb_content_width":""},"product_cat":[367],"product_tag":[],"class_list":{"0":"post-58464","1":"product","2":"type-product","3":"status-publish","4":"has-post-thumbnail","6":"product_cat-bergung-antiker-berkel-historische-modelle-europaeischer-schneidemaschinen","7":"pa_lama-263-319-de","8":"pa_larghezza-610-de","9":"pa_periodo-1930-1980-de","10":"pa_peso-68-de","11":"pa_profondita-830-de","12":"pa_volano-35-de","14":"first","15":"instock","16":"product-type-simple"},"yoast_head":"<!-- This site is optimized with the Yoast SEO plugin v23.6 - https:\/\/yoast.com\/wordpress\/plugins\/seo\/ -->\n<title>Berkel Slicer 9H \u2013 Fein restauriertes Modell Sch\u00e4rfger\u00e4t mit lackierter Kappe Frontmaske<\/title>\n<meta name=\"description\" content=\"Die Berkel 9H Aufschnittmaschine ist ein wertvolles Modell: f\u00fcr ein restauriertes Modell mit Originalteilen zu einem unschlagbaren Preis, kontaktieren Sie uns!\" \/>\n<meta name=\"robots\" content=\"index, follow, max-snippet:-1, max-image-preview:large, max-video-preview:-1\" \/>\n<link rel=\"canonical\" href=\"https:\/\/www.labottega-delrestauro.com\/de\/kosten-slicer-9h-berkel-authentic-original-parts\/\" \/>\n<meta property=\"og:locale\" content=\"de_DE\" \/>\n<meta property=\"og:type\" content=\"article\" \/>\n<meta property=\"og:title\" content=\"Berkel Slicer 9H \u2013 Fein restauriertes Modell Sch\u00e4rfger\u00e4t mit lackierter Kappe Frontmaske\" \/>\n<meta property=\"og:description\" content=\"Die Berkel 9H Aufschnittmaschine ist ein wertvolles Modell: f\u00fcr ein restauriertes Modell mit Originalteilen zu einem unschlagbaren Preis, kontaktieren Sie uns!\" \/>\n<meta property=\"og:url\" content=\"https:\/\/www.labottega-delrestauro.com\/de\/kosten-slicer-9h-berkel-authentic-original-parts\/\" \/>\n<meta property=\"og:site_name\" content=\"La Bottega del Restauro\" \/>\n<meta property=\"article:modified_time\" content=\"2022-09-29T09:12:58+00:00\" \/>\n<meta property=\"og:image\" content=\"https:\/\/www.labottega-delrestauro.com\/wp-content\/uploads\/2022\/03\/affettatrice-9h-berkel.jpg\" \/>\n\t<meta property=\"og:image:width\" content=\"762\" \/>\n\t<meta property=\"og:image:height\" content=\"1181\" \/>\n\t<meta property=\"og:image:type\" content=\"image\/jpeg\" \/>\n<meta name=\"twitter:card\" content=\"summary_large_image\" \/>\n<script type=\"application\/ld+json\" class=\"yoast-schema-graph\">{\"@context\":\"https:\/\/schema.org\",\"@graph\":[{\"@type\":\"WebPage\",\"@id\":\"https:\/\/www.labottega-delrestauro.com\/de\/kosten-slicer-9h-berkel-authentic-original-parts\/\",\"url\":\"https:\/\/www.labottega-delrestauro.com\/de\/kosten-slicer-9h-berkel-authentic-original-parts\/\",\"name\":\"Berkel Slicer 9H \u2013 Fein restauriertes Modell Sch\u00e4rfger\u00e4t mit lackierter Kappe Frontmaske\",\"isPartOf\":{\"@id\":\"https:\/\/www.labottega-delrestauro.com\/de\/#website\"},\"primaryImageOfPage\":{\"@id\":\"https:\/\/www.labottega-delrestauro.com\/de\/kosten-slicer-9h-berkel-authentic-original-parts\/#primaryimage\"},\"image\":{\"@id\":\"https:\/\/www.labottega-delrestauro.com\/de\/kosten-slicer-9h-berkel-authentic-original-parts\/#primaryimage\"},\"thumbnailUrl\":\"https:\/\/www.labottega-delrestauro.com\/wp-content\/uploads\/2022\/03\/affettatrice-9h-berkel.jpg\",\"datePublished\":\"2022-03-29T13:17:48+00:00\",\"dateModified\":\"2022-09-29T09:12:58+00:00\",\"description\":\"Die Berkel 9H Aufschnittmaschine ist ein wertvolles Modell: f\u00fcr ein restauriertes Modell mit Originalteilen zu einem unschlagbaren Preis, kontaktieren Sie uns!\",\"breadcrumb\":{\"@id\":\"https:\/\/www.labottega-delrestauro.com\/de\/kosten-slicer-9h-berkel-authentic-original-parts\/#breadcrumb\"},\"inLanguage\":\"de\",\"potentialAction\":[{\"@type\":\"ReadAction\",\"target\":[\"https:\/\/www.labottega-delrestauro.com\/de\/kosten-slicer-9h-berkel-authentic-original-parts\/\"]}]},{\"@type\":\"ImageObject\",\"inLanguage\":\"de\",\"@id\":\"https:\/\/www.labottega-delrestauro.com\/de\/kosten-slicer-9h-berkel-authentic-original-parts\/#primaryimage\",\"url\":\"https:\/\/www.labottega-delrestauro.com\/wp-content\/uploads\/2022\/03\/affettatrice-9h-berkel.jpg\",\"contentUrl\":\"https:\/\/www.labottega-delrestauro.com\/wp-content\/uploads\/2022\/03\/affettatrice-9h-berkel.jpg\",\"width\":762,\"height\":1181},{\"@type\":\"BreadcrumbList\",\"@id\":\"https:\/\/www.labottega-delrestauro.com\/de\/kosten-slicer-9h-berkel-authentic-original-parts\/#breadcrumb\",\"itemListElement\":[{\"@type\":\"ListItem\",\"position\":1,\"name\":\"Home\",\"item\":\"https:\/\/www.labottega-delrestauro.com\/de\/\"},{\"@type\":\"ListItem\",\"position\":2,\"name\":\"Shop\",\"item\":\"https:\/\/www.labottega-delrestauro.com\/de\/negozio\/\"},{\"@type\":\"ListItem\",\"position\":3,\"name\":\"Berkel Aufschnittmaschine &#8211; Modell 9H\"}]},{\"@type\":\"WebSite\",\"@id\":\"https:\/\/www.labottega-delrestauro.com\/de\/#website\",\"url\":\"https:\/\/www.labottega-delrestauro.com\/de\/\",\"name\":\"La Bottega del Restauro\",\"description\":\"Restauro macchine Berkel\",\"potentialAction\":[{\"@type\":\"SearchAction\",\"target\":{\"@type\":\"EntryPoint\",\"urlTemplate\":\"https:\/\/www.labottega-delrestauro.com\/de\/?s={search_term_string}\"},\"query-input\":{\"@type\":\"PropertyValueSpecification\",\"valueRequired\":true,\"valueName\":\"search_term_string\"}}],\"inLanguage\":\"de\"}]}<\/script>\n<!-- \/ Yoast SEO plugin. -->","yoast_head_json":{"title":"Berkel Slicer 9H \u2013 Fein restauriertes Modell Sch\u00e4rfger\u00e4t mit lackierter Kappe Frontmaske","description":"Die Berkel 9H Aufschnittmaschine ist ein wertvolles Modell: f\u00fcr ein restauriertes Modell mit Originalteilen zu einem unschlagbaren Preis, kontaktieren Sie uns!","robots":{"index":"index","follow":"follow","max-snippet":"max-snippet:-1","max-image-preview":"max-image-preview:large","max-video-preview":"max-video-preview:-1"},"canonical":"https:\/\/www.labottega-delrestauro.com\/de\/kosten-slicer-9h-berkel-authentic-original-parts\/","og_locale":"de_DE","og_type":"article","og_title":"Berkel Slicer 9H \u2013 Fein restauriertes Modell Sch\u00e4rfger\u00e4t mit lackierter Kappe Frontmaske","og_description":"Die Berkel 9H Aufschnittmaschine ist ein wertvolles Modell: f\u00fcr ein restauriertes Modell mit Originalteilen zu einem unschlagbaren Preis, kontaktieren Sie uns!","og_url":"https:\/\/www.labottega-delrestauro.com\/de\/kosten-slicer-9h-berkel-authentic-original-parts\/","og_site_name":"La Bottega del Restauro","article_modified_time":"2022-09-29T09:12:58+00:00","og_image":[{"width":762,"height":1181,"url":"https:\/\/www.labottega-delrestauro.com\/wp-content\/uploads\/2022\/03\/affettatrice-9h-berkel.jpg","type":"image\/jpeg"}],"twitter_card":"summary_large_image","schema":{"@context":"https:\/\/schema.org","@graph":[{"@type":"WebPage","@id":"https:\/\/www.labottega-delrestauro.com\/de\/kosten-slicer-9h-berkel-authentic-original-parts\/","url":"https:\/\/www.labottega-delrestauro.com\/de\/kosten-slicer-9h-berkel-authentic-original-parts\/","name":"Berkel Slicer 9H \u2013 Fein restauriertes Modell Sch\u00e4rfger\u00e4t mit lackierter Kappe Frontmaske","isPartOf":{"@id":"https:\/\/www.labottega-delrestauro.com\/de\/#website"},"primaryImageOfPage":{"@id":"https:\/\/www.labottega-delrestauro.com\/de\/kosten-slicer-9h-berkel-authentic-original-parts\/#primaryimage"},"image":{"@id":"https:\/\/www.labottega-delrestauro.com\/de\/kosten-slicer-9h-berkel-authentic-original-parts\/#primaryimage"},"thumbnailUrl":"https:\/\/www.labottega-delrestauro.com\/wp-content\/uploads\/2022\/03\/affettatrice-9h-berkel.jpg","datePublished":"2022-03-29T13:17:48+00:00","dateModified":"2022-09-29T09:12:58+00:00","description":"Die Berkel 9H Aufschnittmaschine ist ein wertvolles Modell: f\u00fcr ein restauriertes Modell mit Originalteilen zu einem unschlagbaren Preis, kontaktieren Sie uns!","breadcrumb":{"@id":"https:\/\/www.labottega-delrestauro.com\/de\/kosten-slicer-9h-berkel-authentic-original-parts\/#breadcrumb"},"inLanguage":"de","potentialAction":[{"@type":"ReadAction","target":["https:\/\/www.labottega-delrestauro.com\/de\/kosten-slicer-9h-berkel-authentic-original-parts\/"]}]},{"@type":"ImageObject","inLanguage":"de","@id":"https:\/\/www.labottega-delrestauro.com\/de\/kosten-slicer-9h-berkel-authentic-original-parts\/#primaryimage","url":"https:\/\/www.labottega-delrestauro.com\/wp-content\/uploads\/2022\/03\/affettatrice-9h-berkel.jpg","contentUrl":"https:\/\/www.labottega-delrestauro.com\/wp-content\/uploads\/2022\/03\/affettatrice-9h-berkel.jpg","width":762,"height":1181},{"@type":"BreadcrumbList","@id":"https:\/\/www.labottega-delrestauro.com\/de\/kosten-slicer-9h-berkel-authentic-original-parts\/#breadcrumb","itemListElement":[{"@type":"ListItem","position":1,"name":"Home","item":"https:\/\/www.labottega-delrestauro.com\/de\/"},{"@type":"ListItem","position":2,"name":"Shop","item":"https:\/\/www.labottega-delrestauro.com\/de\/negozio\/"},{"@type":"ListItem","position":3,"name":"Berkel Aufschnittmaschine &#8211; Modell 9H"}]},{"@type":"WebSite","@id":"https:\/\/www.labottega-delrestauro.com\/de\/#website","url":"https:\/\/www.labottega-delrestauro.com\/de\/","name":"La Bottega del Restauro","description":"Restauro macchine Berkel","potentialAction":[{"@type":"SearchAction","target":{"@type":"EntryPoint","urlTemplate":"https:\/\/www.labottega-delrestauro.com\/de\/?s={search_term_string}"},"query-input":{"@type":"PropertyValueSpecification","valueRequired":true,"valueName":"search_term_string"}}],"inLanguage":"de"}]}},"_links":{"self":[{"href":"https:\/\/www.labottega-delrestauro.com\/de\/wp-json\/wp\/v2\/product\/58464","targetHints":{"allow":["GET"]}}],"collection":[{"href":"https:\/\/www.labottega-delrestauro.com\/de\/wp-json\/wp\/v2\/product"}],"about":[{"href":"https:\/\/www.labottega-delrestauro.com\/de\/wp-json\/wp\/v2\/types\/product"}],"wp:featuredmedia":[{"embeddable":true,"href":"https:\/\/www.labottega-delrestauro.com\/de\/wp-json\/wp\/v2\/media\/57101"}],"wp:attachment":[{"href":"https:\/\/www.labottega-delrestauro.com\/de\/wp-json\/wp\/v2\/media?parent=58464"}],"wp:term":[{"taxonomy":"product_cat","embeddable":true,"href":"https:\/\/www.labottega-delrestauro.com\/de\/wp-json\/wp\/v2\/product_cat?post=58464"},{"taxonomy":"product_tag","embeddable":true,"href":"https:\/\/www.labottega-delrestauro.com\/de\/wp-json\/wp\/v2\/product_tag?post=58464"}],"curies":[{"name":"wp","href":"https:\/\/api.w.org\/{rel}","templated":true}]}}