{"id":58445,"date":"2022-03-29T13:17:48","date_gmt":"2022-03-29T13:17:48","guid":{"rendered":"https:\/\/labottega.sviluppokeyweb.com\/prodotto\/affettatrice-berkel-modello-8h\/"},"modified":"2022-09-29T09:24:19","modified_gmt":"2022-09-29T09:24:19","slug":"kauf-berkel-schneider-modell-8h-historische-zertifiziert","status":"publish","type":"product","link":"https:\/\/www.labottega-delrestauro.com\/de\/kauf-berkel-schneider-modell-8h-historische-zertifiziert\/","title":{"rendered":"Berkel Aufschnittmaschine &#8211; Modell 8H"},"content":{"rendered":"<p><iframe loading=\"lazy\" width=\"560\" height=\"315\" src=\"https:\/\/www.youtube.com\/embed\/99YSIOdH3FA\" title=\"YouTube video player\" frameborder=\"0\" allow=\"accelerometer; autoplay; clipboard-write; encrypted-media; gyroscope; picture-in-picture\" allowfullscreen><\/iframe><\/p>\n","protected":false},"excerpt":{"rendered":"<p>Das <strong>Modell Berkel 8H<\/strong>, das zwischen 1928 und 1948 gebaut wurde, gilt als <strong>die gro\u00dfe technische Innovation von Berkel<\/strong>.<\/p>\n<p>Dieses Modell, das in seiner Form offensichtlich der inzwischen <strong>&#8222;klassischen&#8220; Linie des Modells Berkel 7<\/strong> \u00e4hnelt, ist jedoch in jedem Detail <strong>verbessert<\/strong>.<\/p>\n<p>Die <strong>Schutzabdeckungen f\u00fcr den Gleitstift<\/strong> und die <strong>Vorschubschraube des Wagens<\/strong> wurden eingef\u00fchrt. Die alte Vierkantschraube wird durch eine Schraube mit <strong>Schraubengewinde<\/strong> ersetzt und das Kamm-System wird mit einem deutlich zuverl\u00e4ssigeren Laderad befestigt. Der <strong>Wagen<\/strong> selbst ist mit einem <strong>Verriegelungssystem<\/strong> mit Anschlagknopf und dem manuellen Schnellvorschubsystem ausgestattet. Au\u00dferdem wurde die verchromte <strong>Metalluhr<\/strong>&#8220; f\u00fcr die Scheibeneinstellung durch eine pr\u00e4zisere mit einem <strong>Bakelitknopf<\/strong> ersetzt. Der mit Karabinerhaken versehene <strong>Gleitstift<\/strong> ist ebenfalls verdickt worden.<\/p>\n<p>Der <strong>Maschinenantrieb<\/strong> hat das klassische <strong>massive Schwungrad<\/strong> mit der Aufschrift &#8222;Van Berkel&#8217;s patent&#8220;, die nicht mehr als Relief, sondern als <strong>Aufkleber<\/strong> angebracht ist.<\/p>\n<p>Die <strong>Klinge<\/strong> mit einem Durchmesser von 370 mm des Modells Berkel 8H ist auf der abgerundeten und in der Gr\u00f6\u00dfe angepassten <strong>bogenf\u00f6rmigen Schulter<\/strong> mit der dicken wei\u00dfen Opalglasplatte montiert. Der Korpus der Aufschnittmaschine hat alle <strong>abgerundeten Kanten<\/strong>.<\/p>\n<p><strong>Wenn Sie sich mit uns in Verbindung setzen<\/strong>, k\u00f6nnen Sie zus\u00e4tzliche Informationen \u00fcber die Verf\u00fcgbarkeit des Schneidemaschinenmodells erhalten: <strong>La Bottega del Restauro<\/strong> deckt <strong>ganz Italien und die Welt<\/strong> ab und Sammler, die am Kauf eines <strong>sorgf\u00e4ltig restaurierten antiken St\u00fccks<\/strong> interessiert sind.<\/p>\n<p>&nbsp;<\/p>\n<h2>Zertifizierte Restaurierungsarbeiten<\/h2>\n<p>Die <strong>Berkel<\/strong> Aufschnittmaschine <strong>Modell 8H<\/strong>, die zwischen den 20er und 40er Jahren entstand, ist ein historisches St\u00fcck der niederl\u00e4ndischen Marke und versammelt alle <strong>technischen Innovationen von Berkel<\/strong>. Es handelt sich um ein <strong>altes Modell<\/strong>, das die Geschichte dieses Unternehmens und seiner Entwicklung gepr\u00e4gt hat.<\/p>\n<p><strong>La Bottega del Restauro<\/strong> k\u00fcmmert sich um die Aufarbeitung von Handarbeitsmodellen und die Wiederherstellung der <strong>\u00e4sthetischen und funktionellen Qualit\u00e4ten<\/strong> der Vergangenheit; wir arbeiten <strong>sorgf\u00e4ltig und pr\u00e4zise<\/strong>, <strong>zertifiziert von der Firma Berkel<\/strong> selbst.<\/p>\n<p>Wenn Sie eine <strong>perfekt restaurierte<\/strong> alte Schneidemaschine kaufen m\u00f6chten, <strong>wenden Sie sich an unsere Mitarbeiter<\/strong>.<\/p>\n","protected":false},"featured_media":57071,"template":"","meta":{"_et_pb_use_builder":"","_et_pb_old_content":"","_et_gb_content_width":""},"product_cat":[367],"product_tag":[],"class_list":{"0":"post-58445","1":"product","2":"type-product","3":"status-publish","4":"has-post-thumbnail","6":"product_cat-bergung-antiker-berkel-historische-modelle-europaeischer-schneidemaschinen","7":"pa_lama-370-de","8":"pa_larghezza-715-de","9":"pa_periodo-1925-1980-de","10":"pa_peso-100-de","11":"pa_profondita-870-de","12":"pa_volano-eben-gemaltes-buchstaben","14":"first","15":"instock","16":"product-type-simple"},"yoast_head":"<!-- This site is optimized with the Yoast SEO plugin v23.6 - https:\/\/yoast.com\/wordpress\/plugins\/seo\/ -->\n<title>Berkel Aufschnittmaschine Modell 8H \u2013 restauriertes antikes St\u00fcck volles Schwungrad manueller Schnellvorschub<\/title>\n<meta name=\"description\" content=\"Wenn Sie einen zertifizierten restaurierten Oldtimer kaufen m\u00f6chten, wenden Sie sich an uns: Unter den Berkel-Modellen, mit denen wir handeln, gibt es auch die Aufschnittmaschine Modell 8H.\" \/>\n<meta name=\"robots\" content=\"index, follow, max-snippet:-1, max-image-preview:large, max-video-preview:-1\" \/>\n<link rel=\"canonical\" href=\"https:\/\/www.labottega-delrestauro.com\/de\/kauf-berkel-schneider-modell-8h-historische-zertifiziert\/\" \/>\n<meta property=\"og:locale\" content=\"de_DE\" \/>\n<meta property=\"og:type\" content=\"article\" \/>\n<meta property=\"og:title\" content=\"Berkel Aufschnittmaschine Modell 8H \u2013 restauriertes antikes St\u00fcck volles Schwungrad manueller Schnellvorschub\" \/>\n<meta property=\"og:description\" content=\"Wenn Sie einen zertifizierten restaurierten Oldtimer kaufen m\u00f6chten, wenden Sie sich an uns: Unter den Berkel-Modellen, mit denen wir handeln, gibt es auch die Aufschnittmaschine Modell 8H.\" \/>\n<meta property=\"og:url\" content=\"https:\/\/www.labottega-delrestauro.com\/de\/kauf-berkel-schneider-modell-8h-historische-zertifiziert\/\" \/>\n<meta property=\"og:site_name\" content=\"La Bottega del Restauro\" \/>\n<meta property=\"article:modified_time\" content=\"2022-09-29T09:24:19+00:00\" \/>\n<meta property=\"og:image\" content=\"https:\/\/www.labottega-delrestauro.com\/wp-content\/uploads\/2022\/03\/affettatrice-berkel-modello-8h.jpg\" \/>\n\t<meta property=\"og:image:width\" content=\"1500\" \/>\n\t<meta property=\"og:image:height\" content=\"1200\" \/>\n\t<meta property=\"og:image:type\" content=\"image\/jpeg\" \/>\n<meta name=\"twitter:card\" content=\"summary_large_image\" \/>\n<script type=\"application\/ld+json\" class=\"yoast-schema-graph\">{\"@context\":\"https:\/\/schema.org\",\"@graph\":[{\"@type\":\"WebPage\",\"@id\":\"https:\/\/www.labottega-delrestauro.com\/de\/kauf-berkel-schneider-modell-8h-historische-zertifiziert\/\",\"url\":\"https:\/\/www.labottega-delrestauro.com\/de\/kauf-berkel-schneider-modell-8h-historische-zertifiziert\/\",\"name\":\"Berkel Aufschnittmaschine Modell 8H \u2013 restauriertes antikes St\u00fcck volles Schwungrad manueller Schnellvorschub\",\"isPartOf\":{\"@id\":\"https:\/\/www.labottega-delrestauro.com\/de\/#website\"},\"primaryImageOfPage\":{\"@id\":\"https:\/\/www.labottega-delrestauro.com\/de\/kauf-berkel-schneider-modell-8h-historische-zertifiziert\/#primaryimage\"},\"image\":{\"@id\":\"https:\/\/www.labottega-delrestauro.com\/de\/kauf-berkel-schneider-modell-8h-historische-zertifiziert\/#primaryimage\"},\"thumbnailUrl\":\"https:\/\/www.labottega-delrestauro.com\/wp-content\/uploads\/2022\/03\/affettatrice-berkel-modello-8h.jpg\",\"datePublished\":\"2022-03-29T13:17:48+00:00\",\"dateModified\":\"2022-09-29T09:24:19+00:00\",\"description\":\"Wenn Sie einen zertifizierten restaurierten Oldtimer kaufen m\u00f6chten, wenden Sie sich an uns: Unter den Berkel-Modellen, mit denen wir handeln, gibt es auch die Aufschnittmaschine Modell 8H.\",\"breadcrumb\":{\"@id\":\"https:\/\/www.labottega-delrestauro.com\/de\/kauf-berkel-schneider-modell-8h-historische-zertifiziert\/#breadcrumb\"},\"inLanguage\":\"de\",\"potentialAction\":[{\"@type\":\"ReadAction\",\"target\":[\"https:\/\/www.labottega-delrestauro.com\/de\/kauf-berkel-schneider-modell-8h-historische-zertifiziert\/\"]}]},{\"@type\":\"ImageObject\",\"inLanguage\":\"de\",\"@id\":\"https:\/\/www.labottega-delrestauro.com\/de\/kauf-berkel-schneider-modell-8h-historische-zertifiziert\/#primaryimage\",\"url\":\"https:\/\/www.labottega-delrestauro.com\/wp-content\/uploads\/2022\/03\/affettatrice-berkel-modello-8h.jpg\",\"contentUrl\":\"https:\/\/www.labottega-delrestauro.com\/wp-content\/uploads\/2022\/03\/affettatrice-berkel-modello-8h.jpg\",\"width\":1500,\"height\":1200},{\"@type\":\"BreadcrumbList\",\"@id\":\"https:\/\/www.labottega-delrestauro.com\/de\/kauf-berkel-schneider-modell-8h-historische-zertifiziert\/#breadcrumb\",\"itemListElement\":[{\"@type\":\"ListItem\",\"position\":1,\"name\":\"Home\",\"item\":\"https:\/\/www.labottega-delrestauro.com\/de\/\"},{\"@type\":\"ListItem\",\"position\":2,\"name\":\"Shop\",\"item\":\"https:\/\/www.labottega-delrestauro.com\/de\/negozio\/\"},{\"@type\":\"ListItem\",\"position\":3,\"name\":\"Berkel Aufschnittmaschine &#8211; Modell 8H\"}]},{\"@type\":\"WebSite\",\"@id\":\"https:\/\/www.labottega-delrestauro.com\/de\/#website\",\"url\":\"https:\/\/www.labottega-delrestauro.com\/de\/\",\"name\":\"La Bottega del Restauro\",\"description\":\"Restauro macchine Berkel\",\"potentialAction\":[{\"@type\":\"SearchAction\",\"target\":{\"@type\":\"EntryPoint\",\"urlTemplate\":\"https:\/\/www.labottega-delrestauro.com\/de\/?s={search_term_string}\"},\"query-input\":{\"@type\":\"PropertyValueSpecification\",\"valueRequired\":true,\"valueName\":\"search_term_string\"}}],\"inLanguage\":\"de\"}]}<\/script>\n<!-- \/ Yoast SEO plugin. -->","yoast_head_json":{"title":"Berkel Aufschnittmaschine Modell 8H \u2013 restauriertes antikes St\u00fcck volles Schwungrad manueller Schnellvorschub","description":"Wenn Sie einen zertifizierten restaurierten Oldtimer kaufen m\u00f6chten, wenden Sie sich an uns: Unter den Berkel-Modellen, mit denen wir handeln, gibt es auch die Aufschnittmaschine Modell 8H.","robots":{"index":"index","follow":"follow","max-snippet":"max-snippet:-1","max-image-preview":"max-image-preview:large","max-video-preview":"max-video-preview:-1"},"canonical":"https:\/\/www.labottega-delrestauro.com\/de\/kauf-berkel-schneider-modell-8h-historische-zertifiziert\/","og_locale":"de_DE","og_type":"article","og_title":"Berkel Aufschnittmaschine Modell 8H \u2013 restauriertes antikes St\u00fcck volles Schwungrad manueller Schnellvorschub","og_description":"Wenn Sie einen zertifizierten restaurierten Oldtimer kaufen m\u00f6chten, wenden Sie sich an uns: Unter den Berkel-Modellen, mit denen wir handeln, gibt es auch die Aufschnittmaschine Modell 8H.","og_url":"https:\/\/www.labottega-delrestauro.com\/de\/kauf-berkel-schneider-modell-8h-historische-zertifiziert\/","og_site_name":"La Bottega del Restauro","article_modified_time":"2022-09-29T09:24:19+00:00","og_image":[{"width":1500,"height":1200,"url":"https:\/\/www.labottega-delrestauro.com\/wp-content\/uploads\/2022\/03\/affettatrice-berkel-modello-8h.jpg","type":"image\/jpeg"}],"twitter_card":"summary_large_image","schema":{"@context":"https:\/\/schema.org","@graph":[{"@type":"WebPage","@id":"https:\/\/www.labottega-delrestauro.com\/de\/kauf-berkel-schneider-modell-8h-historische-zertifiziert\/","url":"https:\/\/www.labottega-delrestauro.com\/de\/kauf-berkel-schneider-modell-8h-historische-zertifiziert\/","name":"Berkel Aufschnittmaschine Modell 8H \u2013 restauriertes antikes St\u00fcck volles Schwungrad manueller Schnellvorschub","isPartOf":{"@id":"https:\/\/www.labottega-delrestauro.com\/de\/#website"},"primaryImageOfPage":{"@id":"https:\/\/www.labottega-delrestauro.com\/de\/kauf-berkel-schneider-modell-8h-historische-zertifiziert\/#primaryimage"},"image":{"@id":"https:\/\/www.labottega-delrestauro.com\/de\/kauf-berkel-schneider-modell-8h-historische-zertifiziert\/#primaryimage"},"thumbnailUrl":"https:\/\/www.labottega-delrestauro.com\/wp-content\/uploads\/2022\/03\/affettatrice-berkel-modello-8h.jpg","datePublished":"2022-03-29T13:17:48+00:00","dateModified":"2022-09-29T09:24:19+00:00","description":"Wenn Sie einen zertifizierten restaurierten Oldtimer kaufen m\u00f6chten, wenden Sie sich an uns: Unter den Berkel-Modellen, mit denen wir handeln, gibt es auch die Aufschnittmaschine Modell 8H.","breadcrumb":{"@id":"https:\/\/www.labottega-delrestauro.com\/de\/kauf-berkel-schneider-modell-8h-historische-zertifiziert\/#breadcrumb"},"inLanguage":"de","potentialAction":[{"@type":"ReadAction","target":["https:\/\/www.labottega-delrestauro.com\/de\/kauf-berkel-schneider-modell-8h-historische-zertifiziert\/"]}]},{"@type":"ImageObject","inLanguage":"de","@id":"https:\/\/www.labottega-delrestauro.com\/de\/kauf-berkel-schneider-modell-8h-historische-zertifiziert\/#primaryimage","url":"https:\/\/www.labottega-delrestauro.com\/wp-content\/uploads\/2022\/03\/affettatrice-berkel-modello-8h.jpg","contentUrl":"https:\/\/www.labottega-delrestauro.com\/wp-content\/uploads\/2022\/03\/affettatrice-berkel-modello-8h.jpg","width":1500,"height":1200},{"@type":"BreadcrumbList","@id":"https:\/\/www.labottega-delrestauro.com\/de\/kauf-berkel-schneider-modell-8h-historische-zertifiziert\/#breadcrumb","itemListElement":[{"@type":"ListItem","position":1,"name":"Home","item":"https:\/\/www.labottega-delrestauro.com\/de\/"},{"@type":"ListItem","position":2,"name":"Shop","item":"https:\/\/www.labottega-delrestauro.com\/de\/negozio\/"},{"@type":"ListItem","position":3,"name":"Berkel Aufschnittmaschine &#8211; Modell 8H"}]},{"@type":"WebSite","@id":"https:\/\/www.labottega-delrestauro.com\/de\/#website","url":"https:\/\/www.labottega-delrestauro.com\/de\/","name":"La Bottega del Restauro","description":"Restauro macchine Berkel","potentialAction":[{"@type":"SearchAction","target":{"@type":"EntryPoint","urlTemplate":"https:\/\/www.labottega-delrestauro.com\/de\/?s={search_term_string}"},"query-input":{"@type":"PropertyValueSpecification","valueRequired":true,"valueName":"search_term_string"}}],"inLanguage":"de"}]}},"_links":{"self":[{"href":"https:\/\/www.labottega-delrestauro.com\/de\/wp-json\/wp\/v2\/product\/58445","targetHints":{"allow":["GET"]}}],"collection":[{"href":"https:\/\/www.labottega-delrestauro.com\/de\/wp-json\/wp\/v2\/product"}],"about":[{"href":"https:\/\/www.labottega-delrestauro.com\/de\/wp-json\/wp\/v2\/types\/product"}],"wp:featuredmedia":[{"embeddable":true,"href":"https:\/\/www.labottega-delrestauro.com\/de\/wp-json\/wp\/v2\/media\/57071"}],"wp:attachment":[{"href":"https:\/\/www.labottega-delrestauro.com\/de\/wp-json\/wp\/v2\/media?parent=58445"}],"wp:term":[{"taxonomy":"product_cat","embeddable":true,"href":"https:\/\/www.labottega-delrestauro.com\/de\/wp-json\/wp\/v2\/product_cat?post=58445"},{"taxonomy":"product_tag","embeddable":true,"href":"https:\/\/www.labottega-delrestauro.com\/de\/wp-json\/wp\/v2\/product_tag?post=58445"}],"curies":[{"name":"wp","href":"https:\/\/api.w.org\/{rel}","templated":true}]}}