{"id":58431,"date":"2022-03-29T13:17:48","date_gmt":"2022-03-29T13:17:48","guid":{"rendered":"https:\/\/labottega.sviluppokeyweb.com\/prodotto\/affettatrice-berkel-modello-7\/"},"modified":"2022-09-01T10:02:30","modified_gmt":"2022-09-01T10:02:30","slug":"berkel-aufschnittmaschine-modell-7-schwarz-rot-fuer-sammler","status":"publish","type":"product","link":"https:\/\/www.labottega-delrestauro.com\/de\/berkel-aufschnittmaschine-modell-7-schwarz-rot-fuer-sammler\/","title":{"rendered":"Berkel-Schneidemaschine &#8211; Modell 7"},"content":{"rendered":"","protected":false},"excerpt":{"rendered":"<div class=\"woocommerce-product-details__short-description\">\n<p>Dieses zwischen 1925 und 1928 gebaute Modell ist eine <strong>leicht modifizierte Version des Modells &#8222;5&#8220;<\/strong>, das ebenfalls in <strong>Italien<\/strong> gebaut wurde, zun\u00e4chst in der Fabrik BREVETTI VAN BERKEL ITALIA in Chiavenna, dann in der Via Filippino Lippi in Mailand.<\/p>\n<p>Die <strong>Maschine<\/strong> mit dem auf dem Bolzen gleitenden Schlitten verf\u00fcgt \u00fcber eine <strong>geschlossene Bewegung mit Schwungradantrieb<\/strong>, und der obere Schlitten tr\u00e4gt die Schnecke mit dem <strong>Ratschensystem<\/strong>, um sie gegen die <strong>&#8222;Uhr&#8220; f\u00fcr die Dickeneinstellung<\/strong> anzutreiben.<\/p>\n<p>Die wichtigste \u00c4nderung ist die <strong>obere Wagenplatte<\/strong>, die \u00fcber das Schwungrad angehoben ist. Bei den Vorg\u00e4ngermodellen war sie niedriger und mit einem hervorstehenden Produkt versehen, das w\u00e4hrend des Betriebs ber\u00fchrt wurde.<\/p>\n<p>Die <strong>Klemme<\/strong> zur Befestigung des Produkts an zwei S\u00e4ulen (vorne und hinten) ist <strong>schnell verschiebbar<\/strong>.<\/p>\n<p>In diesem Modell pr\u00e4sentiert Berkel den &#8222;offenen&#8220; Arm, der hinten mit zwei Bolzen befestigt ist, vorne offen und mit freiem Zugang f\u00fcr gro\u00dfe Produkte.<\/p>\n<p>Der <strong>Spitzer<\/strong> ist ein klassischer Spitzer mit einer &#8222;<strong>Kappe<\/strong>&#8220; auf der Oberseite und einer <strong>Frontmaske<\/strong>.<\/p>\n<p>Die <strong>Klinge<\/strong> mit einem Durchmesser von 370 mm ist auf einer <strong>bogenf\u00f6rmigen Schulter<\/strong> mit einer dicken wei\u00dfen Opalglasplatte montiert.<\/p>\n<p>Fordern Sie ein <strong>Angebot<\/strong> f\u00fcr das <strong>Berkel Modell 7<\/strong> an, die Aufschnittmaschine f\u00fcr jeden Sammler, der <strong>an professionell und originalgetreu restaurierten St\u00fccken<\/strong> interessiert ist. <strong>Wenden Sie sich<\/strong> an die Mitarbeiter von <strong>La Bottega del Restauro<\/strong>, um weitere Informationen zu erhalten: Wir versenden <strong>national<\/strong> und <strong>international<\/strong>.<\/p>\n<\/div>\n<p>&nbsp;<\/p>\n<p>&nbsp;<\/p>\n<div class=\"woocommerce-product-details__short-description\">\n<h2>Fachleute des Sektors<\/h2>\n<\/div>\n<p><strong>Oldtimer-Schneidemaschinen<\/strong> sind Handschneideger\u00e4te mit faszinierenden und unterschiedlichen <strong>technischen Eigenschaften<\/strong>. Das <strong>Modell 7 <\/strong>wurde in den Farben <strong>Rot<\/strong> und <strong>Schwarz<\/strong> hergestellt. Unsere Mitarbeiter <strong>restaurieren diese Maschinen sorgf\u00e4ltig<\/strong>, um ihnen <strong>ihr fr\u00fcheres Aussehen und ihre Funktionalit\u00e4t<\/strong> zur\u00fcckzugeben.<\/p>\n<p><strong>Sammler<\/strong>, die sich f\u00fcr ein <strong>wertvolles und einzigartiges St\u00fcck<\/strong> wie die <strong>Berkel-Schneidemaschine Modell 7<\/strong> interessieren, k\u00f6nnen bei <strong>La Bottega del Restauro<\/strong> und ihren Mitarbeitern <strong>weitere Informationen und einen kostenlosen Kostenvoranschlag<\/strong> einholen.<\/p>\n","protected":false},"featured_media":57059,"template":"","meta":{"_et_pb_use_builder":"","_et_pb_old_content":"","_et_gb_content_width":""},"product_cat":[367],"product_tag":[],"class_list":{"0":"post-58431","1":"product","2":"type-product","3":"status-publish","4":"has-post-thumbnail","6":"product_cat-bergung-antiker-berkel-historische-modelle-europaeischer-schneidemaschinen","7":"pa_lama-370-de","8":"pa_larghezza-840-de","9":"pa_periodo-1925-1930-de","10":"pa_peso-33-de","11":"pa_profondita-34-de","12":"pa_volano-eben-gepraegte-buchstaben","14":"first","15":"instock","16":"product-type-simple"},"yoast_head":"<!-- This site is optimized with the Yoast SEO plugin v23.6 - https:\/\/yoast.com\/wordpress\/plugins\/seo\/ -->\n<title>Berkel Schneidemaschine Modell 7 \u2013 Schwungrad mit Uhr Voreinstellung Dickenschnitt<\/title>\n<meta name=\"description\" content=\"Wir restaurieren und verkaufen die Schneidemaschine Modell 7, sowohl in rot und schwarz: fragen Sie nach einem Kostenvoranschlag und kontaktieren Sie uns, um seine Eigenschaften zu entdecken.\" \/>\n<meta name=\"robots\" content=\"index, follow, max-snippet:-1, max-image-preview:large, max-video-preview:-1\" \/>\n<link rel=\"canonical\" href=\"https:\/\/www.labottega-delrestauro.com\/de\/berkel-aufschnittmaschine-modell-7-schwarz-rot-fuer-sammler\/\" \/>\n<meta property=\"og:locale\" content=\"de_DE\" \/>\n<meta property=\"og:type\" content=\"article\" \/>\n<meta property=\"og:title\" content=\"Berkel Schneidemaschine Modell 7 \u2013 Schwungrad mit Uhr Voreinstellung Dickenschnitt\" \/>\n<meta property=\"og:description\" content=\"Wir restaurieren und verkaufen die Schneidemaschine Modell 7, sowohl in rot und schwarz: fragen Sie nach einem Kostenvoranschlag und kontaktieren Sie uns, um seine Eigenschaften zu entdecken.\" \/>\n<meta property=\"og:url\" content=\"https:\/\/www.labottega-delrestauro.com\/de\/berkel-aufschnittmaschine-modell-7-schwarz-rot-fuer-sammler\/\" \/>\n<meta property=\"og:site_name\" content=\"La Bottega del Restauro\" \/>\n<meta property=\"article:modified_time\" content=\"2022-09-01T10:02:30+00:00\" \/>\n<meta property=\"og:image\" content=\"https:\/\/www.labottega-delrestauro.com\/wp-content\/uploads\/2022\/03\/affettatrice-berkel-modello-7.jpg\" \/>\n\t<meta property=\"og:image:width\" content=\"1000\" \/>\n\t<meta property=\"og:image:height\" content=\"1500\" \/>\n\t<meta property=\"og:image:type\" content=\"image\/jpeg\" \/>\n<meta name=\"twitter:card\" content=\"summary_large_image\" \/>\n<script type=\"application\/ld+json\" class=\"yoast-schema-graph\">{\"@context\":\"https:\/\/schema.org\",\"@graph\":[{\"@type\":\"WebPage\",\"@id\":\"https:\/\/www.labottega-delrestauro.com\/de\/berkel-aufschnittmaschine-modell-7-schwarz-rot-fuer-sammler\/\",\"url\":\"https:\/\/www.labottega-delrestauro.com\/de\/berkel-aufschnittmaschine-modell-7-schwarz-rot-fuer-sammler\/\",\"name\":\"Berkel Schneidemaschine Modell 7 \u2013 Schwungrad mit Uhr Voreinstellung Dickenschnitt\",\"isPartOf\":{\"@id\":\"https:\/\/www.labottega-delrestauro.com\/de\/#website\"},\"primaryImageOfPage\":{\"@id\":\"https:\/\/www.labottega-delrestauro.com\/de\/berkel-aufschnittmaschine-modell-7-schwarz-rot-fuer-sammler\/#primaryimage\"},\"image\":{\"@id\":\"https:\/\/www.labottega-delrestauro.com\/de\/berkel-aufschnittmaschine-modell-7-schwarz-rot-fuer-sammler\/#primaryimage\"},\"thumbnailUrl\":\"https:\/\/www.labottega-delrestauro.com\/wp-content\/uploads\/2022\/03\/affettatrice-berkel-modello-7.jpg\",\"datePublished\":\"2022-03-29T13:17:48+00:00\",\"dateModified\":\"2022-09-01T10:02:30+00:00\",\"description\":\"Wir restaurieren und verkaufen die Schneidemaschine Modell 7, sowohl in rot und schwarz: fragen Sie nach einem Kostenvoranschlag und kontaktieren Sie uns, um seine Eigenschaften zu entdecken.\",\"breadcrumb\":{\"@id\":\"https:\/\/www.labottega-delrestauro.com\/de\/berkel-aufschnittmaschine-modell-7-schwarz-rot-fuer-sammler\/#breadcrumb\"},\"inLanguage\":\"de\",\"potentialAction\":[{\"@type\":\"ReadAction\",\"target\":[\"https:\/\/www.labottega-delrestauro.com\/de\/berkel-aufschnittmaschine-modell-7-schwarz-rot-fuer-sammler\/\"]}]},{\"@type\":\"ImageObject\",\"inLanguage\":\"de\",\"@id\":\"https:\/\/www.labottega-delrestauro.com\/de\/berkel-aufschnittmaschine-modell-7-schwarz-rot-fuer-sammler\/#primaryimage\",\"url\":\"https:\/\/www.labottega-delrestauro.com\/wp-content\/uploads\/2022\/03\/affettatrice-berkel-modello-7.jpg\",\"contentUrl\":\"https:\/\/www.labottega-delrestauro.com\/wp-content\/uploads\/2022\/03\/affettatrice-berkel-modello-7.jpg\",\"width\":1000,\"height\":1500},{\"@type\":\"BreadcrumbList\",\"@id\":\"https:\/\/www.labottega-delrestauro.com\/de\/berkel-aufschnittmaschine-modell-7-schwarz-rot-fuer-sammler\/#breadcrumb\",\"itemListElement\":[{\"@type\":\"ListItem\",\"position\":1,\"name\":\"Home\",\"item\":\"https:\/\/www.labottega-delrestauro.com\/de\/\"},{\"@type\":\"ListItem\",\"position\":2,\"name\":\"Shop\",\"item\":\"https:\/\/www.labottega-delrestauro.com\/de\/negozio\/\"},{\"@type\":\"ListItem\",\"position\":3,\"name\":\"Berkel-Schneidemaschine &#8211; Modell 7\"}]},{\"@type\":\"WebSite\",\"@id\":\"https:\/\/www.labottega-delrestauro.com\/de\/#website\",\"url\":\"https:\/\/www.labottega-delrestauro.com\/de\/\",\"name\":\"La Bottega del Restauro\",\"description\":\"Restauro macchine Berkel\",\"potentialAction\":[{\"@type\":\"SearchAction\",\"target\":{\"@type\":\"EntryPoint\",\"urlTemplate\":\"https:\/\/www.labottega-delrestauro.com\/de\/?s={search_term_string}\"},\"query-input\":{\"@type\":\"PropertyValueSpecification\",\"valueRequired\":true,\"valueName\":\"search_term_string\"}}],\"inLanguage\":\"de\"}]}<\/script>\n<!-- \/ Yoast SEO plugin. -->","yoast_head_json":{"title":"Berkel Schneidemaschine Modell 7 \u2013 Schwungrad mit Uhr Voreinstellung Dickenschnitt","description":"Wir restaurieren und verkaufen die Schneidemaschine Modell 7, sowohl in rot und schwarz: fragen Sie nach einem Kostenvoranschlag und kontaktieren Sie uns, um seine Eigenschaften zu entdecken.","robots":{"index":"index","follow":"follow","max-snippet":"max-snippet:-1","max-image-preview":"max-image-preview:large","max-video-preview":"max-video-preview:-1"},"canonical":"https:\/\/www.labottega-delrestauro.com\/de\/berkel-aufschnittmaschine-modell-7-schwarz-rot-fuer-sammler\/","og_locale":"de_DE","og_type":"article","og_title":"Berkel Schneidemaschine Modell 7 \u2013 Schwungrad mit Uhr Voreinstellung Dickenschnitt","og_description":"Wir restaurieren und verkaufen die Schneidemaschine Modell 7, sowohl in rot und schwarz: fragen Sie nach einem Kostenvoranschlag und kontaktieren Sie uns, um seine Eigenschaften zu entdecken.","og_url":"https:\/\/www.labottega-delrestauro.com\/de\/berkel-aufschnittmaschine-modell-7-schwarz-rot-fuer-sammler\/","og_site_name":"La Bottega del Restauro","article_modified_time":"2022-09-01T10:02:30+00:00","og_image":[{"width":1000,"height":1500,"url":"https:\/\/www.labottega-delrestauro.com\/wp-content\/uploads\/2022\/03\/affettatrice-berkel-modello-7.jpg","type":"image\/jpeg"}],"twitter_card":"summary_large_image","schema":{"@context":"https:\/\/schema.org","@graph":[{"@type":"WebPage","@id":"https:\/\/www.labottega-delrestauro.com\/de\/berkel-aufschnittmaschine-modell-7-schwarz-rot-fuer-sammler\/","url":"https:\/\/www.labottega-delrestauro.com\/de\/berkel-aufschnittmaschine-modell-7-schwarz-rot-fuer-sammler\/","name":"Berkel Schneidemaschine Modell 7 \u2013 Schwungrad mit Uhr Voreinstellung Dickenschnitt","isPartOf":{"@id":"https:\/\/www.labottega-delrestauro.com\/de\/#website"},"primaryImageOfPage":{"@id":"https:\/\/www.labottega-delrestauro.com\/de\/berkel-aufschnittmaschine-modell-7-schwarz-rot-fuer-sammler\/#primaryimage"},"image":{"@id":"https:\/\/www.labottega-delrestauro.com\/de\/berkel-aufschnittmaschine-modell-7-schwarz-rot-fuer-sammler\/#primaryimage"},"thumbnailUrl":"https:\/\/www.labottega-delrestauro.com\/wp-content\/uploads\/2022\/03\/affettatrice-berkel-modello-7.jpg","datePublished":"2022-03-29T13:17:48+00:00","dateModified":"2022-09-01T10:02:30+00:00","description":"Wir restaurieren und verkaufen die Schneidemaschine Modell 7, sowohl in rot und schwarz: fragen Sie nach einem Kostenvoranschlag und kontaktieren Sie uns, um seine Eigenschaften zu entdecken.","breadcrumb":{"@id":"https:\/\/www.labottega-delrestauro.com\/de\/berkel-aufschnittmaschine-modell-7-schwarz-rot-fuer-sammler\/#breadcrumb"},"inLanguage":"de","potentialAction":[{"@type":"ReadAction","target":["https:\/\/www.labottega-delrestauro.com\/de\/berkel-aufschnittmaschine-modell-7-schwarz-rot-fuer-sammler\/"]}]},{"@type":"ImageObject","inLanguage":"de","@id":"https:\/\/www.labottega-delrestauro.com\/de\/berkel-aufschnittmaschine-modell-7-schwarz-rot-fuer-sammler\/#primaryimage","url":"https:\/\/www.labottega-delrestauro.com\/wp-content\/uploads\/2022\/03\/affettatrice-berkel-modello-7.jpg","contentUrl":"https:\/\/www.labottega-delrestauro.com\/wp-content\/uploads\/2022\/03\/affettatrice-berkel-modello-7.jpg","width":1000,"height":1500},{"@type":"BreadcrumbList","@id":"https:\/\/www.labottega-delrestauro.com\/de\/berkel-aufschnittmaschine-modell-7-schwarz-rot-fuer-sammler\/#breadcrumb","itemListElement":[{"@type":"ListItem","position":1,"name":"Home","item":"https:\/\/www.labottega-delrestauro.com\/de\/"},{"@type":"ListItem","position":2,"name":"Shop","item":"https:\/\/www.labottega-delrestauro.com\/de\/negozio\/"},{"@type":"ListItem","position":3,"name":"Berkel-Schneidemaschine &#8211; Modell 7"}]},{"@type":"WebSite","@id":"https:\/\/www.labottega-delrestauro.com\/de\/#website","url":"https:\/\/www.labottega-delrestauro.com\/de\/","name":"La Bottega del Restauro","description":"Restauro macchine Berkel","potentialAction":[{"@type":"SearchAction","target":{"@type":"EntryPoint","urlTemplate":"https:\/\/www.labottega-delrestauro.com\/de\/?s={search_term_string}"},"query-input":{"@type":"PropertyValueSpecification","valueRequired":true,"valueName":"search_term_string"}}],"inLanguage":"de"}]}},"_links":{"self":[{"href":"https:\/\/www.labottega-delrestauro.com\/de\/wp-json\/wp\/v2\/product\/58431","targetHints":{"allow":["GET"]}}],"collection":[{"href":"https:\/\/www.labottega-delrestauro.com\/de\/wp-json\/wp\/v2\/product"}],"about":[{"href":"https:\/\/www.labottega-delrestauro.com\/de\/wp-json\/wp\/v2\/types\/product"}],"wp:featuredmedia":[{"embeddable":true,"href":"https:\/\/www.labottega-delrestauro.com\/de\/wp-json\/wp\/v2\/media\/57059"}],"wp:attachment":[{"href":"https:\/\/www.labottega-delrestauro.com\/de\/wp-json\/wp\/v2\/media?parent=58431"}],"wp:term":[{"taxonomy":"product_cat","embeddable":true,"href":"https:\/\/www.labottega-delrestauro.com\/de\/wp-json\/wp\/v2\/product_cat?post=58431"},{"taxonomy":"product_tag","embeddable":true,"href":"https:\/\/www.labottega-delrestauro.com\/de\/wp-json\/wp\/v2\/product_tag?post=58431"}],"curies":[{"name":"wp","href":"https:\/\/api.w.org\/{rel}","templated":true}]}}