{"id":58402,"date":"2022-03-29T13:17:48","date_gmt":"2022-03-29T13:17:48","guid":{"rendered":"https:\/\/labottega.sviluppokeyweb.com\/prodotto\/affettatrice-berkel-modello-5\/"},"modified":"2022-09-01T10:02:19","modified_gmt":"2022-09-01T10:02:19","slug":"berkel-schneidemaschine-modell-5-jahre-20-mit-keller","status":"publish","type":"product","link":"https:\/\/www.labottega-delrestauro.com\/de\/berkel-schneidemaschine-modell-5-jahre-20-mit-keller\/","title":{"rendered":"Berkel-Schneidemaschine &#8211; Modell 5"},"content":{"rendered":"","protected":false},"excerpt":{"rendered":"<p><strong>Das Modell 5<\/strong>, das zwischen 1922 und 1928 gebaut wurde, <strong>ist eine \u00fcberarbeitete Version des Modells 3<\/strong> und das erste, das in <strong>Italien<\/strong> in den Werken von BREVETTI VAN BERKEL ITALIA in Chiavenna montiert wurde.<\/p>\n<p>Die Maschine, bei der der <strong>Schlitten<\/strong> auf dem Stift gleitet, verf\u00fcgt \u00fcber eine <strong>geschlossene Bewegung mit<\/strong> <strong>Schwungrad<\/strong>, und der o<strong>bere Schlitten<\/strong> tr\u00e4gt die Schnecke mit dem <strong>Ratschensystem<\/strong>, um sie gegen die <strong>&#8222;Uhr&#8220; f\u00fcr die Dickeneinstellung<\/strong> anzutreiben, die vollkommen mit dem Modell 3 identisch ist. Ein weiteres Element, das aus dem Vorg\u00e4ngermodell \u00fcbernommen wurde, ist die Art des <strong>Sockels<\/strong>.<\/p>\n<p>Die <strong>Klammer<\/strong> zur Befestigung des Produkts an zwei Pfosten (vorne und hinten) ist <strong>schnell verschiebbar<\/strong>.<\/p>\n<p>Der <strong>Spitzer<\/strong> wird in seinen Bewegungen und seiner \u00e4u\u00dferen Form erneuert und ist oben mit einer &#8222;<strong>Kappe<\/strong>&#8220; und vorne mit einer <strong>Maske<\/strong> versehen. Die <strong>Klinge<\/strong> mit einem Durchmesser von 370 mm ist auf der <strong>Schulter<\/strong> montiert, die nicht mehr rund ist, sondern eine <strong>gew\u00f6lbte Form<\/strong> hat, um eine gr\u00f6\u00dfere Tiefe und ein gr\u00f6\u00dferes Fassungsverm\u00f6gen der Tischplatte aus wei\u00dfem Opalglas zu erm\u00f6glichen, die in ein <strong>Metallgeh\u00e4use<\/strong> eingesetzt ist.<\/p>\n<p>Diese originalgetreu <strong>restaurierte<\/strong> <strong>Schneidemaschine aus den 1920er Jahren<\/strong> ist ein <strong>wertvolles St\u00fcck von unbezahlbarer Sch\u00f6nheit<\/strong> f\u00fcr Fans des Genres. <strong>Kontaktieren Sie uns<\/strong>, um mehr zu erfahren: Wir <strong>liefern national und international<\/strong>.<\/p>\n<p>&nbsp;<\/p>\n<h2>Zertifizierte Interventionen<\/h2>\n<p>Die <strong>Restaurierungsarbeiten<\/strong>, die wir an jedem Berkel-<strong>Schneidemaschinenmodell<\/strong> durchf\u00fchren, sind <strong>vom Unternehmen selbst zertifiziert<\/strong>. Wir befassen uns mit Modellen aus den \u00e4ltesten Epochen, mit Modellen aus den 1920er Jahren und mit allen St\u00fccken, die zu den alten Typen von Handschneidemaschinen geh\u00f6ren.<\/p>\n<p>F\u00fcr <strong>weitere Informationen<\/strong> \u00fcber die Verf\u00fcgbarkeit der <strong>Berkel-Modelle 5<\/strong> oder um ein <strong>Angebot<\/strong> zu erhalten, <strong>wenden Sie sich bitte an unsere<\/strong> seri\u00f6sen und professionellen <strong>Mitarbeiter<\/strong>.<\/p>\n","protected":false},"featured_media":57047,"template":"","meta":{"_et_pb_use_builder":"","_et_pb_old_content":"","_et_gb_content_width":""},"product_cat":[367],"product_tag":[],"class_list":{"0":"post-58402","1":"product","2":"type-product","3":"status-publish","4":"has-post-thumbnail","6":"product_cat-bergung-antiker-berkel-historische-modelle-europaeischer-schneidemaschinen","7":"pa_lama-370-de","8":"pa_larghezza-645-de","9":"pa_periodo-1898-1930-de","10":"pa_peso-97-de","11":"pa_profondita-840-de","12":"pa_volano-eben-gepraegte-buchstaben","14":"first","15":"instock","16":"product-type-simple"},"yoast_head":"<!-- This site is optimized with the Yoast SEO plugin v23.6 - https:\/\/yoast.com\/wordpress\/plugins\/seo\/ -->\n<title>Berkel-Schneidemaschine Modell 5 \u2013 originalgetreu restauriert schnelle Gleitbogenschulter<\/title>\n<meta name=\"description\" content=\"Die Berkel Schneidemaschine Modell 5 ist ein St\u00fcck der 20er Jahre von absoluter Sch\u00f6nheit: wir k\u00fcmmern uns um die originalgetreue Restaurierung der manuellen Modelle der Marke f\u00fcr Sammler in ganz Italien.\" \/>\n<meta name=\"robots\" content=\"index, follow, max-snippet:-1, max-image-preview:large, max-video-preview:-1\" \/>\n<link rel=\"canonical\" href=\"https:\/\/www.labottega-delrestauro.com\/de\/berkel-schneidemaschine-modell-5-jahre-20-mit-keller\/\" \/>\n<meta property=\"og:locale\" content=\"de_DE\" \/>\n<meta property=\"og:type\" content=\"article\" \/>\n<meta property=\"og:title\" content=\"Berkel-Schneidemaschine Modell 5 \u2013 originalgetreu restauriert schnelle Gleitbogenschulter\" \/>\n<meta property=\"og:description\" content=\"Die Berkel Schneidemaschine Modell 5 ist ein St\u00fcck der 20er Jahre von absoluter Sch\u00f6nheit: wir k\u00fcmmern uns um die originalgetreue Restaurierung der manuellen Modelle der Marke f\u00fcr Sammler in ganz Italien.\" \/>\n<meta property=\"og:url\" content=\"https:\/\/www.labottega-delrestauro.com\/de\/berkel-schneidemaschine-modell-5-jahre-20-mit-keller\/\" \/>\n<meta property=\"og:site_name\" content=\"La Bottega del Restauro\" \/>\n<meta property=\"article:modified_time\" content=\"2022-09-01T10:02:19+00:00\" \/>\n<meta property=\"og:image\" content=\"https:\/\/www.labottega-delrestauro.com\/wp-content\/uploads\/2022\/03\/affettatrice-berkel-modello-5.jpg\" \/>\n\t<meta property=\"og:image:width\" content=\"1000\" \/>\n\t<meta property=\"og:image:height\" content=\"1500\" \/>\n\t<meta property=\"og:image:type\" content=\"image\/jpeg\" \/>\n<meta name=\"twitter:card\" content=\"summary_large_image\" \/>\n<script type=\"application\/ld+json\" class=\"yoast-schema-graph\">{\"@context\":\"https:\/\/schema.org\",\"@graph\":[{\"@type\":\"WebPage\",\"@id\":\"https:\/\/www.labottega-delrestauro.com\/de\/berkel-schneidemaschine-modell-5-jahre-20-mit-keller\/\",\"url\":\"https:\/\/www.labottega-delrestauro.com\/de\/berkel-schneidemaschine-modell-5-jahre-20-mit-keller\/\",\"name\":\"Berkel-Schneidemaschine Modell 5 \u2013 originalgetreu restauriert schnelle Gleitbogenschulter\",\"isPartOf\":{\"@id\":\"https:\/\/www.labottega-delrestauro.com\/de\/#website\"},\"primaryImageOfPage\":{\"@id\":\"https:\/\/www.labottega-delrestauro.com\/de\/berkel-schneidemaschine-modell-5-jahre-20-mit-keller\/#primaryimage\"},\"image\":{\"@id\":\"https:\/\/www.labottega-delrestauro.com\/de\/berkel-schneidemaschine-modell-5-jahre-20-mit-keller\/#primaryimage\"},\"thumbnailUrl\":\"https:\/\/www.labottega-delrestauro.com\/wp-content\/uploads\/2022\/03\/affettatrice-berkel-modello-5.jpg\",\"datePublished\":\"2022-03-29T13:17:48+00:00\",\"dateModified\":\"2022-09-01T10:02:19+00:00\",\"description\":\"Die Berkel Schneidemaschine Modell 5 ist ein St\u00fcck der 20er Jahre von absoluter Sch\u00f6nheit: wir k\u00fcmmern uns um die originalgetreue Restaurierung der manuellen Modelle der Marke f\u00fcr Sammler in ganz Italien.\",\"breadcrumb\":{\"@id\":\"https:\/\/www.labottega-delrestauro.com\/de\/berkel-schneidemaschine-modell-5-jahre-20-mit-keller\/#breadcrumb\"},\"inLanguage\":\"de\",\"potentialAction\":[{\"@type\":\"ReadAction\",\"target\":[\"https:\/\/www.labottega-delrestauro.com\/de\/berkel-schneidemaschine-modell-5-jahre-20-mit-keller\/\"]}]},{\"@type\":\"ImageObject\",\"inLanguage\":\"de\",\"@id\":\"https:\/\/www.labottega-delrestauro.com\/de\/berkel-schneidemaschine-modell-5-jahre-20-mit-keller\/#primaryimage\",\"url\":\"https:\/\/www.labottega-delrestauro.com\/wp-content\/uploads\/2022\/03\/affettatrice-berkel-modello-5.jpg\",\"contentUrl\":\"https:\/\/www.labottega-delrestauro.com\/wp-content\/uploads\/2022\/03\/affettatrice-berkel-modello-5.jpg\",\"width\":1000,\"height\":1500},{\"@type\":\"BreadcrumbList\",\"@id\":\"https:\/\/www.labottega-delrestauro.com\/de\/berkel-schneidemaschine-modell-5-jahre-20-mit-keller\/#breadcrumb\",\"itemListElement\":[{\"@type\":\"ListItem\",\"position\":1,\"name\":\"Home\",\"item\":\"https:\/\/www.labottega-delrestauro.com\/de\/\"},{\"@type\":\"ListItem\",\"position\":2,\"name\":\"Shop\",\"item\":\"https:\/\/www.labottega-delrestauro.com\/de\/negozio\/\"},{\"@type\":\"ListItem\",\"position\":3,\"name\":\"Berkel-Schneidemaschine &#8211; Modell 5\"}]},{\"@type\":\"WebSite\",\"@id\":\"https:\/\/www.labottega-delrestauro.com\/de\/#website\",\"url\":\"https:\/\/www.labottega-delrestauro.com\/de\/\",\"name\":\"La Bottega del Restauro\",\"description\":\"Restauro macchine Berkel\",\"potentialAction\":[{\"@type\":\"SearchAction\",\"target\":{\"@type\":\"EntryPoint\",\"urlTemplate\":\"https:\/\/www.labottega-delrestauro.com\/de\/?s={search_term_string}\"},\"query-input\":{\"@type\":\"PropertyValueSpecification\",\"valueRequired\":true,\"valueName\":\"search_term_string\"}}],\"inLanguage\":\"de\"}]}<\/script>\n<!-- \/ Yoast SEO plugin. -->","yoast_head_json":{"title":"Berkel-Schneidemaschine Modell 5 \u2013 originalgetreu restauriert schnelle Gleitbogenschulter","description":"Die Berkel Schneidemaschine Modell 5 ist ein St\u00fcck der 20er Jahre von absoluter Sch\u00f6nheit: wir k\u00fcmmern uns um die originalgetreue Restaurierung der manuellen Modelle der Marke f\u00fcr Sammler in ganz Italien.","robots":{"index":"index","follow":"follow","max-snippet":"max-snippet:-1","max-image-preview":"max-image-preview:large","max-video-preview":"max-video-preview:-1"},"canonical":"https:\/\/www.labottega-delrestauro.com\/de\/berkel-schneidemaschine-modell-5-jahre-20-mit-keller\/","og_locale":"de_DE","og_type":"article","og_title":"Berkel-Schneidemaschine Modell 5 \u2013 originalgetreu restauriert schnelle Gleitbogenschulter","og_description":"Die Berkel Schneidemaschine Modell 5 ist ein St\u00fcck der 20er Jahre von absoluter Sch\u00f6nheit: wir k\u00fcmmern uns um die originalgetreue Restaurierung der manuellen Modelle der Marke f\u00fcr Sammler in ganz Italien.","og_url":"https:\/\/www.labottega-delrestauro.com\/de\/berkel-schneidemaschine-modell-5-jahre-20-mit-keller\/","og_site_name":"La Bottega del Restauro","article_modified_time":"2022-09-01T10:02:19+00:00","og_image":[{"width":1000,"height":1500,"url":"https:\/\/www.labottega-delrestauro.com\/wp-content\/uploads\/2022\/03\/affettatrice-berkel-modello-5.jpg","type":"image\/jpeg"}],"twitter_card":"summary_large_image","schema":{"@context":"https:\/\/schema.org","@graph":[{"@type":"WebPage","@id":"https:\/\/www.labottega-delrestauro.com\/de\/berkel-schneidemaschine-modell-5-jahre-20-mit-keller\/","url":"https:\/\/www.labottega-delrestauro.com\/de\/berkel-schneidemaschine-modell-5-jahre-20-mit-keller\/","name":"Berkel-Schneidemaschine Modell 5 \u2013 originalgetreu restauriert schnelle Gleitbogenschulter","isPartOf":{"@id":"https:\/\/www.labottega-delrestauro.com\/de\/#website"},"primaryImageOfPage":{"@id":"https:\/\/www.labottega-delrestauro.com\/de\/berkel-schneidemaschine-modell-5-jahre-20-mit-keller\/#primaryimage"},"image":{"@id":"https:\/\/www.labottega-delrestauro.com\/de\/berkel-schneidemaschine-modell-5-jahre-20-mit-keller\/#primaryimage"},"thumbnailUrl":"https:\/\/www.labottega-delrestauro.com\/wp-content\/uploads\/2022\/03\/affettatrice-berkel-modello-5.jpg","datePublished":"2022-03-29T13:17:48+00:00","dateModified":"2022-09-01T10:02:19+00:00","description":"Die Berkel Schneidemaschine Modell 5 ist ein St\u00fcck der 20er Jahre von absoluter Sch\u00f6nheit: wir k\u00fcmmern uns um die originalgetreue Restaurierung der manuellen Modelle der Marke f\u00fcr Sammler in ganz Italien.","breadcrumb":{"@id":"https:\/\/www.labottega-delrestauro.com\/de\/berkel-schneidemaschine-modell-5-jahre-20-mit-keller\/#breadcrumb"},"inLanguage":"de","potentialAction":[{"@type":"ReadAction","target":["https:\/\/www.labottega-delrestauro.com\/de\/berkel-schneidemaschine-modell-5-jahre-20-mit-keller\/"]}]},{"@type":"ImageObject","inLanguage":"de","@id":"https:\/\/www.labottega-delrestauro.com\/de\/berkel-schneidemaschine-modell-5-jahre-20-mit-keller\/#primaryimage","url":"https:\/\/www.labottega-delrestauro.com\/wp-content\/uploads\/2022\/03\/affettatrice-berkel-modello-5.jpg","contentUrl":"https:\/\/www.labottega-delrestauro.com\/wp-content\/uploads\/2022\/03\/affettatrice-berkel-modello-5.jpg","width":1000,"height":1500},{"@type":"BreadcrumbList","@id":"https:\/\/www.labottega-delrestauro.com\/de\/berkel-schneidemaschine-modell-5-jahre-20-mit-keller\/#breadcrumb","itemListElement":[{"@type":"ListItem","position":1,"name":"Home","item":"https:\/\/www.labottega-delrestauro.com\/de\/"},{"@type":"ListItem","position":2,"name":"Shop","item":"https:\/\/www.labottega-delrestauro.com\/de\/negozio\/"},{"@type":"ListItem","position":3,"name":"Berkel-Schneidemaschine &#8211; Modell 5"}]},{"@type":"WebSite","@id":"https:\/\/www.labottega-delrestauro.com\/de\/#website","url":"https:\/\/www.labottega-delrestauro.com\/de\/","name":"La Bottega del Restauro","description":"Restauro macchine Berkel","potentialAction":[{"@type":"SearchAction","target":{"@type":"EntryPoint","urlTemplate":"https:\/\/www.labottega-delrestauro.com\/de\/?s={search_term_string}"},"query-input":{"@type":"PropertyValueSpecification","valueRequired":true,"valueName":"search_term_string"}}],"inLanguage":"de"}]}},"_links":{"self":[{"href":"https:\/\/www.labottega-delrestauro.com\/de\/wp-json\/wp\/v2\/product\/58402","targetHints":{"allow":["GET"]}}],"collection":[{"href":"https:\/\/www.labottega-delrestauro.com\/de\/wp-json\/wp\/v2\/product"}],"about":[{"href":"https:\/\/www.labottega-delrestauro.com\/de\/wp-json\/wp\/v2\/types\/product"}],"wp:featuredmedia":[{"embeddable":true,"href":"https:\/\/www.labottega-delrestauro.com\/de\/wp-json\/wp\/v2\/media\/57047"}],"wp:attachment":[{"href":"https:\/\/www.labottega-delrestauro.com\/de\/wp-json\/wp\/v2\/media?parent=58402"}],"wp:term":[{"taxonomy":"product_cat","embeddable":true,"href":"https:\/\/www.labottega-delrestauro.com\/de\/wp-json\/wp\/v2\/product_cat?post=58402"},{"taxonomy":"product_tag","embeddable":true,"href":"https:\/\/www.labottega-delrestauro.com\/de\/wp-json\/wp\/v2\/product_tag?post=58402"}],"curies":[{"name":"wp","href":"https:\/\/api.w.org\/{rel}","templated":true}]}}