{"id":58371,"date":"2022-03-29T13:17:48","date_gmt":"2022-03-29T13:17:48","guid":{"rendered":"https:\/\/labottega.sviluppokeyweb.com\/prodotto\/affettatrice-berkel-modello-3\/"},"modified":"2022-09-29T09:18:16","modified_gmt":"2022-09-29T09:18:16","slug":"berkel-manueller-schneider-modell-3-rot-schwarz-zu-verkaufen","status":"publish","type":"product","link":"https:\/\/www.labottega-delrestauro.com\/de\/berkel-manueller-schneider-modell-3-rot-schwarz-zu-verkaufen\/","title":{"rendered":"Berkel Aufschnittmaschine &#8211; Modell 3"},"content":{"rendered":"<p><iframe loading=\"lazy\" width=\"560\" height=\"315\" src=\"https:\/\/www.youtube.com\/embed\/KOin3ENc1lU\" title=\"YouTube video player\" frameborder=\"0\" allow=\"accelerometer; autoplay; clipboard-write; encrypted-media; gyroscope; picture-in-picture\" allowfullscreen><\/iframe><\/p>\n","protected":false},"excerpt":{"rendered":"<div class=\"woocommerce-product-details__short-description\">\n<p>Dieses manuelle Modell, das zwischen 1918 und 1922 gebaut wurde, markiert <strong>einen Wendepunkt<\/strong> in der Geschichte <strong>der Van Berkel-Modelle<\/strong>: Es ist ein einzigartiges St\u00fcck seiner Art, mit einem erneuerten Design und raffinierten L\u00f6sungen. Der Vertrieb erfolgt in Italien durch die Firma Back &amp; Co. in Mailand und in der \u00fcbrigen Welt durch ihre verschiedenen Tochtergesellschaften. Die Maschine verf\u00fcgt <strong>zum ersten Mal<\/strong> \u00fcber das<strong> Gleiten des Schlittens auf dem Stift<\/strong> und die <strong>schwungradgetriebene<\/strong> <strong>Bewegung des Blumentyps<\/strong>. Der <strong>obere Schlitten<\/strong> tr\u00e4gt die Schnecke mit einem <strong>Ratschensystem<\/strong>, um sie gegen die &#8222;Uhr&#8220; zur Einstellung der Schraubenst\u00e4rke anzutreiben. Die <strong>Klemme<\/strong> zur Befestigung des Produkts wird mit dem <strong>klassischen vorderen Gestell<\/strong> und einem neuen Schnellsystem an einer S\u00e4ule auf der R\u00fcckseite montiert. <strong>Der<\/strong> <strong>Spitzer<\/strong> ist ein verchromtes Geh\u00e4use und hat ein neues Uhrwerk. Die <strong>Klinge<\/strong> mit einem Durchmesser von 350 mm ist auf einer runden Schulter montiert, an der das Handschuhfach aus Metall und das Typenschild befestigt sind, die <strong>je nach Land<\/strong>, in dem es gekauft wurde, unterschiedlich sind.<\/p>\n<p>Das <strong>Modell 3 der Marke Berkel<\/strong> ist f\u00fcr seine Zeit ein absolut innovatives St\u00fcck. Durch die <strong>fachkundigen H\u00e4nde unserer Techniker<\/strong> wird das Modell einer vom <strong>Hersteller zertifizierten Bearbeitung<\/strong> unterzogen, die es erm\u00f6glicht, jeder Aufschnittmaschine ihr urspr\u00fcngliches Aussehen und ihre Funktionalit\u00e4t zur\u00fcckzugeben.<\/p>\n<p><strong>Wenn Sie sich mit uns in Verbindung setzen<\/strong>, k\u00f6nnen Sie sich \u00fcber die Verf\u00fcgbarkeit der St\u00fccke, sowohl in <strong>Rot<\/strong> als auch in <strong>Schwarz<\/strong>, informieren und einen <strong>Kostenvoranschlag<\/strong> erhalten.<\/p>\n<\/div>\n<p>&nbsp;<\/p>\n<h2>Ein Jahrhundert Geschichte<\/h2>\n<p>Das <strong>Model 3<\/strong> von Berkel ist ein echtes <strong>Symbol f\u00fcr die Innovation<\/strong> der niederl\u00e4ndischen Traditionsmarke. Diese urspr\u00fcnglich ebenfalls aus Elfenbein gefertigte Schneidemaschine <strong>legte den Grundstein f\u00fcr alle nachfolgenden Modelle<\/strong> und bot innovative Ideen, die sp\u00e4ter vor allem im <strong>mechanischen Teil<\/strong>, einem entscheidenden Punkt f\u00fcr den <strong>Betrieb<\/strong>, aufgegriffen wurden.<\/p>\n<p>Unsere Mitarbeiter k\u00fcmmern sich um die <strong>Wiederherstellung<\/strong> <strong>der Komponenten<\/strong> von Berkel-Aufschnittmaschinen, sowohl in Bezug auf die <strong>Funktion<\/strong> als auch auf die <strong>\u00c4sthetik<\/strong>. Wir geben jedem Oldtimer-Modell <strong>den Glanz der Vergangenheit<\/strong> zur\u00fcck und bieten <strong>Liebhabern aus Italien und der ganzen Welt<\/strong> unverzichtbare <strong>Sammlerst\u00fccke<\/strong> an.<\/p>\n<p><strong>Kontaktieren Sie La Bottega del Restauro<\/strong> f\u00fcr weitere Informationen \u00fcber die Verf\u00fcgbarkeit <strong>von Berkel Aufschnittmaschinen.<\/strong><\/p>\n","protected":false},"featured_media":57011,"template":"","meta":{"_et_pb_use_builder":"","_et_pb_old_content":"","_et_gb_content_width":""},"product_cat":[367],"product_tag":[],"class_list":{"0":"post-58371","1":"product","2":"type-product","3":"status-publish","4":"has-post-thumbnail","6":"product_cat-bergung-antiker-berkel-historische-modelle-europaeischer-schneidemaschinen","7":"pa_lama-350-de","8":"pa_larghezza-630-de","9":"pa_periodo-1898-1925-de","10":"pa_peso-90-de","11":"pa_profondita-840-de","12":"pa_volano-blumenfoermig","14":"first","15":"instock","16":"product-type-simple"},"yoast_head":"<!-- This site is optimized with the Yoast SEO plugin v23.6 - https:\/\/yoast.com\/wordpress\/plugins\/seo\/ -->\n<title>Berkel Schneidemaschine Modell 3 \u2013 Original Designst\u00fcck restauriert mit Sch\u00e4rfger\u00e4t<\/title>\n<meta name=\"description\" content=\"Wenn Sie das Berkel Modell 3 kennenlernen m\u00f6chten, das originalgetreu restauriert wurde, kontaktieren Sie uns: Wir restaurieren manuelle Schneidemaschinenmodelle.\" \/>\n<meta name=\"robots\" content=\"index, follow, max-snippet:-1, max-image-preview:large, max-video-preview:-1\" \/>\n<link rel=\"canonical\" href=\"https:\/\/www.labottega-delrestauro.com\/de\/berkel-manueller-schneider-modell-3-rot-schwarz-zu-verkaufen\/\" \/>\n<meta property=\"og:locale\" content=\"de_DE\" \/>\n<meta property=\"og:type\" content=\"article\" \/>\n<meta property=\"og:title\" content=\"Berkel Schneidemaschine Modell 3 \u2013 Original Designst\u00fcck restauriert mit Sch\u00e4rfger\u00e4t\" \/>\n<meta property=\"og:description\" content=\"Wenn Sie das Berkel Modell 3 kennenlernen m\u00f6chten, das originalgetreu restauriert wurde, kontaktieren Sie uns: Wir restaurieren manuelle Schneidemaschinenmodelle.\" \/>\n<meta property=\"og:url\" content=\"https:\/\/www.labottega-delrestauro.com\/de\/berkel-manueller-schneider-modell-3-rot-schwarz-zu-verkaufen\/\" \/>\n<meta property=\"og:site_name\" content=\"La Bottega del Restauro\" \/>\n<meta property=\"article:modified_time\" content=\"2022-09-29T09:18:16+00:00\" \/>\n<meta property=\"og:image\" content=\"https:\/\/www.labottega-delrestauro.com\/wp-content\/uploads\/2022\/03\/affettatrice-berkel-modello-3.jpg\" \/>\n\t<meta property=\"og:image:width\" content=\"1000\" \/>\n\t<meta property=\"og:image:height\" content=\"1000\" \/>\n\t<meta property=\"og:image:type\" content=\"image\/jpeg\" \/>\n<meta name=\"twitter:card\" content=\"summary_large_image\" \/>\n<script type=\"application\/ld+json\" class=\"yoast-schema-graph\">{\"@context\":\"https:\/\/schema.org\",\"@graph\":[{\"@type\":\"WebPage\",\"@id\":\"https:\/\/www.labottega-delrestauro.com\/de\/berkel-manueller-schneider-modell-3-rot-schwarz-zu-verkaufen\/\",\"url\":\"https:\/\/www.labottega-delrestauro.com\/de\/berkel-manueller-schneider-modell-3-rot-schwarz-zu-verkaufen\/\",\"name\":\"Berkel Schneidemaschine Modell 3 \u2013 Original Designst\u00fcck restauriert mit Sch\u00e4rfger\u00e4t\",\"isPartOf\":{\"@id\":\"https:\/\/www.labottega-delrestauro.com\/de\/#website\"},\"primaryImageOfPage\":{\"@id\":\"https:\/\/www.labottega-delrestauro.com\/de\/berkel-manueller-schneider-modell-3-rot-schwarz-zu-verkaufen\/#primaryimage\"},\"image\":{\"@id\":\"https:\/\/www.labottega-delrestauro.com\/de\/berkel-manueller-schneider-modell-3-rot-schwarz-zu-verkaufen\/#primaryimage\"},\"thumbnailUrl\":\"https:\/\/www.labottega-delrestauro.com\/wp-content\/uploads\/2022\/03\/affettatrice-berkel-modello-3.jpg\",\"datePublished\":\"2022-03-29T13:17:48+00:00\",\"dateModified\":\"2022-09-29T09:18:16+00:00\",\"description\":\"Wenn Sie das Berkel Modell 3 kennenlernen m\u00f6chten, das originalgetreu restauriert wurde, kontaktieren Sie uns: Wir restaurieren manuelle Schneidemaschinenmodelle.\",\"breadcrumb\":{\"@id\":\"https:\/\/www.labottega-delrestauro.com\/de\/berkel-manueller-schneider-modell-3-rot-schwarz-zu-verkaufen\/#breadcrumb\"},\"inLanguage\":\"de\",\"potentialAction\":[{\"@type\":\"ReadAction\",\"target\":[\"https:\/\/www.labottega-delrestauro.com\/de\/berkel-manueller-schneider-modell-3-rot-schwarz-zu-verkaufen\/\"]}]},{\"@type\":\"ImageObject\",\"inLanguage\":\"de\",\"@id\":\"https:\/\/www.labottega-delrestauro.com\/de\/berkel-manueller-schneider-modell-3-rot-schwarz-zu-verkaufen\/#primaryimage\",\"url\":\"https:\/\/www.labottega-delrestauro.com\/wp-content\/uploads\/2022\/03\/affettatrice-berkel-modello-3.jpg\",\"contentUrl\":\"https:\/\/www.labottega-delrestauro.com\/wp-content\/uploads\/2022\/03\/affettatrice-berkel-modello-3.jpg\",\"width\":1000,\"height\":1000},{\"@type\":\"BreadcrumbList\",\"@id\":\"https:\/\/www.labottega-delrestauro.com\/de\/berkel-manueller-schneider-modell-3-rot-schwarz-zu-verkaufen\/#breadcrumb\",\"itemListElement\":[{\"@type\":\"ListItem\",\"position\":1,\"name\":\"Home\",\"item\":\"https:\/\/www.labottega-delrestauro.com\/de\/\"},{\"@type\":\"ListItem\",\"position\":2,\"name\":\"Shop\",\"item\":\"https:\/\/www.labottega-delrestauro.com\/de\/negozio\/\"},{\"@type\":\"ListItem\",\"position\":3,\"name\":\"Berkel Aufschnittmaschine &#8211; Modell 3\"}]},{\"@type\":\"WebSite\",\"@id\":\"https:\/\/www.labottega-delrestauro.com\/de\/#website\",\"url\":\"https:\/\/www.labottega-delrestauro.com\/de\/\",\"name\":\"La Bottega del Restauro\",\"description\":\"Restauro macchine Berkel\",\"potentialAction\":[{\"@type\":\"SearchAction\",\"target\":{\"@type\":\"EntryPoint\",\"urlTemplate\":\"https:\/\/www.labottega-delrestauro.com\/de\/?s={search_term_string}\"},\"query-input\":{\"@type\":\"PropertyValueSpecification\",\"valueRequired\":true,\"valueName\":\"search_term_string\"}}],\"inLanguage\":\"de\"}]}<\/script>\n<!-- \/ Yoast SEO plugin. -->","yoast_head_json":{"title":"Berkel Schneidemaschine Modell 3 \u2013 Original Designst\u00fcck restauriert mit Sch\u00e4rfger\u00e4t","description":"Wenn Sie das Berkel Modell 3 kennenlernen m\u00f6chten, das originalgetreu restauriert wurde, kontaktieren Sie uns: Wir restaurieren manuelle Schneidemaschinenmodelle.","robots":{"index":"index","follow":"follow","max-snippet":"max-snippet:-1","max-image-preview":"max-image-preview:large","max-video-preview":"max-video-preview:-1"},"canonical":"https:\/\/www.labottega-delrestauro.com\/de\/berkel-manueller-schneider-modell-3-rot-schwarz-zu-verkaufen\/","og_locale":"de_DE","og_type":"article","og_title":"Berkel Schneidemaschine Modell 3 \u2013 Original Designst\u00fcck restauriert mit Sch\u00e4rfger\u00e4t","og_description":"Wenn Sie das Berkel Modell 3 kennenlernen m\u00f6chten, das originalgetreu restauriert wurde, kontaktieren Sie uns: Wir restaurieren manuelle Schneidemaschinenmodelle.","og_url":"https:\/\/www.labottega-delrestauro.com\/de\/berkel-manueller-schneider-modell-3-rot-schwarz-zu-verkaufen\/","og_site_name":"La Bottega del Restauro","article_modified_time":"2022-09-29T09:18:16+00:00","og_image":[{"width":1000,"height":1000,"url":"https:\/\/www.labottega-delrestauro.com\/wp-content\/uploads\/2022\/03\/affettatrice-berkel-modello-3.jpg","type":"image\/jpeg"}],"twitter_card":"summary_large_image","schema":{"@context":"https:\/\/schema.org","@graph":[{"@type":"WebPage","@id":"https:\/\/www.labottega-delrestauro.com\/de\/berkel-manueller-schneider-modell-3-rot-schwarz-zu-verkaufen\/","url":"https:\/\/www.labottega-delrestauro.com\/de\/berkel-manueller-schneider-modell-3-rot-schwarz-zu-verkaufen\/","name":"Berkel Schneidemaschine Modell 3 \u2013 Original Designst\u00fcck restauriert mit Sch\u00e4rfger\u00e4t","isPartOf":{"@id":"https:\/\/www.labottega-delrestauro.com\/de\/#website"},"primaryImageOfPage":{"@id":"https:\/\/www.labottega-delrestauro.com\/de\/berkel-manueller-schneider-modell-3-rot-schwarz-zu-verkaufen\/#primaryimage"},"image":{"@id":"https:\/\/www.labottega-delrestauro.com\/de\/berkel-manueller-schneider-modell-3-rot-schwarz-zu-verkaufen\/#primaryimage"},"thumbnailUrl":"https:\/\/www.labottega-delrestauro.com\/wp-content\/uploads\/2022\/03\/affettatrice-berkel-modello-3.jpg","datePublished":"2022-03-29T13:17:48+00:00","dateModified":"2022-09-29T09:18:16+00:00","description":"Wenn Sie das Berkel Modell 3 kennenlernen m\u00f6chten, das originalgetreu restauriert wurde, kontaktieren Sie uns: Wir restaurieren manuelle Schneidemaschinenmodelle.","breadcrumb":{"@id":"https:\/\/www.labottega-delrestauro.com\/de\/berkel-manueller-schneider-modell-3-rot-schwarz-zu-verkaufen\/#breadcrumb"},"inLanguage":"de","potentialAction":[{"@type":"ReadAction","target":["https:\/\/www.labottega-delrestauro.com\/de\/berkel-manueller-schneider-modell-3-rot-schwarz-zu-verkaufen\/"]}]},{"@type":"ImageObject","inLanguage":"de","@id":"https:\/\/www.labottega-delrestauro.com\/de\/berkel-manueller-schneider-modell-3-rot-schwarz-zu-verkaufen\/#primaryimage","url":"https:\/\/www.labottega-delrestauro.com\/wp-content\/uploads\/2022\/03\/affettatrice-berkel-modello-3.jpg","contentUrl":"https:\/\/www.labottega-delrestauro.com\/wp-content\/uploads\/2022\/03\/affettatrice-berkel-modello-3.jpg","width":1000,"height":1000},{"@type":"BreadcrumbList","@id":"https:\/\/www.labottega-delrestauro.com\/de\/berkel-manueller-schneider-modell-3-rot-schwarz-zu-verkaufen\/#breadcrumb","itemListElement":[{"@type":"ListItem","position":1,"name":"Home","item":"https:\/\/www.labottega-delrestauro.com\/de\/"},{"@type":"ListItem","position":2,"name":"Shop","item":"https:\/\/www.labottega-delrestauro.com\/de\/negozio\/"},{"@type":"ListItem","position":3,"name":"Berkel Aufschnittmaschine &#8211; Modell 3"}]},{"@type":"WebSite","@id":"https:\/\/www.labottega-delrestauro.com\/de\/#website","url":"https:\/\/www.labottega-delrestauro.com\/de\/","name":"La Bottega del Restauro","description":"Restauro macchine Berkel","potentialAction":[{"@type":"SearchAction","target":{"@type":"EntryPoint","urlTemplate":"https:\/\/www.labottega-delrestauro.com\/de\/?s={search_term_string}"},"query-input":{"@type":"PropertyValueSpecification","valueRequired":true,"valueName":"search_term_string"}}],"inLanguage":"de"}]}},"_links":{"self":[{"href":"https:\/\/www.labottega-delrestauro.com\/de\/wp-json\/wp\/v2\/product\/58371","targetHints":{"allow":["GET"]}}],"collection":[{"href":"https:\/\/www.labottega-delrestauro.com\/de\/wp-json\/wp\/v2\/product"}],"about":[{"href":"https:\/\/www.labottega-delrestauro.com\/de\/wp-json\/wp\/v2\/types\/product"}],"wp:featuredmedia":[{"embeddable":true,"href":"https:\/\/www.labottega-delrestauro.com\/de\/wp-json\/wp\/v2\/media\/57011"}],"wp:attachment":[{"href":"https:\/\/www.labottega-delrestauro.com\/de\/wp-json\/wp\/v2\/media?parent=58371"}],"wp:term":[{"taxonomy":"product_cat","embeddable":true,"href":"https:\/\/www.labottega-delrestauro.com\/de\/wp-json\/wp\/v2\/product_cat?post=58371"},{"taxonomy":"product_tag","embeddable":true,"href":"https:\/\/www.labottega-delrestauro.com\/de\/wp-json\/wp\/v2\/product_tag?post=58371"}],"curies":[{"name":"wp","href":"https:\/\/api.w.org\/{rel}","templated":true}]}}