{"id":58359,"date":"2022-03-29T13:17:48","date_gmt":"2022-03-29T13:17:48","guid":{"rendered":"https:\/\/labottega.sviluppokeyweb.com\/prodotto\/affettatrice-berkel-modello-1\/"},"modified":"2022-09-01T10:01:57","modified_gmt":"2022-09-01T10:01:57","slug":"berkel-aufschnittmaschine-epoche-modell-1-geschmueckte-hand","status":"publish","type":"product","link":"https:\/\/www.labottega-delrestauro.com\/de\/berkel-aufschnittmaschine-epoche-modell-1-geschmueckte-hand\/","title":{"rendered":"Berkel-Schneidemaschine &#8211; Modell 1"},"content":{"rendered":"","protected":false},"excerpt":{"rendered":"<div class=\"woocommerce-product-details__short-description\">\n<p>Das 1908 geborene und bis 1915 produzierte <strong>Berkel-Modell 1<\/strong> zeichnet sich durch seine f\u00fcr die damalige Zeit <strong>sehr<\/strong> gro\u00dfe <strong>Gr\u00f6\u00dfe<\/strong> aus.<\/p>\n<p>Der Schlitten gleitet auf einer <strong>gro\u00dfen Platte<\/strong>, die auch als <strong>Gleitf\u00fchrung<\/strong> dient und wie auf der gegen\u00fcberliegenden Seite auf zwei kleinen S\u00e4ulen montiert ist. Auf der gegen\u00fcberliegenden Seite ist er auf einer kleineren Platte montiert, alles ohne Rollen. Die Gleitplatte ist aus <strong>Bronze<\/strong>, w\u00e4hrend die kleine Platte aus Filz besteht.<\/p>\n<p>Der <strong>Vorschubmechanismus<\/strong> hat eine sichtbare trapezf\u00f6rmige Schnecke und einen sichtbaren Schlittenvorschubkamm. Am Kamm ist ein <strong>Hebel<\/strong> angebracht, der die <strong>Platte<\/strong> f\u00fcr einen schnellen R\u00fccklauf <strong>freigibt<\/strong>.<\/p>\n<p>Die <strong>Einstellung der Scheibe<\/strong>, ein <strong>wahres mechanisches<\/strong> <strong>Genie<\/strong>, erfolgt \u00fcber eine Einstellstange, die auf einem seitlichen B\u00fcgel ruht, auf dem 15 Einstellungen gew\u00e4hlt werden k\u00f6nnen. An dieser Stange ist ein <strong>System von Verbindungsstangen<\/strong> befestigt, das das Zahnrad f\u00fcr den Schneckenvorschub einstellt, nachdem ein <strong>Nockensystem<\/strong> unter dem Schlitten die richtigen Millimeter der Verschiebung vorgegeben hat.<\/p>\n<p>Angetrieben wird die Maschine durch das <strong>klassische Blumenschwungrad der damaligen Zeit<\/strong>. Die <strong>Klinge<\/strong> mit einem <strong>Durchmesser von 370 mm<\/strong> ist auf der runden, geschlossenen Schulter montiert, an der das Handschuhfach aus Metall und das <strong>je nach Land<\/strong>, in dem es gekauft wurde, unterschiedliche Typenschild angebracht sind. Im oberen Teil der Schulter befindet sich der Klingensch\u00e4rfer, der aus <strong>mehreren verchromten Teilen<\/strong> besteht, die alle sichtbar und ohne Verkleidung sind.<\/p>\n<p>Die <strong>technischen Eigenschaften<\/strong> dieser <strong>klassischen Schneidemaschine <\/strong>und ihrer Komponenten garantieren einen <strong>pr\u00e4zisen Betrieb<\/strong>. <strong>La Bottega del Restauro<\/strong> vernachl\u00e4ssigt nicht die <strong>Verfeinerung<\/strong> und <strong>Wiederherstellung <\/strong>der<strong> \u00e4sthetischen Faktoren<\/strong>, indem sie das Modell mit den <strong>Originalfarben<\/strong> lackiert und jedes <strong>handverzierte<\/strong> Teil neu gestaltet.<\/p>\n<p><strong>Setzen Sie sich mit unseren Mitarbeitern in Verbindung<\/strong>, wenn Sie weitere Informationen \u00fcber die Modelle und ihre Verf\u00fcgbarkeit erhalten m\u00f6chten: Wir restaurieren die Schneidemaschinen der Vergangenheit f\u00fcr <strong>Sammler in ganz Italien und der Welt <\/strong>in neuem Glanz. Es ist m\u00f6glich, die <strong>Version mit angebautem Sockel<\/strong> anzufordern.<\/p>\n<\/div>\n","protected":false},"featured_media":56996,"template":"","meta":{"_et_pb_use_builder":"","_et_pb_old_content":"","_et_gb_content_width":""},"product_cat":[367],"product_tag":[],"class_list":{"0":"post-58359","1":"product","2":"type-product","3":"status-publish","4":"has-post-thumbnail","6":"product_cat-bergung-antiker-berkel-historische-modelle-europaeischer-schneidemaschinen","7":"pa_lama-370-de","8":"pa_larghezza-32-de","9":"pa_periodo-1898-1925-de","10":"pa_peso-33-de","11":"pa_profondita-34-de","12":"pa_volano-35-de","14":"first","15":"instock","16":"product-type-simple"},"yoast_head":"<!-- This site is optimized with the Yoast SEO plugin v23.6 - https:\/\/yoast.com\/wordpress\/plugins\/seo\/ -->\n<title>Berkel Schneidemaschine Modell 1 \u2013 Gebl\u00fcmtes Schwungrad runde und geschlossene Schulter mit Sockel<\/title>\n<meta name=\"description\" content=\"Wir befassen uns mit der Restaurierung aller Berkel-Oldtimer-Modelle, einschlie\u00dflich der Berkel-Schneidemaschine Modell 1, die von Hand dekoriert und in allen ihren Bestandteilen aufgearbeitet wurde.\" \/>\n<meta name=\"robots\" content=\"index, follow, max-snippet:-1, max-image-preview:large, max-video-preview:-1\" \/>\n<link rel=\"canonical\" href=\"https:\/\/www.labottega-delrestauro.com\/de\/berkel-aufschnittmaschine-epoche-modell-1-geschmueckte-hand\/\" \/>\n<meta property=\"og:locale\" content=\"de_DE\" \/>\n<meta property=\"og:type\" content=\"article\" \/>\n<meta property=\"og:title\" content=\"Berkel Schneidemaschine Modell 1 \u2013 Gebl\u00fcmtes Schwungrad runde und geschlossene Schulter mit Sockel\" \/>\n<meta property=\"og:description\" content=\"Wir befassen uns mit der Restaurierung aller Berkel-Oldtimer-Modelle, einschlie\u00dflich der Berkel-Schneidemaschine Modell 1, die von Hand dekoriert und in allen ihren Bestandteilen aufgearbeitet wurde.\" \/>\n<meta property=\"og:url\" content=\"https:\/\/www.labottega-delrestauro.com\/de\/berkel-aufschnittmaschine-epoche-modell-1-geschmueckte-hand\/\" \/>\n<meta property=\"og:site_name\" content=\"La Bottega del Restauro\" \/>\n<meta property=\"article:modified_time\" content=\"2022-09-01T10:01:57+00:00\" \/>\n<meta property=\"og:image\" content=\"https:\/\/www.labottega-delrestauro.com\/wp-content\/uploads\/2022\/03\/affettatrice-berkel-modello-1.jpg\" \/>\n\t<meta property=\"og:image:width\" content=\"787\" \/>\n\t<meta property=\"og:image:height\" content=\"1181\" \/>\n\t<meta property=\"og:image:type\" content=\"image\/jpeg\" \/>\n<meta name=\"twitter:card\" content=\"summary_large_image\" \/>\n<script type=\"application\/ld+json\" class=\"yoast-schema-graph\">{\"@context\":\"https:\/\/schema.org\",\"@graph\":[{\"@type\":\"WebPage\",\"@id\":\"https:\/\/www.labottega-delrestauro.com\/de\/berkel-aufschnittmaschine-epoche-modell-1-geschmueckte-hand\/\",\"url\":\"https:\/\/www.labottega-delrestauro.com\/de\/berkel-aufschnittmaschine-epoche-modell-1-geschmueckte-hand\/\",\"name\":\"Berkel Schneidemaschine Modell 1 \u2013 Gebl\u00fcmtes Schwungrad runde und geschlossene Schulter mit Sockel\",\"isPartOf\":{\"@id\":\"https:\/\/www.labottega-delrestauro.com\/de\/#website\"},\"primaryImageOfPage\":{\"@id\":\"https:\/\/www.labottega-delrestauro.com\/de\/berkel-aufschnittmaschine-epoche-modell-1-geschmueckte-hand\/#primaryimage\"},\"image\":{\"@id\":\"https:\/\/www.labottega-delrestauro.com\/de\/berkel-aufschnittmaschine-epoche-modell-1-geschmueckte-hand\/#primaryimage\"},\"thumbnailUrl\":\"https:\/\/www.labottega-delrestauro.com\/wp-content\/uploads\/2022\/03\/affettatrice-berkel-modello-1.jpg\",\"datePublished\":\"2022-03-29T13:17:48+00:00\",\"dateModified\":\"2022-09-01T10:01:57+00:00\",\"description\":\"Wir befassen uns mit der Restaurierung aller Berkel-Oldtimer-Modelle, einschlie\u00dflich der Berkel-Schneidemaschine Modell 1, die von Hand dekoriert und in allen ihren Bestandteilen aufgearbeitet wurde.\",\"breadcrumb\":{\"@id\":\"https:\/\/www.labottega-delrestauro.com\/de\/berkel-aufschnittmaschine-epoche-modell-1-geschmueckte-hand\/#breadcrumb\"},\"inLanguage\":\"de\",\"potentialAction\":[{\"@type\":\"ReadAction\",\"target\":[\"https:\/\/www.labottega-delrestauro.com\/de\/berkel-aufschnittmaschine-epoche-modell-1-geschmueckte-hand\/\"]}]},{\"@type\":\"ImageObject\",\"inLanguage\":\"de\",\"@id\":\"https:\/\/www.labottega-delrestauro.com\/de\/berkel-aufschnittmaschine-epoche-modell-1-geschmueckte-hand\/#primaryimage\",\"url\":\"https:\/\/www.labottega-delrestauro.com\/wp-content\/uploads\/2022\/03\/affettatrice-berkel-modello-1.jpg\",\"contentUrl\":\"https:\/\/www.labottega-delrestauro.com\/wp-content\/uploads\/2022\/03\/affettatrice-berkel-modello-1.jpg\",\"width\":787,\"height\":1181},{\"@type\":\"BreadcrumbList\",\"@id\":\"https:\/\/www.labottega-delrestauro.com\/de\/berkel-aufschnittmaschine-epoche-modell-1-geschmueckte-hand\/#breadcrumb\",\"itemListElement\":[{\"@type\":\"ListItem\",\"position\":1,\"name\":\"Home\",\"item\":\"https:\/\/www.labottega-delrestauro.com\/de\/\"},{\"@type\":\"ListItem\",\"position\":2,\"name\":\"Shop\",\"item\":\"https:\/\/www.labottega-delrestauro.com\/de\/negozio\/\"},{\"@type\":\"ListItem\",\"position\":3,\"name\":\"Berkel-Schneidemaschine &#8211; Modell 1\"}]},{\"@type\":\"WebSite\",\"@id\":\"https:\/\/www.labottega-delrestauro.com\/de\/#website\",\"url\":\"https:\/\/www.labottega-delrestauro.com\/de\/\",\"name\":\"La Bottega del Restauro\",\"description\":\"Restauro macchine Berkel\",\"potentialAction\":[{\"@type\":\"SearchAction\",\"target\":{\"@type\":\"EntryPoint\",\"urlTemplate\":\"https:\/\/www.labottega-delrestauro.com\/de\/?s={search_term_string}\"},\"query-input\":{\"@type\":\"PropertyValueSpecification\",\"valueRequired\":true,\"valueName\":\"search_term_string\"}}],\"inLanguage\":\"de\"}]}<\/script>\n<!-- \/ Yoast SEO plugin. -->","yoast_head_json":{"title":"Berkel Schneidemaschine Modell 1 \u2013 Gebl\u00fcmtes Schwungrad runde und geschlossene Schulter mit Sockel","description":"Wir befassen uns mit der Restaurierung aller Berkel-Oldtimer-Modelle, einschlie\u00dflich der Berkel-Schneidemaschine Modell 1, die von Hand dekoriert und in allen ihren Bestandteilen aufgearbeitet wurde.","robots":{"index":"index","follow":"follow","max-snippet":"max-snippet:-1","max-image-preview":"max-image-preview:large","max-video-preview":"max-video-preview:-1"},"canonical":"https:\/\/www.labottega-delrestauro.com\/de\/berkel-aufschnittmaschine-epoche-modell-1-geschmueckte-hand\/","og_locale":"de_DE","og_type":"article","og_title":"Berkel Schneidemaschine Modell 1 \u2013 Gebl\u00fcmtes Schwungrad runde und geschlossene Schulter mit Sockel","og_description":"Wir befassen uns mit der Restaurierung aller Berkel-Oldtimer-Modelle, einschlie\u00dflich der Berkel-Schneidemaschine Modell 1, die von Hand dekoriert und in allen ihren Bestandteilen aufgearbeitet wurde.","og_url":"https:\/\/www.labottega-delrestauro.com\/de\/berkel-aufschnittmaschine-epoche-modell-1-geschmueckte-hand\/","og_site_name":"La Bottega del Restauro","article_modified_time":"2022-09-01T10:01:57+00:00","og_image":[{"width":787,"height":1181,"url":"https:\/\/www.labottega-delrestauro.com\/wp-content\/uploads\/2022\/03\/affettatrice-berkel-modello-1.jpg","type":"image\/jpeg"}],"twitter_card":"summary_large_image","schema":{"@context":"https:\/\/schema.org","@graph":[{"@type":"WebPage","@id":"https:\/\/www.labottega-delrestauro.com\/de\/berkel-aufschnittmaschine-epoche-modell-1-geschmueckte-hand\/","url":"https:\/\/www.labottega-delrestauro.com\/de\/berkel-aufschnittmaschine-epoche-modell-1-geschmueckte-hand\/","name":"Berkel Schneidemaschine Modell 1 \u2013 Gebl\u00fcmtes Schwungrad runde und geschlossene Schulter mit Sockel","isPartOf":{"@id":"https:\/\/www.labottega-delrestauro.com\/de\/#website"},"primaryImageOfPage":{"@id":"https:\/\/www.labottega-delrestauro.com\/de\/berkel-aufschnittmaschine-epoche-modell-1-geschmueckte-hand\/#primaryimage"},"image":{"@id":"https:\/\/www.labottega-delrestauro.com\/de\/berkel-aufschnittmaschine-epoche-modell-1-geschmueckte-hand\/#primaryimage"},"thumbnailUrl":"https:\/\/www.labottega-delrestauro.com\/wp-content\/uploads\/2022\/03\/affettatrice-berkel-modello-1.jpg","datePublished":"2022-03-29T13:17:48+00:00","dateModified":"2022-09-01T10:01:57+00:00","description":"Wir befassen uns mit der Restaurierung aller Berkel-Oldtimer-Modelle, einschlie\u00dflich der Berkel-Schneidemaschine Modell 1, die von Hand dekoriert und in allen ihren Bestandteilen aufgearbeitet wurde.","breadcrumb":{"@id":"https:\/\/www.labottega-delrestauro.com\/de\/berkel-aufschnittmaschine-epoche-modell-1-geschmueckte-hand\/#breadcrumb"},"inLanguage":"de","potentialAction":[{"@type":"ReadAction","target":["https:\/\/www.labottega-delrestauro.com\/de\/berkel-aufschnittmaschine-epoche-modell-1-geschmueckte-hand\/"]}]},{"@type":"ImageObject","inLanguage":"de","@id":"https:\/\/www.labottega-delrestauro.com\/de\/berkel-aufschnittmaschine-epoche-modell-1-geschmueckte-hand\/#primaryimage","url":"https:\/\/www.labottega-delrestauro.com\/wp-content\/uploads\/2022\/03\/affettatrice-berkel-modello-1.jpg","contentUrl":"https:\/\/www.labottega-delrestauro.com\/wp-content\/uploads\/2022\/03\/affettatrice-berkel-modello-1.jpg","width":787,"height":1181},{"@type":"BreadcrumbList","@id":"https:\/\/www.labottega-delrestauro.com\/de\/berkel-aufschnittmaschine-epoche-modell-1-geschmueckte-hand\/#breadcrumb","itemListElement":[{"@type":"ListItem","position":1,"name":"Home","item":"https:\/\/www.labottega-delrestauro.com\/de\/"},{"@type":"ListItem","position":2,"name":"Shop","item":"https:\/\/www.labottega-delrestauro.com\/de\/negozio\/"},{"@type":"ListItem","position":3,"name":"Berkel-Schneidemaschine &#8211; Modell 1"}]},{"@type":"WebSite","@id":"https:\/\/www.labottega-delrestauro.com\/de\/#website","url":"https:\/\/www.labottega-delrestauro.com\/de\/","name":"La Bottega del Restauro","description":"Restauro macchine Berkel","potentialAction":[{"@type":"SearchAction","target":{"@type":"EntryPoint","urlTemplate":"https:\/\/www.labottega-delrestauro.com\/de\/?s={search_term_string}"},"query-input":{"@type":"PropertyValueSpecification","valueRequired":true,"valueName":"search_term_string"}}],"inLanguage":"de"}]}},"_links":{"self":[{"href":"https:\/\/www.labottega-delrestauro.com\/de\/wp-json\/wp\/v2\/product\/58359","targetHints":{"allow":["GET"]}}],"collection":[{"href":"https:\/\/www.labottega-delrestauro.com\/de\/wp-json\/wp\/v2\/product"}],"about":[{"href":"https:\/\/www.labottega-delrestauro.com\/de\/wp-json\/wp\/v2\/types\/product"}],"wp:featuredmedia":[{"embeddable":true,"href":"https:\/\/www.labottega-delrestauro.com\/de\/wp-json\/wp\/v2\/media\/56996"}],"wp:attachment":[{"href":"https:\/\/www.labottega-delrestauro.com\/de\/wp-json\/wp\/v2\/media?parent=58359"}],"wp:term":[{"taxonomy":"product_cat","embeddable":true,"href":"https:\/\/www.labottega-delrestauro.com\/de\/wp-json\/wp\/v2\/product_cat?post=58359"},{"taxonomy":"product_tag","embeddable":true,"href":"https:\/\/www.labottega-delrestauro.com\/de\/wp-json\/wp\/v2\/product_tag?post=58359"}],"curies":[{"name":"wp","href":"https:\/\/api.w.org\/{rel}","templated":true}]}}