{"id":58331,"date":"2022-03-29T13:17:48","date_gmt":"2022-03-29T13:17:48","guid":{"rendered":"https:\/\/labottega.sviluppokeyweb.com\/prodotto\/affettatrice-berkel-modello-r\/"},"modified":"2022-08-29T08:40:08","modified_gmt":"2022-08-29T08:40:08","slug":"berkel-aufschnittmaschine-antik-berkel-modell-r-rot-ohne-sockel","status":"publish","type":"product","link":"https:\/\/www.labottega-delrestauro.com\/de\/berkel-aufschnittmaschine-antik-berkel-modell-r-rot-ohne-sockel\/","title":{"rendered":"Berkel Aufschnittmaschine &#8211; Modell R"},"content":{"rendered":"","protected":false},"excerpt":{"rendered":"<p><strong>Sie wurde zwischen 1912 und 1918 geschaffen<\/strong> und wird in Italien von <strong>Bach &amp; Co.<\/strong> in Mailand importiert und vertrieben. \u00dcber das Modell Berkel R ist nur wenig bekannt, da nur wenige Exemplare hergestellt wurden: Es handelt sich um ein sehr seltenes Exemplar mit ziemlich altem Ursprung.<\/p>\n<p>Es handelt sich um ein <strong>gro\u00dfes Modell<\/strong>, das f\u00fcr einen bestimmten Zweck gebaut wurde. Der Wagen l\u00e4uft <strong>auf vier R\u00e4dern<\/strong>, wird aber auf einer Seite von einer gro\u00dfen, flachen F\u00fchrung gef\u00fchrt. Der Schlitten ist mit einer <strong>Plattenvorschubschraube<\/strong> ausgestattet, die durch ein Nocken- und Pleuelsystem bewegt wird; die <strong>obere Klemme<\/strong> hat zwei Bolzen (vorne und hinten) mit Schnellverschl\u00fcssen. Die <strong>Klinge<\/strong> mit einem <strong>Durchmesser von 350 mm<\/strong> ist auf der runden Schulter montiert, an der die Metallhandschuhbox und <strong>die Platte<\/strong> befestigt sind. Im oberen Teil der Schulter befindet sich der Klingensch\u00e4rfer, der aus mehreren verchromten Teilen besteht, die alle sichtbar und ohne Verkleidung sind.<\/p>\n<p><strong>Bottega del Restauro<\/strong> arbeitet sorgf\u00e4ltig an den Bestandteilen jeder Schneidemaschine, wobei sowohl die <strong>funktionellen<\/strong> als auch die <strong>\u00e4sthetischen Aspekte<\/strong> ber\u00fccksichtigt werden und <strong>ein einzigartiges restauriertes Modell<\/strong> garantiert wird.<\/p>\n<p>&nbsp;<\/p>\n<h2>Aufarbeitung antiker St\u00fccke<\/h2>\n<p>Das <strong>Personal<\/strong> von La Bottega del Restauro verf\u00fcgt \u00fcber die <strong>Mittel und Qualifikationen<\/strong>, um jedem <strong>Modell der Marke Berkel <\/strong>neues Leben einzuhauchen. Mit der <strong>Garantie<\/strong> der Produktionsfirma k\u00fcmmern wir uns um <strong>St\u00fccke aus allen Epochen<\/strong>, einschlie\u00dflich des <strong>seltenen Modells R<\/strong>, <strong>einer ziemlich alten Schneidemaschine<\/strong> mit gro\u00dfen Abmessungen und einer <strong>charakteristischen roten F\u00e4rbung<\/strong>.<\/p>\n<p>F\u00fcr ein <strong>professionell restauriertes und zertifiziertes<\/strong> Einzelst\u00fcck k\u00f6nnen <strong>Sie sich an unser Unternehmen wenden<\/strong> und ein <strong>Angebot<\/strong> anfordern. Wir liefern nach <strong>Italien<\/strong> und in den <strong>Rest der Welt<\/strong>.<\/p>\n<p>Alle Maschinen werden <strong>ohne Sockel geliefert<\/strong>, der separat angefordert werden kann.<\/p>\n","protected":false},"featured_media":56975,"template":"","meta":{"_et_pb_use_builder":"","_et_pb_old_content":"","_et_gb_content_width":""},"product_cat":[367],"product_tag":[],"class_list":{"0":"post-58331","1":"product","2":"type-product","3":"status-publish","4":"has-post-thumbnail","6":"product_cat-bergung-antiker-berkel-historische-modelle-europaeischer-schneidemaschinen","7":"pa_lama-350-de","8":"pa_larghezza-32-de","9":"pa_periodo-1898-1925-de","10":"pa_peso-33-de","11":"pa_profondita-34-de","12":"pa_volano-35-de","14":"first","15":"instock","16":"product-type-simple"},"yoast_head":"<!-- This site is optimized with the Yoast SEO plugin v23.6 - https:\/\/yoast.com\/wordpress\/plugins\/seo\/ -->\n<title>Berkel Schneidemaschine Modell R \u2013 Einzigartige Rarit\u00e4t restauriert gro\u00dfer Preis<\/title>\n<meta name=\"description\" content=\"La Bottega del Restauro k\u00fcmmert sich um das Modell R: es ist ein gro\u00dfes Modell, das mit oder ohne Sockel erh\u00e4ltlich ist.\" \/>\n<meta name=\"robots\" content=\"index, follow, max-snippet:-1, max-image-preview:large, max-video-preview:-1\" \/>\n<link rel=\"canonical\" href=\"https:\/\/www.labottega-delrestauro.com\/de\/berkel-aufschnittmaschine-antik-berkel-modell-r-rot-ohne-sockel\/\" \/>\n<meta property=\"og:locale\" content=\"de_DE\" \/>\n<meta property=\"og:type\" content=\"article\" \/>\n<meta property=\"og:title\" content=\"Berkel Schneidemaschine Modell R \u2013 Einzigartige Rarit\u00e4t restauriert gro\u00dfer Preis\" \/>\n<meta property=\"og:description\" content=\"La Bottega del Restauro k\u00fcmmert sich um das Modell R: es ist ein gro\u00dfes Modell, das mit oder ohne Sockel erh\u00e4ltlich ist.\" \/>\n<meta property=\"og:url\" content=\"https:\/\/www.labottega-delrestauro.com\/de\/berkel-aufschnittmaschine-antik-berkel-modell-r-rot-ohne-sockel\/\" \/>\n<meta property=\"og:site_name\" content=\"La Bottega del Restauro\" \/>\n<meta property=\"article:modified_time\" content=\"2022-08-29T08:40:08+00:00\" \/>\n<meta property=\"og:image\" content=\"https:\/\/www.labottega-delrestauro.com\/wp-content\/uploads\/2022\/03\/affettatrice-berkel-modello-r-1.jpg\" \/>\n\t<meta property=\"og:image:width\" content=\"1200\" \/>\n\t<meta property=\"og:image:height\" content=\"1000\" \/>\n\t<meta property=\"og:image:type\" content=\"image\/jpeg\" \/>\n<meta name=\"twitter:card\" content=\"summary_large_image\" \/>\n<script type=\"application\/ld+json\" class=\"yoast-schema-graph\">{\"@context\":\"https:\/\/schema.org\",\"@graph\":[{\"@type\":\"WebPage\",\"@id\":\"https:\/\/www.labottega-delrestauro.com\/de\/berkel-aufschnittmaschine-antik-berkel-modell-r-rot-ohne-sockel\/\",\"url\":\"https:\/\/www.labottega-delrestauro.com\/de\/berkel-aufschnittmaschine-antik-berkel-modell-r-rot-ohne-sockel\/\",\"name\":\"Berkel Schneidemaschine Modell R \u2013 Einzigartige Rarit\u00e4t restauriert gro\u00dfer Preis\",\"isPartOf\":{\"@id\":\"https:\/\/www.labottega-delrestauro.com\/de\/#website\"},\"primaryImageOfPage\":{\"@id\":\"https:\/\/www.labottega-delrestauro.com\/de\/berkel-aufschnittmaschine-antik-berkel-modell-r-rot-ohne-sockel\/#primaryimage\"},\"image\":{\"@id\":\"https:\/\/www.labottega-delrestauro.com\/de\/berkel-aufschnittmaschine-antik-berkel-modell-r-rot-ohne-sockel\/#primaryimage\"},\"thumbnailUrl\":\"https:\/\/www.labottega-delrestauro.com\/wp-content\/uploads\/2022\/03\/affettatrice-berkel-modello-r-1.jpg\",\"datePublished\":\"2022-03-29T13:17:48+00:00\",\"dateModified\":\"2022-08-29T08:40:08+00:00\",\"description\":\"La Bottega del Restauro k\u00fcmmert sich um das Modell R: es ist ein gro\u00dfes Modell, das mit oder ohne Sockel erh\u00e4ltlich ist.\",\"breadcrumb\":{\"@id\":\"https:\/\/www.labottega-delrestauro.com\/de\/berkel-aufschnittmaschine-antik-berkel-modell-r-rot-ohne-sockel\/#breadcrumb\"},\"inLanguage\":\"de\",\"potentialAction\":[{\"@type\":\"ReadAction\",\"target\":[\"https:\/\/www.labottega-delrestauro.com\/de\/berkel-aufschnittmaschine-antik-berkel-modell-r-rot-ohne-sockel\/\"]}]},{\"@type\":\"ImageObject\",\"inLanguage\":\"de\",\"@id\":\"https:\/\/www.labottega-delrestauro.com\/de\/berkel-aufschnittmaschine-antik-berkel-modell-r-rot-ohne-sockel\/#primaryimage\",\"url\":\"https:\/\/www.labottega-delrestauro.com\/wp-content\/uploads\/2022\/03\/affettatrice-berkel-modello-r-1.jpg\",\"contentUrl\":\"https:\/\/www.labottega-delrestauro.com\/wp-content\/uploads\/2022\/03\/affettatrice-berkel-modello-r-1.jpg\",\"width\":1200,\"height\":1000},{\"@type\":\"BreadcrumbList\",\"@id\":\"https:\/\/www.labottega-delrestauro.com\/de\/berkel-aufschnittmaschine-antik-berkel-modell-r-rot-ohne-sockel\/#breadcrumb\",\"itemListElement\":[{\"@type\":\"ListItem\",\"position\":1,\"name\":\"Home\",\"item\":\"https:\/\/www.labottega-delrestauro.com\/de\/\"},{\"@type\":\"ListItem\",\"position\":2,\"name\":\"Shop\",\"item\":\"https:\/\/www.labottega-delrestauro.com\/de\/negozio\/\"},{\"@type\":\"ListItem\",\"position\":3,\"name\":\"Berkel Aufschnittmaschine &#8211; Modell R\"}]},{\"@type\":\"WebSite\",\"@id\":\"https:\/\/www.labottega-delrestauro.com\/de\/#website\",\"url\":\"https:\/\/www.labottega-delrestauro.com\/de\/\",\"name\":\"La Bottega del Restauro\",\"description\":\"Restauro macchine Berkel\",\"potentialAction\":[{\"@type\":\"SearchAction\",\"target\":{\"@type\":\"EntryPoint\",\"urlTemplate\":\"https:\/\/www.labottega-delrestauro.com\/de\/?s={search_term_string}\"},\"query-input\":{\"@type\":\"PropertyValueSpecification\",\"valueRequired\":true,\"valueName\":\"search_term_string\"}}],\"inLanguage\":\"de\"}]}<\/script>\n<!-- \/ Yoast SEO plugin. -->","yoast_head_json":{"title":"Berkel Schneidemaschine Modell R \u2013 Einzigartige Rarit\u00e4t restauriert gro\u00dfer Preis","description":"La Bottega del Restauro k\u00fcmmert sich um das Modell R: es ist ein gro\u00dfes Modell, das mit oder ohne Sockel erh\u00e4ltlich ist.","robots":{"index":"index","follow":"follow","max-snippet":"max-snippet:-1","max-image-preview":"max-image-preview:large","max-video-preview":"max-video-preview:-1"},"canonical":"https:\/\/www.labottega-delrestauro.com\/de\/berkel-aufschnittmaschine-antik-berkel-modell-r-rot-ohne-sockel\/","og_locale":"de_DE","og_type":"article","og_title":"Berkel Schneidemaschine Modell R \u2013 Einzigartige Rarit\u00e4t restauriert gro\u00dfer Preis","og_description":"La Bottega del Restauro k\u00fcmmert sich um das Modell R: es ist ein gro\u00dfes Modell, das mit oder ohne Sockel erh\u00e4ltlich ist.","og_url":"https:\/\/www.labottega-delrestauro.com\/de\/berkel-aufschnittmaschine-antik-berkel-modell-r-rot-ohne-sockel\/","og_site_name":"La Bottega del Restauro","article_modified_time":"2022-08-29T08:40:08+00:00","og_image":[{"width":1200,"height":1000,"url":"https:\/\/www.labottega-delrestauro.com\/wp-content\/uploads\/2022\/03\/affettatrice-berkel-modello-r-1.jpg","type":"image\/jpeg"}],"twitter_card":"summary_large_image","schema":{"@context":"https:\/\/schema.org","@graph":[{"@type":"WebPage","@id":"https:\/\/www.labottega-delrestauro.com\/de\/berkel-aufschnittmaschine-antik-berkel-modell-r-rot-ohne-sockel\/","url":"https:\/\/www.labottega-delrestauro.com\/de\/berkel-aufschnittmaschine-antik-berkel-modell-r-rot-ohne-sockel\/","name":"Berkel Schneidemaschine Modell R \u2013 Einzigartige Rarit\u00e4t restauriert gro\u00dfer Preis","isPartOf":{"@id":"https:\/\/www.labottega-delrestauro.com\/de\/#website"},"primaryImageOfPage":{"@id":"https:\/\/www.labottega-delrestauro.com\/de\/berkel-aufschnittmaschine-antik-berkel-modell-r-rot-ohne-sockel\/#primaryimage"},"image":{"@id":"https:\/\/www.labottega-delrestauro.com\/de\/berkel-aufschnittmaschine-antik-berkel-modell-r-rot-ohne-sockel\/#primaryimage"},"thumbnailUrl":"https:\/\/www.labottega-delrestauro.com\/wp-content\/uploads\/2022\/03\/affettatrice-berkel-modello-r-1.jpg","datePublished":"2022-03-29T13:17:48+00:00","dateModified":"2022-08-29T08:40:08+00:00","description":"La Bottega del Restauro k\u00fcmmert sich um das Modell R: es ist ein gro\u00dfes Modell, das mit oder ohne Sockel erh\u00e4ltlich ist.","breadcrumb":{"@id":"https:\/\/www.labottega-delrestauro.com\/de\/berkel-aufschnittmaschine-antik-berkel-modell-r-rot-ohne-sockel\/#breadcrumb"},"inLanguage":"de","potentialAction":[{"@type":"ReadAction","target":["https:\/\/www.labottega-delrestauro.com\/de\/berkel-aufschnittmaschine-antik-berkel-modell-r-rot-ohne-sockel\/"]}]},{"@type":"ImageObject","inLanguage":"de","@id":"https:\/\/www.labottega-delrestauro.com\/de\/berkel-aufschnittmaschine-antik-berkel-modell-r-rot-ohne-sockel\/#primaryimage","url":"https:\/\/www.labottega-delrestauro.com\/wp-content\/uploads\/2022\/03\/affettatrice-berkel-modello-r-1.jpg","contentUrl":"https:\/\/www.labottega-delrestauro.com\/wp-content\/uploads\/2022\/03\/affettatrice-berkel-modello-r-1.jpg","width":1200,"height":1000},{"@type":"BreadcrumbList","@id":"https:\/\/www.labottega-delrestauro.com\/de\/berkel-aufschnittmaschine-antik-berkel-modell-r-rot-ohne-sockel\/#breadcrumb","itemListElement":[{"@type":"ListItem","position":1,"name":"Home","item":"https:\/\/www.labottega-delrestauro.com\/de\/"},{"@type":"ListItem","position":2,"name":"Shop","item":"https:\/\/www.labottega-delrestauro.com\/de\/negozio\/"},{"@type":"ListItem","position":3,"name":"Berkel Aufschnittmaschine &#8211; Modell R"}]},{"@type":"WebSite","@id":"https:\/\/www.labottega-delrestauro.com\/de\/#website","url":"https:\/\/www.labottega-delrestauro.com\/de\/","name":"La Bottega del Restauro","description":"Restauro macchine Berkel","potentialAction":[{"@type":"SearchAction","target":{"@type":"EntryPoint","urlTemplate":"https:\/\/www.labottega-delrestauro.com\/de\/?s={search_term_string}"},"query-input":{"@type":"PropertyValueSpecification","valueRequired":true,"valueName":"search_term_string"}}],"inLanguage":"de"}]}},"_links":{"self":[{"href":"https:\/\/www.labottega-delrestauro.com\/de\/wp-json\/wp\/v2\/product\/58331","targetHints":{"allow":["GET"]}}],"collection":[{"href":"https:\/\/www.labottega-delrestauro.com\/de\/wp-json\/wp\/v2\/product"}],"about":[{"href":"https:\/\/www.labottega-delrestauro.com\/de\/wp-json\/wp\/v2\/types\/product"}],"wp:featuredmedia":[{"embeddable":true,"href":"https:\/\/www.labottega-delrestauro.com\/de\/wp-json\/wp\/v2\/media\/56975"}],"wp:attachment":[{"href":"https:\/\/www.labottega-delrestauro.com\/de\/wp-json\/wp\/v2\/media?parent=58331"}],"wp:term":[{"taxonomy":"product_cat","embeddable":true,"href":"https:\/\/www.labottega-delrestauro.com\/de\/wp-json\/wp\/v2\/product_cat?post=58331"},{"taxonomy":"product_tag","embeddable":true,"href":"https:\/\/www.labottega-delrestauro.com\/de\/wp-json\/wp\/v2\/product_tag?post=58331"}],"curies":[{"name":"wp","href":"https:\/\/api.w.org\/{rel}","templated":true}]}}