{"id":58254,"date":"2022-03-29T13:18:06","date_gmt":"2022-03-29T13:18:06","guid":{"rendered":"https:\/\/labottega.sviluppokeyweb.com\/prodotto\/le-nostre-bilance-berkel\/"},"modified":"2022-09-01T10:10:25","modified_gmt":"2022-09-01T10:10:25","slug":"berkel-antike-waage-exklusiv-quadrant-rund-fan","status":"publish","type":"product","link":"https:\/\/www.labottega-delrestauro.com\/de\/berkel-antike-waage-exklusiv-quadrant-rund-fan\/","title":{"rendered":"Unsere Berkelwaage"},"content":{"rendered":"","protected":false},"excerpt":{"rendered":"<p>Bei <strong>la Bottega del Restauro<\/strong> haben wir Dutzende von exklusiven <strong>restaurierten Berkel-Waagen<\/strong> aller Gr\u00f6\u00dfen und Ausf\u00fchrungen. Es handelt sich um <strong>Tischwaagen<\/strong>, mit 1 oder 2 Platten, Hakenwaagen oder mit verschiedenen Kapazit\u00e4ten.<\/p>\n<p>Erh\u00e4ltlich mit <strong>rundem<\/strong> oder <strong>f\u00e4cherf\u00f6rmigem<\/strong> Zifferblatt, sind diese antiken Waagen ein sch\u00f6nes Beispiel f\u00fcr <strong>die absolute Qualit\u00e4t<\/strong> der niederl\u00e4ndischen Marke.<\/p>\n<p><strong>Kontaktieren Sie uns<\/strong> f\u00fcr weitere Informationen <strong>zum<\/strong> <strong>landesweiten <\/strong>Verkauf dieser wunderbaren Sammlerst\u00fccke.<\/p>\n","protected":false},"featured_media":57782,"template":"","meta":{"_et_pb_use_builder":"","_et_pb_old_content":"","_et_gb_content_width":""},"product_cat":[347],"product_tag":[],"class_list":{"0":"post-58254","1":"product","2":"type-product","3":"status-publish","4":"has-post-thumbnail","6":"product_cat-berkelwaage","7":"pa_lama-73-de","8":"pa_larghezza-32-de","9":"pa_periodo-75-de","10":"pa_peso-33-de","11":"pa_profondita-34-de","12":"pa_volano-35-de","14":"first","15":"instock","16":"product-type-simple"},"yoast_head":"<!-- This site is optimized with the Yoast SEO plugin v23.6 - https:\/\/yoast.com\/wordpress\/plugins\/seo\/ -->\n<title>Antike Berkelwaage \u2013 restauriert 1 oder 2 Teller wertvolle Sammlerst\u00fccke<\/title>\n<meta name=\"description\" content=\"Wenden Sie sich an uns, wenn Sie eine antike Waage aus der Berkel-Kollektion suchen: perfekt restaurierte, wertvolle St\u00fccke mit einem runden oder f\u00e4cherf\u00f6rmigen Zifferblatt.\" \/>\n<meta name=\"robots\" content=\"index, follow, max-snippet:-1, max-image-preview:large, max-video-preview:-1\" \/>\n<link rel=\"canonical\" href=\"https:\/\/www.labottega-delrestauro.com\/de\/berkel-antike-waage-exklusiv-quadrant-rund-fan\/\" \/>\n<meta property=\"og:locale\" content=\"de_DE\" \/>\n<meta property=\"og:type\" content=\"article\" \/>\n<meta property=\"og:title\" content=\"Antike Berkelwaage \u2013 restauriert 1 oder 2 Teller wertvolle Sammlerst\u00fccke\" \/>\n<meta property=\"og:description\" content=\"Wenden Sie sich an uns, wenn Sie eine antike Waage aus der Berkel-Kollektion suchen: perfekt restaurierte, wertvolle St\u00fccke mit einem runden oder f\u00e4cherf\u00f6rmigen Zifferblatt.\" \/>\n<meta property=\"og:url\" content=\"https:\/\/www.labottega-delrestauro.com\/de\/berkel-antike-waage-exklusiv-quadrant-rund-fan\/\" \/>\n<meta property=\"og:site_name\" content=\"La Bottega del Restauro\" \/>\n<meta property=\"article:modified_time\" content=\"2022-09-01T10:10:25+00:00\" \/>\n<meta property=\"og:image\" content=\"https:\/\/www.labottega-delrestauro.com\/wp-content\/uploads\/2022\/03\/bilance-berkel-antiche.jpg\" \/>\n\t<meta property=\"og:image:width\" content=\"1200\" \/>\n\t<meta property=\"og:image:height\" content=\"1300\" \/>\n\t<meta property=\"og:image:type\" content=\"image\/jpeg\" \/>\n<meta name=\"twitter:card\" content=\"summary_large_image\" \/>\n<script type=\"application\/ld+json\" class=\"yoast-schema-graph\">{\"@context\":\"https:\/\/schema.org\",\"@graph\":[{\"@type\":\"WebPage\",\"@id\":\"https:\/\/www.labottega-delrestauro.com\/de\/berkel-antike-waage-exklusiv-quadrant-rund-fan\/\",\"url\":\"https:\/\/www.labottega-delrestauro.com\/de\/berkel-antike-waage-exklusiv-quadrant-rund-fan\/\",\"name\":\"Antike Berkelwaage \u2013 restauriert 1 oder 2 Teller wertvolle Sammlerst\u00fccke\",\"isPartOf\":{\"@id\":\"https:\/\/www.labottega-delrestauro.com\/de\/#website\"},\"primaryImageOfPage\":{\"@id\":\"https:\/\/www.labottega-delrestauro.com\/de\/berkel-antike-waage-exklusiv-quadrant-rund-fan\/#primaryimage\"},\"image\":{\"@id\":\"https:\/\/www.labottega-delrestauro.com\/de\/berkel-antike-waage-exklusiv-quadrant-rund-fan\/#primaryimage\"},\"thumbnailUrl\":\"https:\/\/www.labottega-delrestauro.com\/wp-content\/uploads\/2022\/03\/bilance-berkel-antiche.jpg\",\"datePublished\":\"2022-03-29T13:18:06+00:00\",\"dateModified\":\"2022-09-01T10:10:25+00:00\",\"description\":\"Wenden Sie sich an uns, wenn Sie eine antike Waage aus der Berkel-Kollektion suchen: perfekt restaurierte, wertvolle St\u00fccke mit einem runden oder f\u00e4cherf\u00f6rmigen Zifferblatt.\",\"breadcrumb\":{\"@id\":\"https:\/\/www.labottega-delrestauro.com\/de\/berkel-antike-waage-exklusiv-quadrant-rund-fan\/#breadcrumb\"},\"inLanguage\":\"de\",\"potentialAction\":[{\"@type\":\"ReadAction\",\"target\":[\"https:\/\/www.labottega-delrestauro.com\/de\/berkel-antike-waage-exklusiv-quadrant-rund-fan\/\"]}]},{\"@type\":\"ImageObject\",\"inLanguage\":\"de\",\"@id\":\"https:\/\/www.labottega-delrestauro.com\/de\/berkel-antike-waage-exklusiv-quadrant-rund-fan\/#primaryimage\",\"url\":\"https:\/\/www.labottega-delrestauro.com\/wp-content\/uploads\/2022\/03\/bilance-berkel-antiche.jpg\",\"contentUrl\":\"https:\/\/www.labottega-delrestauro.com\/wp-content\/uploads\/2022\/03\/bilance-berkel-antiche.jpg\",\"width\":1200,\"height\":1300},{\"@type\":\"BreadcrumbList\",\"@id\":\"https:\/\/www.labottega-delrestauro.com\/de\/berkel-antike-waage-exklusiv-quadrant-rund-fan\/#breadcrumb\",\"itemListElement\":[{\"@type\":\"ListItem\",\"position\":1,\"name\":\"Home\",\"item\":\"https:\/\/www.labottega-delrestauro.com\/de\/\"},{\"@type\":\"ListItem\",\"position\":2,\"name\":\"Shop\",\"item\":\"https:\/\/www.labottega-delrestauro.com\/de\/negozio\/\"},{\"@type\":\"ListItem\",\"position\":3,\"name\":\"Unsere Berkelwaage\"}]},{\"@type\":\"WebSite\",\"@id\":\"https:\/\/www.labottega-delrestauro.com\/de\/#website\",\"url\":\"https:\/\/www.labottega-delrestauro.com\/de\/\",\"name\":\"La Bottega del Restauro\",\"description\":\"Restauro macchine Berkel\",\"potentialAction\":[{\"@type\":\"SearchAction\",\"target\":{\"@type\":\"EntryPoint\",\"urlTemplate\":\"https:\/\/www.labottega-delrestauro.com\/de\/?s={search_term_string}\"},\"query-input\":{\"@type\":\"PropertyValueSpecification\",\"valueRequired\":true,\"valueName\":\"search_term_string\"}}],\"inLanguage\":\"de\"}]}<\/script>\n<!-- \/ Yoast SEO plugin. -->","yoast_head_json":{"title":"Antike Berkelwaage \u2013 restauriert 1 oder 2 Teller wertvolle Sammlerst\u00fccke","description":"Wenden Sie sich an uns, wenn Sie eine antike Waage aus der Berkel-Kollektion suchen: perfekt restaurierte, wertvolle St\u00fccke mit einem runden oder f\u00e4cherf\u00f6rmigen Zifferblatt.","robots":{"index":"index","follow":"follow","max-snippet":"max-snippet:-1","max-image-preview":"max-image-preview:large","max-video-preview":"max-video-preview:-1"},"canonical":"https:\/\/www.labottega-delrestauro.com\/de\/berkel-antike-waage-exklusiv-quadrant-rund-fan\/","og_locale":"de_DE","og_type":"article","og_title":"Antike Berkelwaage \u2013 restauriert 1 oder 2 Teller wertvolle Sammlerst\u00fccke","og_description":"Wenden Sie sich an uns, wenn Sie eine antike Waage aus der Berkel-Kollektion suchen: perfekt restaurierte, wertvolle St\u00fccke mit einem runden oder f\u00e4cherf\u00f6rmigen Zifferblatt.","og_url":"https:\/\/www.labottega-delrestauro.com\/de\/berkel-antike-waage-exklusiv-quadrant-rund-fan\/","og_site_name":"La Bottega del Restauro","article_modified_time":"2022-09-01T10:10:25+00:00","og_image":[{"width":1200,"height":1300,"url":"https:\/\/www.labottega-delrestauro.com\/wp-content\/uploads\/2022\/03\/bilance-berkel-antiche.jpg","type":"image\/jpeg"}],"twitter_card":"summary_large_image","schema":{"@context":"https:\/\/schema.org","@graph":[{"@type":"WebPage","@id":"https:\/\/www.labottega-delrestauro.com\/de\/berkel-antike-waage-exklusiv-quadrant-rund-fan\/","url":"https:\/\/www.labottega-delrestauro.com\/de\/berkel-antike-waage-exklusiv-quadrant-rund-fan\/","name":"Antike Berkelwaage \u2013 restauriert 1 oder 2 Teller wertvolle Sammlerst\u00fccke","isPartOf":{"@id":"https:\/\/www.labottega-delrestauro.com\/de\/#website"},"primaryImageOfPage":{"@id":"https:\/\/www.labottega-delrestauro.com\/de\/berkel-antike-waage-exklusiv-quadrant-rund-fan\/#primaryimage"},"image":{"@id":"https:\/\/www.labottega-delrestauro.com\/de\/berkel-antike-waage-exklusiv-quadrant-rund-fan\/#primaryimage"},"thumbnailUrl":"https:\/\/www.labottega-delrestauro.com\/wp-content\/uploads\/2022\/03\/bilance-berkel-antiche.jpg","datePublished":"2022-03-29T13:18:06+00:00","dateModified":"2022-09-01T10:10:25+00:00","description":"Wenden Sie sich an uns, wenn Sie eine antike Waage aus der Berkel-Kollektion suchen: perfekt restaurierte, wertvolle St\u00fccke mit einem runden oder f\u00e4cherf\u00f6rmigen Zifferblatt.","breadcrumb":{"@id":"https:\/\/www.labottega-delrestauro.com\/de\/berkel-antike-waage-exklusiv-quadrant-rund-fan\/#breadcrumb"},"inLanguage":"de","potentialAction":[{"@type":"ReadAction","target":["https:\/\/www.labottega-delrestauro.com\/de\/berkel-antike-waage-exklusiv-quadrant-rund-fan\/"]}]},{"@type":"ImageObject","inLanguage":"de","@id":"https:\/\/www.labottega-delrestauro.com\/de\/berkel-antike-waage-exklusiv-quadrant-rund-fan\/#primaryimage","url":"https:\/\/www.labottega-delrestauro.com\/wp-content\/uploads\/2022\/03\/bilance-berkel-antiche.jpg","contentUrl":"https:\/\/www.labottega-delrestauro.com\/wp-content\/uploads\/2022\/03\/bilance-berkel-antiche.jpg","width":1200,"height":1300},{"@type":"BreadcrumbList","@id":"https:\/\/www.labottega-delrestauro.com\/de\/berkel-antike-waage-exklusiv-quadrant-rund-fan\/#breadcrumb","itemListElement":[{"@type":"ListItem","position":1,"name":"Home","item":"https:\/\/www.labottega-delrestauro.com\/de\/"},{"@type":"ListItem","position":2,"name":"Shop","item":"https:\/\/www.labottega-delrestauro.com\/de\/negozio\/"},{"@type":"ListItem","position":3,"name":"Unsere Berkelwaage"}]},{"@type":"WebSite","@id":"https:\/\/www.labottega-delrestauro.com\/de\/#website","url":"https:\/\/www.labottega-delrestauro.com\/de\/","name":"La Bottega del Restauro","description":"Restauro macchine Berkel","potentialAction":[{"@type":"SearchAction","target":{"@type":"EntryPoint","urlTemplate":"https:\/\/www.labottega-delrestauro.com\/de\/?s={search_term_string}"},"query-input":{"@type":"PropertyValueSpecification","valueRequired":true,"valueName":"search_term_string"}}],"inLanguage":"de"}]}},"_links":{"self":[{"href":"https:\/\/www.labottega-delrestauro.com\/de\/wp-json\/wp\/v2\/product\/58254","targetHints":{"allow":["GET"]}}],"collection":[{"href":"https:\/\/www.labottega-delrestauro.com\/de\/wp-json\/wp\/v2\/product"}],"about":[{"href":"https:\/\/www.labottega-delrestauro.com\/de\/wp-json\/wp\/v2\/types\/product"}],"wp:featuredmedia":[{"embeddable":true,"href":"https:\/\/www.labottega-delrestauro.com\/de\/wp-json\/wp\/v2\/media\/57782"}],"wp:attachment":[{"href":"https:\/\/www.labottega-delrestauro.com\/de\/wp-json\/wp\/v2\/media?parent=58254"}],"wp:term":[{"taxonomy":"product_cat","embeddable":true,"href":"https:\/\/www.labottega-delrestauro.com\/de\/wp-json\/wp\/v2\/product_cat?post=58254"},{"taxonomy":"product_tag","embeddable":true,"href":"https:\/\/www.labottega-delrestauro.com\/de\/wp-json\/wp\/v2\/product_tag?post=58254"}],"curies":[{"name":"wp","href":"https:\/\/api.w.org\/{rel}","templated":true}]}}