{"id":58226,"date":"2022-03-29T13:18:06","date_gmt":"2022-03-29T13:18:06","guid":{"rendered":"https:\/\/labottega.sviluppokeyweb.com\/prodotto\/affettatrici-berkel-volano-l16\/"},"modified":"2022-08-29T12:25:34","modified_gmt":"2022-08-29T12:25:34","slug":"berkel-schwungrad-l16-schneider-verarbeitet","status":"publish","type":"product","link":"https:\/\/www.labottega-delrestauro.com\/de\/berkel-schwungrad-l16-schneider-verarbeitet\/","title":{"rendered":"Berkel Schneidemaschinen &#8211; Schwungrad L16"},"content":{"rendered":"","protected":false},"excerpt":{"rendered":"<p>Das <strong>Modell L16<\/strong> aus <strong>lackiertem Gusseisen<\/strong> mit Details aus <strong>verchromtem Stahl<\/strong> (wie das Typenschild mit der Seriennummer, ein Detail, das den exklusivsten Kunstwerken w\u00fcrdig ist) ist ein <strong>Fest der Exzellenz<\/strong>, ein Ausdruck des raffinierten <strong>Made in Italy<\/strong>.<\/p>\n<p>In der klassischen <strong>Berkel-Rot-Farbe<\/strong> und auf Wunsch mit dem charakteristischen Sockel aus Gusseisen in Nuance interpretiert die <strong>neue Schneidemaschine L16 mit gebl\u00fcmtem Schwungrad<\/strong> den <strong>klassischen Berkel-Stil auf zeitgem\u00e4\u00dfe Weise<\/strong>: kleine Formen und Abmessungen, edle Materialien, raffinierte Oberfl\u00e4chen und immer h\u00f6here Leistungen. In seinem Streben nach Perfektion wei\u00df <strong>Berkel<\/strong>, dass die Avantgarde in der <strong>perfekten Verschmelzung von Tradition und Innovation<\/strong> liegt: Nur so kann der Charme einer Ikone, die Kraft eines Mythos erhalten bleiben.<\/p>\n<p>Diese <strong>neue Schneidemaschine<\/strong> verk\u00f6rpert die wahre <strong>Kraft der Wiederbelebung<\/strong>, indem sie <strong>die<\/strong> <strong>Eleganz<\/strong> und den <strong>Vintage-Geschmack<\/strong> der antiken Modelle der niederl\u00e4ndischen Marke in einer modernen Form wieder aufleben l\u00e4sst. Bitte beachten Sie, dass einige Details von der Abbildung abweichen k\u00f6nnen.<\/p>\n<p>Wenn Sie am Kauf eines Modells der neuen <strong>Berkel-Schwungradhobel<\/strong> interessiert sind, <strong>nehmen Sie bitte Kontakt mit uns auf<\/strong>: Sie k\u00f6nnen Informationen \u00fcber das <strong>Schwungrad<\/strong>, <strong>den eingebauten Sch\u00e4rfer<\/strong> und alle <strong>technischen und \u00e4sthetischen Merkmale dieser wertvollen St\u00fccke anfordern<\/strong>.<\/p>\n<p>&nbsp;<\/p>\n<h2>Manuelle Schneidemaschine mit Schwungrad<\/h2>\n<ul>\n<li><strong>Nachbildung<\/strong> des legend\u00e4ren <strong>L-Modells<\/strong>;<\/li>\n<li>Das <strong>historische Design und die goldenen Verzierungen<\/strong> werden perfekt respektiert;<\/li>\n<li><strong>Gebl\u00fcmtes Schwungrad<\/strong>;<\/li>\n<li>Hergestellt aus <strong>lackiertem Gusseisen<\/strong> mit Details aus <strong>verchromtem Stahl<\/strong>;<\/li>\n<li><strong>Namensschild<\/strong> aus verchromtem Stahl mit Seriennummer;<\/li>\n<li>Einf\u00fchrung der fortschrittlichsten L\u00f6sungen in <strong>Bezug auf Sicherheit und Funktionalit\u00e4t<\/strong>;<\/li>\n<li>Ein Meisterwerk an <strong>Pr\u00e4zision und Zuverl\u00e4ssigkeit<\/strong>;<\/li>\n<li><strong>Eingebauter Spitzer<\/strong> mit sichtbarer Verchromung;<\/li>\n<li>System zur <strong>Einstellung der Scheibendicke<\/strong>;<\/li>\n<li><strong>Klinge<\/strong> aus verchromtem Stahl.<\/li>\n<\/ul>\n<p>&nbsp;<\/p>\n<h2>Modelle f\u00fcr echte Liebhaber<\/h2>\n<p><strong>La Bottega del Restauro<\/strong> verf\u00fcgt \u00fcber eine zertifizierte Werkstatt f\u00fcr die Restaurierung antiker Berkel-Modelle sowie f\u00fcr die Herstellung <strong>neuer Schwungradschneidemaschinen<\/strong>, die den <strong>klassischen Stil ihrer Vorfahren<\/strong> respektieren.<\/p>\n<p>Die <strong>neue Schneidemaschine L16<\/strong> ist ein Nachbau des Modells L und greift dessen faszinierende <strong>Vintage- und Eleganz-Elemente<\/strong> auf, wie das <strong>gebl\u00fcmte Schwungrad<\/strong> oder die <strong>eingebaute Schleifvorrichtung<\/strong>, die ein sicheres und pr\u00e4zises Sch\u00e4rfen der Klinge gew\u00e4hrleistet. Gleichzeitig wird die <strong>Beschw\u00f6rung des Charmes der alten Welt<\/strong> durch <strong>zeitgen\u00f6ssische Innovationen<\/strong> erg\u00e4nzt.<\/p>\n<p><strong>Setzen Sie sich mit uns in Verbindung<\/strong>, wenn Sie am Kauf eines <strong>L16-Modells<\/strong> mit der f\u00fcr Berkel typischen <strong>roten Farbgebung<\/strong> interessiert sind: Sie erhalten ein <strong>kostenloses Angebot<\/strong>. Wir <strong>versenden<\/strong> sowohl in <strong>Italien<\/strong> als auch ins <strong>Ausland<\/strong>.<\/p>\n","protected":false},"featured_media":57752,"template":"","meta":{"_et_pb_use_builder":"","_et_pb_old_content":"","_et_gb_content_width":""},"product_cat":[323],"product_tag":[],"class_list":{"0":"post-58226","1":"product","2":"type-product","3":"status-publish","4":"has-post-thumbnail","6":"product_cat-preis-neu-schneider-berkel-elegant-vintage","7":"pa_lama-350-de","8":"pa_larghezza-600-de","9":"pa_periodo-75-de","10":"pa_peso-105-de","11":"pa_profondita-880-de","12":"pa_volano-35-de","14":"first","15":"instock","16":"product-type-simple"},"yoast_head":"<!-- This site is optimized with the Yoast SEO plugin v23.6 - https:\/\/yoast.com\/wordpress\/plugins\/seo\/ -->\n<title>Berkel Volano L16 \u2013 Neue Aufschnittmaschine kaufen klassisches Design Modell L<\/title>\n<meta name=\"description\" content=\"Wir haben die neue Aufschnittmaschine L16 der Marke Berkel: Ausgestattet mit einem gebl\u00fcmten Schwungrad, ist dieses Modell eine wahre Beschw\u00f6rung des klassischen Berkel-Stils.\" \/>\n<meta name=\"robots\" content=\"index, follow, max-snippet:-1, max-image-preview:large, max-video-preview:-1\" \/>\n<link rel=\"canonical\" href=\"https:\/\/www.labottega-delrestauro.com\/de\/berkel-schwungrad-l16-schneider-verarbeitet\/\" \/>\n<meta property=\"og:locale\" content=\"de_DE\" \/>\n<meta property=\"og:type\" content=\"article\" \/>\n<meta property=\"og:title\" content=\"Berkel Volano L16 \u2013 Neue Aufschnittmaschine kaufen klassisches Design Modell L\" \/>\n<meta property=\"og:description\" content=\"Wir haben die neue Aufschnittmaschine L16 der Marke Berkel: Ausgestattet mit einem gebl\u00fcmten Schwungrad, ist dieses Modell eine wahre Beschw\u00f6rung des klassischen Berkel-Stils.\" \/>\n<meta property=\"og:url\" content=\"https:\/\/www.labottega-delrestauro.com\/de\/berkel-schwungrad-l16-schneider-verarbeitet\/\" \/>\n<meta property=\"og:site_name\" content=\"La Bottega del Restauro\" \/>\n<meta property=\"article:modified_time\" content=\"2022-08-29T12:25:34+00:00\" \/>\n<meta property=\"og:image\" content=\"https:\/\/www.labottega-delrestauro.com\/wp-content\/uploads\/2022\/03\/berkel-volano-l16.jpg\" \/>\n\t<meta property=\"og:image:width\" content=\"1181\" \/>\n\t<meta property=\"og:image:height\" content=\"1772\" \/>\n\t<meta property=\"og:image:type\" content=\"image\/jpeg\" \/>\n<meta name=\"twitter:card\" content=\"summary_large_image\" \/>\n<script type=\"application\/ld+json\" class=\"yoast-schema-graph\">{\"@context\":\"https:\/\/schema.org\",\"@graph\":[{\"@type\":\"WebPage\",\"@id\":\"https:\/\/www.labottega-delrestauro.com\/de\/berkel-schwungrad-l16-schneider-verarbeitet\/\",\"url\":\"https:\/\/www.labottega-delrestauro.com\/de\/berkel-schwungrad-l16-schneider-verarbeitet\/\",\"name\":\"Berkel Volano L16 \u2013 Neue Aufschnittmaschine kaufen klassisches Design Modell L\",\"isPartOf\":{\"@id\":\"https:\/\/www.labottega-delrestauro.com\/de\/#website\"},\"primaryImageOfPage\":{\"@id\":\"https:\/\/www.labottega-delrestauro.com\/de\/berkel-schwungrad-l16-schneider-verarbeitet\/#primaryimage\"},\"image\":{\"@id\":\"https:\/\/www.labottega-delrestauro.com\/de\/berkel-schwungrad-l16-schneider-verarbeitet\/#primaryimage\"},\"thumbnailUrl\":\"https:\/\/www.labottega-delrestauro.com\/wp-content\/uploads\/2022\/03\/berkel-volano-l16.jpg\",\"datePublished\":\"2022-03-29T13:18:06+00:00\",\"dateModified\":\"2022-08-29T12:25:34+00:00\",\"description\":\"Wir haben die neue Aufschnittmaschine L16 der Marke Berkel: Ausgestattet mit einem gebl\u00fcmten Schwungrad, ist dieses Modell eine wahre Beschw\u00f6rung des klassischen Berkel-Stils.\",\"breadcrumb\":{\"@id\":\"https:\/\/www.labottega-delrestauro.com\/de\/berkel-schwungrad-l16-schneider-verarbeitet\/#breadcrumb\"},\"inLanguage\":\"de\",\"potentialAction\":[{\"@type\":\"ReadAction\",\"target\":[\"https:\/\/www.labottega-delrestauro.com\/de\/berkel-schwungrad-l16-schneider-verarbeitet\/\"]}]},{\"@type\":\"ImageObject\",\"inLanguage\":\"de\",\"@id\":\"https:\/\/www.labottega-delrestauro.com\/de\/berkel-schwungrad-l16-schneider-verarbeitet\/#primaryimage\",\"url\":\"https:\/\/www.labottega-delrestauro.com\/wp-content\/uploads\/2022\/03\/berkel-volano-l16.jpg\",\"contentUrl\":\"https:\/\/www.labottega-delrestauro.com\/wp-content\/uploads\/2022\/03\/berkel-volano-l16.jpg\",\"width\":1181,\"height\":1772},{\"@type\":\"BreadcrumbList\",\"@id\":\"https:\/\/www.labottega-delrestauro.com\/de\/berkel-schwungrad-l16-schneider-verarbeitet\/#breadcrumb\",\"itemListElement\":[{\"@type\":\"ListItem\",\"position\":1,\"name\":\"Home\",\"item\":\"https:\/\/www.labottega-delrestauro.com\/de\/\"},{\"@type\":\"ListItem\",\"position\":2,\"name\":\"Shop\",\"item\":\"https:\/\/www.labottega-delrestauro.com\/de\/negozio\/\"},{\"@type\":\"ListItem\",\"position\":3,\"name\":\"Berkel Schneidemaschinen &#8211; Schwungrad L16\"}]},{\"@type\":\"WebSite\",\"@id\":\"https:\/\/www.labottega-delrestauro.com\/de\/#website\",\"url\":\"https:\/\/www.labottega-delrestauro.com\/de\/\",\"name\":\"La Bottega del Restauro\",\"description\":\"Restauro macchine Berkel\",\"potentialAction\":[{\"@type\":\"SearchAction\",\"target\":{\"@type\":\"EntryPoint\",\"urlTemplate\":\"https:\/\/www.labottega-delrestauro.com\/de\/?s={search_term_string}\"},\"query-input\":{\"@type\":\"PropertyValueSpecification\",\"valueRequired\":true,\"valueName\":\"search_term_string\"}}],\"inLanguage\":\"de\"}]}<\/script>\n<!-- \/ Yoast SEO plugin. -->","yoast_head_json":{"title":"Berkel Volano L16 \u2013 Neue Aufschnittmaschine kaufen klassisches Design Modell L","description":"Wir haben die neue Aufschnittmaschine L16 der Marke Berkel: Ausgestattet mit einem gebl\u00fcmten Schwungrad, ist dieses Modell eine wahre Beschw\u00f6rung des klassischen Berkel-Stils.","robots":{"index":"index","follow":"follow","max-snippet":"max-snippet:-1","max-image-preview":"max-image-preview:large","max-video-preview":"max-video-preview:-1"},"canonical":"https:\/\/www.labottega-delrestauro.com\/de\/berkel-schwungrad-l16-schneider-verarbeitet\/","og_locale":"de_DE","og_type":"article","og_title":"Berkel Volano L16 \u2013 Neue Aufschnittmaschine kaufen klassisches Design Modell L","og_description":"Wir haben die neue Aufschnittmaschine L16 der Marke Berkel: Ausgestattet mit einem gebl\u00fcmten Schwungrad, ist dieses Modell eine wahre Beschw\u00f6rung des klassischen Berkel-Stils.","og_url":"https:\/\/www.labottega-delrestauro.com\/de\/berkel-schwungrad-l16-schneider-verarbeitet\/","og_site_name":"La Bottega del Restauro","article_modified_time":"2022-08-29T12:25:34+00:00","og_image":[{"width":1181,"height":1772,"url":"https:\/\/www.labottega-delrestauro.com\/wp-content\/uploads\/2022\/03\/berkel-volano-l16.jpg","type":"image\/jpeg"}],"twitter_card":"summary_large_image","schema":{"@context":"https:\/\/schema.org","@graph":[{"@type":"WebPage","@id":"https:\/\/www.labottega-delrestauro.com\/de\/berkel-schwungrad-l16-schneider-verarbeitet\/","url":"https:\/\/www.labottega-delrestauro.com\/de\/berkel-schwungrad-l16-schneider-verarbeitet\/","name":"Berkel Volano L16 \u2013 Neue Aufschnittmaschine kaufen klassisches Design Modell L","isPartOf":{"@id":"https:\/\/www.labottega-delrestauro.com\/de\/#website"},"primaryImageOfPage":{"@id":"https:\/\/www.labottega-delrestauro.com\/de\/berkel-schwungrad-l16-schneider-verarbeitet\/#primaryimage"},"image":{"@id":"https:\/\/www.labottega-delrestauro.com\/de\/berkel-schwungrad-l16-schneider-verarbeitet\/#primaryimage"},"thumbnailUrl":"https:\/\/www.labottega-delrestauro.com\/wp-content\/uploads\/2022\/03\/berkel-volano-l16.jpg","datePublished":"2022-03-29T13:18:06+00:00","dateModified":"2022-08-29T12:25:34+00:00","description":"Wir haben die neue Aufschnittmaschine L16 der Marke Berkel: Ausgestattet mit einem gebl\u00fcmten Schwungrad, ist dieses Modell eine wahre Beschw\u00f6rung des klassischen Berkel-Stils.","breadcrumb":{"@id":"https:\/\/www.labottega-delrestauro.com\/de\/berkel-schwungrad-l16-schneider-verarbeitet\/#breadcrumb"},"inLanguage":"de","potentialAction":[{"@type":"ReadAction","target":["https:\/\/www.labottega-delrestauro.com\/de\/berkel-schwungrad-l16-schneider-verarbeitet\/"]}]},{"@type":"ImageObject","inLanguage":"de","@id":"https:\/\/www.labottega-delrestauro.com\/de\/berkel-schwungrad-l16-schneider-verarbeitet\/#primaryimage","url":"https:\/\/www.labottega-delrestauro.com\/wp-content\/uploads\/2022\/03\/berkel-volano-l16.jpg","contentUrl":"https:\/\/www.labottega-delrestauro.com\/wp-content\/uploads\/2022\/03\/berkel-volano-l16.jpg","width":1181,"height":1772},{"@type":"BreadcrumbList","@id":"https:\/\/www.labottega-delrestauro.com\/de\/berkel-schwungrad-l16-schneider-verarbeitet\/#breadcrumb","itemListElement":[{"@type":"ListItem","position":1,"name":"Home","item":"https:\/\/www.labottega-delrestauro.com\/de\/"},{"@type":"ListItem","position":2,"name":"Shop","item":"https:\/\/www.labottega-delrestauro.com\/de\/negozio\/"},{"@type":"ListItem","position":3,"name":"Berkel Schneidemaschinen &#8211; Schwungrad L16"}]},{"@type":"WebSite","@id":"https:\/\/www.labottega-delrestauro.com\/de\/#website","url":"https:\/\/www.labottega-delrestauro.com\/de\/","name":"La Bottega del Restauro","description":"Restauro macchine Berkel","potentialAction":[{"@type":"SearchAction","target":{"@type":"EntryPoint","urlTemplate":"https:\/\/www.labottega-delrestauro.com\/de\/?s={search_term_string}"},"query-input":{"@type":"PropertyValueSpecification","valueRequired":true,"valueName":"search_term_string"}}],"inLanguage":"de"}]}},"_links":{"self":[{"href":"https:\/\/www.labottega-delrestauro.com\/de\/wp-json\/wp\/v2\/product\/58226","targetHints":{"allow":["GET"]}}],"collection":[{"href":"https:\/\/www.labottega-delrestauro.com\/de\/wp-json\/wp\/v2\/product"}],"about":[{"href":"https:\/\/www.labottega-delrestauro.com\/de\/wp-json\/wp\/v2\/types\/product"}],"wp:featuredmedia":[{"embeddable":true,"href":"https:\/\/www.labottega-delrestauro.com\/de\/wp-json\/wp\/v2\/media\/57752"}],"wp:attachment":[{"href":"https:\/\/www.labottega-delrestauro.com\/de\/wp-json\/wp\/v2\/media?parent=58226"}],"wp:term":[{"taxonomy":"product_cat","embeddable":true,"href":"https:\/\/www.labottega-delrestauro.com\/de\/wp-json\/wp\/v2\/product_cat?post=58226"},{"taxonomy":"product_tag","embeddable":true,"href":"https:\/\/www.labottega-delrestauro.com\/de\/wp-json\/wp\/v2\/product_tag?post=58226"}],"curies":[{"name":"wp","href":"https:\/\/api.w.org\/{rel}","templated":true}]}}