{"id":58214,"date":"2022-03-29T13:18:06","date_gmt":"2022-03-29T13:18:06","guid":{"rendered":"https:\/\/labottega.sviluppokeyweb.com\/prodotto\/affettatrici-berkel-tribute\/"},"modified":"2022-09-01T10:09:23","modified_gmt":"2022-09-01T10:09:23","slug":"firmenhandbuch-schneider-berkel-tribute-volume-a-flower","status":"publish","type":"product","link":"https:\/\/www.labottega-delrestauro.com\/de\/firmenhandbuch-schneider-berkel-tribute-volume-a-flower\/","title":{"rendered":"Berkel &#8211; Tribut"},"content":{"rendered":"","protected":false},"excerpt":{"rendered":"<p>Der <strong>Tribute<\/strong> ist der Nachbau eines der ber\u00fchmtesten <strong>alten Modelle der Firma Berkel<\/strong>: ein Schwungradschneider f\u00fcr den Hausgebrauch. Das <strong>blumenf\u00f6rmige Schwungrad<\/strong>, die <strong>goldenen Verzierungen<\/strong> und das <strong>raffinierte Design<\/strong> machen diese Schneidemaschine zu einer <strong>Hommage an die Tradition<\/strong>. <strong>Handgefertigt<\/strong>, wird es von Liebhabern der Sch\u00f6nheit, des guten Essens und all jenen gesch\u00e4tzt, die wissen, wie wichtig der Schnitt ist, um die Qualit\u00e4t des Produkts zu erhalten und zu verbessern.<\/p>\n<p>Dank seines exzellenten Schnitts ist er <strong>ideal f\u00fcr Liebhaber des Geschmacks und der echten Aromen<\/strong>, aber seine Eleganz macht ihn auch perfekt f\u00fcr Liebhaber der Sch\u00f6nheit.<\/p>\n<p>Der <strong>Tribute<\/strong> ist in <strong>2 Farben<\/strong> erh\u00e4ltlich, sowohl in traditionellem <strong>Rot<\/strong> als auch in <strong>Schwarz<\/strong>. Zum Zubeh\u00f6r geh\u00f6rt ein <strong>Sockel<\/strong> mit <strong>Jugendstilverzierungen<\/strong>. Wir weisen darauf hin, dass einige Details anders sein k\u00f6nnen, als auf dem Foto gezeigt.<\/p>\n<p><strong>Die Berkel Tribute Schneidemaschine<\/strong> verf\u00fcgt \u00fcber eine <strong>Klinge<\/strong> aus 100cr6-Stahl mit einem Durchmesser von 30 cm und einer <strong>runden Schnittfl\u00e4che von 21 cm<\/strong>. Damit kann eine maximale <strong>Schichtdicke<\/strong> <strong>von 0 bis 1,5 mm<\/strong> erreicht werden. Die <strong>konkave Form<\/strong> der Klinge umschmeichelt das Produkt nur an der Schnittstelle, wodurch Geschmacks- und Aromaver\u00e4nderungen vermieden werden.<\/p>\n<p>Die <strong>Berkel Tribute Handschneidemaschinen<\/strong> verf\u00fcgen alle \u00fcber einen <strong>eingebauten Sch\u00e4rfer<\/strong>, der das <strong>richtige Sch\u00e4rfen der Klinge<\/strong> erm\u00f6glicht. Die <strong>Positionierung<\/strong> erfolgt manuell, durch einfaches Anheben und Drehen des Sch\u00e4rfger\u00e4ts. Es gibt nur eine Position, die <strong>immer den perfekten Winkel f\u00fcr eine optimale Sch\u00e4rfung<\/strong> garantiert.<\/p>\n<p>Das <strong>Ver- und Entriegelungssystem<\/strong> des <strong>zweis\u00e4uligen<\/strong> Produktanpressers sorgt f\u00fcr einen perfekten Halt des Produkts auf der Platte.<\/p>\n<p>Der <strong>Tribute<\/strong> ist mit einer <strong>Schutzvorrichtung<\/strong> ausgestattet, die die Klinge abdeckt, um <strong>maximale Sicherheit<\/strong> zu gew\u00e4hrleisten, sowohl w\u00e4hrend des Gebrauchs als auch bei der Reinigung der Maschine.<\/p>\n<p>Dieses <strong>neue Maschinenmodell<\/strong> verf\u00fcgt \u00fcber eine <strong>Auffangschale f\u00fcr<\/strong> die beim Schneiden anfallenden <strong>Abf\u00e4lle<\/strong>. Dies ist eine zus\u00e4tzliche Funktion, die es dem Benutzer erleichtert, die Maschine sauber und hygienisch zu halten.<\/p>\n<p>Die <strong>Tribute-Schwungscheiben<\/strong> sind mit einer <strong>eloxierten Aluminiumplatte<\/strong> und einer <strong>Auffangplatte<\/strong> aus rostfreiem Stahl ausgestattet, um <strong>H\u00e4rte und Widerstandsf\u00e4higkeit im Laufe der Zeit<\/strong> zu gew\u00e4hrleisten.<\/p>\n<p><strong>La Bottega del Restauro<\/strong> <strong>verkauft<\/strong> diese neuen Modelle vor allem <strong>auf Vorbestellung<\/strong>: Angesichts der gro\u00dfen Anzahl von Anfragen kann es bei einigen Farben zu l\u00e4ngeren Wartezeiten kommen. <strong>Wenden Sie sich <\/strong>f\u00fcr weitere Informationen an uns: <strong>Wir liefern<\/strong> sowohl auf <strong>italienischem<\/strong> Gebiet als auch ins <strong>Ausland<\/strong>.<\/p>\n","protected":false},"featured_media":57722,"template":"","meta":{"_et_pb_use_builder":"","_et_pb_old_content":"","_et_gb_content_width":""},"product_cat":[323],"product_tag":[],"class_list":{"0":"post-58214","1":"product","2":"type-product","3":"status-publish","4":"has-post-thumbnail","6":"product_cat-preis-neu-schneider-berkel-elegant-vintage","7":"pa_lama-300-de","8":"pa_larghezza-670-de","9":"pa_periodo-75-de","10":"pa_peso-52-de","11":"pa_profondita-805-de","12":"pa_volano-35-de","14":"first","15":"instock","16":"product-type-simple"},"yoast_head":"<!-- This site is optimized with the Yoast SEO plugin v23.6 - https:\/\/yoast.com\/wordpress\/plugins\/seo\/ -->\n<title>Berkel Tribute Aufschnittmaschine \u2013 Neues Modell traditionelles Vintage Design toller Schnitt<\/title>\n<meta name=\"description\" content=\"Unser Unternehmen besch\u00e4ftigt sich mit dem Verkauf von Berkel Handschneidemaschinen: Kontaktieren Sie uns f\u00fcr Informationen \u00fcber das neue Modell Tribute, traditionelles Design.\" \/>\n<meta name=\"robots\" content=\"index, follow, max-snippet:-1, max-image-preview:large, max-video-preview:-1\" \/>\n<link rel=\"canonical\" href=\"https:\/\/www.labottega-delrestauro.com\/de\/firmenhandbuch-schneider-berkel-tribute-volume-a-flower\/\" \/>\n<meta property=\"og:locale\" content=\"de_DE\" \/>\n<meta property=\"og:type\" content=\"article\" \/>\n<meta property=\"og:title\" content=\"Berkel Tribute Aufschnittmaschine \u2013 Neues Modell traditionelles Vintage Design toller Schnitt\" \/>\n<meta property=\"og:description\" content=\"Unser Unternehmen besch\u00e4ftigt sich mit dem Verkauf von Berkel Handschneidemaschinen: Kontaktieren Sie uns f\u00fcr Informationen \u00fcber das neue Modell Tribute, traditionelles Design.\" \/>\n<meta property=\"og:url\" content=\"https:\/\/www.labottega-delrestauro.com\/de\/firmenhandbuch-schneider-berkel-tribute-volume-a-flower\/\" \/>\n<meta property=\"og:site_name\" content=\"La Bottega del Restauro\" \/>\n<meta property=\"article:modified_time\" content=\"2022-09-01T10:09:23+00:00\" \/>\n<meta property=\"og:image\" content=\"https:\/\/www.labottega-delrestauro.com\/wp-content\/uploads\/2022\/03\/affettatrice-berkel-tribute.jpg\" \/>\n\t<meta property=\"og:image:width\" content=\"800\" \/>\n\t<meta property=\"og:image:height\" content=\"800\" \/>\n\t<meta property=\"og:image:type\" content=\"image\/jpeg\" \/>\n<meta name=\"twitter:card\" content=\"summary_large_image\" \/>\n<script type=\"application\/ld+json\" class=\"yoast-schema-graph\">{\"@context\":\"https:\/\/schema.org\",\"@graph\":[{\"@type\":\"WebPage\",\"@id\":\"https:\/\/www.labottega-delrestauro.com\/de\/firmenhandbuch-schneider-berkel-tribute-volume-a-flower\/\",\"url\":\"https:\/\/www.labottega-delrestauro.com\/de\/firmenhandbuch-schneider-berkel-tribute-volume-a-flower\/\",\"name\":\"Berkel Tribute Aufschnittmaschine \u2013 Neues Modell traditionelles Vintage Design toller Schnitt\",\"isPartOf\":{\"@id\":\"https:\/\/www.labottega-delrestauro.com\/de\/#website\"},\"primaryImageOfPage\":{\"@id\":\"https:\/\/www.labottega-delrestauro.com\/de\/firmenhandbuch-schneider-berkel-tribute-volume-a-flower\/#primaryimage\"},\"image\":{\"@id\":\"https:\/\/www.labottega-delrestauro.com\/de\/firmenhandbuch-schneider-berkel-tribute-volume-a-flower\/#primaryimage\"},\"thumbnailUrl\":\"https:\/\/www.labottega-delrestauro.com\/wp-content\/uploads\/2022\/03\/affettatrice-berkel-tribute.jpg\",\"datePublished\":\"2022-03-29T13:18:06+00:00\",\"dateModified\":\"2022-09-01T10:09:23+00:00\",\"description\":\"Unser Unternehmen besch\u00e4ftigt sich mit dem Verkauf von Berkel Handschneidemaschinen: Kontaktieren Sie uns f\u00fcr Informationen \u00fcber das neue Modell Tribute, traditionelles Design.\",\"breadcrumb\":{\"@id\":\"https:\/\/www.labottega-delrestauro.com\/de\/firmenhandbuch-schneider-berkel-tribute-volume-a-flower\/#breadcrumb\"},\"inLanguage\":\"de\",\"potentialAction\":[{\"@type\":\"ReadAction\",\"target\":[\"https:\/\/www.labottega-delrestauro.com\/de\/firmenhandbuch-schneider-berkel-tribute-volume-a-flower\/\"]}]},{\"@type\":\"ImageObject\",\"inLanguage\":\"de\",\"@id\":\"https:\/\/www.labottega-delrestauro.com\/de\/firmenhandbuch-schneider-berkel-tribute-volume-a-flower\/#primaryimage\",\"url\":\"https:\/\/www.labottega-delrestauro.com\/wp-content\/uploads\/2022\/03\/affettatrice-berkel-tribute.jpg\",\"contentUrl\":\"https:\/\/www.labottega-delrestauro.com\/wp-content\/uploads\/2022\/03\/affettatrice-berkel-tribute.jpg\",\"width\":800,\"height\":800},{\"@type\":\"BreadcrumbList\",\"@id\":\"https:\/\/www.labottega-delrestauro.com\/de\/firmenhandbuch-schneider-berkel-tribute-volume-a-flower\/#breadcrumb\",\"itemListElement\":[{\"@type\":\"ListItem\",\"position\":1,\"name\":\"Home\",\"item\":\"https:\/\/www.labottega-delrestauro.com\/de\/\"},{\"@type\":\"ListItem\",\"position\":2,\"name\":\"Shop\",\"item\":\"https:\/\/www.labottega-delrestauro.com\/de\/negozio\/\"},{\"@type\":\"ListItem\",\"position\":3,\"name\":\"Berkel &#8211; Tribut\"}]},{\"@type\":\"WebSite\",\"@id\":\"https:\/\/www.labottega-delrestauro.com\/de\/#website\",\"url\":\"https:\/\/www.labottega-delrestauro.com\/de\/\",\"name\":\"La Bottega del Restauro\",\"description\":\"Restauro macchine Berkel\",\"potentialAction\":[{\"@type\":\"SearchAction\",\"target\":{\"@type\":\"EntryPoint\",\"urlTemplate\":\"https:\/\/www.labottega-delrestauro.com\/de\/?s={search_term_string}\"},\"query-input\":{\"@type\":\"PropertyValueSpecification\",\"valueRequired\":true,\"valueName\":\"search_term_string\"}}],\"inLanguage\":\"de\"}]}<\/script>\n<!-- \/ Yoast SEO plugin. -->","yoast_head_json":{"title":"Berkel Tribute Aufschnittmaschine \u2013 Neues Modell traditionelles Vintage Design toller Schnitt","description":"Unser Unternehmen besch\u00e4ftigt sich mit dem Verkauf von Berkel Handschneidemaschinen: Kontaktieren Sie uns f\u00fcr Informationen \u00fcber das neue Modell Tribute, traditionelles Design.","robots":{"index":"index","follow":"follow","max-snippet":"max-snippet:-1","max-image-preview":"max-image-preview:large","max-video-preview":"max-video-preview:-1"},"canonical":"https:\/\/www.labottega-delrestauro.com\/de\/firmenhandbuch-schneider-berkel-tribute-volume-a-flower\/","og_locale":"de_DE","og_type":"article","og_title":"Berkel Tribute Aufschnittmaschine \u2013 Neues Modell traditionelles Vintage Design toller Schnitt","og_description":"Unser Unternehmen besch\u00e4ftigt sich mit dem Verkauf von Berkel Handschneidemaschinen: Kontaktieren Sie uns f\u00fcr Informationen \u00fcber das neue Modell Tribute, traditionelles Design.","og_url":"https:\/\/www.labottega-delrestauro.com\/de\/firmenhandbuch-schneider-berkel-tribute-volume-a-flower\/","og_site_name":"La Bottega del Restauro","article_modified_time":"2022-09-01T10:09:23+00:00","og_image":[{"width":800,"height":800,"url":"https:\/\/www.labottega-delrestauro.com\/wp-content\/uploads\/2022\/03\/affettatrice-berkel-tribute.jpg","type":"image\/jpeg"}],"twitter_card":"summary_large_image","schema":{"@context":"https:\/\/schema.org","@graph":[{"@type":"WebPage","@id":"https:\/\/www.labottega-delrestauro.com\/de\/firmenhandbuch-schneider-berkel-tribute-volume-a-flower\/","url":"https:\/\/www.labottega-delrestauro.com\/de\/firmenhandbuch-schneider-berkel-tribute-volume-a-flower\/","name":"Berkel Tribute Aufschnittmaschine \u2013 Neues Modell traditionelles Vintage Design toller Schnitt","isPartOf":{"@id":"https:\/\/www.labottega-delrestauro.com\/de\/#website"},"primaryImageOfPage":{"@id":"https:\/\/www.labottega-delrestauro.com\/de\/firmenhandbuch-schneider-berkel-tribute-volume-a-flower\/#primaryimage"},"image":{"@id":"https:\/\/www.labottega-delrestauro.com\/de\/firmenhandbuch-schneider-berkel-tribute-volume-a-flower\/#primaryimage"},"thumbnailUrl":"https:\/\/www.labottega-delrestauro.com\/wp-content\/uploads\/2022\/03\/affettatrice-berkel-tribute.jpg","datePublished":"2022-03-29T13:18:06+00:00","dateModified":"2022-09-01T10:09:23+00:00","description":"Unser Unternehmen besch\u00e4ftigt sich mit dem Verkauf von Berkel Handschneidemaschinen: Kontaktieren Sie uns f\u00fcr Informationen \u00fcber das neue Modell Tribute, traditionelles Design.","breadcrumb":{"@id":"https:\/\/www.labottega-delrestauro.com\/de\/firmenhandbuch-schneider-berkel-tribute-volume-a-flower\/#breadcrumb"},"inLanguage":"de","potentialAction":[{"@type":"ReadAction","target":["https:\/\/www.labottega-delrestauro.com\/de\/firmenhandbuch-schneider-berkel-tribute-volume-a-flower\/"]}]},{"@type":"ImageObject","inLanguage":"de","@id":"https:\/\/www.labottega-delrestauro.com\/de\/firmenhandbuch-schneider-berkel-tribute-volume-a-flower\/#primaryimage","url":"https:\/\/www.labottega-delrestauro.com\/wp-content\/uploads\/2022\/03\/affettatrice-berkel-tribute.jpg","contentUrl":"https:\/\/www.labottega-delrestauro.com\/wp-content\/uploads\/2022\/03\/affettatrice-berkel-tribute.jpg","width":800,"height":800},{"@type":"BreadcrumbList","@id":"https:\/\/www.labottega-delrestauro.com\/de\/firmenhandbuch-schneider-berkel-tribute-volume-a-flower\/#breadcrumb","itemListElement":[{"@type":"ListItem","position":1,"name":"Home","item":"https:\/\/www.labottega-delrestauro.com\/de\/"},{"@type":"ListItem","position":2,"name":"Shop","item":"https:\/\/www.labottega-delrestauro.com\/de\/negozio\/"},{"@type":"ListItem","position":3,"name":"Berkel &#8211; Tribut"}]},{"@type":"WebSite","@id":"https:\/\/www.labottega-delrestauro.com\/de\/#website","url":"https:\/\/www.labottega-delrestauro.com\/de\/","name":"La Bottega del Restauro","description":"Restauro macchine Berkel","potentialAction":[{"@type":"SearchAction","target":{"@type":"EntryPoint","urlTemplate":"https:\/\/www.labottega-delrestauro.com\/de\/?s={search_term_string}"},"query-input":{"@type":"PropertyValueSpecification","valueRequired":true,"valueName":"search_term_string"}}],"inLanguage":"de"}]}},"_links":{"self":[{"href":"https:\/\/www.labottega-delrestauro.com\/de\/wp-json\/wp\/v2\/product\/58214","targetHints":{"allow":["GET"]}}],"collection":[{"href":"https:\/\/www.labottega-delrestauro.com\/de\/wp-json\/wp\/v2\/product"}],"about":[{"href":"https:\/\/www.labottega-delrestauro.com\/de\/wp-json\/wp\/v2\/types\/product"}],"wp:featuredmedia":[{"embeddable":true,"href":"https:\/\/www.labottega-delrestauro.com\/de\/wp-json\/wp\/v2\/media\/57722"}],"wp:attachment":[{"href":"https:\/\/www.labottega-delrestauro.com\/de\/wp-json\/wp\/v2\/media?parent=58214"}],"wp:term":[{"taxonomy":"product_cat","embeddable":true,"href":"https:\/\/www.labottega-delrestauro.com\/de\/wp-json\/wp\/v2\/product_cat?post=58214"},{"taxonomy":"product_tag","embeddable":true,"href":"https:\/\/www.labottega-delrestauro.com\/de\/wp-json\/wp\/v2\/product_tag?post=58214"}],"curies":[{"name":"wp","href":"https:\/\/api.w.org\/{rel}","templated":true}]}}