{"id":58192,"date":"2022-03-29T13:18:06","date_gmt":"2022-03-29T13:18:06","guid":{"rendered":"https:\/\/labottega.sviluppokeyweb.com\/prodotto\/affettatrici-berkel-volano-b114\/"},"modified":"2022-09-01T10:09:13","modified_gmt":"2022-09-01T10:09:13","slug":"sale-booking-berkel-flywheel-b114-zum-verkaufen-keller","status":"publish","type":"product","link":"https:\/\/www.labottega-delrestauro.com\/de\/sale-booking-berkel-flywheel-b114-zum-verkaufen-keller\/","title":{"rendered":"Berkel Schneidemaschinen &#8211; Schwungrad B114"},"content":{"rendered":"","protected":false},"excerpt":{"rendered":"<p>Die <strong>Berkel B114 Schwungradschneider<\/strong> sind auch f\u00fcr den <strong>intensiven Gebrauch<\/strong> gemacht und eignen sich f\u00fcr <strong>alle Arten von Aufschnitt<\/strong>, insbesondere f\u00fcr rohen Schinken und wertvolleren Aufschnitt. Aufgrund ihrer <strong>hohen Leistung<\/strong> sind diese Luxusschneidemaschinen ideal f\u00fcr Umgebungen wie <strong>Feinkostl\u00e4den<\/strong> oder <strong>Weinkeller<\/strong>.<\/p>\n<p>Sie bestehen aus <strong>lackiertem Aluminium<\/strong> mit Details aus <strong>rostfreiem Stahl<\/strong>, sind mit einem <strong>eingebauten Spitzer <\/strong>ausgestattet und die Scheibendicke wird durch eine traditionelle und pr\u00e4zise mechanische Bewegung eingestellt.<\/p>\n<p>Die Aufschnittmaschine <strong>Volano B114<\/strong> ist sowohl in der Standardausf\u00fchrung in <strong>Rot<\/strong> als auch in <strong>Schwarz<\/strong> erh\u00e4ltlich. Alle Versionen k\u00f6nnen <strong>mit einem Sockel aus Gusseisen in einer passenden Farbe<\/strong> <strong>geliefert<\/strong> werden. Bitte beachten Sie, dass einige Details von der Abbildung abweichen k\u00f6nnen.<\/p>\n<p>Das Schwungrad B114 verf\u00fcgt \u00fcber eine <strong>Klinge<\/strong> aus deutschem 100cr6-Stahl mit einem Durchmesser von 31,9 cm und einer <strong>kreisf\u00f6rmigen Schnittkapazit\u00e4t von 21,5 cm<\/strong>. Es erm\u00f6glicht eine maximale <strong>Scheibendicke<\/strong> von bis <strong>zu 1,5 mm<\/strong>. Die <strong>konkave Form<\/strong> der Klinge, die einem Rasiermesser \u00e4hnelt, umschmeichelt das Produkt nur an der Schnittstelle, so dass Geschmacks- und Geruchsver\u00e4nderungen vermieden werden.<\/p>\n<p>Die <strong>Aufschnittmaschinen Volano B114<\/strong> verf\u00fcgen alle \u00fcber einen <strong>eingebauten Sch\u00e4rfer<\/strong>, der es erm\u00f6glicht, die <strong>Klinge richtig zu sch\u00e4rfen<\/strong>, ihre Lebensdauer zu verl\u00e4ngern und immer einen perfekten Schnitt zu garantieren. Die <strong>Positionierung<\/strong> erfolgt manuell, durch einfaches Anheben und Drehen des Sch\u00e4rfger\u00e4ts. Es gibt nur eine Position, die keine manuelle Einstellung erfordert und immer <strong>den perfekten Winkel f\u00fcr ein optimales Sch\u00e4rfen<\/strong> garantiert.<\/p>\n<p>Das <strong>Ver- und Entriegelungssystem<\/strong> des <strong>zweis\u00e4uligen<\/strong> Produktanpressers erm\u00f6glicht es, das Produkt perfekt auf der Produkthalteplatte zu halten: Die Produkthalteplatte und der Produktanpresser sind vollst\u00e4ndig aus Edelstahl gefertigt.<\/p>\n<p>In <strong>La Bottega del Restauro<\/strong> <strong>verkaufen<\/strong> wir diese Vintage-St\u00fccke <strong>nur nach Vereinbarung<\/strong>, da die Zahl der Anfragen recht hoch ist und f\u00fcr einige Farben eine l\u00e4ngere Wartezeit erforderlich sein kann. <strong>Bitte kontaktieren Sie uns <\/strong>f\u00fcr ein <strong>kostenloses Angebot<\/strong> oder wenn Sie <strong>weitere Informationen<\/strong> \u00fcber einzelne St\u00fccke w\u00fcnschen. Wir <strong>versenden<\/strong> <strong>national<\/strong> und <strong>international<\/strong>.<\/p>\n","protected":false},"featured_media":57683,"template":"","meta":{"_et_pb_use_builder":"","_et_pb_old_content":"","_et_gb_content_width":""},"product_cat":[323],"product_tag":[],"class_list":{"0":"post-58192","1":"product","2":"type-product","3":"status-publish","4":"has-post-thumbnail","6":"product_cat-preis-neu-schneider-berkel-elegant-vintage","7":"pa_lama-319-de","8":"pa_larghezza-670-de","9":"pa_periodo-75-de","10":"pa_peso-55-de","11":"pa_profondita-825-de","12":"pa_volano-35-de","14":"first","15":"instock","16":"product-type-simple"},"yoast_head":"<!-- This site is optimized with the Yoast SEO plugin v23.6 - https:\/\/yoast.com\/wordpress\/plugins\/seo\/ -->\n<title>Berkel Schwungrad B114 \u2013 Luxus Aufschnittmaschine hohe Leistung schwarz oder rot Preisvorschlag<\/title>\n<meta name=\"description\" content=\"Wir verkaufen auf Vorrat alle Arten von Berkel Luxus Aufschnittmaschinen: fragen Sie nach einem Kostenvoranschlag f\u00fcr die B114 Schwungscheibe, sowohl in schwarzer als auch in roter Ausf\u00fchrung.\" \/>\n<meta name=\"robots\" content=\"index, follow, max-snippet:-1, max-image-preview:large, max-video-preview:-1\" \/>\n<link rel=\"canonical\" href=\"https:\/\/www.labottega-delrestauro.com\/de\/sale-booking-berkel-flywheel-b114-zum-verkaufen-keller\/\" \/>\n<meta property=\"og:locale\" content=\"de_DE\" \/>\n<meta property=\"og:type\" content=\"article\" \/>\n<meta property=\"og:title\" content=\"Berkel Schwungrad B114 \u2013 Luxus Aufschnittmaschine hohe Leistung schwarz oder rot Preisvorschlag\" \/>\n<meta property=\"og:description\" content=\"Wir verkaufen auf Vorrat alle Arten von Berkel Luxus Aufschnittmaschinen: fragen Sie nach einem Kostenvoranschlag f\u00fcr die B114 Schwungscheibe, sowohl in schwarzer als auch in roter Ausf\u00fchrung.\" \/>\n<meta property=\"og:url\" content=\"https:\/\/www.labottega-delrestauro.com\/de\/sale-booking-berkel-flywheel-b114-zum-verkaufen-keller\/\" \/>\n<meta property=\"og:site_name\" content=\"La Bottega del Restauro\" \/>\n<meta property=\"article:modified_time\" content=\"2022-09-01T10:09:13+00:00\" \/>\n<meta property=\"og:image\" content=\"https:\/\/www.labottega-delrestauro.com\/wp-content\/uploads\/2022\/03\/berkel-volano-b114.jpg\" \/>\n\t<meta property=\"og:image:width\" content=\"1169\" \/>\n\t<meta property=\"og:image:height\" content=\"1772\" \/>\n\t<meta property=\"og:image:type\" content=\"image\/jpeg\" \/>\n<meta name=\"twitter:card\" content=\"summary_large_image\" \/>\n<script type=\"application\/ld+json\" class=\"yoast-schema-graph\">{\"@context\":\"https:\/\/schema.org\",\"@graph\":[{\"@type\":\"WebPage\",\"@id\":\"https:\/\/www.labottega-delrestauro.com\/de\/sale-booking-berkel-flywheel-b114-zum-verkaufen-keller\/\",\"url\":\"https:\/\/www.labottega-delrestauro.com\/de\/sale-booking-berkel-flywheel-b114-zum-verkaufen-keller\/\",\"name\":\"Berkel Schwungrad B114 \u2013 Luxus Aufschnittmaschine hohe Leistung schwarz oder rot Preisvorschlag\",\"isPartOf\":{\"@id\":\"https:\/\/www.labottega-delrestauro.com\/de\/#website\"},\"primaryImageOfPage\":{\"@id\":\"https:\/\/www.labottega-delrestauro.com\/de\/sale-booking-berkel-flywheel-b114-zum-verkaufen-keller\/#primaryimage\"},\"image\":{\"@id\":\"https:\/\/www.labottega-delrestauro.com\/de\/sale-booking-berkel-flywheel-b114-zum-verkaufen-keller\/#primaryimage\"},\"thumbnailUrl\":\"https:\/\/www.labottega-delrestauro.com\/wp-content\/uploads\/2022\/03\/berkel-volano-b114.jpg\",\"datePublished\":\"2022-03-29T13:18:06+00:00\",\"dateModified\":\"2022-09-01T10:09:13+00:00\",\"description\":\"Wir verkaufen auf Vorrat alle Arten von Berkel Luxus Aufschnittmaschinen: fragen Sie nach einem Kostenvoranschlag f\u00fcr die B114 Schwungscheibe, sowohl in schwarzer als auch in roter Ausf\u00fchrung.\",\"breadcrumb\":{\"@id\":\"https:\/\/www.labottega-delrestauro.com\/de\/sale-booking-berkel-flywheel-b114-zum-verkaufen-keller\/#breadcrumb\"},\"inLanguage\":\"de\",\"potentialAction\":[{\"@type\":\"ReadAction\",\"target\":[\"https:\/\/www.labottega-delrestauro.com\/de\/sale-booking-berkel-flywheel-b114-zum-verkaufen-keller\/\"]}]},{\"@type\":\"ImageObject\",\"inLanguage\":\"de\",\"@id\":\"https:\/\/www.labottega-delrestauro.com\/de\/sale-booking-berkel-flywheel-b114-zum-verkaufen-keller\/#primaryimage\",\"url\":\"https:\/\/www.labottega-delrestauro.com\/wp-content\/uploads\/2022\/03\/berkel-volano-b114.jpg\",\"contentUrl\":\"https:\/\/www.labottega-delrestauro.com\/wp-content\/uploads\/2022\/03\/berkel-volano-b114.jpg\",\"width\":1169,\"height\":1772},{\"@type\":\"BreadcrumbList\",\"@id\":\"https:\/\/www.labottega-delrestauro.com\/de\/sale-booking-berkel-flywheel-b114-zum-verkaufen-keller\/#breadcrumb\",\"itemListElement\":[{\"@type\":\"ListItem\",\"position\":1,\"name\":\"Home\",\"item\":\"https:\/\/www.labottega-delrestauro.com\/de\/\"},{\"@type\":\"ListItem\",\"position\":2,\"name\":\"Shop\",\"item\":\"https:\/\/www.labottega-delrestauro.com\/de\/negozio\/\"},{\"@type\":\"ListItem\",\"position\":3,\"name\":\"Berkel Schneidemaschinen &#8211; Schwungrad B114\"}]},{\"@type\":\"WebSite\",\"@id\":\"https:\/\/www.labottega-delrestauro.com\/de\/#website\",\"url\":\"https:\/\/www.labottega-delrestauro.com\/de\/\",\"name\":\"La Bottega del Restauro\",\"description\":\"Restauro macchine Berkel\",\"potentialAction\":[{\"@type\":\"SearchAction\",\"target\":{\"@type\":\"EntryPoint\",\"urlTemplate\":\"https:\/\/www.labottega-delrestauro.com\/de\/?s={search_term_string}\"},\"query-input\":{\"@type\":\"PropertyValueSpecification\",\"valueRequired\":true,\"valueName\":\"search_term_string\"}}],\"inLanguage\":\"de\"}]}<\/script>\n<!-- \/ Yoast SEO plugin. -->","yoast_head_json":{"title":"Berkel Schwungrad B114 \u2013 Luxus Aufschnittmaschine hohe Leistung schwarz oder rot Preisvorschlag","description":"Wir verkaufen auf Vorrat alle Arten von Berkel Luxus Aufschnittmaschinen: fragen Sie nach einem Kostenvoranschlag f\u00fcr die B114 Schwungscheibe, sowohl in schwarzer als auch in roter Ausf\u00fchrung.","robots":{"index":"index","follow":"follow","max-snippet":"max-snippet:-1","max-image-preview":"max-image-preview:large","max-video-preview":"max-video-preview:-1"},"canonical":"https:\/\/www.labottega-delrestauro.com\/de\/sale-booking-berkel-flywheel-b114-zum-verkaufen-keller\/","og_locale":"de_DE","og_type":"article","og_title":"Berkel Schwungrad B114 \u2013 Luxus Aufschnittmaschine hohe Leistung schwarz oder rot Preisvorschlag","og_description":"Wir verkaufen auf Vorrat alle Arten von Berkel Luxus Aufschnittmaschinen: fragen Sie nach einem Kostenvoranschlag f\u00fcr die B114 Schwungscheibe, sowohl in schwarzer als auch in roter Ausf\u00fchrung.","og_url":"https:\/\/www.labottega-delrestauro.com\/de\/sale-booking-berkel-flywheel-b114-zum-verkaufen-keller\/","og_site_name":"La Bottega del Restauro","article_modified_time":"2022-09-01T10:09:13+00:00","og_image":[{"width":1169,"height":1772,"url":"https:\/\/www.labottega-delrestauro.com\/wp-content\/uploads\/2022\/03\/berkel-volano-b114.jpg","type":"image\/jpeg"}],"twitter_card":"summary_large_image","schema":{"@context":"https:\/\/schema.org","@graph":[{"@type":"WebPage","@id":"https:\/\/www.labottega-delrestauro.com\/de\/sale-booking-berkel-flywheel-b114-zum-verkaufen-keller\/","url":"https:\/\/www.labottega-delrestauro.com\/de\/sale-booking-berkel-flywheel-b114-zum-verkaufen-keller\/","name":"Berkel Schwungrad B114 \u2013 Luxus Aufschnittmaschine hohe Leistung schwarz oder rot Preisvorschlag","isPartOf":{"@id":"https:\/\/www.labottega-delrestauro.com\/de\/#website"},"primaryImageOfPage":{"@id":"https:\/\/www.labottega-delrestauro.com\/de\/sale-booking-berkel-flywheel-b114-zum-verkaufen-keller\/#primaryimage"},"image":{"@id":"https:\/\/www.labottega-delrestauro.com\/de\/sale-booking-berkel-flywheel-b114-zum-verkaufen-keller\/#primaryimage"},"thumbnailUrl":"https:\/\/www.labottega-delrestauro.com\/wp-content\/uploads\/2022\/03\/berkel-volano-b114.jpg","datePublished":"2022-03-29T13:18:06+00:00","dateModified":"2022-09-01T10:09:13+00:00","description":"Wir verkaufen auf Vorrat alle Arten von Berkel Luxus Aufschnittmaschinen: fragen Sie nach einem Kostenvoranschlag f\u00fcr die B114 Schwungscheibe, sowohl in schwarzer als auch in roter Ausf\u00fchrung.","breadcrumb":{"@id":"https:\/\/www.labottega-delrestauro.com\/de\/sale-booking-berkel-flywheel-b114-zum-verkaufen-keller\/#breadcrumb"},"inLanguage":"de","potentialAction":[{"@type":"ReadAction","target":["https:\/\/www.labottega-delrestauro.com\/de\/sale-booking-berkel-flywheel-b114-zum-verkaufen-keller\/"]}]},{"@type":"ImageObject","inLanguage":"de","@id":"https:\/\/www.labottega-delrestauro.com\/de\/sale-booking-berkel-flywheel-b114-zum-verkaufen-keller\/#primaryimage","url":"https:\/\/www.labottega-delrestauro.com\/wp-content\/uploads\/2022\/03\/berkel-volano-b114.jpg","contentUrl":"https:\/\/www.labottega-delrestauro.com\/wp-content\/uploads\/2022\/03\/berkel-volano-b114.jpg","width":1169,"height":1772},{"@type":"BreadcrumbList","@id":"https:\/\/www.labottega-delrestauro.com\/de\/sale-booking-berkel-flywheel-b114-zum-verkaufen-keller\/#breadcrumb","itemListElement":[{"@type":"ListItem","position":1,"name":"Home","item":"https:\/\/www.labottega-delrestauro.com\/de\/"},{"@type":"ListItem","position":2,"name":"Shop","item":"https:\/\/www.labottega-delrestauro.com\/de\/negozio\/"},{"@type":"ListItem","position":3,"name":"Berkel Schneidemaschinen &#8211; Schwungrad B114"}]},{"@type":"WebSite","@id":"https:\/\/www.labottega-delrestauro.com\/de\/#website","url":"https:\/\/www.labottega-delrestauro.com\/de\/","name":"La Bottega del Restauro","description":"Restauro macchine Berkel","potentialAction":[{"@type":"SearchAction","target":{"@type":"EntryPoint","urlTemplate":"https:\/\/www.labottega-delrestauro.com\/de\/?s={search_term_string}"},"query-input":{"@type":"PropertyValueSpecification","valueRequired":true,"valueName":"search_term_string"}}],"inLanguage":"de"}]}},"_links":{"self":[{"href":"https:\/\/www.labottega-delrestauro.com\/de\/wp-json\/wp\/v2\/product\/58192","targetHints":{"allow":["GET"]}}],"collection":[{"href":"https:\/\/www.labottega-delrestauro.com\/de\/wp-json\/wp\/v2\/product"}],"about":[{"href":"https:\/\/www.labottega-delrestauro.com\/de\/wp-json\/wp\/v2\/types\/product"}],"wp:featuredmedia":[{"embeddable":true,"href":"https:\/\/www.labottega-delrestauro.com\/de\/wp-json\/wp\/v2\/media\/57683"}],"wp:attachment":[{"href":"https:\/\/www.labottega-delrestauro.com\/de\/wp-json\/wp\/v2\/media?parent=58192"}],"wp:term":[{"taxonomy":"product_cat","embeddable":true,"href":"https:\/\/www.labottega-delrestauro.com\/de\/wp-json\/wp\/v2\/product_cat?post=58192"},{"taxonomy":"product_tag","embeddable":true,"href":"https:\/\/www.labottega-delrestauro.com\/de\/wp-json\/wp\/v2\/product_tag?post=58192"}],"curies":[{"name":"wp","href":"https:\/\/api.w.org\/{rel}","templated":true}]}}