{"id":58152,"date":"2022-03-29T13:18:06","date_gmt":"2022-03-29T13:18:06","guid":{"rendered":"https:\/\/labottega.sviluppokeyweb.com\/prodotto\/affettatrice-berkel-modello-b3-volano\/"},"modified":"2022-09-01T10:09:02","modified_gmt":"2022-09-01T10:09:02","slug":"shop-berkel-volano-b3-schwarz-rot-gebraucht-maschine","status":"publish","type":"product","link":"https:\/\/www.labottega-delrestauro.com\/de\/shop-berkel-volano-b3-schwarz-rot-gebraucht-maschine\/","title":{"rendered":"Berkel-Schneidemaschinen \u2013 Schwungrad B3"},"content":{"rendered":"","protected":false},"excerpt":{"rendered":"<p><strong>Berkel B3<\/strong>, die Schwungradschneidemaschine, ideal auch f\u00fcr intensives Schneiden, ist eine <strong>professionelle Vintage-Maschine f\u00fcr den Hausgebrauch<\/strong>. Das Design einer alten Maschine, die noch immer handwerklich hergestellt wird, l\u00e4sst <strong>die Geschichte der Berkel-Schneidemaschinen<\/strong>, der Schneidemaschinen schlechthin, in den H\u00e4usern der leidenschaftlichsten Menschen wieder aufleben.<\/p>\n<p>Sowohl in der K\u00fcche als auch im Wohnzimmer findet er seinen Platz als <strong>elegantes M\u00f6belst\u00fcck<\/strong>, das alle Regeln der Berkel-Tradition respektiert.<\/p>\n<p>Der neue <strong>B3<\/strong> ist sowohl in der Standardausf\u00fchrung in <strong>Rot<\/strong> als auch in <strong>Schwarz<\/strong> erh\u00e4ltlich und weist den klassischen Stil der alten Aufschnittmaschinen auf. Zu den Accessoires geh\u00f6ren der <strong>Sockel<\/strong> und das <strong>gebl\u00fcmte Schwungrad<\/strong>, die dazu dienen, die Kostbarkeit hervorzuheben. Bitte beachten Sie, dass einige Details von der Abbildung abweichen k\u00f6nnen.<\/p>\n<p>Das <strong>B3-Schwungrad<\/strong> verf\u00fcgt \u00fcber eine <strong>Klinge<\/strong> aus 100cr6-Stahl mit einem Durchmesser von 30 cm und einer <strong>kreisf\u00f6rmigen Schnittkapazit\u00e4t<\/strong> <strong>von 19 cm<\/strong>. Es erm\u00f6glicht eine maximale <strong>Schichtdicke<\/strong> <strong>von 0 bis 2 mm<\/strong>. Die <strong>konkave Form<\/strong> der Klinge umschmeichelt das Produkt nur an der Schnittstelle, wodurch Geschmacks- und Aromaver\u00e4nderungen vermieden werden.<\/p>\n<p>Die <strong>B3-Schwungradhobel<\/strong> haben alle einen <strong>eingebauten Sch\u00e4rfer<\/strong>, mit dem die <strong>Klinge richtig gesch\u00e4rft<\/strong> werden kann. Die <strong>Positionierung<\/strong> erfolgt manuell, durch einfaches Anheben und Drehen des Sch\u00e4rfger\u00e4ts. Es gibt nur eine Position, die immer <strong>die<\/strong> <strong>perfekte Neigung f\u00fcr einen optimalen Sch\u00e4rfvorgang<\/strong> garantiert.<\/p>\n<p>Das <strong>Ver- und Entriegelungssystem<\/strong> des <strong>Doppels\u00e4ulenschiebers<\/strong> sorgt f\u00fcr einen perfekten Halt des Produkts auf der Mahlplatte.<\/p>\n<p>Das <strong>B3-Schwungrad<\/strong> ist mit einer <strong>Schutzvorrichtung<\/strong> ausgestattet, die die Klinge abdeckt, um <strong>maximale Sicherheit<\/strong> zu gew\u00e4hrleisten, sowohl bei der Benutzung als auch bei der Reinigung der Maschine.<\/p>\n<p>Die <strong>Maschine<\/strong> verf\u00fcgt \u00fcber eine <strong>Auffangschale f\u00fcr die<\/strong> beim Schneiden anfallenden <strong>Abf\u00e4lle<\/strong>. Dies ist eine zus\u00e4tzliche Funktion, die es dem Benutzer erleichtert, die Maschine sauber und hygienisch zu halten.<\/p>\n<p>Die <strong>B3-Schwungradaufschnittmaschinen<\/strong> sind mit einer <strong>eloxierten Aluminiumplatte<\/strong> ausgestattet, die eine <strong>hohe H\u00e4rte und Best\u00e4ndigkeit<\/strong> garantiert.<\/p>\n<p><strong>La Bottega del Restauro<\/strong> befasst sich mit dem <strong>Verkauf<\/strong> von unbezahlbaren Sch\u00f6nheiten f\u00fcr <strong>echte Fans<\/strong> des Sektors: <strong>Wenden Sie sich an unser Gesch\u00e4ft<\/strong>, wenn Sie eine <strong>neue Aufschnittmaschine der Marke Berkel<\/strong> erwerben m\u00f6chten. Unsere <strong>Sendungen<\/strong> umfassen sowohl <strong>italienisches<\/strong> als auch <strong>ausl\u00e4ndisches<\/strong> <strong>Gebiet<\/strong>.<\/p>\n","protected":false},"featured_media":57665,"template":"","meta":{"_et_pb_use_builder":"","_et_pb_old_content":"","_et_gb_content_width":""},"product_cat":[323],"product_tag":[],"class_list":{"0":"post-58152","1":"product","2":"type-product","3":"status-publish","4":"has-post-thumbnail","6":"product_cat-preis-neu-schneider-berkel-elegant-vintage","7":"pa_lama-300-de","8":"pa_larghezza-670-de","9":"pa_periodo-75-de","10":"pa_peso-46-de","11":"pa_profondita-805-de","12":"pa_volano-35-de","14":"first","15":"instock","16":"product-type-simple"},"yoast_head":"<!-- This site is optimized with the Yoast SEO plugin v23.6 - https:\/\/yoast.com\/wordpress\/plugins\/seo\/ -->\n<title>Berkel Schwungrad B3 \u2013 Kaufen Sie eine neue professionelle Schneidemaschine klassischer Vintage Stil und Design<\/title>\n<meta name=\"description\" content=\"Wenn Sie eine neue Schneidemaschine im Vintage-Design kaufen m\u00f6chten, wenden Sie sich an uns: Die Berkel Volano B3 ist ein professionelles Modell f\u00fcr den Hausgebrauch.\" \/>\n<meta name=\"robots\" content=\"index, follow, max-snippet:-1, max-image-preview:large, max-video-preview:-1\" \/>\n<link rel=\"canonical\" href=\"https:\/\/www.labottega-delrestauro.com\/de\/shop-berkel-volano-b3-schwarz-rot-gebraucht-maschine\/\" \/>\n<meta property=\"og:locale\" content=\"de_DE\" \/>\n<meta property=\"og:type\" content=\"article\" \/>\n<meta property=\"og:title\" content=\"Berkel Schwungrad B3 \u2013 Kaufen Sie eine neue professionelle Schneidemaschine klassischer Vintage Stil und Design\" \/>\n<meta property=\"og:description\" content=\"Wenn Sie eine neue Schneidemaschine im Vintage-Design kaufen m\u00f6chten, wenden Sie sich an uns: Die Berkel Volano B3 ist ein professionelles Modell f\u00fcr den Hausgebrauch.\" \/>\n<meta property=\"og:url\" content=\"https:\/\/www.labottega-delrestauro.com\/de\/shop-berkel-volano-b3-schwarz-rot-gebraucht-maschine\/\" \/>\n<meta property=\"og:site_name\" content=\"La Bottega del Restauro\" \/>\n<meta property=\"article:modified_time\" content=\"2022-09-01T10:09:02+00:00\" \/>\n<meta property=\"og:image\" content=\"https:\/\/www.labottega-delrestauro.com\/wp-content\/uploads\/2022\/03\/berkel-volano-b3.jpg\" \/>\n\t<meta property=\"og:image:width\" content=\"800\" \/>\n\t<meta property=\"og:image:height\" content=\"800\" \/>\n\t<meta property=\"og:image:type\" content=\"image\/jpeg\" \/>\n<meta name=\"twitter:card\" content=\"summary_large_image\" \/>\n<script type=\"application\/ld+json\" class=\"yoast-schema-graph\">{\"@context\":\"https:\/\/schema.org\",\"@graph\":[{\"@type\":\"WebPage\",\"@id\":\"https:\/\/www.labottega-delrestauro.com\/de\/shop-berkel-volano-b3-schwarz-rot-gebraucht-maschine\/\",\"url\":\"https:\/\/www.labottega-delrestauro.com\/de\/shop-berkel-volano-b3-schwarz-rot-gebraucht-maschine\/\",\"name\":\"Berkel Schwungrad B3 \u2013 Kaufen Sie eine neue professionelle Schneidemaschine klassischer Vintage Stil und Design\",\"isPartOf\":{\"@id\":\"https:\/\/www.labottega-delrestauro.com\/de\/#website\"},\"primaryImageOfPage\":{\"@id\":\"https:\/\/www.labottega-delrestauro.com\/de\/shop-berkel-volano-b3-schwarz-rot-gebraucht-maschine\/#primaryimage\"},\"image\":{\"@id\":\"https:\/\/www.labottega-delrestauro.com\/de\/shop-berkel-volano-b3-schwarz-rot-gebraucht-maschine\/#primaryimage\"},\"thumbnailUrl\":\"https:\/\/www.labottega-delrestauro.com\/wp-content\/uploads\/2022\/03\/berkel-volano-b3.jpg\",\"datePublished\":\"2022-03-29T13:18:06+00:00\",\"dateModified\":\"2022-09-01T10:09:02+00:00\",\"description\":\"Wenn Sie eine neue Schneidemaschine im Vintage-Design kaufen m\u00f6chten, wenden Sie sich an uns: Die Berkel Volano B3 ist ein professionelles Modell f\u00fcr den Hausgebrauch.\",\"breadcrumb\":{\"@id\":\"https:\/\/www.labottega-delrestauro.com\/de\/shop-berkel-volano-b3-schwarz-rot-gebraucht-maschine\/#breadcrumb\"},\"inLanguage\":\"de\",\"potentialAction\":[{\"@type\":\"ReadAction\",\"target\":[\"https:\/\/www.labottega-delrestauro.com\/de\/shop-berkel-volano-b3-schwarz-rot-gebraucht-maschine\/\"]}]},{\"@type\":\"ImageObject\",\"inLanguage\":\"de\",\"@id\":\"https:\/\/www.labottega-delrestauro.com\/de\/shop-berkel-volano-b3-schwarz-rot-gebraucht-maschine\/#primaryimage\",\"url\":\"https:\/\/www.labottega-delrestauro.com\/wp-content\/uploads\/2022\/03\/berkel-volano-b3.jpg\",\"contentUrl\":\"https:\/\/www.labottega-delrestauro.com\/wp-content\/uploads\/2022\/03\/berkel-volano-b3.jpg\",\"width\":800,\"height\":800},{\"@type\":\"BreadcrumbList\",\"@id\":\"https:\/\/www.labottega-delrestauro.com\/de\/shop-berkel-volano-b3-schwarz-rot-gebraucht-maschine\/#breadcrumb\",\"itemListElement\":[{\"@type\":\"ListItem\",\"position\":1,\"name\":\"Home\",\"item\":\"https:\/\/www.labottega-delrestauro.com\/de\/\"},{\"@type\":\"ListItem\",\"position\":2,\"name\":\"Shop\",\"item\":\"https:\/\/www.labottega-delrestauro.com\/de\/negozio\/\"},{\"@type\":\"ListItem\",\"position\":3,\"name\":\"Berkel-Schneidemaschinen \u2013 Schwungrad B3\"}]},{\"@type\":\"WebSite\",\"@id\":\"https:\/\/www.labottega-delrestauro.com\/de\/#website\",\"url\":\"https:\/\/www.labottega-delrestauro.com\/de\/\",\"name\":\"La Bottega del Restauro\",\"description\":\"Restauro macchine Berkel\",\"potentialAction\":[{\"@type\":\"SearchAction\",\"target\":{\"@type\":\"EntryPoint\",\"urlTemplate\":\"https:\/\/www.labottega-delrestauro.com\/de\/?s={search_term_string}\"},\"query-input\":{\"@type\":\"PropertyValueSpecification\",\"valueRequired\":true,\"valueName\":\"search_term_string\"}}],\"inLanguage\":\"de\"}]}<\/script>\n<!-- \/ Yoast SEO plugin. -->","yoast_head_json":{"title":"Berkel Schwungrad B3 \u2013 Kaufen Sie eine neue professionelle Schneidemaschine klassischer Vintage Stil und Design","description":"Wenn Sie eine neue Schneidemaschine im Vintage-Design kaufen m\u00f6chten, wenden Sie sich an uns: Die Berkel Volano B3 ist ein professionelles Modell f\u00fcr den Hausgebrauch.","robots":{"index":"index","follow":"follow","max-snippet":"max-snippet:-1","max-image-preview":"max-image-preview:large","max-video-preview":"max-video-preview:-1"},"canonical":"https:\/\/www.labottega-delrestauro.com\/de\/shop-berkel-volano-b3-schwarz-rot-gebraucht-maschine\/","og_locale":"de_DE","og_type":"article","og_title":"Berkel Schwungrad B3 \u2013 Kaufen Sie eine neue professionelle Schneidemaschine klassischer Vintage Stil und Design","og_description":"Wenn Sie eine neue Schneidemaschine im Vintage-Design kaufen m\u00f6chten, wenden Sie sich an uns: Die Berkel Volano B3 ist ein professionelles Modell f\u00fcr den Hausgebrauch.","og_url":"https:\/\/www.labottega-delrestauro.com\/de\/shop-berkel-volano-b3-schwarz-rot-gebraucht-maschine\/","og_site_name":"La Bottega del Restauro","article_modified_time":"2022-09-01T10:09:02+00:00","og_image":[{"width":800,"height":800,"url":"https:\/\/www.labottega-delrestauro.com\/wp-content\/uploads\/2022\/03\/berkel-volano-b3.jpg","type":"image\/jpeg"}],"twitter_card":"summary_large_image","schema":{"@context":"https:\/\/schema.org","@graph":[{"@type":"WebPage","@id":"https:\/\/www.labottega-delrestauro.com\/de\/shop-berkel-volano-b3-schwarz-rot-gebraucht-maschine\/","url":"https:\/\/www.labottega-delrestauro.com\/de\/shop-berkel-volano-b3-schwarz-rot-gebraucht-maschine\/","name":"Berkel Schwungrad B3 \u2013 Kaufen Sie eine neue professionelle Schneidemaschine klassischer Vintage Stil und Design","isPartOf":{"@id":"https:\/\/www.labottega-delrestauro.com\/de\/#website"},"primaryImageOfPage":{"@id":"https:\/\/www.labottega-delrestauro.com\/de\/shop-berkel-volano-b3-schwarz-rot-gebraucht-maschine\/#primaryimage"},"image":{"@id":"https:\/\/www.labottega-delrestauro.com\/de\/shop-berkel-volano-b3-schwarz-rot-gebraucht-maschine\/#primaryimage"},"thumbnailUrl":"https:\/\/www.labottega-delrestauro.com\/wp-content\/uploads\/2022\/03\/berkel-volano-b3.jpg","datePublished":"2022-03-29T13:18:06+00:00","dateModified":"2022-09-01T10:09:02+00:00","description":"Wenn Sie eine neue Schneidemaschine im Vintage-Design kaufen m\u00f6chten, wenden Sie sich an uns: Die Berkel Volano B3 ist ein professionelles Modell f\u00fcr den Hausgebrauch.","breadcrumb":{"@id":"https:\/\/www.labottega-delrestauro.com\/de\/shop-berkel-volano-b3-schwarz-rot-gebraucht-maschine\/#breadcrumb"},"inLanguage":"de","potentialAction":[{"@type":"ReadAction","target":["https:\/\/www.labottega-delrestauro.com\/de\/shop-berkel-volano-b3-schwarz-rot-gebraucht-maschine\/"]}]},{"@type":"ImageObject","inLanguage":"de","@id":"https:\/\/www.labottega-delrestauro.com\/de\/shop-berkel-volano-b3-schwarz-rot-gebraucht-maschine\/#primaryimage","url":"https:\/\/www.labottega-delrestauro.com\/wp-content\/uploads\/2022\/03\/berkel-volano-b3.jpg","contentUrl":"https:\/\/www.labottega-delrestauro.com\/wp-content\/uploads\/2022\/03\/berkel-volano-b3.jpg","width":800,"height":800},{"@type":"BreadcrumbList","@id":"https:\/\/www.labottega-delrestauro.com\/de\/shop-berkel-volano-b3-schwarz-rot-gebraucht-maschine\/#breadcrumb","itemListElement":[{"@type":"ListItem","position":1,"name":"Home","item":"https:\/\/www.labottega-delrestauro.com\/de\/"},{"@type":"ListItem","position":2,"name":"Shop","item":"https:\/\/www.labottega-delrestauro.com\/de\/negozio\/"},{"@type":"ListItem","position":3,"name":"Berkel-Schneidemaschinen \u2013 Schwungrad B3"}]},{"@type":"WebSite","@id":"https:\/\/www.labottega-delrestauro.com\/de\/#website","url":"https:\/\/www.labottega-delrestauro.com\/de\/","name":"La Bottega del Restauro","description":"Restauro macchine Berkel","potentialAction":[{"@type":"SearchAction","target":{"@type":"EntryPoint","urlTemplate":"https:\/\/www.labottega-delrestauro.com\/de\/?s={search_term_string}"},"query-input":{"@type":"PropertyValueSpecification","valueRequired":true,"valueName":"search_term_string"}}],"inLanguage":"de"}]}},"_links":{"self":[{"href":"https:\/\/www.labottega-delrestauro.com\/de\/wp-json\/wp\/v2\/product\/58152","targetHints":{"allow":["GET"]}}],"collection":[{"href":"https:\/\/www.labottega-delrestauro.com\/de\/wp-json\/wp\/v2\/product"}],"about":[{"href":"https:\/\/www.labottega-delrestauro.com\/de\/wp-json\/wp\/v2\/types\/product"}],"wp:featuredmedia":[{"embeddable":true,"href":"https:\/\/www.labottega-delrestauro.com\/de\/wp-json\/wp\/v2\/media\/57665"}],"wp:attachment":[{"href":"https:\/\/www.labottega-delrestauro.com\/de\/wp-json\/wp\/v2\/media?parent=58152"}],"wp:term":[{"taxonomy":"product_cat","embeddable":true,"href":"https:\/\/www.labottega-delrestauro.com\/de\/wp-json\/wp\/v2\/product_cat?post=58152"},{"taxonomy":"product_tag","embeddable":true,"href":"https:\/\/www.labottega-delrestauro.com\/de\/wp-json\/wp\/v2\/product_tag?post=58152"}],"curies":[{"name":"wp","href":"https:\/\/api.w.org\/{rel}","templated":true}]}}