{"id":58148,"date":"2022-03-29T13:18:06","date_gmt":"2022-03-29T13:18:06","guid":{"rendered":"https:\/\/labottega.sviluppokeyweb.com\/prodotto\/affettatrice-berkel-modello-31-32-33\/"},"modified":"2022-08-29T10:03:04","modified_gmt":"2022-08-29T10:03:04","slug":"berkel-aufschnittmaschinen-14-aufschnittmaschinen-faktor-english","status":"publish","type":"product","link":"https:\/\/www.labottega-delrestauro.com\/de\/berkel-aufschnittmaschinen-14-aufschnittmaschinen-faktor-english\/","title":{"rendered":"Berkel Scheidenmaschinen &#8211; Modell 31-32-33"},"content":{"rendered":"","protected":false},"excerpt":{"rendered":"<p>Sie wurde zwischen 1953 und 1980 <strong>in den englischen Fabriken von &#8222;Berkel&#8217;s &amp; Parnals&#8220;<\/strong> gebaut und war, wie die 115, <strong>das letzte Modell einer Schwungradschneidemaschine<\/strong>, das Berkel herstellte. \u00c4hnlich wie das 115er Modell aus normaler europ\u00e4ischer Produktion ist auch diese Berkel dem <strong>Speck<\/strong> gewidmet.<\/p>\n<p>Auf den ersten Blick hat das <strong>historische Modell 31-32-33<\/strong> nichts mit seinen Vorg\u00e4ngern zu tun: Das <strong>Geh\u00e4use<\/strong> der Maschine hat eine <strong>abgerundete Form<\/strong>, die der Mode der Zeit entspricht, alle <strong>mechanischen Bewegungen<\/strong> sind von Geh\u00e4usen abgedeckt, wie die Pleuelstangen im Geh\u00e4use selbst.<\/p>\n<p>Der <strong>obere Schlitten<\/strong>, der in dem Teil, der mit dem zu schneidenden Produkt in Ber\u00fchrung kommt, fast vollst\u00e4ndig aus <strong>rostfreiem Stahl<\/strong> besteht, wird von einem <strong>gro\u00dfen Bolzen<\/strong> gef\u00fchrt und hat eine Vorschubschnecke unterhalb des Schlittens, die von einem Scheibeneinsteller auf der linken Seite angetrieben wird, eine echte Neuheit aus wei\u00dfem <strong>Kunststoff<\/strong>. Hier gibt es die M\u00f6glichkeit, <strong>14 verschiedene Einstellst\u00e4rken<\/strong> anzugeben.<\/p>\n<p>Die <strong>obere Klemme<\/strong> ist vom Typ <strong>&#8222;geschlossener Arm&#8220;<\/strong>, bei dem sich die <strong>beiden S\u00e4ulen<\/strong> auf der Blattseite gegen\u00fcberliegen. Angetrieben wird das Ganze durch das <strong>massive Schwungrad<\/strong>.<\/p>\n<p>Die ebenfalls <strong>abgerundete und in der Gr\u00f6\u00dfe angepasste<\/strong> <strong>Schulter<\/strong> beherbergt den <strong>Spitzer<\/strong>, der erstmals w\u00e4hrend des Maschinenbetriebs nicht sichtbar ist.<\/p>\n<p>Die <strong>Klinge<\/strong> hat einen Durchmesser von 370 mm. Was die mechanischen Eigenschaften betrifft, ist sie sicherlich eine der <strong>pr\u00e4zisesten und funktionellsten Schneidemaschinen<\/strong> von Berkel.<\/p>\n<p><strong>Wenn Sie sich mit La Bottega del Restauro in Verbindung setzen<\/strong>, k\u00f6nnen Sie zus\u00e4tzliche Informationen \u00fcber die Verf\u00fcgbarkeit von <strong>Modellen aus<\/strong> <strong>englischer Produktion<\/strong> in unserem Katalog erhalten. Unsere Handwerker k\u00fcmmern sich um die Restaurierung dieser <strong>Schwungradmaschinen<\/strong> und geben den <strong>Berkel-Schneidemaschinen<\/strong> <strong>von einst <\/strong>ihren alten Glanz zur\u00fcck: Sie sind wahre Schmuckst\u00fccke <strong>f\u00fcr Sammler in ganz Italien und dem Rest der Welt<\/strong>.<\/p>\n","protected":false},"featured_media":57626,"template":"","meta":{"_et_pb_use_builder":"","_et_pb_old_content":"","_et_gb_content_width":""},"product_cat":[293],"product_tag":[],"class_list":{"0":"post-58148","1":"product","2":"type-product","3":"status-publish","4":"has-post-thumbnail","6":"product_cat-katalog-modelle-berkel-parnalls-vereinigtes-reich-schneider","7":"pa_lama-370-de","8":"pa_larghezza-650-de","9":"pa_periodo-1930-1980-de","10":"pa_peso-112-de","11":"pa_profondita-960-de","12":"pa_volano-eben-gemaltes-buchstaben","14":"first","15":"instock","16":"product-type-simple"},"yoast_head":"<!-- This site is optimized with the Yoast SEO plugin v23.6 - https:\/\/yoast.com\/wordpress\/plugins\/seo\/ -->\n<title>Berkel English Slicer \u2013 Historisches Modell 31 32 33 Klemme geschlossener Arm volles Schwungrad<\/title>\n<meta name=\"description\" content=\"Kontaktieren Sie uns f\u00fcr eine der Berkel-Schneidemaschinen aus englischer Produktion: Sie erhalten ein Angebot f\u00fcr das historische Modell 31-32-33, das auf zertifizierte Weise restauriert wurde.\" \/>\n<meta name=\"robots\" content=\"index, follow, max-snippet:-1, max-image-preview:large, max-video-preview:-1\" \/>\n<link rel=\"canonical\" href=\"https:\/\/www.labottega-delrestauro.com\/de\/berkel-aufschnittmaschinen-14-aufschnittmaschinen-faktor-english\/\" \/>\n<meta property=\"og:locale\" content=\"de_DE\" \/>\n<meta property=\"og:type\" content=\"article\" \/>\n<meta property=\"og:title\" content=\"Berkel English Slicer \u2013 Historisches Modell 31 32 33 Klemme geschlossener Arm volles Schwungrad\" \/>\n<meta property=\"og:description\" content=\"Kontaktieren Sie uns f\u00fcr eine der Berkel-Schneidemaschinen aus englischer Produktion: Sie erhalten ein Angebot f\u00fcr das historische Modell 31-32-33, das auf zertifizierte Weise restauriert wurde.\" \/>\n<meta property=\"og:url\" content=\"https:\/\/www.labottega-delrestauro.com\/de\/berkel-aufschnittmaschinen-14-aufschnittmaschinen-faktor-english\/\" \/>\n<meta property=\"og:site_name\" content=\"La Bottega del Restauro\" \/>\n<meta property=\"article:modified_time\" content=\"2022-08-29T10:03:04+00:00\" \/>\n<meta property=\"og:image\" content=\"https:\/\/www.labottega-delrestauro.com\/wp-content\/uploads\/2022\/03\/affettatrici-berkel-inglesi.jpg\" \/>\n\t<meta property=\"og:image:width\" content=\"1200\" \/>\n\t<meta property=\"og:image:height\" content=\"1000\" \/>\n\t<meta property=\"og:image:type\" content=\"image\/jpeg\" \/>\n<meta name=\"twitter:card\" content=\"summary_large_image\" \/>\n<script type=\"application\/ld+json\" class=\"yoast-schema-graph\">{\"@context\":\"https:\/\/schema.org\",\"@graph\":[{\"@type\":\"WebPage\",\"@id\":\"https:\/\/www.labottega-delrestauro.com\/de\/berkel-aufschnittmaschinen-14-aufschnittmaschinen-faktor-english\/\",\"url\":\"https:\/\/www.labottega-delrestauro.com\/de\/berkel-aufschnittmaschinen-14-aufschnittmaschinen-faktor-english\/\",\"name\":\"Berkel English Slicer \u2013 Historisches Modell 31 32 33 Klemme geschlossener Arm volles Schwungrad\",\"isPartOf\":{\"@id\":\"https:\/\/www.labottega-delrestauro.com\/de\/#website\"},\"primaryImageOfPage\":{\"@id\":\"https:\/\/www.labottega-delrestauro.com\/de\/berkel-aufschnittmaschinen-14-aufschnittmaschinen-faktor-english\/#primaryimage\"},\"image\":{\"@id\":\"https:\/\/www.labottega-delrestauro.com\/de\/berkel-aufschnittmaschinen-14-aufschnittmaschinen-faktor-english\/#primaryimage\"},\"thumbnailUrl\":\"https:\/\/www.labottega-delrestauro.com\/wp-content\/uploads\/2022\/03\/affettatrici-berkel-inglesi.jpg\",\"datePublished\":\"2022-03-29T13:18:06+00:00\",\"dateModified\":\"2022-08-29T10:03:04+00:00\",\"description\":\"Kontaktieren Sie uns f\u00fcr eine der Berkel-Schneidemaschinen aus englischer Produktion: Sie erhalten ein Angebot f\u00fcr das historische Modell 31-32-33, das auf zertifizierte Weise restauriert wurde.\",\"breadcrumb\":{\"@id\":\"https:\/\/www.labottega-delrestauro.com\/de\/berkel-aufschnittmaschinen-14-aufschnittmaschinen-faktor-english\/#breadcrumb\"},\"inLanguage\":\"de\",\"potentialAction\":[{\"@type\":\"ReadAction\",\"target\":[\"https:\/\/www.labottega-delrestauro.com\/de\/berkel-aufschnittmaschinen-14-aufschnittmaschinen-faktor-english\/\"]}]},{\"@type\":\"ImageObject\",\"inLanguage\":\"de\",\"@id\":\"https:\/\/www.labottega-delrestauro.com\/de\/berkel-aufschnittmaschinen-14-aufschnittmaschinen-faktor-english\/#primaryimage\",\"url\":\"https:\/\/www.labottega-delrestauro.com\/wp-content\/uploads\/2022\/03\/affettatrici-berkel-inglesi.jpg\",\"contentUrl\":\"https:\/\/www.labottega-delrestauro.com\/wp-content\/uploads\/2022\/03\/affettatrici-berkel-inglesi.jpg\",\"width\":1200,\"height\":1000},{\"@type\":\"BreadcrumbList\",\"@id\":\"https:\/\/www.labottega-delrestauro.com\/de\/berkel-aufschnittmaschinen-14-aufschnittmaschinen-faktor-english\/#breadcrumb\",\"itemListElement\":[{\"@type\":\"ListItem\",\"position\":1,\"name\":\"Home\",\"item\":\"https:\/\/www.labottega-delrestauro.com\/de\/\"},{\"@type\":\"ListItem\",\"position\":2,\"name\":\"Shop\",\"item\":\"https:\/\/www.labottega-delrestauro.com\/de\/negozio\/\"},{\"@type\":\"ListItem\",\"position\":3,\"name\":\"Berkel Scheidenmaschinen &#8211; Modell 31-32-33\"}]},{\"@type\":\"WebSite\",\"@id\":\"https:\/\/www.labottega-delrestauro.com\/de\/#website\",\"url\":\"https:\/\/www.labottega-delrestauro.com\/de\/\",\"name\":\"La Bottega del Restauro\",\"description\":\"Restauro macchine Berkel\",\"potentialAction\":[{\"@type\":\"SearchAction\",\"target\":{\"@type\":\"EntryPoint\",\"urlTemplate\":\"https:\/\/www.labottega-delrestauro.com\/de\/?s={search_term_string}\"},\"query-input\":{\"@type\":\"PropertyValueSpecification\",\"valueRequired\":true,\"valueName\":\"search_term_string\"}}],\"inLanguage\":\"de\"}]}<\/script>\n<!-- \/ Yoast SEO plugin. -->","yoast_head_json":{"title":"Berkel English Slicer \u2013 Historisches Modell 31 32 33 Klemme geschlossener Arm volles Schwungrad","description":"Kontaktieren Sie uns f\u00fcr eine der Berkel-Schneidemaschinen aus englischer Produktion: Sie erhalten ein Angebot f\u00fcr das historische Modell 31-32-33, das auf zertifizierte Weise restauriert wurde.","robots":{"index":"index","follow":"follow","max-snippet":"max-snippet:-1","max-image-preview":"max-image-preview:large","max-video-preview":"max-video-preview:-1"},"canonical":"https:\/\/www.labottega-delrestauro.com\/de\/berkel-aufschnittmaschinen-14-aufschnittmaschinen-faktor-english\/","og_locale":"de_DE","og_type":"article","og_title":"Berkel English Slicer \u2013 Historisches Modell 31 32 33 Klemme geschlossener Arm volles Schwungrad","og_description":"Kontaktieren Sie uns f\u00fcr eine der Berkel-Schneidemaschinen aus englischer Produktion: Sie erhalten ein Angebot f\u00fcr das historische Modell 31-32-33, das auf zertifizierte Weise restauriert wurde.","og_url":"https:\/\/www.labottega-delrestauro.com\/de\/berkel-aufschnittmaschinen-14-aufschnittmaschinen-faktor-english\/","og_site_name":"La Bottega del Restauro","article_modified_time":"2022-08-29T10:03:04+00:00","og_image":[{"width":1200,"height":1000,"url":"https:\/\/www.labottega-delrestauro.com\/wp-content\/uploads\/2022\/03\/affettatrici-berkel-inglesi.jpg","type":"image\/jpeg"}],"twitter_card":"summary_large_image","schema":{"@context":"https:\/\/schema.org","@graph":[{"@type":"WebPage","@id":"https:\/\/www.labottega-delrestauro.com\/de\/berkel-aufschnittmaschinen-14-aufschnittmaschinen-faktor-english\/","url":"https:\/\/www.labottega-delrestauro.com\/de\/berkel-aufschnittmaschinen-14-aufschnittmaschinen-faktor-english\/","name":"Berkel English Slicer \u2013 Historisches Modell 31 32 33 Klemme geschlossener Arm volles Schwungrad","isPartOf":{"@id":"https:\/\/www.labottega-delrestauro.com\/de\/#website"},"primaryImageOfPage":{"@id":"https:\/\/www.labottega-delrestauro.com\/de\/berkel-aufschnittmaschinen-14-aufschnittmaschinen-faktor-english\/#primaryimage"},"image":{"@id":"https:\/\/www.labottega-delrestauro.com\/de\/berkel-aufschnittmaschinen-14-aufschnittmaschinen-faktor-english\/#primaryimage"},"thumbnailUrl":"https:\/\/www.labottega-delrestauro.com\/wp-content\/uploads\/2022\/03\/affettatrici-berkel-inglesi.jpg","datePublished":"2022-03-29T13:18:06+00:00","dateModified":"2022-08-29T10:03:04+00:00","description":"Kontaktieren Sie uns f\u00fcr eine der Berkel-Schneidemaschinen aus englischer Produktion: Sie erhalten ein Angebot f\u00fcr das historische Modell 31-32-33, das auf zertifizierte Weise restauriert wurde.","breadcrumb":{"@id":"https:\/\/www.labottega-delrestauro.com\/de\/berkel-aufschnittmaschinen-14-aufschnittmaschinen-faktor-english\/#breadcrumb"},"inLanguage":"de","potentialAction":[{"@type":"ReadAction","target":["https:\/\/www.labottega-delrestauro.com\/de\/berkel-aufschnittmaschinen-14-aufschnittmaschinen-faktor-english\/"]}]},{"@type":"ImageObject","inLanguage":"de","@id":"https:\/\/www.labottega-delrestauro.com\/de\/berkel-aufschnittmaschinen-14-aufschnittmaschinen-faktor-english\/#primaryimage","url":"https:\/\/www.labottega-delrestauro.com\/wp-content\/uploads\/2022\/03\/affettatrici-berkel-inglesi.jpg","contentUrl":"https:\/\/www.labottega-delrestauro.com\/wp-content\/uploads\/2022\/03\/affettatrici-berkel-inglesi.jpg","width":1200,"height":1000},{"@type":"BreadcrumbList","@id":"https:\/\/www.labottega-delrestauro.com\/de\/berkel-aufschnittmaschinen-14-aufschnittmaschinen-faktor-english\/#breadcrumb","itemListElement":[{"@type":"ListItem","position":1,"name":"Home","item":"https:\/\/www.labottega-delrestauro.com\/de\/"},{"@type":"ListItem","position":2,"name":"Shop","item":"https:\/\/www.labottega-delrestauro.com\/de\/negozio\/"},{"@type":"ListItem","position":3,"name":"Berkel Scheidenmaschinen &#8211; Modell 31-32-33"}]},{"@type":"WebSite","@id":"https:\/\/www.labottega-delrestauro.com\/de\/#website","url":"https:\/\/www.labottega-delrestauro.com\/de\/","name":"La Bottega del Restauro","description":"Restauro macchine Berkel","potentialAction":[{"@type":"SearchAction","target":{"@type":"EntryPoint","urlTemplate":"https:\/\/www.labottega-delrestauro.com\/de\/?s={search_term_string}"},"query-input":{"@type":"PropertyValueSpecification","valueRequired":true,"valueName":"search_term_string"}}],"inLanguage":"de"}]}},"_links":{"self":[{"href":"https:\/\/www.labottega-delrestauro.com\/de\/wp-json\/wp\/v2\/product\/58148","targetHints":{"allow":["GET"]}}],"collection":[{"href":"https:\/\/www.labottega-delrestauro.com\/de\/wp-json\/wp\/v2\/product"}],"about":[{"href":"https:\/\/www.labottega-delrestauro.com\/de\/wp-json\/wp\/v2\/types\/product"}],"wp:featuredmedia":[{"embeddable":true,"href":"https:\/\/www.labottega-delrestauro.com\/de\/wp-json\/wp\/v2\/media\/57626"}],"wp:attachment":[{"href":"https:\/\/www.labottega-delrestauro.com\/de\/wp-json\/wp\/v2\/media?parent=58148"}],"wp:term":[{"taxonomy":"product_cat","embeddable":true,"href":"https:\/\/www.labottega-delrestauro.com\/de\/wp-json\/wp\/v2\/product_cat?post=58148"},{"taxonomy":"product_tag","embeddable":true,"href":"https:\/\/www.labottega-delrestauro.com\/de\/wp-json\/wp\/v2\/product_tag?post=58148"}],"curies":[{"name":"wp","href":"https:\/\/api.w.org\/{rel}","templated":true}]}}