{"id":58115,"date":"2022-03-29T13:18:06","date_gmt":"2022-03-29T13:18:06","guid":{"rendered":"https:\/\/labottega.sviluppokeyweb.com\/prodotto\/i-nostri-piedistalli-berkel\/"},"modified":"2022-09-01T10:10:15","modified_gmt":"2022-09-01T10:10:15","slug":"original-berkel-sockel-fuer-schneidemaschinen-zu-verkaufen","status":"publish","type":"product","link":"https:\/\/www.labottega-delrestauro.com\/de\/original-berkel-sockel-fuer-schneidemaschinen-zu-verkaufen\/","title":{"rendered":"Unsere Berkel-Sockel"},"content":{"rendered":"","protected":false},"excerpt":{"rendered":"<p>Unsere <strong>Sockel<\/strong> werden nach Modellen von <strong>historischen Sockeln<\/strong> hergestellt. Die <strong>Blumendekorationen<\/strong>, originalgetreue Reproduktionen der <strong>Originale<\/strong> oder <strong>alter<\/strong> <strong>Fotografien<\/strong>, verleihen diesen Sockeln <strong>mit 4 F\u00fc\u00dfen<\/strong> eine unsch\u00e4tzbare Sch\u00f6nheit.<\/p>\n<p>Wenn Sie am Kauf eines dieser <strong>restaurierten St\u00fccke<\/strong> interessiert sind, die sich ideal f\u00fcr die Aufbewahrung von <strong>originalen Berkel-Hobelmaschinen<\/strong> eignen, <strong>kontaktieren Sie uns bitte<\/strong> f\u00fcr ein Angebot.<\/p>\n","protected":false},"featured_media":57872,"template":"","meta":{"_et_pb_use_builder":"","_et_pb_old_content":"","_et_gb_content_width":""},"product_cat":[187],"product_tag":[],"class_list":{"0":"post-58115","1":"product","2":"type-product","3":"status-publish","4":"has-post-thumbnail","6":"product_cat-berkel-sockel","7":"pa_lama-73-de","8":"pa_larghezza-32-de","9":"pa_periodo-75-de","10":"pa_peso-33-de","11":"pa_profondita-34-de","12":"pa_volano-35-de","14":"first","15":"instock","16":"product-type-simple"},"yoast_head":"<!-- This site is optimized with the Yoast SEO plugin v23.6 - https:\/\/yoast.com\/wordpress\/plugins\/seo\/ -->\n<title>Original Berkel Sockel \u2013 restaurierte antike Sockel 4 F\u00fc\u00dfe floraler Dekor<\/title>\n<meta name=\"description\" content=\"Wenn Sie alte Sockel f\u00fcr Original-Berkel-Schneidemaschinen kaufen m\u00f6chten, wenden Sie sich an uns: Wir verkaufen restaurierte Modelle auf zertifizierte Weise.\" \/>\n<meta name=\"robots\" content=\"index, follow, max-snippet:-1, max-image-preview:large, max-video-preview:-1\" \/>\n<link rel=\"canonical\" href=\"https:\/\/www.labottega-delrestauro.com\/de\/original-berkel-sockel-fuer-schneidemaschinen-zu-verkaufen\/\" \/>\n<meta property=\"og:locale\" content=\"de_DE\" \/>\n<meta property=\"og:type\" content=\"article\" \/>\n<meta property=\"og:title\" content=\"Original Berkel Sockel \u2013 restaurierte antike Sockel 4 F\u00fc\u00dfe floraler Dekor\" \/>\n<meta property=\"og:description\" content=\"Wenn Sie alte Sockel f\u00fcr Original-Berkel-Schneidemaschinen kaufen m\u00f6chten, wenden Sie sich an uns: Wir verkaufen restaurierte Modelle auf zertifizierte Weise.\" \/>\n<meta property=\"og:url\" content=\"https:\/\/www.labottega-delrestauro.com\/de\/original-berkel-sockel-fuer-schneidemaschinen-zu-verkaufen\/\" \/>\n<meta property=\"og:site_name\" content=\"La Bottega del Restauro\" \/>\n<meta property=\"article:modified_time\" content=\"2022-09-01T10:10:15+00:00\" \/>\n<meta property=\"og:image\" content=\"https:\/\/www.labottega-delrestauro.com\/wp-content\/uploads\/2022\/03\/piedistalli-berkel-originali.jpg\" \/>\n\t<meta property=\"og:image:width\" content=\"1439\" \/>\n\t<meta property=\"og:image:height\" content=\"1660\" \/>\n\t<meta property=\"og:image:type\" content=\"image\/jpeg\" \/>\n<meta name=\"twitter:card\" content=\"summary_large_image\" \/>\n<script type=\"application\/ld+json\" class=\"yoast-schema-graph\">{\"@context\":\"https:\/\/schema.org\",\"@graph\":[{\"@type\":\"WebPage\",\"@id\":\"https:\/\/www.labottega-delrestauro.com\/de\/original-berkel-sockel-fuer-schneidemaschinen-zu-verkaufen\/\",\"url\":\"https:\/\/www.labottega-delrestauro.com\/de\/original-berkel-sockel-fuer-schneidemaschinen-zu-verkaufen\/\",\"name\":\"Original Berkel Sockel \u2013 restaurierte antike Sockel 4 F\u00fc\u00dfe floraler Dekor\",\"isPartOf\":{\"@id\":\"https:\/\/www.labottega-delrestauro.com\/de\/#website\"},\"primaryImageOfPage\":{\"@id\":\"https:\/\/www.labottega-delrestauro.com\/de\/original-berkel-sockel-fuer-schneidemaschinen-zu-verkaufen\/#primaryimage\"},\"image\":{\"@id\":\"https:\/\/www.labottega-delrestauro.com\/de\/original-berkel-sockel-fuer-schneidemaschinen-zu-verkaufen\/#primaryimage\"},\"thumbnailUrl\":\"https:\/\/www.labottega-delrestauro.com\/wp-content\/uploads\/2022\/03\/piedistalli-berkel-originali.jpg\",\"datePublished\":\"2022-03-29T13:18:06+00:00\",\"dateModified\":\"2022-09-01T10:10:15+00:00\",\"description\":\"Wenn Sie alte Sockel f\u00fcr Original-Berkel-Schneidemaschinen kaufen m\u00f6chten, wenden Sie sich an uns: Wir verkaufen restaurierte Modelle auf zertifizierte Weise.\",\"breadcrumb\":{\"@id\":\"https:\/\/www.labottega-delrestauro.com\/de\/original-berkel-sockel-fuer-schneidemaschinen-zu-verkaufen\/#breadcrumb\"},\"inLanguage\":\"de\",\"potentialAction\":[{\"@type\":\"ReadAction\",\"target\":[\"https:\/\/www.labottega-delrestauro.com\/de\/original-berkel-sockel-fuer-schneidemaschinen-zu-verkaufen\/\"]}]},{\"@type\":\"ImageObject\",\"inLanguage\":\"de\",\"@id\":\"https:\/\/www.labottega-delrestauro.com\/de\/original-berkel-sockel-fuer-schneidemaschinen-zu-verkaufen\/#primaryimage\",\"url\":\"https:\/\/www.labottega-delrestauro.com\/wp-content\/uploads\/2022\/03\/piedistalli-berkel-originali.jpg\",\"contentUrl\":\"https:\/\/www.labottega-delrestauro.com\/wp-content\/uploads\/2022\/03\/piedistalli-berkel-originali.jpg\",\"width\":1439,\"height\":1660},{\"@type\":\"BreadcrumbList\",\"@id\":\"https:\/\/www.labottega-delrestauro.com\/de\/original-berkel-sockel-fuer-schneidemaschinen-zu-verkaufen\/#breadcrumb\",\"itemListElement\":[{\"@type\":\"ListItem\",\"position\":1,\"name\":\"Home\",\"item\":\"https:\/\/www.labottega-delrestauro.com\/de\/\"},{\"@type\":\"ListItem\",\"position\":2,\"name\":\"Shop\",\"item\":\"https:\/\/www.labottega-delrestauro.com\/de\/negozio\/\"},{\"@type\":\"ListItem\",\"position\":3,\"name\":\"Unsere Berkel-Sockel\"}]},{\"@type\":\"WebSite\",\"@id\":\"https:\/\/www.labottega-delrestauro.com\/de\/#website\",\"url\":\"https:\/\/www.labottega-delrestauro.com\/de\/\",\"name\":\"La Bottega del Restauro\",\"description\":\"Restauro macchine Berkel\",\"potentialAction\":[{\"@type\":\"SearchAction\",\"target\":{\"@type\":\"EntryPoint\",\"urlTemplate\":\"https:\/\/www.labottega-delrestauro.com\/de\/?s={search_term_string}\"},\"query-input\":{\"@type\":\"PropertyValueSpecification\",\"valueRequired\":true,\"valueName\":\"search_term_string\"}}],\"inLanguage\":\"de\"}]}<\/script>\n<!-- \/ Yoast SEO plugin. -->","yoast_head_json":{"title":"Original Berkel Sockel \u2013 restaurierte antike Sockel 4 F\u00fc\u00dfe floraler Dekor","description":"Wenn Sie alte Sockel f\u00fcr Original-Berkel-Schneidemaschinen kaufen m\u00f6chten, wenden Sie sich an uns: Wir verkaufen restaurierte Modelle auf zertifizierte Weise.","robots":{"index":"index","follow":"follow","max-snippet":"max-snippet:-1","max-image-preview":"max-image-preview:large","max-video-preview":"max-video-preview:-1"},"canonical":"https:\/\/www.labottega-delrestauro.com\/de\/original-berkel-sockel-fuer-schneidemaschinen-zu-verkaufen\/","og_locale":"de_DE","og_type":"article","og_title":"Original Berkel Sockel \u2013 restaurierte antike Sockel 4 F\u00fc\u00dfe floraler Dekor","og_description":"Wenn Sie alte Sockel f\u00fcr Original-Berkel-Schneidemaschinen kaufen m\u00f6chten, wenden Sie sich an uns: Wir verkaufen restaurierte Modelle auf zertifizierte Weise.","og_url":"https:\/\/www.labottega-delrestauro.com\/de\/original-berkel-sockel-fuer-schneidemaschinen-zu-verkaufen\/","og_site_name":"La Bottega del Restauro","article_modified_time":"2022-09-01T10:10:15+00:00","og_image":[{"width":1439,"height":1660,"url":"https:\/\/www.labottega-delrestauro.com\/wp-content\/uploads\/2022\/03\/piedistalli-berkel-originali.jpg","type":"image\/jpeg"}],"twitter_card":"summary_large_image","schema":{"@context":"https:\/\/schema.org","@graph":[{"@type":"WebPage","@id":"https:\/\/www.labottega-delrestauro.com\/de\/original-berkel-sockel-fuer-schneidemaschinen-zu-verkaufen\/","url":"https:\/\/www.labottega-delrestauro.com\/de\/original-berkel-sockel-fuer-schneidemaschinen-zu-verkaufen\/","name":"Original Berkel Sockel \u2013 restaurierte antike Sockel 4 F\u00fc\u00dfe floraler Dekor","isPartOf":{"@id":"https:\/\/www.labottega-delrestauro.com\/de\/#website"},"primaryImageOfPage":{"@id":"https:\/\/www.labottega-delrestauro.com\/de\/original-berkel-sockel-fuer-schneidemaschinen-zu-verkaufen\/#primaryimage"},"image":{"@id":"https:\/\/www.labottega-delrestauro.com\/de\/original-berkel-sockel-fuer-schneidemaschinen-zu-verkaufen\/#primaryimage"},"thumbnailUrl":"https:\/\/www.labottega-delrestauro.com\/wp-content\/uploads\/2022\/03\/piedistalli-berkel-originali.jpg","datePublished":"2022-03-29T13:18:06+00:00","dateModified":"2022-09-01T10:10:15+00:00","description":"Wenn Sie alte Sockel f\u00fcr Original-Berkel-Schneidemaschinen kaufen m\u00f6chten, wenden Sie sich an uns: Wir verkaufen restaurierte Modelle auf zertifizierte Weise.","breadcrumb":{"@id":"https:\/\/www.labottega-delrestauro.com\/de\/original-berkel-sockel-fuer-schneidemaschinen-zu-verkaufen\/#breadcrumb"},"inLanguage":"de","potentialAction":[{"@type":"ReadAction","target":["https:\/\/www.labottega-delrestauro.com\/de\/original-berkel-sockel-fuer-schneidemaschinen-zu-verkaufen\/"]}]},{"@type":"ImageObject","inLanguage":"de","@id":"https:\/\/www.labottega-delrestauro.com\/de\/original-berkel-sockel-fuer-schneidemaschinen-zu-verkaufen\/#primaryimage","url":"https:\/\/www.labottega-delrestauro.com\/wp-content\/uploads\/2022\/03\/piedistalli-berkel-originali.jpg","contentUrl":"https:\/\/www.labottega-delrestauro.com\/wp-content\/uploads\/2022\/03\/piedistalli-berkel-originali.jpg","width":1439,"height":1660},{"@type":"BreadcrumbList","@id":"https:\/\/www.labottega-delrestauro.com\/de\/original-berkel-sockel-fuer-schneidemaschinen-zu-verkaufen\/#breadcrumb","itemListElement":[{"@type":"ListItem","position":1,"name":"Home","item":"https:\/\/www.labottega-delrestauro.com\/de\/"},{"@type":"ListItem","position":2,"name":"Shop","item":"https:\/\/www.labottega-delrestauro.com\/de\/negozio\/"},{"@type":"ListItem","position":3,"name":"Unsere Berkel-Sockel"}]},{"@type":"WebSite","@id":"https:\/\/www.labottega-delrestauro.com\/de\/#website","url":"https:\/\/www.labottega-delrestauro.com\/de\/","name":"La Bottega del Restauro","description":"Restauro macchine Berkel","potentialAction":[{"@type":"SearchAction","target":{"@type":"EntryPoint","urlTemplate":"https:\/\/www.labottega-delrestauro.com\/de\/?s={search_term_string}"},"query-input":{"@type":"PropertyValueSpecification","valueRequired":true,"valueName":"search_term_string"}}],"inLanguage":"de"}]}},"_links":{"self":[{"href":"https:\/\/www.labottega-delrestauro.com\/de\/wp-json\/wp\/v2\/product\/58115","targetHints":{"allow":["GET"]}}],"collection":[{"href":"https:\/\/www.labottega-delrestauro.com\/de\/wp-json\/wp\/v2\/product"}],"about":[{"href":"https:\/\/www.labottega-delrestauro.com\/de\/wp-json\/wp\/v2\/types\/product"}],"wp:featuredmedia":[{"embeddable":true,"href":"https:\/\/www.labottega-delrestauro.com\/de\/wp-json\/wp\/v2\/media\/57872"}],"wp:attachment":[{"href":"https:\/\/www.labottega-delrestauro.com\/de\/wp-json\/wp\/v2\/media?parent=58115"}],"wp:term":[{"taxonomy":"product_cat","embeddable":true,"href":"https:\/\/www.labottega-delrestauro.com\/de\/wp-json\/wp\/v2\/product_cat?post=58115"},{"taxonomy":"product_tag","embeddable":true,"href":"https:\/\/www.labottega-delrestauro.com\/de\/wp-json\/wp\/v2\/product_tag?post=58115"}],"curies":[{"name":"wp","href":"https:\/\/api.w.org\/{rel}","templated":true}]}}