{"id":58071,"date":"2022-03-29T07:40:06","date_gmt":"2022-03-29T07:40:06","guid":{"rendered":"https:\/\/labottega.sviluppokeyweb.com\/dicono-di-noi\/"},"modified":"2022-08-29T07:44:37","modified_gmt":"2022-08-29T07:44:37","slug":"ueber-uns","status":"publish","type":"page","link":"https:\/\/www.labottega-delrestauro.com\/de\/ueber-uns\/","title":{"rendered":"\u00dcBER UNS"},"content":{"rendered":"<p>[et_pb_section fb_built=&#8220;1&#8243; fullwidth=&#8220;on&#8220; _builder_version=&#8220;4.14.6&#8243; _module_preset=&#8220;default&#8220; bottom_divider_height=&#8220;122px&#8220; saved_tabs=&#8220;all&#8220; global_colors_info=&#8220;{}&#8220;][et_pb_fullwidth_header subhead=&#8220;@ET-DC@eyJkeW5hbWljIjp0cnVlLCJjb250ZW50IjoicG9zdF90aXRsZSIsInNldHRpbmdzIjp7ImJlZm9yZSI6IiIsImFmdGVyIjoiIn19@&#8220; button_one_text=&#8220;Weitere Informationen&#8220; button_one_url=&#8220;#scopri&#8220; button_two_text=&#8220;Kontakt&#8220; button_two_url=&#8220;@ET-DC@eyJkeW5hbWljIjp0cnVlLCJjb250ZW50IjoicG9zdF9saW5rX3VybF9wYWdlIiwic2V0dGluZ3MiOnsicG9zdF9pZCI6IjM5In19@&#8220; background_overlay_color=&#8220;rgba(0,0,0,0)&#8220; content_max_width=&#8220;50%&#8220; content_max_width_tablet=&#8220;100%&#8220; content_max_width_phone=&#8220;100%&#8220; content_max_width_last_edited=&#8220;on|phone&#8220; _builder_version=&#8220;4.14.4&#8243; _dynamic_attributes=&#8220;button_two_url,subhead&#8220; _module_preset=&#8220;default&#8220; title_font=&#8220;Montserrat|600||on|||||&#8220; title_text_color=&#8220;rgba(0,0,0,0)&#8220; title_font_size=&#8220;0px&#8220; title_letter_spacing=&#8220;2px&#8220; title_line_height=&#8220;0em&#8220; content_font=&#8220;Montserrat|300|||||||&#8220; content_text_color=&#8220;#000000&#8243; content_font_size=&#8220;15px&#8220; content_line_height=&#8220;1.8em&#8220; subhead_font=&#8220;Montserrat|700||on|||||&#8220; subhead_text_color=&#8220;#cc9f22&#8243; subhead_font_size=&#8220;50px&#8220; subhead_line_height=&#8220;1.1em&#8220; background_enable_color=&#8220;off&#8220; background_color_gradient_start=&#8220;rgba(188,188,188,0.88)&#8220; background_color_gradient_end=&#8220;#000000&#8243; background_color_gradient_direction=&#8220;90deg&#8220; background_image=&#8220;https:\/\/www.labottega-delrestauro.com\/wp-content\/uploads\/2022\/03\/sfondo-1.jpg&#8220; background_blend=&#8220;overlay&#8220; custom_button_one=&#8220;on&#8220; button_one_text_size=&#8220;14px&#8220; button_one_text_color=&#8220;#000000&#8243; button_one_bg_color=&#8220;#cc9f22&#8243; button_one_border_width=&#8220;11px&#8220; button_one_border_color=&#8220;#cc9f22&#8243; button_one_border_radius=&#8220;0px&#8220; button_one_letter_spacing=&#8220;1px&#8220; button_one_font=&#8220;Montserrat|||on|||||&#8220; button_one_use_icon=&#8220;off&#8220; button_one_custom_margin=&#8220;36px||&#8220; button_one_custom_margin_tablet=&#8220;&#8220; button_one_custom_margin_phone=&#8220;36px|||25px|false|false&#8220; button_one_custom_margin_last_edited=&#8220;on|phone&#8220; button_one_custom_padding=&#8220;||||false|false&#8220; button_one_custom_padding_tablet=&#8220;&#8220; button_one_custom_padding_phone=&#8220;|5px||5px|false|false&#8220; button_one_custom_padding_last_edited=&#8220;on|phone&#8220; custom_button_two=&#8220;on&#8220; button_two_text_size=&#8220;14px&#8220; button_two_text_color=&#8220;#cc9f22&#8243; button_two_bg_color=&#8220;#761621&#8243; button_two_border_width=&#8220;11px&#8220; button_two_border_color=&#8220;#761621&#8243; button_two_border_radius=&#8220;0px&#8220; button_two_letter_spacing=&#8220;1px&#8220; button_two_font=&#8220;Montserrat|||on|||||&#8220; button_two_use_icon=&#8220;off&#8220; button_two_custom_margin=&#8220;36px|||20px|false|false&#8220; button_two_custom_margin_tablet=&#8220;&#8220; button_two_custom_margin_phone=&#8220;36px|||0px|false|false&#8220; button_two_custom_margin_last_edited=&#8220;on|phone&#8220; button_two_custom_padding_tablet=&#8220;&#8220; button_two_custom_padding_phone=&#8220;||||false|false&#8220; button_two_custom_padding_last_edited=&#8220;on|phone&#8220; height=&#8220;500px&#8220; height_tablet=&#8220;&#8220; height_phone=&#8220;auto&#8220; height_last_edited=&#8220;on|phone&#8220; custom_padding=&#8220;120px||||false|false&#8220; custom_padding_tablet=&#8220;&#8220; custom_padding_phone=&#8220;0px||||false|false&#8220; custom_padding_last_edited=&#8220;on|phone&#8220; hover_enabled=&#8220;0&#8243; title_font_size_phone=&#8220;35px&#8220; title_font_size_last_edited=&#8220;off|phone&#8220; subhead_text_align_tablet=&#8220;&#8220; subhead_text_align_phone=&#8220;center&#8220; subhead_text_align_last_edited=&#8220;on|phone&#8220; subhead_font_size_tablet=&#8220;&#8220; subhead_font_size_phone=&#8220;30px&#8220; subhead_font_size_last_edited=&#8220;on|desktop&#8220; subhead_letter_spacing_phone=&#8220;1px&#8220; subhead_letter_spacing_last_edited=&#8220;off|phone&#8220; button_one_text_size_tablet=&#8220;&#8220; button_one_text_size_phone=&#8220;10px&#8220; button_one_text_size_last_edited=&#8220;on|phone&#8220; button_two_text_size_tablet=&#8220;&#8220; button_two_text_size_phone=&#8220;10px&#8220; button_two_text_size_last_edited=&#8220;on|phone&#8220; module_alignment_tablet=&#8220;&#8220; module_alignment_phone=&#8220;center&#8220; module_alignment_last_edited=&#8220;on|phone&#8220; button_one_text_color_hover=&#8220;#ffffff&#8220; button_two_text_color_hover=&#8220;#3FA2F7 &#8220; button_one_border_color_hover=&#8220;#3FA2F7 &#8220; button_two_border_color_hover=&#8220;#ffffff&#8220; button_one_bg_color_hover=&#8220;#3FA2F7 &#8220; button_two_bg_color_hover=&#8220;#ffffff&#8220; global_colors_info=&#8220;{}&#8220; button_one_text_size__hover_enabled=&#8220;off&#8220; button_two_text_size__hover_enabled=&#8220;off&#8220; button_one_text_color__hover_enabled=&#8220;on&#8220; button_one_text_color__hover=&#8220;#000000&#8243; button_two_text_color__hover_enabled=&#8220;on|desktop&#8220; button_two_text_color__hover=&#8220;#000000&#8243; button_one_border_width__hover_enabled=&#8220;off&#8220; button_two_border_width__hover_enabled=&#8220;off&#8220; button_one_border_color__hover_enabled=&#8220;on|hover&#8220; button_one_border_color__hover=&#8220;#cc9f22&#8243; button_two_border_color__hover_enabled=&#8220;on&#8220; button_two_border_color__hover=&#8220;#cc9f22&#8243; button_one_border_radius__hover_enabled=&#8220;off&#8220; button_two_border_radius__hover_enabled=&#8220;off&#8220; button_one_letter_spacing__hover_enabled=&#8220;on&#8220; button_two_letter_spacing__hover_enabled=&#8220;on&#8220; button_one_bg_color__hover_enabled=&#8220;on&#8220; button_one_bg_color__hover=&#8220;#cc9f22&#8243; button_two_bg_color__hover_enabled=&#8220;on|hover&#8220; button_two_bg_color__hover=&#8220;#cc9f22&#8243; button_one_letter_spacing__hover=&#8220;2px&#8220; button_two_letter_spacing__hover=&#8220;2px&#8220; button_one_bg_enable_color__hover=&#8220;on&#8220; button_two_bg_enable_color__hover=&#8220;on&#8220; sticky_enabled=&#8220;0&#8243;][\/et_pb_fullwidth_header][\/et_pb_section][et_pb_section fb_built=&#8220;1&#8243; module_id=&#8220;scopri&#8220; _builder_version=&#8220;4.14.5&#8243; _module_preset=&#8220;default&#8220; custom_padding=&#8220;80px|0px|80px|0px|true|false&#8220; global_colors_info=&#8220;{}&#8220;][et_pb_row column_structure=&#8220;3_5,2_5&#8243; use_custom_gutter=&#8220;on&#8220; gutter_width=&#8220;2&#8243; make_equal=&#8220;on&#8220; _builder_version=&#8220;4.14.6&#8243; _module_preset=&#8220;default&#8220; global_colors_info=&#8220;{}&#8220;][et_pb_column type=&#8220;3_5&#8243; _builder_version=&#8220;4.14.6&#8243; _module_preset=&#8220;default&#8220; background_image=&#8220;https:\/\/www.labottega-delrestauro.com\/wp-content\/uploads\/2022\/03\/cucinaitaliana.jpg&#8220; background_size=&#8220;contain&#8220; animation_style=&#8220;slide&#8220; animation_direction=&#8220;left&#8220; global_colors_info=&#8220;{}&#8220;][et_pb_divider show_divider=&#8220;off&#8220; disabled_on=&#8220;off|off|on&#8220; _builder_version=&#8220;3.25.4&#8243; _module_preset=&#8220;default&#8220; custom_padding=&#8220;43%||43%||true&#8220; global_colors_info=&#8220;{}&#8220;][\/et_pb_divider][\/et_pb_column][et_pb_column type=&#8220;2_5&#8243; _builder_version=&#8220;4.14.5&#8243; _module_preset=&#8220;default&#8220; custom_padding=&#8220;200px||&#8220; custom_padding_tablet=&#8220;0px||&#8220; custom_padding_phone=&#8220;0px||&#8220; custom_padding_last_edited=&#8220;on|desktop&#8220; animation_style=&#8220;slide&#8220; animation_direction=&#8220;right&#8220; global_colors_info=&#8220;{}&#8220;][et_pb_text _builder_version=&#8220;4.14.6&#8243; _module_preset=&#8220;default&#8220; text_font=&#8220;||||||||&#8220; header_font=&#8220;Oswald|700|||||||&#8220; header_text_align=&#8220;center&#8220; header_text_color=&#8220;#ffffff&#8220; header_font_size=&#8220;100px&#8220; header_letter_spacing=&#8220;1px&#8220; header_3_font=&#8220;Poppins|600|||||||&#8220; header_3_text_align=&#8220;left&#8220; header_3_text_color=&#8220;#000000&#8243; header_3_font_size=&#8220;14px&#8220; header_3_letter_spacing=&#8220;2px&#8220; header_3_line_height=&#8220;1.4em&#8220; background_color=&#8220;#ffffff&#8220; custom_margin=&#8220;|||-140px&#8220; custom_margin_tablet=&#8220;0px|||0px&#8220; custom_margin_phone=&#8220;0px|||0px&#8220; custom_margin_last_edited=&#8220;on|desktop&#8220; custom_padding=&#8220;50px||50px|50px&#8220; custom_padding_tablet=&#8220;8px|||0px&#8220; custom_padding_phone=&#8220;2px|||0px&#8220; custom_padding_last_edited=&#8220;on|desktop&#8220; global_colors_info=&#8220;{}&#8220;][\/et_pb_text][et_pb_text _builder_version=&#8220;4.14.4&#8243; _module_preset=&#8220;default&#8220; text_font=&#8220;||||||||&#8220; header_font=&#8220;Poppins|600||on|||||&#8220; header_text_align=&#8220;left&#8220; header_text_color=&#8220;#000000&#8243; header_font_size=&#8220;40px&#8220; header_line_height=&#8220;1.2em&#8220; background_color=&#8220;#ffffff&#8220; custom_margin=&#8220;-66px|||-140px&#8220; custom_margin_tablet=&#8220;-76px|||0px&#8220; custom_margin_phone=&#8220;-76px|||0px&#8220; custom_margin_last_edited=&#8220;on|tablet&#8220; custom_padding=&#8220;|||50px&#8220; custom_padding_tablet=&#8220;|||0px&#8220; custom_padding_phone=&#8220;|||0px&#8220; custom_padding_last_edited=&#8220;on|desktop&#8220; hover_enabled=&#8220;0&#8243; header_font_size_tablet=&#8220;&#8220; header_font_size_phone=&#8220;25px&#8220; header_font_size_last_edited=&#8220;on|desktop&#8220; global_colors_info=&#8220;{}&#8220; sticky_enabled=&#8220;0&#8243;]<\/p>\n<h1>Was sie \u00fcber uns sagen<\/h1>\n<p>[\/et_pb_text][et_pb_text _builder_version=&#8220;4.14.4&#8243; _module_preset=&#8220;default&#8220; text_font=&#8220;Roboto|300|||||||&#8220; text_text_color=&#8220;#000000&#8243; text_font_size=&#8220;15px&#8220; text_line_height=&#8220;1.8em&#8220; header_font=&#8220;Oswald|300||on|||||&#8220; header_text_align=&#8220;center&#8220; header_text_color=&#8220;#ffffff&#8220; header_font_size=&#8220;45px&#8220; header_letter_spacing=&#8220;2px&#8220; header_line_height=&#8220;1.2em&#8220; background_color=&#8220;#ffffff&#8220; module_alignment=&#8220;left&#8220; custom_margin=&#8220;-19px|||-140px&#8220; custom_margin_tablet=&#8220;-47px|||0px&#8220; custom_margin_phone=&#8220;-20px|||0px|false|false&#8220; custom_margin_last_edited=&#8220;on|tablet&#8220; custom_padding=&#8220;20px||132px|50px&#8220; custom_padding_tablet=&#8220;||0px|0px&#8220; custom_padding_phone=&#8220;||0px|0px&#8220; custom_padding_last_edited=&#8220;on|tablet&#8220; hover_enabled=&#8220;0&#8243; global_colors_info=&#8220;{}&#8220; sticky_enabled=&#8220;0&#8243;]<\/p>\n<p>Im Laufe der Jahre haben wir <strong>zahlreiche Auszeichnungen<\/strong> von der <strong>italienischen und ausl\u00e4ndischen Presse<\/strong> erhalten. Hier ist eine kleine Auswahl unserer Pr\u00e4senz in zahlreichen <strong>internationalen Zeitschriften<\/strong>.<\/p>\n<p>[\/et_pb_text][\/et_pb_column][\/et_pb_row][\/et_pb_section][et_pb_section fb_built=&#8220;1&#8243; _builder_version=&#8220;3.23.3&#8243; _module_preset=&#8220;default&#8220; background_color=&#8220;#ededed&#8220; custom_padding=&#8220;80px|0px|80px|0px|true|false&#8220; global_colors_info=&#8220;{}&#8220;][et_pb_row _builder_version=&#8220;4.14.6&#8243; _module_preset=&#8220;default&#8220; global_colors_info=&#8220;{}&#8220;][et_pb_column type=&#8220;4_4&#8243; _builder_version=&#8220;4.14.6&#8243; _module_preset=&#8220;default&#8220; global_colors_info=&#8220;{}&#8220;][et_pb_blog fullwidth=&#8220;off&#8220; include_categories=&#8220;115&#8243; excerpt_length=&#8220;200&#8243; show_more=&#8220;on&#8220; show_author=&#8220;off&#8220; show_date=&#8220;off&#8220; show_categories=&#8220;off&#8220; _builder_version=&#8220;4.14.6&#8243; _module_preset=&#8220;default&#8220; header_font=&#8220;Poppins||||||||&#8220; header_text_color=&#8220;#761621&#8243; body_font=&#8220;Roboto|300|||||||&#8220; read_more_text_color=&#8220;#761621&#8243; custom_padding=&#8220;||||false|false&#8220; global_colors_info=&#8220;{}&#8220;][\/et_pb_blog][\/et_pb_column][\/et_pb_row][\/et_pb_section]<\/p>\n","protected":false},"excerpt":{"rendered":"<p>Was sie \u00fcber uns sagenIm Laufe der Jahre haben wir zahlreiche Auszeichnungen von der italienischen und ausl\u00e4ndischen Presse erhalten. Hier ist eine kleine Auswahl unserer Pr\u00e4senz in zahlreichen internationalen Zeitschriften.<\/p>\n","protected":false},"author":1,"featured_media":0,"parent":0,"menu_order":0,"comment_status":"closed","ping_status":"closed","template":"","meta":{"_et_pb_use_builder":"on","_et_pb_old_content":"<!-- wp:divi\/placeholder \/-->","_et_gb_content_width":"","footnotes":""},"class_list":["post-58071","page","type-page","status-publish","hentry"],"yoast_head":"<!-- This site is optimized with the Yoast SEO plugin v23.6 - https:\/\/yoast.com\/wordpress\/plugins\/seo\/ -->\n<title>\u00dcBER UNS - La Bottega del Restauro<\/title>\n<meta name=\"robots\" content=\"index, follow, max-snippet:-1, max-image-preview:large, max-video-preview:-1\" \/>\n<link rel=\"canonical\" href=\"https:\/\/www.labottega-delrestauro.com\/de\/ueber-uns\/\" \/>\n<meta property=\"og:locale\" content=\"de_DE\" \/>\n<meta property=\"og:type\" content=\"article\" \/>\n<meta property=\"og:title\" content=\"\u00dcBER UNS - La Bottega del Restauro\" \/>\n<meta property=\"og:description\" content=\"Was sie \u00fcber uns sagenIm Laufe der Jahre haben wir zahlreiche Auszeichnungen von der italienischen und ausl\u00e4ndischen Presse erhalten. Hier ist eine kleine Auswahl unserer Pr\u00e4senz in zahlreichen internationalen Zeitschriften.\" \/>\n<meta property=\"og:url\" content=\"https:\/\/www.labottega-delrestauro.com\/de\/ueber-uns\/\" \/>\n<meta property=\"og:site_name\" content=\"La Bottega del Restauro\" \/>\n<meta property=\"article:modified_time\" content=\"2022-08-29T07:44:37+00:00\" \/>\n<meta name=\"twitter:card\" content=\"summary_large_image\" \/>\n<meta name=\"twitter:label1\" content=\"Gesch\u00e4tzte Lesezeit\" \/>\n\t<meta name=\"twitter:data1\" content=\"2\u00a0Minuten\" \/>\n<script type=\"application\/ld+json\" class=\"yoast-schema-graph\">{\"@context\":\"https:\/\/schema.org\",\"@graph\":[{\"@type\":\"WebPage\",\"@id\":\"https:\/\/www.labottega-delrestauro.com\/de\/ueber-uns\/\",\"url\":\"https:\/\/www.labottega-delrestauro.com\/de\/ueber-uns\/\",\"name\":\"\u00dcBER UNS - La Bottega del Restauro\",\"isPartOf\":{\"@id\":\"https:\/\/www.labottega-delrestauro.com\/de\/#website\"},\"datePublished\":\"2022-03-29T07:40:06+00:00\",\"dateModified\":\"2022-08-29T07:44:37+00:00\",\"breadcrumb\":{\"@id\":\"https:\/\/www.labottega-delrestauro.com\/de\/ueber-uns\/#breadcrumb\"},\"inLanguage\":\"de\",\"potentialAction\":[{\"@type\":\"ReadAction\",\"target\":[\"https:\/\/www.labottega-delrestauro.com\/de\/ueber-uns\/\"]}]},{\"@type\":\"BreadcrumbList\",\"@id\":\"https:\/\/www.labottega-delrestauro.com\/de\/ueber-uns\/#breadcrumb\",\"itemListElement\":[{\"@type\":\"ListItem\",\"position\":1,\"name\":\"Home\",\"item\":\"https:\/\/www.labottega-delrestauro.com\/de\/\"},{\"@type\":\"ListItem\",\"position\":2,\"name\":\"\u00dcBER UNS\"}]},{\"@type\":\"WebSite\",\"@id\":\"https:\/\/www.labottega-delrestauro.com\/de\/#website\",\"url\":\"https:\/\/www.labottega-delrestauro.com\/de\/\",\"name\":\"La Bottega del Restauro\",\"description\":\"Restauro macchine Berkel\",\"potentialAction\":[{\"@type\":\"SearchAction\",\"target\":{\"@type\":\"EntryPoint\",\"urlTemplate\":\"https:\/\/www.labottega-delrestauro.com\/de\/?s={search_term_string}\"},\"query-input\":{\"@type\":\"PropertyValueSpecification\",\"valueRequired\":true,\"valueName\":\"search_term_string\"}}],\"inLanguage\":\"de\"}]}<\/script>\n<!-- \/ Yoast SEO plugin. -->","yoast_head_json":{"title":"\u00dcBER UNS - La Bottega del Restauro","robots":{"index":"index","follow":"follow","max-snippet":"max-snippet:-1","max-image-preview":"max-image-preview:large","max-video-preview":"max-video-preview:-1"},"canonical":"https:\/\/www.labottega-delrestauro.com\/de\/ueber-uns\/","og_locale":"de_DE","og_type":"article","og_title":"\u00dcBER UNS - La Bottega del Restauro","og_description":"Was sie \u00fcber uns sagenIm Laufe der Jahre haben wir zahlreiche Auszeichnungen von der italienischen und ausl\u00e4ndischen Presse erhalten. Hier ist eine kleine Auswahl unserer Pr\u00e4senz in zahlreichen internationalen Zeitschriften.","og_url":"https:\/\/www.labottega-delrestauro.com\/de\/ueber-uns\/","og_site_name":"La Bottega del Restauro","article_modified_time":"2022-08-29T07:44:37+00:00","twitter_card":"summary_large_image","twitter_misc":{"Gesch\u00e4tzte Lesezeit":"2\u00a0Minuten"},"schema":{"@context":"https:\/\/schema.org","@graph":[{"@type":"WebPage","@id":"https:\/\/www.labottega-delrestauro.com\/de\/ueber-uns\/","url":"https:\/\/www.labottega-delrestauro.com\/de\/ueber-uns\/","name":"\u00dcBER UNS - La Bottega del Restauro","isPartOf":{"@id":"https:\/\/www.labottega-delrestauro.com\/de\/#website"},"datePublished":"2022-03-29T07:40:06+00:00","dateModified":"2022-08-29T07:44:37+00:00","breadcrumb":{"@id":"https:\/\/www.labottega-delrestauro.com\/de\/ueber-uns\/#breadcrumb"},"inLanguage":"de","potentialAction":[{"@type":"ReadAction","target":["https:\/\/www.labottega-delrestauro.com\/de\/ueber-uns\/"]}]},{"@type":"BreadcrumbList","@id":"https:\/\/www.labottega-delrestauro.com\/de\/ueber-uns\/#breadcrumb","itemListElement":[{"@type":"ListItem","position":1,"name":"Home","item":"https:\/\/www.labottega-delrestauro.com\/de\/"},{"@type":"ListItem","position":2,"name":"\u00dcBER UNS"}]},{"@type":"WebSite","@id":"https:\/\/www.labottega-delrestauro.com\/de\/#website","url":"https:\/\/www.labottega-delrestauro.com\/de\/","name":"La Bottega del Restauro","description":"Restauro macchine Berkel","potentialAction":[{"@type":"SearchAction","target":{"@type":"EntryPoint","urlTemplate":"https:\/\/www.labottega-delrestauro.com\/de\/?s={search_term_string}"},"query-input":{"@type":"PropertyValueSpecification","valueRequired":true,"valueName":"search_term_string"}}],"inLanguage":"de"}]}},"_links":{"self":[{"href":"https:\/\/www.labottega-delrestauro.com\/de\/wp-json\/wp\/v2\/pages\/58071","targetHints":{"allow":["GET"]}}],"collection":[{"href":"https:\/\/www.labottega-delrestauro.com\/de\/wp-json\/wp\/v2\/pages"}],"about":[{"href":"https:\/\/www.labottega-delrestauro.com\/de\/wp-json\/wp\/v2\/types\/page"}],"author":[{"embeddable":true,"href":"https:\/\/www.labottega-delrestauro.com\/de\/wp-json\/wp\/v2\/users\/1"}],"replies":[{"embeddable":true,"href":"https:\/\/www.labottega-delrestauro.com\/de\/wp-json\/wp\/v2\/comments?post=58071"}],"version-history":[{"count":3,"href":"https:\/\/www.labottega-delrestauro.com\/de\/wp-json\/wp\/v2\/pages\/58071\/revisions"}],"predecessor-version":[{"id":59571,"href":"https:\/\/www.labottega-delrestauro.com\/de\/wp-json\/wp\/v2\/pages\/58071\/revisions\/59571"}],"wp:attachment":[{"href":"https:\/\/www.labottega-delrestauro.com\/de\/wp-json\/wp\/v2\/media?parent=58071"}],"curies":[{"name":"wp","href":"https:\/\/api.w.org\/{rel}","templated":true}]}}